{"id":4628,"date":"2018-04-09T15:47:13","date_gmt":"2018-04-09T14:47:13","guid":{"rendered":"http:\/\/cdrsp.ipleiria.pt\/?page_id=4628"},"modified":"2019-10-29T15:14:11","modified_gmt":"2019-10-29T15:14:11","slug":"training","status":"publish","type":"page","link":"https:\/\/sites.ipleiria.pt\/cdrsp-arquivo\/training\/","title":{"rendered":"Training"},"content":{"rendered":"<p style=\"text-align: justify;\">Believing that we are in the cusp of the Fourth Industrial Revolution, which is predicted to fundamentally alter the way we work, live and relate to one another, the convergence of physical, digital and biological sciences will bring about profound changes in the way we design products and produce them, using either metal, ceramics, polymers, biological materials or composites. Thus, CDRSP-IPLeiria have been established new Postgraduate Programmes to prepare and skill a new generation of work force that can take up the emerging challenges in the area of the Direct Digital manufacturing, engaging both academia and industry. Consequently, an <strong>International<\/strong> <strong>Master Programme in Direct Digital Manufacturing<\/strong> of the Polytechnic Institute of Leiria was recently established by CDRSP-IPLeiria and approved by the Portuguese Agency \u201cAg\u00eancia Portuguesa para a Avalia\u00e7\u00e3o e Acredita\u00e7\u00e3o do Ensino Superior-A3ES\u201d. In Portugal, this is the unique postgraduate programme in this field and, to our best knowledge there are only 7 other courses in the world. Its multidisciplinary approach will support students from different engineering backgrounds. Additionally, a <strong>PhD Programme with industry in Direct Digital Manufacturing<\/strong> is being prepared by CDRSP-IPLeiria and University of Minho (Portugal) and it is expected to start in 2019. Moreover, a joint <strong>technical course on Direct Digital Manufacturing<\/strong> developed between CDRSP-IPLeiria and the Instituto do Emprego e Forma\u00e7\u00e3o Profissional (IEFP) is ongoing.<\/p>\n<p>Since the formation of CDRSP, many young researchers have been engaged in postgraduate training resulting in the following successful achievements:<\/p>\n<p>&nbsp;<\/p>\n<table class=\" aligncenter\" style=\"width: 89.0783%; height: 219px;\" width=\"100%\">\n<tbody>\n<tr style=\"height: 23px;\">\n<td style=\"width: 27.4466%; height: 23px;\">&nbsp;<\/td>\n<td style=\"text-align: center; width: 20px; height: 23px;\"><strong>&nbsp;<\/strong><\/td>\n<td style=\"text-align: center; width: 20px; height: 23px;\"><strong>&nbsp;<\/strong><\/td>\n<td style=\"text-align: center; width: 20px; height: 23px;\"><strong>&nbsp;<\/strong><\/td>\n<td style=\"text-align: center; width: 20px; height: 23px;\"><strong>&nbsp;<\/strong><\/td>\n<td style=\"text-align: center; width: 20px; height: 23px;\"><strong>&nbsp;<\/strong><\/td>\n<td style=\"text-align: center; width: 20px; height: 23px;\"><strong>&nbsp;<\/strong><\/td>\n<td style=\"text-align: center; width: 20px; height: 23px;\"><strong>&nbsp;<\/strong><\/td>\n<\/tr>\n<tr style=\"height: 7px;\">\n<td style=\"width: 27.4466%; height: 7px;\" width=\"21%\">&nbsp;<\/td>\n<td style=\"text-align: center; width: 20px; height: 7px;\" width=\"11%\"><strong>2013<\/strong><\/td>\n<td style=\"text-align: center; width: 20px; height: 7px;\" width=\"11%\"><strong>2014<\/strong><\/td>\n<td style=\"text-align: center; width: 20px; height: 7px;\" width=\"11%\"><strong>2015<\/strong><\/td>\n<td style=\"text-align: center; width: 20px; height: 7px;\" width=\"11%\"><strong>2016<\/strong><\/td>\n<td style=\"text-align: center; width: 20px; height: 7px;\" width=\"11%\"><strong>2017<\/strong><\/td>\n<td style=\"text-align: center; width: 20px; height: 7px;\" width=\"11%\"><strong>ongoing<\/strong><\/td>\n<td style=\"text-align: center; width: 20px; height: 7px;\" width=\"11%\"><strong>TOTAL<\/strong><\/td>\n<\/tr>\n<tr style=\"height: 7px;\">\n<td style=\"width: 27.4466%; height: 7px;\" width=\"21%\"><strong>Post-Doc<\/strong><\/td>\n<td style=\"text-align: center; width: 20px; height: 7px;\" width=\"11%\">1<\/td>\n<td style=\"text-align: center; width: 20px; height: 7px;\" width=\"11%\">&nbsp;<\/td>\n<td style=\"text-align: center; width: 20px; height: 7px;\" width=\"11%\">&nbsp;<\/td>\n<td style=\"text-align: center; width: 20px; height: 7px;\" width=\"11%\">2<\/td>\n<td style=\"text-align: center; width: 20px; height: 7px;\" width=\"11%\">5<\/td>\n<td style=\"text-align: center; width: 20px; height: 7px;\" width=\"11%\">5<\/td>\n<td style=\"text-align: center; width: 20px; height: 7px;\" width=\"11%\"><strong>13<\/strong><\/td>\n<\/tr>\n<tr style=\"height: 7px;\">\n<td style=\"width: 27.4466%; height: 7px;\" width=\"21%\"><strong>PhD<\/strong><\/td>\n<td style=\"text-align: center; width: 20px; height: 7px;\" width=\"11%\">2<\/td>\n<td style=\"text-align: center; width: 20px; height: 7px;\" width=\"11%\">&nbsp;<\/td>\n<td style=\"text-align: center; width: 20px; height: 7px;\" width=\"11%\">&nbsp;<\/td>\n<td style=\"text-align: center; width: 20px; height: 7px;\" width=\"11%\">&nbsp;<\/td>\n<td style=\"text-align: center; width: 20px; height: 7px;\" width=\"11%\">3<\/td>\n<td style=\"text-align: center; width: 20px; height: 7px;\" width=\"11%\">8<\/td>\n<td style=\"text-align: center; width: 20px; height: 7px;\" width=\"11%\"><strong>13<\/strong><\/td>\n<\/tr>\n<tr style=\"height: 7px;\">\n<td style=\"width: 27.4466%; height: 7px;\" width=\"21%\"><strong>MSc<\/strong><\/td>\n<td style=\"text-align: center; width: 20px; height: 7px;\" width=\"11%\">10<\/td>\n<td style=\"text-align: center; width: 20px; height: 7px;\" width=\"11%\">4<\/td>\n<td style=\"text-align: center; width: 20px; height: 7px;\" width=\"11%\">10<\/td>\n<td style=\"text-align: center; width: 20px; height: 7px;\" width=\"11%\">23<\/td>\n<td style=\"text-align: center; width: 20px; height: 7px;\" width=\"11%\">16<\/td>\n<td style=\"text-align: center; width: 20px; height: 7px;\" width=\"11%\">15<\/td>\n<td style=\"text-align: center; width: 20px; height: 7px;\" width=\"11%\"><strong>77<\/strong><\/td>\n<\/tr>\n<tr style=\"height: 7px;\">\n<td style=\"width: 27.4466%; height: 7px;\" width=\"21%\"><strong>Final year projects<\/strong><\/td>\n<td style=\"text-align: center; width: 20px; height: 7px;\" width=\"11%\">11<\/td>\n<td style=\"text-align: center; width: 20px; height: 7px;\" width=\"11%\">5<\/td>\n<td style=\"text-align: center; width: 20px; height: 7px;\" width=\"11%\">8<\/td>\n<td style=\"text-align: center; width: 20px; height: 7px;\" width=\"11%\">18<\/td>\n<td style=\"text-align: center; width: 20px; height: 7px;\" width=\"11%\">6<\/td>\n<td style=\"text-align: center; width: 20px; height: 7px;\" width=\"11%\">10<\/td>\n<td style=\"text-align: center; width: 20px; height: 7px;\" width=\"11%\"><strong>59<\/strong><\/td>\n<\/tr>\n<tr style=\"height: 23px;\">\n<td style=\"width: 27.4466%; height: 23px;\"><strong>&nbsp;<\/strong><\/td>\n<td style=\"text-align: center; width: 20px; height: 23px;\">&nbsp;<\/td>\n<td style=\"text-align: center; width: 20px; height: 23px;\">&nbsp;<\/td>\n<td style=\"text-align: center; width: 20px; height: 23px;\">&nbsp;<\/td>\n<td style=\"text-align: center; width: 20px; height: 23px;\">&nbsp;<\/td>\n<td style=\"text-align: center; width: 20px; height: 23px;\">&nbsp;<\/td>\n<td style=\"text-align: center; width: 20px; height: 23px;\">&nbsp;<\/td>\n<td style=\"text-align: center; width: 20px; height: 23px;\"><strong>&nbsp;<\/strong><\/td>\n<\/tr>\n<tr style=\"height: 23px;\">\n<td style=\"width: 27.4466%; height: 23px;\"><strong>&nbsp;<\/strong><\/td>\n<td style=\"text-align: center; width: 20px; height: 23px;\">&nbsp;<\/td>\n<td style=\"text-align: center; width: 20px; height: 23px;\">&nbsp;<\/td>\n<td style=\"text-align: center; width: 20px; height: 23px;\">&nbsp;<\/td>\n<td style=\"text-align: center; width: 20px; height: 23px;\">&nbsp;<\/td>\n<td style=\"text-align: center; width: 20px; height: 23px;\">&nbsp;<\/td>\n<td style=\"text-align: center; width: 20px; height: 23px;\">&nbsp;<\/td>\n<td style=\"text-align: center; width: 20px; height: 23px;\"><strong>&nbsp;<\/strong><\/td>\n<\/tr>\n<tr style=\"height: 23px;\">\n<td style=\"width: 27.4466%; height: 23px;\"><strong>&nbsp;<\/strong><\/td>\n<td style=\"text-align: center; width: 20px; height: 23px;\"><strong>2013<\/strong><\/td>\n<td style=\"text-align: center; width: 20px; height: 23px;\"><strong>2012<\/strong><\/td>\n<td style=\"text-align: center; width: 20px; height: 23px;\"><strong>2011<\/strong><\/td>\n<td style=\"text-align: center; width: 20px; height: 23px;\"><strong>2010<\/strong><\/td>\n<td style=\"text-align: center; width: 20px; height: 23px;\"><strong>2009<\/strong><\/td>\n<td style=\"text-align: center; width: 20px; height: 23px;\"><strong>2008<\/strong><\/td>\n<td style=\"text-align: center; width: 20px; height: 23px;\"><strong>TOTAL<\/strong><\/td>\n<\/tr>\n<tr style=\"height: 23px;\">\n<td style=\"width: 27.4466%; height: 23px;\"><strong>Post-Doc<\/strong><\/td>\n<td style=\"text-align: center; width: 20px; height: 23px;\">1<\/td>\n<td style=\"text-align: center; width: 20px; height: 23px;\">&nbsp;<\/td>\n<td style=\"text-align: center; width: 20px; height: 23px;\">&nbsp;<\/td>\n<td style=\"text-align: center; width: 20px; height: 23px;\">1<\/td>\n<td style=\"text-align: center; width: 20px; height: 23px;\">&nbsp;<\/td>\n<td style=\"text-align: center; width: 20px; height: 23px;\">&nbsp;<\/td>\n<td style=\"text-align: center; width: 20px; height: 23px;\"><strong>2<\/strong><\/td>\n<\/tr>\n<tr style=\"height: 23px;\">\n<td style=\"width: 27.4466%; height: 23px;\"><strong>PhD<\/strong><\/td>\n<td style=\"text-align: center; width: 20px; height: 23px;\">2<\/td>\n<td style=\"text-align: center; width: 20px; height: 23px;\">4<\/td>\n<td style=\"text-align: center; width: 20px; height: 23px;\">1<\/td>\n<td style=\"text-align: center; width: 20px; height: 23px;\">2<\/td>\n<td style=\"text-align: center; width: 20px; height: 23px;\">&nbsp;<\/td>\n<td style=\"text-align: center; width: 20px; height: 23px;\">&nbsp;<\/td>\n<td style=\"text-align: center; width: 20px; height: 23px;\"><strong>9<\/strong><\/td>\n<\/tr>\n<tr style=\"height: 23px;\">\n<td style=\"width: 27.4466%; height: 23px;\"><strong>MSc<\/strong><\/td>\n<td style=\"text-align: center; width: 20px; height: 23px;\">10<\/td>\n<td style=\"text-align: center; width: 20px; height: 23px;\">49<\/td>\n<td style=\"text-align: center; width: 20px; height: 23px;\">33<\/td>\n<td style=\"text-align: center; width: 20px; height: 23px;\">5<\/td>\n<td style=\"text-align: center; width: 20px; height: 23px;\">6<\/td>\n<td style=\"text-align: center; width: 20px; height: 23px;\">4<\/td>\n<td style=\"text-align: center; width: 20px; height: 23px;\"><strong>107<\/strong><\/td>\n<\/tr>\n<tr style=\"height: 23px;\">\n<td style=\"width: 27.4466%; height: 23px;\"><strong>Final year project<\/strong><\/td>\n<td style=\"text-align: center; width: 20px; height: 23px;\">11<\/td>\n<td style=\"text-align: center; width: 20px; height: 23px;\">15<\/td>\n<td style=\"text-align: center; width: 20px; height: 23px;\">17<\/td>\n<td style=\"text-align: center; width: 20px; height: 23px;\">20<\/td>\n<td style=\"text-align: center; width: 20px; height: 23px;\">33<\/td>\n<td style=\"text-align: center; width: 20px; height: 23px;\">19<\/td>\n<td style=\"text-align: center; width: 20px; height: 23px;\"><strong>115<\/strong><\/td>\n<\/tr>\n<\/tbody>\n<\/table>\n<p>&nbsp;<\/p>\n","protected":false},"excerpt":{"rendered":"<p>Believing that we are in the cusp of the Fourth Industrial Revolution, which is predicted to fundamentally alter the way we work, live and relate to one another, the convergence of physical, digital and biological sciences will bring about profound changes in the way we design products and produce them, using either metal, ceramics, polymers, [&hellip;]<\/p>\n","protected":false},"author":3139,"featured_media":5914,"parent":0,"menu_order":0,"comment_status":"closed","ping_status":"closed","template":"","meta":{"ngg_post_thumbnail":0,"footnotes":"","_links_to":"","_links_to_target":""},"class_list":["post-4628","page","type-page","status-publish","has-post-thumbnail","hentry"],"_links":{"self":[{"href":"https:\/\/sites.ipleiria.pt\/cdrsp-arquivo\/wp-json\/wp\/v2\/pages\/4628","targetHints":{"allow":["GET"]}}],"collection":[{"href":"https:\/\/sites.ipleiria.pt\/cdrsp-arquivo\/wp-json\/wp\/v2\/pages"}],"about":[{"href":"https:\/\/sites.ipleiria.pt\/cdrsp-arquivo\/wp-json\/wp\/v2\/types\/page"}],"author":[{"embeddable":true,"href":"https:\/\/sites.ipleiria.pt\/cdrsp-arquivo\/wp-json\/wp\/v2\/users\/3139"}],"replies":[{"embeddable":true,"href":"https:\/\/sites.ipleiria.pt\/cdrsp-arquivo\/wp-json\/wp\/v2\/comments?post=4628"}],"version-history":[{"count":30,"href":"https:\/\/sites.ipleiria.pt\/cdrsp-arquivo\/wp-json\/wp\/v2\/pages\/4628\/revisions"}],"predecessor-version":[{"id":7560,"href":"https:\/\/sites.ipleiria.pt\/cdrsp-arquivo\/wp-json\/wp\/v2\/pages\/4628\/revisions\/7560"}],"wp:featuredmedia":[{"embeddable":true,"href":"https:\/\/sites.ipleiria.pt\/cdrsp-arquivo\/wp-json\/wp\/v2\/media\/5914"}],"wp:attachment":[{"href":"https:\/\/sites.ipleiria.pt\/cdrsp-arquivo\/wp-json\/wp\/v2\/media?parent=4628"}],"curies":[{"name":"wp","href":"https:\/\/api.w.org\/{rel}","templated":true}]}}