{"id":48,"date":"2012-02-23T15:35:17","date_gmt":"2012-02-23T15:35:17","guid":{"rendered":"http:\/\/sites.ipleiria.pt\/cdrsp\/?page_id=48"},"modified":"2019-02-04T11:13:52","modified_gmt":"2019-02-04T11:13:52","slug":"awards","status":"publish","type":"page","link":"https:\/\/sites.ipleiria.pt\/cdrsp-arquivo\/research\/awards\/","title":{"rendered":"Awards"},"content":{"rendered":"<ul style=\"list-style-type: square\">\n<li>Geoffrey Mitchell and Paula Pascoal-Faria (2018), Novo Verde Packaging Universities Award 2018 | IPLeiria Verde+ (IPLeiria Green+).<\/li>\n<li>CDRSP-IPLeiria (2015, 2016, 2017), \u201cScience +\u201d, science award to distinguish the IPLeiria\u2019s research units with the most relevant scientific productivity<\/li>\n<li>Paulo Campos, Artur Mateus (2014), \u201cPino urbano modular\u201d, Pr\u00e9mio INOV: Innovation award for sustainable end-of-life of used tyres<br \/>\nCyril dos Santos, Artur Mateus (2015), \u201cGarrafeira Modular em Comp\u00f3sito de Pneu Reciclado\u201d, Pr\u00e9mio INOV: Innovation award for sustainable end-of-life of used tyres<\/li>\n<li>Paula Faria (2015), Pr\u00e9mio de Ci\u00eancia de \u00e2mbito internacional da \u201cInternational Society of Biomechanics\u201d (ISB) \u2013 Melhor estudante no 6.\u00ba Congresso Nacional de Biomec\u00e2nica (coautora do trabalho)<\/li>\n<li>David \u00c2ngelo (2015), Young Researcher award from Gr\u00fcnenthal Foundation<\/li>\n<li>Ana Lisboa (2016), Awarded as Best paper in track Global &amp; Cross Cultural Marketing<\/li>\n<li>Pedro Morou\u00e7o (2016), Best Work in aging &#8220;A novel hybrid additive manufacturing system for cartilage regeneration&#8221; at the International Congress on Exercise and Health, Sports and Human Development<\/li>\n<li>Margarida Franco, Best Paper Award at the 3rd International Conference on Advanced Research in Virtual and Rapid Prototyping (RESIM 2016)<\/li>\n<li>David \u00c2ngelo (2016), Research and Innovation award from SA\u00daDE ORAL<\/li>\n<li>Ana Lisboa (2017), IPLeiria International Scientific Publication award in the Social and Human Sciences field<\/li>\n<li>Pedro Morou\u00e7o (2017), Prestigious Award by the Leiria City Hall at the Sports Event<\/li>\n<li>Pedro Morou\u00e7o (2017), Winner of The Publishing Method competition by the American Journal Experts<\/li>\n<li>Pedro Morou\u00e7o (2017), Hans Gros Emerging Researcher Award by the International Society of Biomechanics in Sports<\/li>\n<li>Artur Mateus, Pedro Carreira (2017), Best Poster Award at the 4th International Conference on Titanium Powder Metallurgy &amp; Additive Manufacturing (PMTI2017)<\/li>\n<li>Carla Moura (2010-2015), FCT Grant for PhD Studies (SFRH\/BD\/73970\/2010)<\/li>\n<li>Juliana Dias (2012-2016), FCT Grant for PhD Studies (SFRH\/BD\/91104\/2012)<\/li>\n<li>Ruben Pereira (2012-2016), FCT Grant for PhD Studies (SFRH\/BD\/91151\/2012)<\/li>\n<li>Miguel Reis (2017-2020), FCT Grant for PhD Studies<\/li>\n<li>David \u00c2ngelo (2017), Research award from Sociedade Anat\u00f3mica Portuguesa<\/li>\n<\/ul>\n","protected":false},"excerpt":{"rendered":"<p>Geoffrey Mitchell and Paula Pascoal-Faria (2018), Novo Verde Packaging Universities Award 2018 | IPLeiria Verde+ (IPLeiria Green+). CDRSP-IPLeiria (2015, 2016, 2017), \u201cScience +\u201d, science award to distinguish the IPLeiria\u2019s research units with the most relevant scientific productivity Paulo Campos, Artur Mateus (2014), \u201cPino urbano modular\u201d, Pr\u00e9mio INOV: Innovation award for sustainable end-of-life of used tyres [&hellip;]<\/p>\n","protected":false},"author":402,"featured_media":5991,"parent":2006,"menu_order":0,"comment_status":"open","ping_status":"open","template":"","meta":{"ngg_post_thumbnail":0,"footnotes":"","_links_to":"","_links_to_target":""},"class_list":["post-48","page","type-page","status-publish","has-post-thumbnail","hentry"],"_links":{"self":[{"href":"https:\/\/sites.ipleiria.pt\/cdrsp-arquivo\/wp-json\/wp\/v2\/pages\/48","targetHints":{"allow":["GET"]}}],"collection":[{"href":"https:\/\/sites.ipleiria.pt\/cdrsp-arquivo\/wp-json\/wp\/v2\/pages"}],"about":[{"href":"https:\/\/sites.ipleiria.pt\/cdrsp-arquivo\/wp-json\/wp\/v2\/types\/page"}],"author":[{"embeddable":true,"href":"https:\/\/sites.ipleiria.pt\/cdrsp-arquivo\/wp-json\/wp\/v2\/users\/402"}],"replies":[{"embeddable":true,"href":"https:\/\/sites.ipleiria.pt\/cdrsp-arquivo\/wp-json\/wp\/v2\/comments?post=48"}],"version-history":[{"count":7,"href":"https:\/\/sites.ipleiria.pt\/cdrsp-arquivo\/wp-json\/wp\/v2\/pages\/48\/revisions"}],"predecessor-version":[{"id":6941,"href":"https:\/\/sites.ipleiria.pt\/cdrsp-arquivo\/wp-json\/wp\/v2\/pages\/48\/revisions\/6941"}],"up":[{"embeddable":true,"href":"https:\/\/sites.ipleiria.pt\/cdrsp-arquivo\/wp-json\/wp\/v2\/pages\/2006"}],"wp:featuredmedia":[{"embeddable":true,"href":"https:\/\/sites.ipleiria.pt\/cdrsp-arquivo\/wp-json\/wp\/v2\/media\/5991"}],"wp:attachment":[{"href":"https:\/\/sites.ipleiria.pt\/cdrsp-arquivo\/wp-json\/wp\/v2\/media?parent=48"}],"curies":[{"name":"wp","href":"https:\/\/api.w.org\/{rel}","templated":true}]}}