{"id":112,"date":"2021-06-16T14:08:31","date_gmt":"2021-06-16T14:08:31","guid":{"rendered":"https:\/\/sites.ipleiria.pt\/cdtpopular\/?page_id=112"},"modified":"2021-07-28T09:13:14","modified_gmt":"2021-07-28T09:13:14","slug":"convidados","status":"publish","type":"page","link":"https:\/\/sites.ipleiria.pt\/cdtpopular\/convidados\/","title":{"rendered":"Convidados | Special guests"},"content":{"rendered":"\n<p><br><strong>Andrea<\/strong> <strong>Capezzuoli<\/strong><br>M\u00fasico e professor, co-fundador do projeto Balqu\u00e9bec<\/p>\n\n\n\n<p><strong>Carla Raposeira<\/strong><br>Diretora do Departamento de Cultura &#8211; Funda\u00e7\u00e3o INATEL<\/p>\n\n\n\n<p><strong>Domingos Valeski Jr.<br><\/strong>Professor especialista em Arte-Educa\u00e7\u00e3o, M\u00fasica, Dan\u00e7a e Consci\u00eancia Corporal e docente no Centro Estadual de Capacita\u00e7\u00e3o em Artes Guido Viaro (Secretaria da Educa\u00e7\u00e3o do Estado do Paran\u00e1)<\/p>\n\n\n\n<p><strong>Eleonora Gabriel<\/strong> (Lola)<br>Professora da Universidade Federal do Rio de Janeiro e coordenadora da Companhia Folcl\u00f3rica do Rio-Universidade Federal do Rio de Janeiro<\/p>\n\n\n\n<p><strong>Fernando Vieira<br><\/strong>Professor de Pedagogia e Did\u00e1tica de Dan\u00e7a Tradicional e Popular Portuguesa no Instituto Piaget de Almada e investigador no&nbsp;Kinesiolab \u2013 Laboratory of Human Movement Analysis,&nbsp;<em>Institute Piaget of Almada&nbsp;e na RECI &#8211;&nbsp;<\/em>Research in Education and Community Intervention,<em>&nbsp;Institute Piaget<\/em><\/p>\n\n\n\n<p><strong>Helena Queir\u00f3s<\/strong><br>Vice-presidente da dire\u00e7\u00e3o do\u00a0NEFUP\u00a0e gestora do projeto\u00a0\u201cContradan\u00e7as e Quadrilhas Durienses\u201d<\/p>\n\n\n\n<p><strong>Jo\u00e3o Fernandes<br><\/strong>Subdiretor da Escola Superior de Dan\u00e7a do Instituto Polit\u00e9cnico de Lisboa e Coordenador do Curso de Licenciatura em Dan\u00e7a<\/p>\n\n\n\n<p><strong>Joana Gomes Ferreira<\/strong><br>Professora certificada pela Royal&nbsp;Scottish&nbsp;Country Dance&nbsp;Society<\/p>\n\n\n\n<p><strong>Isabel Monteiro<\/strong><br>Professora certificada pela Royal&nbsp;Scottish&nbsp;Country Dance&nbsp;Society<\/p>\n\n\n\n<p><strong>Lu\u00eds Monteiro<\/strong><br>Presidente da dire\u00e7\u00e3o e Diretor art\u00edstico de dan\u00e7a no N\u00facleo de Etnografia e Folclore da Universidade do Porto<\/p>\n\n\n\n<p><strong>Margarita Correia<\/strong><br>Professora e investigadora em Lingu\u00edstica e coordenadora do Portal da L\u00edngua Portuguesa<\/p>\n\n\n\n<p><strong>Maurizio Padovan<\/strong><br>Especialista nas \u00e1reas da Dan\u00e7a e M\u00fasica e nas \u00e1reas cient\u00edficas de Etnomusicologia e de Hist\u00f3ria da Dan\u00e7a e da M\u00fasica<\/p>\n\n\n\n<p><strong>Mercedes Prieto<\/strong><br>Professora e investigadora e artista na \u00e1rea da dan\u00e7a tradicional e educativa<\/p>\n\n\n\n<p><strong>M\u00f4nica Ferreira Luquett<\/strong><br>Professora da Secretaria Municipal de Educa\u00e7\u00e3o da Cidade do Rio de Janeiro e core\u00f3grafa da Companhia Folcl\u00f3rica do Rio-Universidade Federal do Rio de Janeiro<\/p>\n\n\n\n<p><strong>Nicola Brighenti<\/strong><br>Dan\u00e7arino e professor, co-fundador do projeto Balqu\u00e9bec e Presidente da &#8220;Associazione Ethnica&#8221;<\/p>\n\n\n\n<p><strong>Rita<\/strong> <strong>F\u00e1tima<\/strong> <strong>Alves<\/strong><br>Professora da Secretaria Municipal de Educa\u00e7\u00e3o da Cidade do Rio de Janeiro e core\u00f3grafa da Companhia Folcl\u00f3rica do Rio-Universidade Federal do Rio de Janeiro<\/p>\n\n\n\n<p><strong>Samuel Rego<\/strong><br>Diretor da Escola Superior de Dan\u00e7a do Instituto Polit\u00e9cnico de Lisboa<\/p>\n\n\n\n<p><strong>Sergio Cobos<\/strong><br>Especialista em m\u00fasica e dan\u00e7a tradicional galega<\/p>\n\n\n\n<p><strong>Tiago Pereira<\/strong><br>Realizador,  documentarista, radialista e visualista, co-criador do projeto A Dan\u00e7a Portuguesa A Gostar Dela Pr\u00f3pria<\/p>\n\n\n\n<p><\/p>\n\n\n\n<p><\/p>\n","protected":false},"excerpt":{"rendered":"<p>Andrea CapezzuoliM\u00fasico e professor, co-fundador do projeto Balqu\u00e9bec Carla RaposeiraDiretora do Departamento de Cultura &#8211; Funda\u00e7\u00e3o INATEL Domingos Valeski Jr.Professor especialista em Arte-Educa\u00e7\u00e3o, M\u00fasica, Dan\u00e7a e Consci\u00eancia Corporal e docente no Centro Estadual de Capacita\u00e7\u00e3o em Artes Guido Viaro (Secretaria da Educa\u00e7\u00e3o do Estado do Paran\u00e1) Eleonora Gabriel (Lola)Professora da Universidade Federal do Rio de &hellip; <\/p>\n<p class=\"link-more\"><a href=\"https:\/\/sites.ipleiria.pt\/cdtpopular\/convidados\/\" class=\"more-link\">Continuar a ler <span class=\"screen-reader-text\">&#8220;Convidados | Special guests&#8221;<\/span><\/a><\/p>\n","protected":false},"author":5222,"featured_media":0,"parent":0,"menu_order":0,"comment_status":"closed","ping_status":"closed","template":"","meta":{"footnotes":""},"class_list":["post-112","page","type-page","status-publish","hentry"],"_links":{"self":[{"href":"https:\/\/sites.ipleiria.pt\/cdtpopular\/wp-json\/wp\/v2\/pages\/112","targetHints":{"allow":["GET"]}}],"collection":[{"href":"https:\/\/sites.ipleiria.pt\/cdtpopular\/wp-json\/wp\/v2\/pages"}],"about":[{"href":"https:\/\/sites.ipleiria.pt\/cdtpopular\/wp-json\/wp\/v2\/types\/page"}],"author":[{"embeddable":true,"href":"https:\/\/sites.ipleiria.pt\/cdtpopular\/wp-json\/wp\/v2\/users\/5222"}],"replies":[{"embeddable":true,"href":"https:\/\/sites.ipleiria.pt\/cdtpopular\/wp-json\/wp\/v2\/comments?post=112"}],"version-history":[{"count":39,"href":"https:\/\/sites.ipleiria.pt\/cdtpopular\/wp-json\/wp\/v2\/pages\/112\/revisions"}],"predecessor-version":[{"id":534,"href":"https:\/\/sites.ipleiria.pt\/cdtpopular\/wp-json\/wp\/v2\/pages\/112\/revisions\/534"}],"wp:attachment":[{"href":"https:\/\/sites.ipleiria.pt\/cdtpopular\/wp-json\/wp\/v2\/media?parent=112"}],"curies":[{"name":"wp","href":"https:\/\/api.w.org\/{rel}","templated":true}]}}