{"id":13,"date":"2021-06-14T08:16:45","date_gmt":"2021-06-14T08:16:45","guid":{"rendered":"https:\/\/sites.ipleiria.pt\/cdtpopular\/?page_id=13"},"modified":"2021-07-21T17:22:29","modified_gmt":"2021-07-21T17:22:29","slug":"organizacao","status":"publish","type":"page","link":"https:\/\/sites.ipleiria.pt\/cdtpopular\/organizacao\/","title":{"rendered":"Organiza\u00e7\u00e3o | Organizing Committee"},"content":{"rendered":"\n<p><strong>Ana Rita Leit\u00e3o<br><\/strong><em>Associa\u00e7\u00e3o Folcl\u00f3rica da Regi\u00e3o de Leiria e Alta Estremadura<\/em><\/p>\n\n\n\n<p><strong>Marisa Barroso<br><\/strong><em>ESECS &#8211; Polit\u00e9cnico de Leiria<\/em> \/ <em>Centro de Investiga\u00e7\u00e3o em Qualidade de Vida<\/em><\/p>\n\n\n\n<p><strong>Marta Filipe Alexandre<br><\/strong><em><em><em>ESECS &#8211; Polit\u00e9cnico de Leiria<\/em><\/em><\/em> \/ <em>Centro de Estudos de Lingu\u00edstica Geral e Aplicada (CELGA-ILTEC) da Universidade de Coimbra<\/em><\/p>\n\n\n\n<p><strong>Sandrina Milhano<br><\/strong><em>ESECS &#8211; Polit\u00e9cnico de Leiria<\/em> \/ <em>Centro de Estudos em Educa\u00e7\u00e3o e Inova\u00e7\u00e3o<\/em><\/p>\n\n\n\n<p><\/p>\n\n\n\n<p><\/p>\n\n\n\n<div class=\"wp-block-columns is-layout-flex wp-container-core-columns-is-layout-2 wp-block-columns-is-layout-flex\">\n<div class=\"wp-block-column is-layout-flow wp-block-column-is-layout-flow\">\n<figure class=\"wp-block-image size-large is-resized\"><a href=\"https:\/\/www.ipleiria.pt\/esecs\/\"><img loading=\"lazy\" decoding=\"async\" src=\"http:\/\/sites.ipleiria.pt\/cdtpopular\/files\/2021\/06\/esecs_horizontal-1024x283.png\" alt=\"\" class=\"wp-image-91\" width=\"321\" height=\"88\" srcset=\"https:\/\/sites.ipleiria.pt\/cdtpopular\/files\/2021\/06\/esecs_horizontal-1024x283.png 1024w, https:\/\/sites.ipleiria.pt\/cdtpopular\/files\/2021\/06\/esecs_horizontal-300x83.png 300w, https:\/\/sites.ipleiria.pt\/cdtpopular\/files\/2021\/06\/esecs_horizontal-768x212.png 768w, https:\/\/sites.ipleiria.pt\/cdtpopular\/files\/2021\/06\/esecs_horizontal-1536x424.png 1536w, https:\/\/sites.ipleiria.pt\/cdtpopular\/files\/2021\/06\/esecs_horizontal-2048x566.png 2048w\" sizes=\"auto, (max-width: 321px) 100vw, 321px\" \/><\/a><\/figure>\n\n\n\n<div class=\"wp-block-columns is-layout-flex wp-container-core-columns-is-layout-1 wp-block-columns-is-layout-flex\">\n<div class=\"wp-block-column is-layout-flow wp-block-column-is-layout-flow\" style=\"flex-basis:33.33%\">\n<div class=\"wp-block-image\"><figure class=\"alignright size-large\"><img loading=\"lazy\" decoding=\"async\" width=\"181\" height=\"180\" src=\"http:\/\/sites.ipleiria.pt\/cdtpopular\/files\/2021\/07\/celga-logo.png\" alt=\"\" class=\"wp-image-218\" srcset=\"https:\/\/sites.ipleiria.pt\/cdtpopular\/files\/2021\/07\/celga-logo.png 181w, https:\/\/sites.ipleiria.pt\/cdtpopular\/files\/2021\/07\/celga-logo-150x150.png 150w, https:\/\/sites.ipleiria.pt\/cdtpopular\/files\/2021\/07\/celga-logo-100x100.png 100w\" sizes=\"auto, (max-width: 181px) 100vw, 181px\" \/><\/figure><\/div>\n<\/div>\n\n\n\n<div class=\"wp-block-column is-vertically-aligned-center is-layout-flow wp-block-column-is-layout-flow\" style=\"flex-basis:66.66%\">\n<figure class=\"wp-block-image size-large\"><img loading=\"lazy\" decoding=\"async\" width=\"600\" height=\"180\" src=\"http:\/\/sites.ipleiria.pt\/cdtpopular\/files\/2021\/06\/celga-logotext-1.png\" alt=\"\" class=\"wp-image-93\" srcset=\"https:\/\/sites.ipleiria.pt\/cdtpopular\/files\/2021\/06\/celga-logotext-1.png 600w, https:\/\/sites.ipleiria.pt\/cdtpopular\/files\/2021\/06\/celga-logotext-1-300x90.png 300w\" sizes=\"auto, (max-width: 600px) 100vw, 600px\" \/><\/figure>\n<\/div>\n<\/div>\n<\/div>\n\n\n\n<div class=\"wp-block-column is-layout-flow wp-block-column-is-layout-flow\">\n<figure class=\"wp-block-image size-large\"><img loading=\"lazy\" decoding=\"async\" width=\"1024\" height=\"419\" src=\"http:\/\/sites.ipleiria.pt\/cdtpopular\/files\/2021\/06\/logotipo_letras-1-1024x419.png\" alt=\"\" class=\"wp-image-92\" srcset=\"https:\/\/sites.ipleiria.pt\/cdtpopular\/files\/2021\/06\/logotipo_letras-1-1024x419.png 1024w, https:\/\/sites.ipleiria.pt\/cdtpopular\/files\/2021\/06\/logotipo_letras-1-300x123.png 300w, https:\/\/sites.ipleiria.pt\/cdtpopular\/files\/2021\/06\/logotipo_letras-1-768x314.png 768w, https:\/\/sites.ipleiria.pt\/cdtpopular\/files\/2021\/06\/logotipo_letras-1-1536x628.png 1536w, https:\/\/sites.ipleiria.pt\/cdtpopular\/files\/2021\/06\/logotipo_letras-1-2048x838.png 2048w\" sizes=\"auto, (max-width: 767px) 89vw, (max-width: 1000px) 54vw, (max-width: 1071px) 543px, 580px\" \/><\/figure>\n<\/div>\n<\/div>\n\n\n\n<figure class=\"wp-block-image size-medium\"><img loading=\"lazy\" decoding=\"async\" width=\"300\" height=\"66\" src=\"https:\/\/sites.ipleiria.pt\/cdtpopular\/files\/2021\/07\/LOGO_CIEQV_HOR_COM_ASSINATURA-300x66.jpg\" alt=\"\" class=\"wp-image-438\" srcset=\"https:\/\/sites.ipleiria.pt\/cdtpopular\/files\/2021\/07\/LOGO_CIEQV_HOR_COM_ASSINATURA-300x66.jpg 300w, https:\/\/sites.ipleiria.pt\/cdtpopular\/files\/2021\/07\/LOGO_CIEQV_HOR_COM_ASSINATURA-1024x225.jpg 1024w, https:\/\/sites.ipleiria.pt\/cdtpopular\/files\/2021\/07\/LOGO_CIEQV_HOR_COM_ASSINATURA-768x169.jpg 768w, https:\/\/sites.ipleiria.pt\/cdtpopular\/files\/2021\/07\/LOGO_CIEQV_HOR_COM_ASSINATURA.jpg 1043w\" sizes=\"auto, (max-width: 300px) 100vw, 300px\" \/><\/figure>\n\n\n\n<div class=\"wp-block-columns is-layout-flex wp-container-core-columns-is-layout-3 wp-block-columns-is-layout-flex\">\n<div class=\"wp-block-column is-layout-flow wp-block-column-is-layout-flow\">\n<figure class=\"wp-block-image size-medium\"><a href=\"https:\/\/www.fct.pt\/\"><img loading=\"lazy\" decoding=\"async\" width=\"300\" height=\"100\" src=\"https:\/\/sites.ipleiria.pt\/cdtpopular\/files\/2021\/06\/FCT-logo-1-300x100.png\" alt=\"\" class=\"wp-image-90\" srcset=\"https:\/\/sites.ipleiria.pt\/cdtpopular\/files\/2021\/06\/FCT-logo-1-300x100.png 300w, https:\/\/sites.ipleiria.pt\/cdtpopular\/files\/2021\/06\/FCT-logo-1-1024x343.png 1024w, https:\/\/sites.ipleiria.pt\/cdtpopular\/files\/2021\/06\/FCT-logo-1-768x257.png 768w, https:\/\/sites.ipleiria.pt\/cdtpopular\/files\/2021\/06\/FCT-logo-1-1536x514.png 1536w, https:\/\/sites.ipleiria.pt\/cdtpopular\/files\/2021\/06\/FCT-logo-1.png 1890w\" sizes=\"auto, (max-width: 300px) 100vw, 300px\" \/><\/a><\/figure>\n\n\n\n<figure class=\"wp-block-image size-medium\"><img loading=\"lazy\" decoding=\"async\" width=\"300\" height=\"119\" src=\"https:\/\/sites.ipleiria.pt\/cdtpopular\/files\/2021\/07\/Digital_PT_4C_V_FC_RP-300x119.png\" alt=\"\" class=\"wp-image-217\" srcset=\"https:\/\/sites.ipleiria.pt\/cdtpopular\/files\/2021\/07\/Digital_PT_4C_V_FC_RP-300x119.png 300w, https:\/\/sites.ipleiria.pt\/cdtpopular\/files\/2021\/07\/Digital_PT_4C_V_FC_RP-1024x408.png 1024w, https:\/\/sites.ipleiria.pt\/cdtpopular\/files\/2021\/07\/Digital_PT_4C_V_FC_RP-768x306.png 768w, https:\/\/sites.ipleiria.pt\/cdtpopular\/files\/2021\/07\/Digital_PT_4C_V_FC_RP-1536x612.png 1536w, https:\/\/sites.ipleiria.pt\/cdtpopular\/files\/2021\/07\/Digital_PT_4C_V_FC_RP-2048x815.png 2048w\" sizes=\"auto, (max-width: 300px) 100vw, 300px\" \/><\/figure>\n<\/div>\n\n\n\n<div class=\"wp-block-column is-layout-flow wp-block-column-is-layout-flow\"><\/div>\n<\/div>\n","protected":false},"excerpt":{"rendered":"<p>Ana Rita Leit\u00e3oAssocia\u00e7\u00e3o Folcl\u00f3rica da Regi\u00e3o de Leiria e Alta Estremadura Marisa BarrosoESECS &#8211; Polit\u00e9cnico de Leiria \/ Centro de Investiga\u00e7\u00e3o em Qualidade de Vida Marta Filipe AlexandreESECS &#8211; Polit\u00e9cnico de Leiria \/ Centro de Estudos de Lingu\u00edstica Geral e Aplicada (CELGA-ILTEC) da Universidade de Coimbra Sandrina MilhanoESECS &#8211; Polit\u00e9cnico de Leiria \/ Centro de &hellip; <\/p>\n<p class=\"link-more\"><a href=\"https:\/\/sites.ipleiria.pt\/cdtpopular\/organizacao\/\" class=\"more-link\">Continuar a ler <span class=\"screen-reader-text\">&#8220;Organiza\u00e7\u00e3o | Organizing Committee&#8221;<\/span><\/a><\/p>\n","protected":false},"author":5223,"featured_media":0,"parent":0,"menu_order":0,"comment_status":"closed","ping_status":"closed","template":"","meta":{"footnotes":""},"class_list":["post-13","page","type-page","status-publish","hentry"],"_links":{"self":[{"href":"https:\/\/sites.ipleiria.pt\/cdtpopular\/wp-json\/wp\/v2\/pages\/13","targetHints":{"allow":["GET"]}}],"collection":[{"href":"https:\/\/sites.ipleiria.pt\/cdtpopular\/wp-json\/wp\/v2\/pages"}],"about":[{"href":"https:\/\/sites.ipleiria.pt\/cdtpopular\/wp-json\/wp\/v2\/types\/page"}],"author":[{"embeddable":true,"href":"https:\/\/sites.ipleiria.pt\/cdtpopular\/wp-json\/wp\/v2\/users\/5223"}],"replies":[{"embeddable":true,"href":"https:\/\/sites.ipleiria.pt\/cdtpopular\/wp-json\/wp\/v2\/comments?post=13"}],"version-history":[{"count":23,"href":"https:\/\/sites.ipleiria.pt\/cdtpopular\/wp-json\/wp\/v2\/pages\/13\/revisions"}],"predecessor-version":[{"id":446,"href":"https:\/\/sites.ipleiria.pt\/cdtpopular\/wp-json\/wp\/v2\/pages\/13\/revisions\/446"}],"wp:attachment":[{"href":"https:\/\/sites.ipleiria.pt\/cdtpopular\/wp-json\/wp\/v2\/media?parent=13"}],"curies":[{"name":"wp","href":"https:\/\/api.w.org\/{rel}","templated":true}]}}