{"id":15,"date":"2021-06-14T08:17:09","date_gmt":"2021-06-14T08:17:09","guid":{"rendered":"https:\/\/sites.ipleiria.pt\/cdtpopular\/?page_id=15"},"modified":"2021-07-23T20:03:21","modified_gmt":"2021-07-23T20:03:21","slug":"programa","status":"publish","type":"page","link":"https:\/\/sites.ipleiria.pt\/cdtpopular\/programa\/","title":{"rendered":"Programa geral | Overall programme"},"content":{"rendered":"\n<p style=\"font-size:14px\">(Scroll down for the English version.)<\/p>\n\n\n\n<figure class=\"wp-block-image size-large\"><img loading=\"lazy\" decoding=\"async\" width=\"1024\" height=\"538\" src=\"http:\/\/sites.ipleiria.pt\/cdtpopular\/files\/2021\/07\/destaque_1200x630-1024x538.png\" alt=\"\" class=\"wp-image-338\" srcset=\"https:\/\/sites.ipleiria.pt\/cdtpopular\/files\/2021\/07\/destaque_1200x630-1024x538.png 1024w, https:\/\/sites.ipleiria.pt\/cdtpopular\/files\/2021\/07\/destaque_1200x630-300x158.png 300w, https:\/\/sites.ipleiria.pt\/cdtpopular\/files\/2021\/07\/destaque_1200x630-768x403.png 768w, https:\/\/sites.ipleiria.pt\/cdtpopular\/files\/2021\/07\/destaque_1200x630-1536x807.png 1536w, https:\/\/sites.ipleiria.pt\/cdtpopular\/files\/2021\/07\/destaque_1200x630-2048x1076.png 2048w\" sizes=\"auto, (max-width: 767px) 89vw, (max-width: 1000px) 54vw, (max-width: 1071px) 543px, 580px\" \/><\/figure>\n\n\n\n<figure class=\"wp-block-table\"><table><tbody><tr><td class=\"has-text-align-left\" data-align=\"left\"><strong>Sexta-feira , dia 30 de julho de 2021<\/strong><br>Audit\u00f3rio 1, <a rel=\"noreferrer noopener\" href=\"https:\/\/www.facebook.com\/ESECS.IPLeiria.Oficial\" data-type=\"URL\" data-id=\"https:\/\/www.facebook.com\/ESECS.IPLeiria.Oficial\" target=\"_blank\">ESECS-Polit\u00e9cnico de Leiria<\/a>, Leiria<em> <\/em>(ou online)<\/td><\/tr><tr><td class=\"has-text-align-left\" data-align=\"left\"><strong>09:30&nbsp;<\/strong>\u2013&nbsp;Sess\u00e3o de Abertura<br>                 Mesa de Abertura&nbsp;&nbsp; <br>                 Comunica\u00e7\u00e3o Plen\u00e1ria&nbsp; <br><strong>10:15<\/strong>&nbsp;\u2013 <em>Pausa para Caf\u00e9<\/em>&nbsp;<br><strong>10:45<\/strong>&nbsp;\u2013 Painel de comunica\u00e7\u00f5es&nbsp;&nbsp; <br><strong>11:30<\/strong>&nbsp;\u2013 Debate conjunto&nbsp;&nbsp; <br><strong>12:00<\/strong>&nbsp;\u2013 <em>Almo\u00e7o &amp; Convite Para Dan\u00e7ar<\/em>&nbsp; <br><strong>14:00 <\/strong>\u2013<strong>&nbsp;<\/strong>Painel de comunica\u00e7\u00f5es&nbsp; <br><strong>14:45<\/strong>&nbsp;\u2013 Debate conjunto&nbsp;&nbsp; <br><strong>15:30<\/strong>&nbsp;\u2013 Pausa para Caf\u00e9&nbsp; <br><strong>16:00 <\/strong>\u2013 Apresenta\u00e7\u00e3o dos temas da monografia \u00abDan\u00e7as de Porto de M\u00f3s\u00bb&nbsp;&nbsp;<\/td><\/tr><tr><td class=\"has-text-align-left\" data-align=\"left\"><strong>S\u00e1bado, dia 31 de julho de 2021<\/strong><br><em><a rel=\"noreferrer noopener\" href=\"https:\/\/www.facebook.com\/centroalvorge\/\" data-type=\"URL\" data-id=\"https:\/\/www.facebook.com\/centroalvorge\/\" target=\"_blank\">Centro Social e Recreativo de&nbsp;Alvorge<\/a>,&nbsp;Alvorge,&nbsp;Ansi\u00e3o<\/em> (ou online)<\/td><\/tr><tr><td class=\"has-text-align-left\" data-align=\"left\"><strong>09:30 <\/strong>\u2013&nbsp;Mesa de Abertura<br>                 Comunica\u00e7\u00e3o Plen\u00e1ria&nbsp; <br><strong>10:15<\/strong>&nbsp;\u2013 <em>Pausa para Caf\u00e9<\/em>&nbsp; <br><strong>10:45<\/strong>&nbsp;\u2013 Painel de comunica\u00e7\u00f5es&nbsp;&nbsp; <br><strong>11:30<\/strong>&nbsp;\u2013 Debate conjunto&nbsp;&nbsp; <br><strong>12:00<\/strong>&nbsp;\u2013 <em>Almo\u00e7o &amp; Convite Para Dan\u00e7ar&nbsp;<\/em> <br><strong>14:00<\/strong> \u2013 Painel de comunica\u00e7\u00f5es&nbsp;<br><strong>14:45<\/strong>&nbsp;\u2013 Debate conjunto&nbsp;&nbsp; <br><strong>15:30<\/strong>&nbsp;\u2013 <em>Pausa para Caf\u00e9<\/em>&nbsp; <br><strong>16:00&nbsp;<\/strong>\u2013 Baile tradicional \/ Oficina de dan\u00e7a com m\u00fasica ao vivo&nbsp;com o <a rel=\"noreferrer noopener\" href=\"https:\/\/www.facebook.com\/AIREtrad\" data-type=\"URL\" data-id=\"https:\/\/www.facebook.com\/AIREtrad\" target=\"_blank\">coletivo AIRE<\/a> <\/td><\/tr><\/tbody><\/table><\/figure>\n\n\n\n<p>Consulte <a href=\"https:\/\/sites.ipleiria.pt\/cdtpopular\/programa-detalhado-complete-programme\/\" data-type=\"page\" data-id=\"454\">tamb\u00e9m o programa detalhado<\/a>.<br><br><\/p>\n\n\n\n\n\n<p class=\"has-medium-font-size\"><br><strong>Overall programme<\/strong><\/p>\n\n\n\n<figure class=\"wp-block-table\"><table><tbody><tr><td><strong>Friday,&nbsp;July&nbsp;30th,&nbsp;2021 <\/strong><br>Auditorium 1, <a rel=\"noreferrer noopener\" href=\"https:\/\/www.facebook.com\/ESECS.IPLeiria.Oficial\" target=\"_blank\">ESECS-Polit\u00e9cnico de Leiria<\/a>, Leiria (or online)<\/td><\/tr><tr><td><strong>09:30 &#8211;<\/strong>&nbsp;Opening&nbsp;Session&nbsp;with&nbsp;Dance&nbsp; <br>                 Opening&nbsp;panel<br>                 Plenary&nbsp;session&nbsp;<br><strong>10:15<\/strong>&nbsp;&#8211;&nbsp;Coffee&nbsp;break&nbsp; <br><strong>10:45<\/strong>&nbsp;&#8211;&nbsp;Presentation&nbsp;session&nbsp;\/&nbsp;roundtable&nbsp;&nbsp; <br><strong>11:30<\/strong>&nbsp;&#8211;&nbsp;Open&nbsp;discussion&nbsp;&nbsp; <br><strong>12:00<\/strong>&nbsp;&#8211;&nbsp;Lunch&nbsp;&amp;&nbsp;Invitation&nbsp;to Dance&nbsp; <br><strong>14:00 &#8211;&nbsp;<\/strong>Presentation&nbsp;session&nbsp;\/&nbsp;roundtable&nbsp; <br><strong>14:45<\/strong>&nbsp;&#8211;&nbsp;Open&nbsp;discussion&nbsp; <br><strong>15:30<\/strong>&nbsp;&#8211;&nbsp;Coffee&nbsp;break&nbsp; <br><strong>16:00 &#8211;&nbsp;<\/strong>Presentation&nbsp;of&nbsp;the&nbsp;topics&nbsp;of&nbsp;the&nbsp;monography&nbsp;\u00abDan\u00e7as de Porto de M\u00f3s\u00bb&nbsp;&nbsp;&nbsp;&nbsp;<\/td><\/tr><tr><td><strong>Saturday,&nbsp;July&nbsp;31st,&nbsp;2021<\/strong><br><a rel=\"noreferrer noopener\" href=\"https:\/\/www.facebook.com\/centroalvorge\/\" target=\"_blank\">Centro Social e Recreativo de&nbsp;Alvorge<\/a>,&nbsp;Alvorge,&nbsp;Ansi\u00e3o&nbsp;&nbsp;(or online)<\/td><\/tr><tr><td><strong>09:30 &#8211;&nbsp;<\/strong>Opening&nbsp;panel&nbsp; <br>                 Plenary&nbsp;session&nbsp;<br><strong>10:15<\/strong>&nbsp;&#8211;&nbsp;Coffee&nbsp;break&nbsp; <br><strong>10:45<\/strong>&nbsp;&#8211;&nbsp;Presentation&nbsp;session&nbsp;\/&nbsp;roundtable&nbsp; <br><strong>11:30<\/strong>&nbsp;&#8211;&nbsp;Open&nbsp;discussion&nbsp; <br><strong>12:00<\/strong>&nbsp;&#8211;&nbsp;Lunch&nbsp;&amp;&nbsp;Invitation&nbsp;to Dance&nbsp;<br><strong>14:00 &#8211;&nbsp;<\/strong>Presentation&nbsp;session&nbsp;\/&nbsp;roundtable&nbsp; <br><strong>14:45<\/strong>&nbsp;&#8211;&nbsp;Open&nbsp;discussion&nbsp; <br><strong>15:30<\/strong>&nbsp;&#8211;&nbsp;Coffee&nbsp;break&nbsp; <br><strong>16:00&nbsp;<\/strong>&#8211;&nbsp;Traditional&nbsp;ball&nbsp;and&nbsp;dance workshop&nbsp;with&nbsp;live&nbsp;music&nbsp;&#8211; AIRE&nbsp;group&nbsp;<\/td><\/tr><\/tbody><\/table><\/figure>\n\n\n\n<p style=\"font-size:17px\"><br>Read <a href=\"https:\/\/sites.ipleiria.pt\/cdtpopular\/complete-programme\/\" data-type=\"page\" data-id=\"475\">the complete programme here<\/a>.<\/p>\n","protected":false},"excerpt":{"rendered":"<p>(Scroll down for the English version.) Sexta-feira , dia 30 de julho de 2021Audit\u00f3rio 1, ESECS-Polit\u00e9cnico de Leiria, Leiria (ou online) 09:30&nbsp;\u2013&nbsp;Sess\u00e3o de Abertura Mesa de Abertura&nbsp;&nbsp; Comunica\u00e7\u00e3o Plen\u00e1ria&nbsp; 10:15&nbsp;\u2013 Pausa para Caf\u00e9&nbsp;10:45&nbsp;\u2013 Painel de comunica\u00e7\u00f5es&nbsp;&nbsp; 11:30&nbsp;\u2013 Debate conjunto&nbsp;&nbsp; 12:00&nbsp;\u2013 Almo\u00e7o &amp; Convite Para Dan\u00e7ar&nbsp; 14:00 \u2013&nbsp;Painel de comunica\u00e7\u00f5es&nbsp; 14:45&nbsp;\u2013 Debate conjunto&nbsp;&nbsp; 15:30&nbsp;\u2013 Pausa para &hellip; <\/p>\n<p class=\"link-more\"><a href=\"https:\/\/sites.ipleiria.pt\/cdtpopular\/programa\/\" class=\"more-link\">Continuar a ler <span class=\"screen-reader-text\">&#8220;Programa geral | Overall programme&#8221;<\/span><\/a><\/p>\n","protected":false},"author":5223,"featured_media":0,"parent":0,"menu_order":0,"comment_status":"closed","ping_status":"closed","template":"","meta":{"footnotes":""},"class_list":["post-15","page","type-page","status-publish","hentry"],"_links":{"self":[{"href":"https:\/\/sites.ipleiria.pt\/cdtpopular\/wp-json\/wp\/v2\/pages\/15","targetHints":{"allow":["GET"]}}],"collection":[{"href":"https:\/\/sites.ipleiria.pt\/cdtpopular\/wp-json\/wp\/v2\/pages"}],"about":[{"href":"https:\/\/sites.ipleiria.pt\/cdtpopular\/wp-json\/wp\/v2\/types\/page"}],"author":[{"embeddable":true,"href":"https:\/\/sites.ipleiria.pt\/cdtpopular\/wp-json\/wp\/v2\/users\/5223"}],"replies":[{"embeddable":true,"href":"https:\/\/sites.ipleiria.pt\/cdtpopular\/wp-json\/wp\/v2\/comments?post=15"}],"version-history":[{"count":22,"href":"https:\/\/sites.ipleiria.pt\/cdtpopular\/wp-json\/wp\/v2\/pages\/15\/revisions"}],"predecessor-version":[{"id":481,"href":"https:\/\/sites.ipleiria.pt\/cdtpopular\/wp-json\/wp\/v2\/pages\/15\/revisions\/481"}],"wp:attachment":[{"href":"https:\/\/sites.ipleiria.pt\/cdtpopular\/wp-json\/wp\/v2\/media?parent=15"}],"curies":[{"name":"wp","href":"https:\/\/api.w.org\/{rel}","templated":true}]}}