{"id":169,"date":"2021-06-25T10:23:40","date_gmt":"2021-06-25T10:23:40","guid":{"rendered":"https:\/\/sites.ipleiria.pt\/cdtpopular\/?page_id=169"},"modified":"2021-07-26T15:09:18","modified_gmt":"2021-07-26T15:09:18","slug":"comissao-cientifica","status":"publish","type":"page","link":"https:\/\/sites.ipleiria.pt\/cdtpopular\/comissao-cientifica\/","title":{"rendered":"Comiss\u00e3o Cient\u00edfica | Scientific Committee"},"content":{"rendered":"\n<p><strong>Fernando Magalh\u00e3es <br><\/strong>ESECS &#8211; Polit\u00e9cnico de Leiria \/ CICS.NOVA.IPLeiria, Portugal<\/p>\n\n\n\n<p><strong>Fernando Vieira<br><\/strong>Instituto Superior de Estudos Interculturais e Transdisciplinares de Almada \u2013 Instituto Piaget, Portugal&nbsp;<\/p>\n\n\n\n<p><strong>Jaime Ricardo Gouveia<br><\/strong>Centro de Hist\u00f3ria da Sociedade e da Cultura da Faculdade de Letras da Universidade de Coimbra, Portugal<\/p>\n\n\n\n<p><strong>Jos\u00e9 Trindade <br><\/strong>ESECS &#8211; Polit\u00e9cnico de Leiria, Portugal<\/p>\n\n\n\n<p><strong>Maria Jos\u00e9 Gamboa<\/strong> <br>ESECS &#8211; Polit\u00e9cnico de Leiria, Portugal<\/p>\n\n\n\n<p><strong>Marisa Barroso <\/strong><br>ESECS &#8211; Polit\u00e9cnico de Leiria \/ Centro de Investiga\u00e7\u00e3o em Qualidade de Vida, Portugal<\/p>\n\n\n\n<p><strong>Marta Filipe Alexandre <\/strong><br>ESECS &#8211; Polit\u00e9cnico de Leiria \/ Centro de Estudos de Lingu\u00edstica Geral e Aplicada da Universidade de Coimbra, Portugal<\/p>\n\n\n\n<p><strong><strong>Mercedes Prieto<\/strong><br><\/strong>Professora e investigadora e artista na \u00e1rea da dan\u00e7a tradicional e educativa, Espanha<\/p>\n\n\n\n<p><strong>Sandrina Milhano <\/strong><br>ESECS &#8211; Polit\u00e9cnico de Leiria \/ Centro de Estudos em Educa\u00e7\u00e3o e Inova\u00e7\u00e3o (CI&amp;DEI) do Polit\u00e9cnico de Leiria, Portugal<\/p>\n\n\n\n<p><strong>Vera Amorim<\/strong><br>Escola Superior de Dan\u00e7a, Instituto Polit\u00e9cnico de Lisboa, Portugal<\/p>\n\n\n\n<p><\/p>\n","protected":false},"excerpt":{"rendered":"<p>Fernando Magalh\u00e3es ESECS &#8211; Polit\u00e9cnico de Leiria \/ CICS.NOVA.IPLeiria, Portugal Fernando VieiraInstituto Superior de Estudos Interculturais e Transdisciplinares de Almada \u2013 Instituto Piaget, Portugal&nbsp; Jaime Ricardo GouveiaCentro de Hist\u00f3ria da Sociedade e da Cultura da Faculdade de Letras da Universidade de Coimbra, Portugal Jos\u00e9 Trindade ESECS &#8211; Polit\u00e9cnico de Leiria, Portugal Maria Jos\u00e9 Gamboa ESECS &hellip; <\/p>\n<p class=\"link-more\"><a href=\"https:\/\/sites.ipleiria.pt\/cdtpopular\/comissao-cientifica\/\" class=\"more-link\">Continuar a ler <span class=\"screen-reader-text\">&#8220;Comiss\u00e3o Cient\u00edfica | Scientific Committee&#8221;<\/span><\/a><\/p>\n","protected":false},"author":3183,"featured_media":0,"parent":0,"menu_order":0,"comment_status":"closed","ping_status":"closed","template":"","meta":{"footnotes":""},"class_list":["post-169","page","type-page","status-publish","hentry"],"_links":{"self":[{"href":"https:\/\/sites.ipleiria.pt\/cdtpopular\/wp-json\/wp\/v2\/pages\/169","targetHints":{"allow":["GET"]}}],"collection":[{"href":"https:\/\/sites.ipleiria.pt\/cdtpopular\/wp-json\/wp\/v2\/pages"}],"about":[{"href":"https:\/\/sites.ipleiria.pt\/cdtpopular\/wp-json\/wp\/v2\/types\/page"}],"author":[{"embeddable":true,"href":"https:\/\/sites.ipleiria.pt\/cdtpopular\/wp-json\/wp\/v2\/users\/3183"}],"replies":[{"embeddable":true,"href":"https:\/\/sites.ipleiria.pt\/cdtpopular\/wp-json\/wp\/v2\/comments?post=169"}],"version-history":[{"count":19,"href":"https:\/\/sites.ipleiria.pt\/cdtpopular\/wp-json\/wp\/v2\/pages\/169\/revisions"}],"predecessor-version":[{"id":514,"href":"https:\/\/sites.ipleiria.pt\/cdtpopular\/wp-json\/wp\/v2\/pages\/169\/revisions\/514"}],"wp:attachment":[{"href":"https:\/\/sites.ipleiria.pt\/cdtpopular\/wp-json\/wp\/v2\/media?parent=169"}],"curies":[{"name":"wp","href":"https:\/\/api.w.org\/{rel}","templated":true}]}}