{"id":17,"date":"2021-06-14T08:17:30","date_gmt":"2021-06-14T08:17:30","guid":{"rendered":"https:\/\/sites.ipleiria.pt\/cdtpopular\/?page_id=17"},"modified":"2021-07-21T11:18:20","modified_gmt":"2021-07-21T11:18:20","slug":"inscricoes","status":"publish","type":"page","link":"https:\/\/sites.ipleiria.pt\/cdtpopular\/inscricoes\/","title":{"rendered":"Inscri\u00e7\u00e3o sem acredita\u00e7\u00e3o"},"content":{"rendered":"\n<p><strong>Inscri\u00e7\u00e3o<\/strong> <strong>sem acredita\u00e7\u00e3o &#8211; P\u00fablico em geral<\/strong> <\/p>\n\n\n\n<p>O pagamento da inscri\u00e7\u00e3o corresponde a 25\u20ac e d\u00e1 acesso:  <br>&#8211; \u00e0s sess\u00f5es dos dois dias de trabalho (presencialmente ou por videoconfer\u00eancia), <br>&#8211; ao material e documenta\u00e7\u00e3o total, <br>&#8211; ao certificado de presen\u00e7a (presencial ou online),<br>&#8211; \u00e0s pausas para caf\u00e9,<br>&#8211; ao almo\u00e7o de s\u00e1bado,<br>&#8211; ao <a href=\"https:\/\/sites.ipleiria.pt\/cdtpopular\/baile-dos-pastorinhos\/\" data-type=\"page\" data-id=\"426\">Baile tradicional\/ Oficina de dan\u00e7a com m\u00fasica ao vivo<\/a> no s\u00e1bado.<\/p>\n\n\n\n<p><br><strong>Inscri\u00e7\u00e3o<\/strong> <strong>sem acredita\u00e7\u00e3o &#8211; S\u00f3cios da AFRLAE<\/strong> <strong>e estudantes<\/strong> <\/p>\n\n\n\n<p>O pagamento da inscri\u00e7\u00e3o corresponde a 20\u20ac e d\u00e1 acesso:  <br>&#8211; \u00e0s sess\u00f5es dos dois dias de trabalho (presencialmente ou por videoconfer\u00eancia),<br>&#8211; ao material e documenta\u00e7\u00e3o total,<br>&#8211; ao certificado de presen\u00e7a (presencial ou online),<br>&#8211; \u00e0s pausas para caf\u00e9,<br>&#8211; ao almo\u00e7o de s\u00e1bado,<br>&#8211; ao <a href=\"https:\/\/sites.ipleiria.pt\/cdtpopular\/baile-dos-pastorinhos\/\" data-type=\"page\" data-id=\"426\">Baile tradicional\/ Oficina de dan\u00e7a com m\u00fasica ao vivo<\/a> no s\u00e1bado.<\/p>\n\n\n\n<p><br><strong>Inscri\u00e7\u00e3o<\/strong> <strong>no <a href=\"https:\/\/sites.ipleiria.pt\/cdtpopular\/baile-dos-pastorinhos\/\" data-type=\"page\" data-id=\"426\">Baile tradicional \/ Oficina de dan\u00e7a com m\u00fasica ao vivo<\/a><\/strong> <strong>sem acredita\u00e7\u00e3o <\/strong><\/p>\n\n\n\n<p>O pagamento da inscri\u00e7\u00e3o corresponde a 5\u20ac e d\u00e1 acesso:  <br>&#8211; ao <a href=\"https:\/\/sites.ipleiria.pt\/cdtpopular\/baile-dos-pastorinhos\/\" data-type=\"page\" data-id=\"426\">Baile tradicional\/ Oficina de dan\u00e7a com m\u00fasica ao vivo<\/a> no s\u00e1bado.<\/p>\n\n\n\n<p class=\"has-text-align-left has-black-color has-cyan-bluish-gray-background-color has-text-color has-background\">Para realizar a sua inscri\u00e7\u00e3o sem acredita\u00e7\u00e3o,  <a rel=\"noreferrer noopener\" href=\"https:\/\/docs.google.com\/forms\/d\/e\/1FAIpQLScXLu509jJrMwiefhtdpsNexXCFTo4S0LIj26XjvFa90R8IVw\/viewform?usp=pp_url\" data-type=\"URL\" data-id=\"https:\/\/docs.google.com\/forms\/d\/e\/1FAIpQLScXLu509jJrMwiefhtdpsNexXCFTo4S0LIj26XjvFa90R8IVw\/viewform?usp=pp_url\" target=\"_blank\">clique aqui e aceda ao formul\u00e1rio<\/a>.<\/p>\n\n\n\n<p><strong>Inscri\u00e7\u00e3o com acredita\u00e7\u00e3o<\/strong><\/p>\n\n\n\n<p>Por favor, consulte toda a informa\u00e7\u00e3o na p\u00e1gina sobre <a href=\"https:\/\/sites.ipleiria.pt\/cdtpopular\/acreditacao\/\" data-type=\"page\" data-id=\"261\">Acredita\u00e7\u00e3o<\/a>.<\/p>\n\n\n\n<p><\/p>\n\n\n\n<p><strong>Termos e condi\u00e7\u00f5es<\/strong><\/p>\n\n\n\n<p>O cancelamento de inscri\u00e7\u00f5es implica a perda total do valor da taxa de inscri\u00e7\u00e3o, n\u00e3o havendo lugar a reembolsos.<\/p>\n","protected":false},"excerpt":{"rendered":"<p>Inscri\u00e7\u00e3o sem acredita\u00e7\u00e3o &#8211; P\u00fablico em geral O pagamento da inscri\u00e7\u00e3o corresponde a 25\u20ac e d\u00e1 acesso: &#8211; \u00e0s sess\u00f5es dos dois dias de trabalho (presencialmente ou por videoconfer\u00eancia), &#8211; ao material e documenta\u00e7\u00e3o total, &#8211; ao certificado de presen\u00e7a (presencial ou online),&#8211; \u00e0s pausas para caf\u00e9,&#8211; ao almo\u00e7o de s\u00e1bado,&#8211; ao Baile tradicional\/ Oficina &hellip; <\/p>\n<p class=\"link-more\"><a href=\"https:\/\/sites.ipleiria.pt\/cdtpopular\/inscricoes\/\" class=\"more-link\">Continuar a ler <span class=\"screen-reader-text\">&#8220;Inscri\u00e7\u00e3o sem acredita\u00e7\u00e3o&#8221;<\/span><\/a><\/p>\n","protected":false},"author":5223,"featured_media":0,"parent":0,"menu_order":0,"comment_status":"closed","ping_status":"closed","template":"","meta":{"footnotes":""},"class_list":["post-17","page","type-page","status-publish","hentry"],"_links":{"self":[{"href":"https:\/\/sites.ipleiria.pt\/cdtpopular\/wp-json\/wp\/v2\/pages\/17","targetHints":{"allow":["GET"]}}],"collection":[{"href":"https:\/\/sites.ipleiria.pt\/cdtpopular\/wp-json\/wp\/v2\/pages"}],"about":[{"href":"https:\/\/sites.ipleiria.pt\/cdtpopular\/wp-json\/wp\/v2\/types\/page"}],"author":[{"embeddable":true,"href":"https:\/\/sites.ipleiria.pt\/cdtpopular\/wp-json\/wp\/v2\/users\/5223"}],"replies":[{"embeddable":true,"href":"https:\/\/sites.ipleiria.pt\/cdtpopular\/wp-json\/wp\/v2\/comments?post=17"}],"version-history":[{"count":31,"href":"https:\/\/sites.ipleiria.pt\/cdtpopular\/wp-json\/wp\/v2\/pages\/17\/revisions"}],"predecessor-version":[{"id":436,"href":"https:\/\/sites.ipleiria.pt\/cdtpopular\/wp-json\/wp\/v2\/pages\/17\/revisions\/436"}],"wp:attachment":[{"href":"https:\/\/sites.ipleiria.pt\/cdtpopular\/wp-json\/wp\/v2\/media?parent=17"}],"curies":[{"name":"wp","href":"https:\/\/api.w.org\/{rel}","templated":true}]}}