{"id":19,"date":"2021-06-14T08:18:18","date_gmt":"2021-06-14T08:18:18","guid":{"rendered":"https:\/\/sites.ipleiria.pt\/cdtpopular\/?page_id=19"},"modified":"2021-07-15T20:37:02","modified_gmt":"2021-07-15T20:37:02","slug":"localizacoes","status":"publish","type":"page","link":"https:\/\/sites.ipleiria.pt\/cdtpopular\/localizacoes\/","title":{"rendered":"Localiza\u00e7\u00f5es | Venue"},"content":{"rendered":"\n<p><strong>Escola Superior Educa\u00e7\u00e3o e Ci\u00eancias Sociais<br><em>Polit\u00e9cnico de Leiria<\/em><\/strong><br>Campus 1<br>Rua Dr. Jo\u00e3o Soares<br>Apartado 4045<br>2411-901 Leiria \u2013 Portugal<br>E-mail: esecs@ipleiria.pt<\/p>\n\n\n\n<p><strong>Tel:<\/strong>&nbsp;(+351) 244 829 400<br><strong>Fax<\/strong>: (+351) 244 829 499<\/p>\n\n\n\n<p><strong>Coordenadas GPS da ESECS:<\/strong><br>N 39.739448 LATITUDE<br>W 8.811279 LONGITUDE<\/p>\n\n\n\n<p><\/p>\n\n\n\n<p><strong>Google Maps<\/strong><\/p>\n\n\n\n<div class=\"wp-block-group\"><div class=\"wp-block-group__inner-container is-layout-flow wp-block-group-is-layout-flow\">\n<figure class=\"wp-block-image size-large\"><a href=\"https:\/\/www.google.com\/maps\/place\/Polit%C3%A9cnico+de+Leiria+%2F+Escola+Superior+de+Educa%C3%A7%C3%A3o+e+Ci%C3%AAncias+Sociais+(ESECS)\/@39.739784,-8.8126137,497m\/data=!3m1!1e3!4m5!3m4!1s0xd227368623fdacd:0xdec23e871edb415f!8m2!3d39.739764!4d-8.811366?hl=pt-PT\" target=\"_blank\" rel=\"noopener\"><img decoding=\"async\" src=\"https:\/\/sites.ipleiria.pt\/jornadaseduci\/files\/2021\/03\/Untitled-1-1.png\" alt=\"\" class=\"wp-image-108\" \/><\/a><\/figure>\n<\/div><\/div>\n\n\n\n<p><a rel=\"noreferrer noopener\" href=\"https:\/\/goo.gl\/maps\/3CQTiXNLfo6dqwCt9\" target=\"_blank\"><strong><span class=\"has-inline-color has-black-color\">Clique aqui para abrir o mapa<\/span><\/strong><\/a><\/p>\n\n\n\n<p><strong>Centro Social e Recreativo de&nbsp;Alvorge,&nbsp;Alvorge,&nbsp;Ansi\u00e3o<\/strong><br>Rua dos Loureiros \u2013 Alvorge<br>3240-402 Alvorge<br><a href=\"https:\/\/www.facebook.com\/centroalvorge\/\" data-type=\"URL\" data-id=\"https:\/\/www.facebook.com\/centroalvorge\/\" target=\"_blank\" rel=\"noreferrer noopener\">Mais informa\u00e7\u00e3o no perfil do Facebook<\/a><br><\/p>\n","protected":false},"excerpt":{"rendered":"<p>Escola Superior Educa\u00e7\u00e3o e Ci\u00eancias SociaisPolit\u00e9cnico de LeiriaCampus 1Rua Dr. Jo\u00e3o SoaresApartado 40452411-901 Leiria \u2013 PortugalE-mail: esecs@ipleiria.pt Tel:&nbsp;(+351) 244 829 400Fax: (+351) 244 829 499 Coordenadas GPS da ESECS:N 39.739448 LATITUDEW 8.811279 LONGITUDE Google Maps Clique aqui para abrir o mapa Centro Social e Recreativo de&nbsp;Alvorge,&nbsp;Alvorge,&nbsp;Ansi\u00e3oRua dos Loureiros \u2013 Alvorge3240-402 AlvorgeMais informa\u00e7\u00e3o no perfil do &hellip; <\/p>\n<p class=\"link-more\"><a href=\"https:\/\/sites.ipleiria.pt\/cdtpopular\/localizacoes\/\" class=\"more-link\">Continuar a ler <span class=\"screen-reader-text\">&#8220;Localiza\u00e7\u00f5es | Venue&#8221;<\/span><\/a><\/p>\n","protected":false},"author":5223,"featured_media":0,"parent":0,"menu_order":0,"comment_status":"closed","ping_status":"closed","template":"","meta":{"footnotes":""},"class_list":["post-19","page","type-page","status-publish","hentry"],"_links":{"self":[{"href":"https:\/\/sites.ipleiria.pt\/cdtpopular\/wp-json\/wp\/v2\/pages\/19","targetHints":{"allow":["GET"]}}],"collection":[{"href":"https:\/\/sites.ipleiria.pt\/cdtpopular\/wp-json\/wp\/v2\/pages"}],"about":[{"href":"https:\/\/sites.ipleiria.pt\/cdtpopular\/wp-json\/wp\/v2\/types\/page"}],"author":[{"embeddable":true,"href":"https:\/\/sites.ipleiria.pt\/cdtpopular\/wp-json\/wp\/v2\/users\/5223"}],"replies":[{"embeddable":true,"href":"https:\/\/sites.ipleiria.pt\/cdtpopular\/wp-json\/wp\/v2\/comments?post=19"}],"version-history":[{"count":5,"href":"https:\/\/sites.ipleiria.pt\/cdtpopular\/wp-json\/wp\/v2\/pages\/19\/revisions"}],"predecessor-version":[{"id":357,"href":"https:\/\/sites.ipleiria.pt\/cdtpopular\/wp-json\/wp\/v2\/pages\/19\/revisions\/357"}],"wp:attachment":[{"href":"https:\/\/sites.ipleiria.pt\/cdtpopular\/wp-json\/wp\/v2\/media?parent=19"}],"curies":[{"name":"wp","href":"https:\/\/api.w.org\/{rel}","templated":true}]}}