{"id":23,"date":"2021-06-14T08:18:56","date_gmt":"2021-06-14T08:18:56","guid":{"rendered":"https:\/\/sites.ipleiria.pt\/cdtpopular\/?page_id=23"},"modified":"2021-07-20T19:23:11","modified_gmt":"2021-07-20T19:23:11","slug":"apoios","status":"publish","type":"page","link":"https:\/\/sites.ipleiria.pt\/cdtpopular\/apoios\/","title":{"rendered":"Apoios | Sponsors and partners"},"content":{"rendered":"\n<ul class=\"wp-block-list\"><li>Munic\u00edpio de Leiria<\/li><li>Dire\u00e7\u00e3o Regional de Cultura do Centro<\/li><li>Munic\u00edpio de Ansi\u00e3o<\/li><li>Junta de Freguesia de Alvorge<\/li><li>Rancho T\u00edpico de Alvorge<\/li><li>Rede Cultura 2027 Leiria<\/li><li>R\u00e1dio do Folclore de Portugal TV<\/li><\/ul>\n\n\n\n<p><\/p>\n","protected":false},"excerpt":{"rendered":"<p>Munic\u00edpio de Leiria Dire\u00e7\u00e3o Regional de Cultura do Centro Munic\u00edpio de Ansi\u00e3o Junta de Freguesia de Alvorge Rancho T\u00edpico de Alvorge Rede Cultura 2027 Leiria R\u00e1dio do Folclore de Portugal TV<\/p>\n","protected":false},"author":5223,"featured_media":0,"parent":0,"menu_order":0,"comment_status":"closed","ping_status":"closed","template":"","meta":{"footnotes":""},"class_list":["post-23","page","type-page","status-publish","hentry"],"_links":{"self":[{"href":"https:\/\/sites.ipleiria.pt\/cdtpopular\/wp-json\/wp\/v2\/pages\/23","targetHints":{"allow":["GET"]}}],"collection":[{"href":"https:\/\/sites.ipleiria.pt\/cdtpopular\/wp-json\/wp\/v2\/pages"}],"about":[{"href":"https:\/\/sites.ipleiria.pt\/cdtpopular\/wp-json\/wp\/v2\/types\/page"}],"author":[{"embeddable":true,"href":"https:\/\/sites.ipleiria.pt\/cdtpopular\/wp-json\/wp\/v2\/users\/5223"}],"replies":[{"embeddable":true,"href":"https:\/\/sites.ipleiria.pt\/cdtpopular\/wp-json\/wp\/v2\/comments?post=23"}],"version-history":[{"count":18,"href":"https:\/\/sites.ipleiria.pt\/cdtpopular\/wp-json\/wp\/v2\/pages\/23\/revisions"}],"predecessor-version":[{"id":425,"href":"https:\/\/sites.ipleiria.pt\/cdtpopular\/wp-json\/wp\/v2\/pages\/23\/revisions\/425"}],"wp:attachment":[{"href":"https:\/\/sites.ipleiria.pt\/cdtpopular\/wp-json\/wp\/v2\/media?parent=23"}],"curies":[{"name":"wp","href":"https:\/\/api.w.org\/{rel}","templated":true}]}}