{"id":320,"date":"2021-07-14T15:14:54","date_gmt":"2021-07-14T15:14:54","guid":{"rendered":"https:\/\/sites.ipleiria.pt\/cdtpopular\/?page_id=320"},"modified":"2021-07-21T11:18:53","modified_gmt":"2021-07-21T11:18:53","slug":"informacoes-gerais-sobre-inscricoes","status":"publish","type":"page","link":"https:\/\/sites.ipleiria.pt\/cdtpopular\/informacoes-gerais-sobre-inscricoes\/","title":{"rendered":"Inscri\u00e7\u00e3o"},"content":{"rendered":"\n<p>A inscri\u00e7\u00e3o \u00e9 obrigat\u00f3ria e paga.  <br>A inscri\u00e7\u00e3o pode contemplar a participa\u00e7\u00e3o em todas as atividades dos dois dias da Conven\u00e7\u00e3o ou apenas a participa\u00e7\u00e3o no <a href=\"https:\/\/sites.ipleiria.pt\/cdtpopular\/baile-dos-pastorinhos\/\" data-type=\"page\" data-id=\"426\">Baile tradicional\/ Oficina de dan\u00e7a com m\u00fasica ao vivo<\/a> do s\u00e1bado. <br>Os professores podem beneficiar com a\u00a0<a href=\"https:\/\/sites.ipleiria.pt\/cdtpopular\/acreditacao\/\">acredita\u00e7\u00e3o<\/a>\u00a0da sua participa\u00e7\u00e3o no evento.<br>Os valores para o pagamento e os procedimentos necess\u00e1rios s\u00e3o distintos consoante envolvam acredita\u00e7\u00e3o ou n\u00e3o.<br><br>O p\u00fablico pode assistir ao evento <a href=\"https:\/\/sites.ipleiria.pt\/cdtpopular\/localizacoes\/\">presencialmente<\/a> ou online por videoconfer\u00eancia. Tamb\u00e9m \u00e9 poss\u00edvel assistir \u00e0 emiss\u00e3o em direto no <a href=\"https:\/\/www.youtube.com\/c\/ESECSPolit%C3%A9cnicodeLeiria\">canal YouTube da ESECS-Polit\u00e9cnico de Leiria<\/a>.<\/p>\n\n\n\n<p><strong>Descontos<\/strong><\/p>\n\n\n\n<p>Beneficiam de desconto os&nbsp;<a rel=\"noreferrer noopener\" href=\"http:\/\/www.afrlae.pt\/\" target=\"_blank\">s\u00f3cios da AFRLAE<\/a>&nbsp;e da RFP.TV, para al\u00e9m dos estudantes.<\/p>\n\n\n\n<p><strong>Termos e condi\u00e7\u00f5es<\/strong><\/p>\n\n\n\n<p>O cancelamento de inscri\u00e7\u00f5es implica a perda total do valor da taxa de inscri\u00e7\u00e3o, n\u00e3o havendo lugar a reembolsos.<\/p>\n\n\n\n<h4 class=\"has-text-align-left wp-block-heading\"><strong>Mais informa\u00e7\u00f5es sobre: <\/strong><a href=\"https:\/\/sites.ipleiria.pt\/cdtpopular\/inscricoes\/\" data-type=\"page\" data-id=\"17\">Inscri\u00e7\u00e3o sem acredita\u00e7\u00e3o<\/a><\/h4>\n\n\n\n<h4 class=\"has-text-align-left wp-block-heading\"><strong>Mais informa\u00e7\u00f5es sobre:<\/strong> <a href=\"https:\/\/sites.ipleiria.pt\/cdtpopular\/acreditacao\/\" data-type=\"page\" data-id=\"261\">Inscri\u00e7\u00e3o com acredita\u00e7\u00e3o<\/a><\/h4>\n\n\n\n<p><\/p>\n","protected":false},"excerpt":{"rendered":"<p>A inscri\u00e7\u00e3o \u00e9 obrigat\u00f3ria e paga. A inscri\u00e7\u00e3o pode contemplar a participa\u00e7\u00e3o em todas as atividades dos dois dias da Conven\u00e7\u00e3o ou apenas a participa\u00e7\u00e3o no Baile tradicional\/ Oficina de dan\u00e7a com m\u00fasica ao vivo do s\u00e1bado. Os professores podem beneficiar com a\u00a0acredita\u00e7\u00e3o\u00a0da sua participa\u00e7\u00e3o no evento.Os valores para o pagamento e os procedimentos necess\u00e1rios &hellip; <\/p>\n<p class=\"link-more\"><a href=\"https:\/\/sites.ipleiria.pt\/cdtpopular\/informacoes-gerais-sobre-inscricoes\/\" class=\"more-link\">Continuar a ler <span class=\"screen-reader-text\">&#8220;Inscri\u00e7\u00e3o&#8221;<\/span><\/a><\/p>\n","protected":false},"author":3183,"featured_media":0,"parent":0,"menu_order":0,"comment_status":"closed","ping_status":"closed","template":"","meta":{"footnotes":""},"class_list":["post-320","page","type-page","status-publish","hentry"],"_links":{"self":[{"href":"https:\/\/sites.ipleiria.pt\/cdtpopular\/wp-json\/wp\/v2\/pages\/320","targetHints":{"allow":["GET"]}}],"collection":[{"href":"https:\/\/sites.ipleiria.pt\/cdtpopular\/wp-json\/wp\/v2\/pages"}],"about":[{"href":"https:\/\/sites.ipleiria.pt\/cdtpopular\/wp-json\/wp\/v2\/types\/page"}],"author":[{"embeddable":true,"href":"https:\/\/sites.ipleiria.pt\/cdtpopular\/wp-json\/wp\/v2\/users\/3183"}],"replies":[{"embeddable":true,"href":"https:\/\/sites.ipleiria.pt\/cdtpopular\/wp-json\/wp\/v2\/comments?post=320"}],"version-history":[{"count":9,"href":"https:\/\/sites.ipleiria.pt\/cdtpopular\/wp-json\/wp\/v2\/pages\/320\/revisions"}],"predecessor-version":[{"id":437,"href":"https:\/\/sites.ipleiria.pt\/cdtpopular\/wp-json\/wp\/v2\/pages\/320\/revisions\/437"}],"wp:attachment":[{"href":"https:\/\/sites.ipleiria.pt\/cdtpopular\/wp-json\/wp\/v2\/media?parent=320"}],"curies":[{"name":"wp","href":"https:\/\/api.w.org\/{rel}","templated":true}]}}