{"id":475,"date":"2021-07-23T19:55:30","date_gmt":"2021-07-23T19:55:30","guid":{"rendered":"https:\/\/sites.ipleiria.pt\/cdtpopular\/?page_id=475"},"modified":"2021-07-27T09:54:00","modified_gmt":"2021-07-27T09:54:00","slug":"complete-programme","status":"publish","type":"page","link":"https:\/\/sites.ipleiria.pt\/cdtpopular\/complete-programme\/","title":{"rendered":"Complete programme"},"content":{"rendered":"\n<h2 class=\"wp-block-heading\"><strong>Friday,&nbsp;July&nbsp;30th, 2021<\/strong><br>Auditorium 1, <a href=\"https:\/\/www.facebook.com\/ESECS.IPLeiria.Oficial\" data-type=\"URL\" data-id=\"https:\/\/www.facebook.com\/ESECS.IPLeiria.Oficial\" target=\"_blank\" rel=\"noreferrer noopener\">ESECS-Polit\u00e9cnico de Leiria<\/a>, Leiria&nbsp;(or online)<\/h2>\n\n\n\n<p><strong>09:30&nbsp;<\/strong>&nbsp;<br>Opening&nbsp;Session&nbsp;with&nbsp;Dance&nbsp;<br>Opening&nbsp;panel&nbsp;&nbsp;<\/p>\n\n\n\n<p>Plenary&nbsp;session:&nbsp;&nbsp;<br><strong><a href=\"https:\/\/sites.ipleiria.pt\/cdtpopular\/convidados\/\" data-type=\"page\" data-id=\"112\">Maurizio&nbsp;Padovan<\/a>&nbsp;<\/strong>&nbsp;<br><em>FROM THE&nbsp;ALPS&nbsp;TO MINHO.&nbsp; Cultural &nbsp;identities &nbsp;and &nbsp;ethnocoreutical &nbsp;repertoires: &nbsp;analysis,&nbsp;documentation&nbsp;and&nbsp;transcription<\/em>&nbsp;<\/p>\n\n\n\n<p>Moderation: <strong><a href=\"https:\/\/sites.ipleiria.pt\/cdtpopular\/comissao-cientifica\/\" data-type=\"page\" data-id=\"169\">Vera Amorim<\/a><\/strong><\/p>\n\n\n\n<p><strong>10:15<\/strong>&nbsp;&nbsp;<br>Coffee&nbsp;break&nbsp;<\/p>\n\n\n\n<p><strong>10:45<\/strong>&nbsp;&nbsp;<br>Presentation&nbsp;session&nbsp;\/&nbsp;roundtable:&nbsp;<br><strong><em>The&nbsp;notation&nbsp;of&nbsp;Folk&nbsp;\/ Country&nbsp;Dance<\/em><\/strong>&nbsp;<\/p>\n\n\n\n<ul class=\"wp-block-list\"><li><strong><a href=\"https:\/\/sites.ipleiria.pt\/cdtpopular\/convidados\/\" data-type=\"page\" data-id=\"112\">Lu\u00eds Monteiro &amp; Helena Queir\u00f3s<\/a>&nbsp;&#8211;<\/strong><em>&nbsp;&#8220;Contradan\u00e7as e Quadrilhas Durienses&#8221;: a&nbsp;book&nbsp;, a&nbsp;project&nbsp;from&nbsp;N\u00facleo de Etnografia e Folclore da Universidade do Porto (NEFUP)&nbsp;<\/em>&nbsp;<\/li><li><strong><a href=\"https:\/\/sites.ipleiria.pt\/cdtpopular\/convidados\/\" data-type=\"page\" data-id=\"112\">S\u00e9rgio&nbsp;Cobos<\/a>&nbsp;&#8211;&nbsp;<\/strong><em>&#8220;BAILEGRAMAS&#8221;: the writing of Folk\/Country Galician Dances<\/em><\/li><li><strong><a href=\"https:\/\/sites.ipleiria.pt\/cdtpopular\/convidados\/\" data-type=\"page\" data-id=\"112\">Isabel Monteiro<\/a>&nbsp;&#8211;&nbsp;<\/strong><em>The&nbsp;writing&nbsp;of&nbsp;Scottish&nbsp;Country Dances<\/em>&nbsp;<\/li><li><strong><a href=\"https:\/\/sites.ipleiria.pt\/cdtpopular\/convidados\/\" data-type=\"page\" data-id=\"112\">Joana Ferreira<\/a> &#8211;&nbsp;<\/strong><em>Scottish&nbsp;country&nbsp;dances:&nbsp;tradition&nbsp;and&nbsp;renovation.&nbsp;The&nbsp;role&nbsp;of&nbsp;the&nbsp;Royal&nbsp;Scottish&nbsp;Country Dance&nbsp;Society<\/em>&nbsp;<\/li><li><em>Moderation:&nbsp;<\/em><strong><em><a href=\"https:\/\/sites.ipleiria.pt\/cdtpopular\/comissao-cientifica\/\" data-type=\"page\" data-id=\"169\">Vera Amorim<\/a><\/em><\/strong>&nbsp;&nbsp;<\/li><\/ul>\n\n\n\n<p><strong>11:30<\/strong>&nbsp;&nbsp;<br>Open&nbsp;discussion&nbsp;&nbsp;<\/p>\n\n\n\n<p><strong>12:00<\/strong>&nbsp;<br>Lunch&nbsp;&amp;&nbsp;Invitation&nbsp;to Dance&nbsp;<\/p>\n\n\n\n<p><strong>14:00&nbsp;<\/strong>&nbsp;<br>Presentation&nbsp;session&nbsp;\/&nbsp;roundtable:&nbsp;<br><strong><em>Research&nbsp;on&nbsp;Folk Dance&nbsp;and&nbsp;Teacher&nbsp;Training&nbsp;<\/em><\/strong>&nbsp;<\/p>\n\n\n\n<ul class=\"wp-block-list\"><li><strong><a href=\"https:\/\/sites.ipleiria.pt\/cdtpopular\/convidados\/\" data-type=\"page\" data-id=\"112\">Domingos&nbsp;Valeski&nbsp;Jr. <\/a>&#8211;<\/strong>&nbsp;<em><em>Country\/Folk&nbsp;Brazilian&nbsp;dances in the training of basic education teachers<\/em><\/em><\/li><li><strong><a href=\"https:\/\/sites.ipleiria.pt\/cdtpopular\/convidados\/\" data-type=\"page\" data-id=\"112\">H\u00e9lder Mesquita&nbsp;<em>on behalf of<\/em> &#8211;&nbsp;Fernando Vieira,&nbsp;Bruno Pereira; Catarina Ruivo; H\u00e9lder Mesquita; Lu\u00eds Paix\u00e3o; Mark Ribeiro e Manuel Pereira<\/a>:&nbsp;<\/strong><em>Teaching&nbsp;Dance in the context of Physical Education Teachers&#8217; Training <\/em><\/li><li><strong><a href=\"https:\/\/sites.ipleiria.pt\/cdtpopular\/convidados\/\" data-type=\"page\" data-id=\"112\">Fernando Vieira<\/a> &#8211; <\/strong><em>The value orientation of Physical education Teachers and the curriculum offer in Dance&nbsp;<\/em>&nbsp;<\/li><li><strong><a href=\"https:\/\/sites.ipleiria.pt\/cdtpopular\/convidados\/\" data-type=\"page\" data-id=\"112\">Rita Alves &amp; M\u00f4nica&nbsp;Luquett<\/a>&nbsp;&#8211;<\/strong>&nbsp;<em>Building knowledge based on the promotion of the folk culture  in education and art domains<\/em>&nbsp;<\/li><li><em>Moderation:&nbsp;<\/em>to be announced&nbsp;<\/li><\/ul>\n\n\n\n<p><strong>14:45<\/strong>&nbsp;<br>Open&nbsp;discussion&nbsp;<\/p>\n\n\n\n<p><strong>15:30<\/strong>&nbsp;<br>Coffee&nbsp;break&nbsp;<\/p>\n\n\n\n<p><strong>16:00<\/strong>&nbsp;<br>Presentation&nbsp;of&nbsp;the&nbsp;topics&nbsp;of&nbsp;the&nbsp;monography&nbsp;\u00abDan\u00e7as de Porto de M\u00f3s\u00bb<br><strong>Marisa Barroso,&nbsp;Marta&nbsp;Filipe&nbsp;Alexandre&nbsp;e&nbsp;Sandrina Milhano<\/strong>&nbsp;&nbsp;&nbsp;<\/p>\n\n\n\n<p><\/p>\n\n\n\n<h2 class=\"wp-block-heading\"><strong>Saturday,&nbsp;July&nbsp;31st, 2021<\/strong><br><a href=\"https:\/\/www.facebook.com\/centroalvorge\/\" data-type=\"URL\" data-id=\"https:\/\/www.facebook.com\/centroalvorge\/\" target=\"_blank\" rel=\"noreferrer noopener\">Centro Social e Recreativo de Alvorge<\/a>, Alvorge, Ansi\u00e3o&nbsp;(or online)<\/h2>\n\n\n\n<p><strong>09:30<\/strong>&nbsp;<br>Opening&nbsp;panel&nbsp;<\/p>\n\n\n\n<p>Plenary&nbsp;session:&nbsp;<br><strong>Ana Rita Leit\u00e3o,&nbsp;Marisa Barroso &amp; Sandrina Milhano &#8211;&nbsp;<\/strong><em>The&nbsp;project&nbsp;&#8220;Baile dos Pastorinhos&#8221;<\/em>&nbsp;<\/p>\n\n\n\n<p><em>Moderation:&nbsp;<\/em><strong><a href=\"https:\/\/sites.ipleiria.pt\/cdtpopular\/convidados\/\" data-type=\"page\" data-id=\"112\">Samuel Rego<\/a><\/strong><\/p>\n\n\n\n<p><strong>10:15<\/strong>&nbsp;<br>Coffee&nbsp;break&nbsp;<\/p>\n\n\n\n<p><strong>10:45<\/strong>&nbsp;<br>Presentation&nbsp;session&nbsp;\/&nbsp;roundtable:&nbsp;<br><strong><em>Didactis&nbsp;of&nbsp;the&nbsp;Aestetic&nbsp;and&nbsp;Artistic&nbsp;Education<\/em>&nbsp;\u202f<\/strong>&nbsp;<\/p>\n\n\n\n<ul class=\"wp-block-list\"><li><strong><a href=\"https:\/\/sites.ipleiria.pt\/cdtpopular\/convidados\/\" data-type=\"page\" data-id=\"112\">Mercedes&nbsp;Prieto<\/a>&nbsp;&#8211;<em>\u202f<\/em><\/strong><em>Bailomundo:&nbsp;teaching&nbsp;folk dance&nbsp;at&nbsp;schools&nbsp;in Galiza<\/em>&nbsp;<\/li><li><strong><a href=\"https:\/\/sites.ipleiria.pt\/cdtpopular\/convidados\/\" data-type=\"page\" data-id=\"112\">Jo\u00e3o Fernandes<\/a>\u202f-<\/strong> <em>Between creation and tradition &#8211; cultural heritage and its artistic expression<\/em><\/li><li><strong><a href=\"https:\/\/sites.ipleiria.pt\/cdtpopular\/convidados\/\" data-type=\"page\" data-id=\"112\">Nicola&nbsp;Brichenti&nbsp;e Andrea&nbsp;Capezzuolli&nbsp;<\/a>&#8211;<\/strong>&nbsp;<em>Communication between dance and music<\/em>&nbsp;<\/li><li><em>Moderation:<\/em>&nbsp;to be announced<\/li><\/ul>\n\n\n\n<p><strong>11:30<\/strong>&nbsp;<br>Open&nbsp;discussion&nbsp;<\/p>\n\n\n\n<p><strong>12:00<\/strong>&nbsp;<br>Lunch&nbsp;&amp;&nbsp;Invitation&nbsp;to Dance&nbsp;<\/p>\n\n\n\n<p><strong>14:00&nbsp;<\/strong>&nbsp;<br>Presentation&nbsp;session&nbsp;\/&nbsp;roundtable:&nbsp;<br><strong><em>Reflections&nbsp;on&nbsp;music&nbsp;and&nbsp;literature&nbsp;in&nbsp;relation&nbsp;to folk dance<\/em><\/strong>&nbsp;<\/p>\n\n\n\n<ul class=\"wp-block-list\"><li><strong><a href=\"https:\/\/sites.ipleiria.pt\/cdtpopular\/convidados\/\" data-type=\"page\" data-id=\"112\">Lola (Eleonora Gabriel)<\/a>\u00a0&#8211;\u00a0<\/strong><em>Folk dances dancing\u00a0through\u00a0a\u00a0thousand\u00a0poetries\u00a0in\u00a0the\u00a0the\u00a0wheel\u00a0of\u00a0the\u00a0world.\u00a0Master\u00a0women\u00a0and\u00a0men\u00a0exchanging\u00a0knowledge\u00a0and\u00a0creating\u00a0art\u00a0at\u00a0the\u00a0Brazilian\u00a0University<\/em><\/li><li><strong><a href=\"https:\/\/sites.ipleiria.pt\/cdtpopular\/convidados\/\" data-type=\"page\" data-id=\"112\">Margarita Correia<\/a><\/strong>\u00a0&#8211; <em>What do the folk\/country songs tell us?<\/em>\u00a0<\/li><li><strong><a href=\"https:\/\/sites.ipleiria.pt\/cdtpopular\/convidados\/\" data-type=\"page\" data-id=\"112\">Tiago Pereira<\/a> &#8211;<\/strong>\u00a0<em>What\u00a0is\u00a0this\u00a0dance?<\/em><\/li><li><strong><a href=\"https:\/\/sites.ipleiria.pt\/cdtpopular\/convidados\/\" data-type=\"page\" data-id=\"112\">Carla Raposeira<\/a>\u00a0&#8211;\u00a0<\/strong><em>Funda\u00e7\u00e3o INATEL: Strategies and Interventions in Promoting the Cultural Heritage.<\/em><\/li><li><em>Moderation:\u00a0<\/em><strong><a href=\"https:\/\/sites.ipleiria.pt\/cdtpopular\/comissao-cientifica\/\" data-type=\"page\" data-id=\"169\">Fernando Magalh\u00e3es<\/a><\/strong><\/li><\/ul>\n\n\n\n<p><strong>14:45<\/strong>&nbsp;<br>Open&nbsp;discussion&nbsp;<\/p>\n\n\n\n<p><strong>15:30<\/strong>&nbsp;<br>Coffee&nbsp;break&nbsp;<\/p>\n\n\n\n<p><strong>16:00<\/strong>&nbsp;<br><a href=\"https:\/\/sites.ipleiria.pt\/cdtpopular\/baile-dos-pastorinhos\/\" data-type=\"page\" data-id=\"426\">Traditional&nbsp;ball&nbsp;and&nbsp;dance workshop&nbsp;with&nbsp;live&nbsp;music&nbsp;&#8211; <strong>AIRE&nbsp;Group<\/strong><\/a>&nbsp;<\/p>\n","protected":false},"excerpt":{"rendered":"<p>Friday,&nbsp;July&nbsp;30th, 2021Auditorium 1, ESECS-Polit\u00e9cnico de Leiria, Leiria&nbsp;(or online) 09:30&nbsp;&nbsp;Opening&nbsp;Session&nbsp;with&nbsp;Dance&nbsp;Opening&nbsp;panel&nbsp;&nbsp; Plenary&nbsp;session:&nbsp;&nbsp;Maurizio&nbsp;Padovan&nbsp;&nbsp;FROM THE&nbsp;ALPS&nbsp;TO MINHO.&nbsp; Cultural &nbsp;identities &nbsp;and &nbsp;ethnocoreutical &nbsp;repertoires: &nbsp;analysis,&nbsp;documentation&nbsp;and&nbsp;transcription&nbsp; Moderation: Vera Amorim 10:15&nbsp;&nbsp;Coffee&nbsp;break&nbsp; 10:45&nbsp;&nbsp;Presentation&nbsp;session&nbsp;\/&nbsp;roundtable:&nbsp;The&nbsp;notation&nbsp;of&nbsp;Folk&nbsp;\/ Country&nbsp;Dance&nbsp; Lu\u00eds Monteiro &amp; Helena Queir\u00f3s&nbsp;&#8211;&nbsp;&#8220;Contradan\u00e7as e Quadrilhas Durienses&#8221;: a&nbsp;book&nbsp;, a&nbsp;project&nbsp;from&nbsp;N\u00facleo de Etnografia e Folclore da Universidade do Porto (NEFUP)&nbsp;&nbsp; S\u00e9rgio&nbsp;Cobos&nbsp;&#8211;&nbsp;&#8220;BAILEGRAMAS&#8221;: the writing of Folk\/Country Galician Dances Isabel Monteiro&nbsp;&#8211;&nbsp;The&nbsp;writing&nbsp;of&nbsp;Scottish&nbsp;Country Dances&nbsp; Joana Ferreira &hellip; <\/p>\n<p class=\"link-more\"><a href=\"https:\/\/sites.ipleiria.pt\/cdtpopular\/complete-programme\/\" class=\"more-link\">Continuar a ler <span class=\"screen-reader-text\">&#8220;Complete programme&#8221;<\/span><\/a><\/p>\n","protected":false},"author":3183,"featured_media":0,"parent":0,"menu_order":0,"comment_status":"closed","ping_status":"closed","template":"","meta":{"footnotes":""},"class_list":["post-475","page","type-page","status-publish","hentry"],"_links":{"self":[{"href":"https:\/\/sites.ipleiria.pt\/cdtpopular\/wp-json\/wp\/v2\/pages\/475","targetHints":{"allow":["GET"]}}],"collection":[{"href":"https:\/\/sites.ipleiria.pt\/cdtpopular\/wp-json\/wp\/v2\/pages"}],"about":[{"href":"https:\/\/sites.ipleiria.pt\/cdtpopular\/wp-json\/wp\/v2\/types\/page"}],"author":[{"embeddable":true,"href":"https:\/\/sites.ipleiria.pt\/cdtpopular\/wp-json\/wp\/v2\/users\/3183"}],"replies":[{"embeddable":true,"href":"https:\/\/sites.ipleiria.pt\/cdtpopular\/wp-json\/wp\/v2\/comments?post=475"}],"version-history":[{"count":16,"href":"https:\/\/sites.ipleiria.pt\/cdtpopular\/wp-json\/wp\/v2\/pages\/475\/revisions"}],"predecessor-version":[{"id":528,"href":"https:\/\/sites.ipleiria.pt\/cdtpopular\/wp-json\/wp\/v2\/pages\/475\/revisions\/528"}],"wp:attachment":[{"href":"https:\/\/sites.ipleiria.pt\/cdtpopular\/wp-json\/wp\/v2\/media?parent=475"}],"curies":[{"name":"wp","href":"https:\/\/api.w.org\/{rel}","templated":true}]}}