{"id":12,"date":"2019-04-02T15:04:07","date_gmt":"2019-04-02T15:04:07","guid":{"rendered":"http:\/\/sites.ipleiria.pt\/ceai2019\/?page_id=12"},"modified":"2019-04-16T13:50:38","modified_gmt":"2019-04-16T13:50:38","slug":"programa","status":"publish","type":"page","link":"https:\/\/sites.ipleiria.pt\/ceai2019\/programa\/","title":{"rendered":"Organiza\u00e7\u00e3o"},"content":{"rendered":"\n<p><strong>Comiss\u00e3o Organizadora<\/strong><\/p>\n\n\n\n<p>Jenny Sousa (ESECS, Polit\u00e9cnico de Leiria, CICS.NOVA-iACT, CI&amp;DEI,) <\/p>\n\n\n\n<p>Maria Jo\u00e3o Santos (ESECS, Polit\u00e9cnico de Leiria, CI&amp;DEI )  <\/p>\n\n\n\n<p>Maria de S\u00e3o Pedro Lopes (ESECS, Polit\u00e9cnico de Leiria, CI&amp;DEI)  <\/p>\n\n\n\n<p><\/p>\n\n\n\n<p><strong>Comiss\u00e3o Cient\u00edfica<\/strong><\/p>\n\n\n\n<ul class=\"wp-block-list\"><li>Albertina Fortunato (ESECS \u2013 Instituto Polit\u00e9cnico de Leiria)<\/li><\/ul>\n\n\n\n<ul class=\"wp-block-list\"><li>Ant\u00f3nia Barreto (ESECS \u2013 Instituto Polit\u00e9cnico de Leiria)<\/li><\/ul>\n\n\n\n<ul class=\"wp-block-list\"><li>Carla Freire (ESECS \u2013 Instituto Polit\u00e9cnico de Leiria)<\/li><\/ul>\n\n\n\n<ul class=\"wp-block-list\"><li>Catarina Mangas (ESECS \u2013 Instituto Polit\u00e9cnico de Leiria)<\/li><\/ul>\n\n\n\n<ul class=\"wp-block-list\"><li>Catarina Menezes (ESECS \u2013 Instituto Polit\u00e9cnico de Leiria)<\/li><\/ul>\n\n\n\n<ul class=\"wp-block-list\"><li>Eliana Perez (Universidade do FEEVALLE \u2013 Brasil)<\/li><\/ul>\n\n\n\n<ul class=\"wp-block-list\"><li>Eva Navarro (Universidade de Valladolid)<\/li><\/ul>\n\n\n\n<ul class=\"wp-block-list\"><li>Fernando Magalh\u00e3es (ESECS -Instituto Polit\u00e9cnico de Leiria)<\/li><\/ul>\n\n\n\n<ul class=\"wp-block-list\"><li>Gra\u00e7a Seco (ESECS -Instituto Polit\u00e9cnico de Leiria)<\/li><\/ul>\n\n\n\n<ul class=\"wp-block-list\"><li>Ithaisa Perez (Universidade Pablo Olavide)<\/li><\/ul>\n\n\n\n<ul class=\"wp-block-list\"><li>Jenny Sousa (ESECS \u2013 Instituto Polit\u00e9cnico de Leiria)<\/li><\/ul>\n\n\n\n<ul class=\"wp-block-list\"><li>L\u00facia Magueta (ESECS \u2013 Instituto Polit\u00e9cnico de Leiria)<\/li><\/ul>\n\n\n\n<ul class=\"wp-block-list\"><li>Maria de S\u00e3o Pedro Lopes (ESECS \u2013 Instituto Polit\u00e9cnico de Leiria)<\/li><\/ul>\n\n\n\n<ul class=\"wp-block-list\"><li>Maria Jo\u00e3o Santos (ESECS \u2013 Instituto Polit\u00e9cnico de Leiria)<\/li><\/ul>\n\n\n\n<ul class=\"wp-block-list\"><li>Maria Jos\u00e9 Gamboa (ESECS \u2013 Instituto Polit\u00e9cnico de Leiria)<\/li><\/ul>\n\n\n\n<ul class=\"wp-block-list\"><li>M\u00e1rio Montez (ESEC \u2013 Instituto Polit\u00e9cnico de Coimbra)<\/li><\/ul>\n\n\n\n<ul class=\"wp-block-list\"><li>Pedro Balaus (ESEC \u2013 Instituto Polit\u00e9cnico de Coimbra<\/li><\/ul>\n\n\n\n<ul class=\"wp-block-list\"><li>Sandrina Milhano (ESECS \u2013 Instituto Polit\u00e9cnico de Leiria)<\/li><\/ul>\n\n\n\n<ul class=\"wp-block-list\"><li>Sara M\u00f3nico Lopes (ESECS \u2013 Instituto Polit\u00e9cnico de Leiria)<\/li><\/ul>\n\n\n\n<ul class=\"wp-block-list\"><li>Sara Vidal Maia (CECS \u2013 Universidade do Minho)<\/li><\/ul>\n\n\n\n<ul class=\"wp-block-list\"><li>Sofia Silva (ESEC \u2013 Instituto Polit\u00e9cnico de Coimbra)<\/li><\/ul>\n\n\n\n<ul class=\"wp-block-list\"><li>Teresa Mendes ( ESE &#8211; Instituto Polit\u00e9cnico de Portalegre)<\/li><\/ul>\n\n\n\n<ul class=\"wp-block-gallery columns-1 is-cropped wp-block-gallery-1 is-layout-flex wp-block-gallery-is-layout-flex\"><li class=\"blocks-gallery-item\"><figure><img loading=\"lazy\" decoding=\"async\" width=\"823\" height=\"130\" src=\"https:\/\/sites.ipleiria.pt\/ceai2019\/files\/2019\/04\/Barra_Logos.png\" alt=\"\" data-id=\"63\" data-link=\"https:\/\/sites.ipleiria.pt\/ceai2019\/programa\/barra_logos\/\" class=\"wp-image-63\" srcset=\"https:\/\/sites.ipleiria.pt\/ceai2019\/files\/2019\/04\/Barra_Logos.png 823w, https:\/\/sites.ipleiria.pt\/ceai2019\/files\/2019\/04\/Barra_Logos-300x47.png 300w, https:\/\/sites.ipleiria.pt\/ceai2019\/files\/2019\/04\/Barra_Logos-768x121.png 768w\" sizes=\"auto, (max-width: 767px) 89vw, (max-width: 1000px) 54vw, (max-width: 1071px) 543px, 580px\" \/><\/figure><\/li><\/ul>\n","protected":false},"excerpt":{"rendered":"<p>Comiss\u00e3o Organizadora Jenny Sousa (ESECS, Polit\u00e9cnico de Leiria, CICS.NOVA-iACT, CI&amp;DEI,) Maria Jo\u00e3o Santos (ESECS, Polit\u00e9cnico de Leiria, CI&amp;DEI ) Maria de S\u00e3o Pedro Lopes (ESECS, Polit\u00e9cnico de Leiria, CI&amp;DEI) Comiss\u00e3o Cient\u00edfica Albertina Fortunato (ESECS \u2013 Instituto Polit\u00e9cnico de Leiria) Ant\u00f3nia Barreto (ESECS \u2013 Instituto Polit\u00e9cnico de Leiria) Carla Freire (ESECS \u2013 Instituto Polit\u00e9cnico de Leiria) &hellip; <\/p>\n<p class=\"link-more\"><a href=\"https:\/\/sites.ipleiria.pt\/ceai2019\/programa\/\" class=\"more-link\">Continuar a ler <span class=\"screen-reader-text\">&#8220;Organiza\u00e7\u00e3o&#8221;<\/span><\/a><\/p>\n","protected":false},"author":343,"featured_media":0,"parent":0,"menu_order":0,"comment_status":"closed","ping_status":"closed","template":"","meta":{"footnotes":""},"class_list":["post-12","page","type-page","status-publish","hentry"],"_links":{"self":[{"href":"https:\/\/sites.ipleiria.pt\/ceai2019\/wp-json\/wp\/v2\/pages\/12","targetHints":{"allow":["GET"]}}],"collection":[{"href":"https:\/\/sites.ipleiria.pt\/ceai2019\/wp-json\/wp\/v2\/pages"}],"about":[{"href":"https:\/\/sites.ipleiria.pt\/ceai2019\/wp-json\/wp\/v2\/types\/page"}],"author":[{"embeddable":true,"href":"https:\/\/sites.ipleiria.pt\/ceai2019\/wp-json\/wp\/v2\/users\/343"}],"replies":[{"embeddable":true,"href":"https:\/\/sites.ipleiria.pt\/ceai2019\/wp-json\/wp\/v2\/comments?post=12"}],"version-history":[{"count":10,"href":"https:\/\/sites.ipleiria.pt\/ceai2019\/wp-json\/wp\/v2\/pages\/12\/revisions"}],"predecessor-version":[{"id":146,"href":"https:\/\/sites.ipleiria.pt\/ceai2019\/wp-json\/wp\/v2\/pages\/12\/revisions\/146"}],"wp:attachment":[{"href":"https:\/\/sites.ipleiria.pt\/ceai2019\/wp-json\/wp\/v2\/media?parent=12"}],"curies":[{"name":"wp","href":"https:\/\/api.w.org\/{rel}","templated":true}]}}