{"id":16,"date":"2019-04-02T15:09:11","date_gmt":"2019-04-02T15:09:11","guid":{"rendered":"http:\/\/sites.ipleiria.pt\/ceai2019\/?page_id=16"},"modified":"2019-04-16T09:28:08","modified_gmt":"2019-04-16T09:28:08","slug":"teste","status":"publish","type":"page","link":"https:\/\/sites.ipleiria.pt\/ceai2019\/teste\/","title":{"rendered":"Inscri\u00e7\u00f5es"},"content":{"rendered":"\n<p><\/p>\n\n\n\n<p><em>(As inscri\u00e7\u00f5es s\u00e3o gratuitas, mas obrigat\u00f3rias)<\/em><br><\/p>\n\n\n\n<p><a rel=\"noopener noreferrer\" href=\"https:\/\/forms.gle\/MUR1TzV7eJeVeW1H7\" target=\"_blank\"><strong>Inscri\u00e7\u00e3o Geral na Confer\u00eancia Internacional Emo\u00e7\u00f5es, Artes e Interven\u00e7\u00e3o<\/strong><\/a><br><\/p>\n\n\n\n<hr class=\"wp-block-separator is-style-wide\" \/>\n\n\n\n<p><strong>Workshops da Confer\u00eancia &#8211; manh\u00e3&nbsp;<\/strong><em>(09:30 &#8211; 10:30)<\/em><br>(limite de inscri\u00e7\u00f5es at\u00e9 30 participantes)<br><br>A &#8211;&nbsp;<a rel=\"noreferrer noopener\" href=\"https:\/\/forms.gle\/NzgTwsPcb1UTsPVp8\" target=\"_blank\">Idoso dependente institucionalizado &#8211; estrat\u00e9gias para cuidar e estimular;<\/a><br><br>B &#8211; <a rel=\"noreferrer noopener\" href=\"https:\/\/forms.gle\/whJTJvENVT9iPZmC7\" target=\"_blank\">Empreendedorismo e Intelig\u00eancia Emocional;<\/a><br><br>C &#8211; <a rel=\"noreferrer noopener\" href=\"https:\/\/forms.gle\/4Aay4ELgwd3HtoXo9\" target=\"_blank\">Medita\u00e7\u00e3o Criativa<\/a> <\/p>\n\n\n\n<hr class=\"wp-block-separator is-style-wide\" \/>\n\n\n\n<p><strong>Workshops da Confer\u00eancia &#8211; tarde <\/strong><em>(16:30 &#8211; 17:30)<\/em><br>(limite de inscri\u00e7\u00f5es at\u00e9 20 participantes)<br><br>A &#8211; <a rel=\"noreferrer noopener\" href=\"https:\/\/forms.gle\/giTvvLvG7xHjwbw68\" target=\"_blank\">Clown e Afetividade;<\/a><\/p>\n\n\n\n<p>B &#8211; <a rel=\"noreferrer noopener\" href=\"https:\/\/forms.gle\/VvZJPKZ6Z42Lbgnf6\" target=\"_blank\">Juntar, Colar, Sentir<\/a><\/p>\n","protected":false},"excerpt":{"rendered":"<p>(As inscri\u00e7\u00f5es s\u00e3o gratuitas, mas obrigat\u00f3rias) Inscri\u00e7\u00e3o Geral na Confer\u00eancia Internacional Emo\u00e7\u00f5es, Artes e Interven\u00e7\u00e3o Workshops da Confer\u00eancia &#8211; manh\u00e3&nbsp;(09:30 &#8211; 10:30)(limite de inscri\u00e7\u00f5es at\u00e9 30 participantes) A &#8211;&nbsp;Idoso dependente institucionalizado &#8211; estrat\u00e9gias para cuidar e estimular; B &#8211; Empreendedorismo e Intelig\u00eancia Emocional; C &#8211; Medita\u00e7\u00e3o Criativa Workshops da Confer\u00eancia &#8211; tarde (16:30 &#8211; 17:30)(limite &hellip; <\/p>\n<p class=\"link-more\"><a href=\"https:\/\/sites.ipleiria.pt\/ceai2019\/teste\/\" class=\"more-link\">Continuar a ler <span class=\"screen-reader-text\">&#8220;Inscri\u00e7\u00f5es&#8221;<\/span><\/a><\/p>\n","protected":false},"author":343,"featured_media":0,"parent":0,"menu_order":0,"comment_status":"closed","ping_status":"closed","template":"","meta":{"footnotes":""},"class_list":["post-16","page","type-page","status-publish","hentry"],"_links":{"self":[{"href":"https:\/\/sites.ipleiria.pt\/ceai2019\/wp-json\/wp\/v2\/pages\/16","targetHints":{"allow":["GET"]}}],"collection":[{"href":"https:\/\/sites.ipleiria.pt\/ceai2019\/wp-json\/wp\/v2\/pages"}],"about":[{"href":"https:\/\/sites.ipleiria.pt\/ceai2019\/wp-json\/wp\/v2\/types\/page"}],"author":[{"embeddable":true,"href":"https:\/\/sites.ipleiria.pt\/ceai2019\/wp-json\/wp\/v2\/users\/343"}],"replies":[{"embeddable":true,"href":"https:\/\/sites.ipleiria.pt\/ceai2019\/wp-json\/wp\/v2\/comments?post=16"}],"version-history":[{"count":32,"href":"https:\/\/sites.ipleiria.pt\/ceai2019\/wp-json\/wp\/v2\/pages\/16\/revisions"}],"predecessor-version":[{"id":142,"href":"https:\/\/sites.ipleiria.pt\/ceai2019\/wp-json\/wp\/v2\/pages\/16\/revisions\/142"}],"wp:attachment":[{"href":"https:\/\/sites.ipleiria.pt\/ceai2019\/wp-json\/wp\/v2\/media?parent=16"}],"curies":[{"name":"wp","href":"https:\/\/api.w.org\/{rel}","templated":true}]}}