{"id":26,"date":"2019-04-04T10:52:34","date_gmt":"2019-04-04T10:52:34","guid":{"rendered":"http:\/\/sites.ipleiria.pt\/ceai2019\/?page_id=26"},"modified":"2019-04-04T10:52:34","modified_gmt":"2019-04-04T10:52:34","slug":"ebook","status":"publish","type":"page","link":"https:\/\/sites.ipleiria.pt\/ceai2019\/ebook\/","title":{"rendered":"Ebook"},"content":{"rendered":"\n<p>A apresenta\u00e7\u00e3o de artigos visa a divulga\u00e7\u00e3o de trabalhos de investiga\u00e7\u00e3o, experi\u00eancias, projetos, ferramentas e materiais. As propostas de artigos devem ser enviadas para o email de um dos elementos da comiss\u00e3o organizadora. Os textos ser\u00e3o sujeitos a arbitragem cient\u00edfica e publicados em <em>ebook<\/em>. <\/p>\n\n\n\n<p><strong>Datas importantes:<\/strong><\/p>\n\n\n\n<p><strong>. Envio do artigo<\/strong>\n&#8211; at\u00e9 dia 14 de junho de 2019 <\/p>\n\n\n\n<p><strong>. Notifica\u00e7\u00e3o aos\nautores<\/strong> \u2013 at\u00e9 dia 07 de julho de 2019<\/p>\n\n\n\n<p><strong>. Envio do texto definitivo\npara publica\u00e7\u00e3o<\/strong> \u2013 at\u00e9 dia 14 de julho de 2019<\/p>\n\n\n\n<p><strong>Normas para Artigo:<\/strong><\/p>\n\n\n\n<p><strong>1. Titulo e autor(es)<\/strong>:\nAlinhamento centrado: Titulo do Artigo (mai\u00fasculas, a negrito.<\/p>\n\n\n\n<p>Nome (es) do(s) Autor(es). Institui\u00e7\u00e3o \/ Institui\u00e7\u00e3o de\nPerten\u00e7a<\/p>\n\n\n\n<p><strong>2. Resumo<\/strong>: Tipo\nde letra <em>Times New Roman<\/em>, corpo 10,\nm\u00e1ximo de 200 palavras,<\/p>\n\n\n\n<p>margem direita e esquerda de 2,5 cm; espa\u00e7amento entre\nlinhas simples, alinhamento<\/p>\n\n\n\n<p>justificado, avan\u00e7o do par\u00e1grafo de\n1 cm \u00e0 direita e \u00e0 esquerda. Ao fim do resumo, listar de tr\u00eas a cinco\npalavras-chave (em letras min\u00fasculas e separadas por ponto e v\u00edrgula). &nbsp;<\/p>\n\n\n\n<p><strong>3. Corpo do texto<\/strong>:\nTipo de letra <em>Times New Roman<\/em>,\ntamanho 12, margem direita e<\/p>\n\n\n\n<p>esquerda de 2,5 cm, e superior e inferior de 2,5 cm,\nespa\u00e7amento entre linhas 1,5; sem<\/p>\n\n\n\n<p>espa\u00e7amento entre par\u00e1grafos (0 pontos); alinhamento\njustificado; avan\u00e7o da primeira<\/p>\n\n\n\n<p>linha do par\u00e1grafo de 1 cm; t\u00edtulos e subt\u00edtulos a negrito.\nM\u00e1ximo de 10 p\u00e1ginas.<\/p>\n\n\n\n<p>(incluindo a bibliografia, tabelas, figuras, quadros ou\nanexos).<\/p>\n\n\n\n<p><strong>4. Extens\u00e3o do artigo<\/strong>:\nm\u00ednimo 8 p\u00e1ginas, m\u00e1ximo 10 p\u00e1ginas.<\/p>\n\n\n\n<p><strong>5. Cita\u00e7\u00f5es\nbibliogr\u00e1ficas e\/ou refer\u00eancias indicadas no corpo do texto<\/strong>: (Autor, ano, p\u00e1gina\/s).<\/p>\n\n\n\n<p><strong>6. Notas de rodap\u00e9:<\/strong>\nnumeradas sequencialmente, colocadas na pr\u00f3pria p\u00e1gina.<\/p>\n\n\n\n<p><strong>7. Refer\u00eancias\nbibliogr\u00e1ficas<\/strong>: organizadas por ordem alfab\u00e9tica segundo o sistema<\/p>\n\n\n\n<p>autor\/data\/t\u00edtulo\/cidade\/editor, colocando em it\u00e1lico o\nt\u00edtulo do livro ou o t\u00edtulo da<\/p>\n\n\n\n<p>revista onde os cap\u00edtulos e os\nartigos se encontram, respetivamente, publicados. Utilize o Publication Manual\nof the American Psychological Association (APA, 2010, 6\u00aa edi\u00e7\u00e3o). Os autores\nn\u00e3o devem ser redigidos em mai\u00fasculas. Espa\u00e7amento entre linhas simples. Tamanho\nde letra 12. <\/p>\n","protected":false},"excerpt":{"rendered":"<p>A apresenta\u00e7\u00e3o de artigos visa a divulga\u00e7\u00e3o de trabalhos de investiga\u00e7\u00e3o, experi\u00eancias, projetos, ferramentas e materiais. As propostas de artigos devem ser enviadas para o email de um dos elementos da comiss\u00e3o organizadora. Os textos ser\u00e3o sujeitos a arbitragem cient\u00edfica e publicados em ebook. Datas importantes: . Envio do artigo &#8211; at\u00e9 dia 14 de &hellip; <\/p>\n<p class=\"link-more\"><a href=\"https:\/\/sites.ipleiria.pt\/ceai2019\/ebook\/\" class=\"more-link\">Continuar a ler <span class=\"screen-reader-text\">&#8220;Ebook&#8221;<\/span><\/a><\/p>\n","protected":false},"author":343,"featured_media":0,"parent":0,"menu_order":0,"comment_status":"closed","ping_status":"closed","template":"","meta":{"footnotes":""},"class_list":["post-26","page","type-page","status-publish","hentry"],"_links":{"self":[{"href":"https:\/\/sites.ipleiria.pt\/ceai2019\/wp-json\/wp\/v2\/pages\/26","targetHints":{"allow":["GET"]}}],"collection":[{"href":"https:\/\/sites.ipleiria.pt\/ceai2019\/wp-json\/wp\/v2\/pages"}],"about":[{"href":"https:\/\/sites.ipleiria.pt\/ceai2019\/wp-json\/wp\/v2\/types\/page"}],"author":[{"embeddable":true,"href":"https:\/\/sites.ipleiria.pt\/ceai2019\/wp-json\/wp\/v2\/users\/343"}],"replies":[{"embeddable":true,"href":"https:\/\/sites.ipleiria.pt\/ceai2019\/wp-json\/wp\/v2\/comments?post=26"}],"version-history":[{"count":1,"href":"https:\/\/sites.ipleiria.pt\/ceai2019\/wp-json\/wp\/v2\/pages\/26\/revisions"}],"predecessor-version":[{"id":27,"href":"https:\/\/sites.ipleiria.pt\/ceai2019\/wp-json\/wp\/v2\/pages\/26\/revisions\/27"}],"wp:attachment":[{"href":"https:\/\/sites.ipleiria.pt\/ceai2019\/wp-json\/wp\/v2\/media?parent=26"}],"curies":[{"name":"wp","href":"https:\/\/api.w.org\/{rel}","templated":true}]}}