{"id":28,"date":"2019-04-04T10:58:15","date_gmt":"2019-04-04T10:58:15","guid":{"rendered":"http:\/\/sites.ipleiria.pt\/ceai2019\/?page_id=28"},"modified":"2019-04-04T10:58:15","modified_gmt":"2019-04-04T10:58:15","slug":"contactos","status":"publish","type":"page","link":"https:\/\/sites.ipleiria.pt\/ceai2019\/contactos\/","title":{"rendered":"Contactos"},"content":{"rendered":"\n<p><strong>Comiss\u00e3o Organizadora<\/strong><\/p>\n\n\n\n<p>Jenny Sousa &#8211; jenny.sousa@ipleiria.pt<br>Maria Jo\u00e3o Santos &#8211; m.joao.santos@ipleiria.pt<br>Maria de S\u00e3o Pedro Lopes &#8211; msplopes@ipleiria.pt <\/p>\n\n\n\n<p><strong>Escola Superior de Educa\u00e7\u00e3o e Ci\u00eancias Sociais (Leiria)<\/strong><br>Campus 1 \u2014 Instituto Polit\u00e9cnico de Leiria<br>Rua Dr. Jo\u00e3o Soares<br>Apartado 4045<br>2411-901 Leiria \u2013 Portugal<br>Tel: (+351) 244 829400 \u2022 Fax:(+351) 244 829499<br>E-mail:&nbsp;<a href=\"mailto:esecs@ipleiria.pt\">esecs@ipleiria.pt<\/a><\/p>\n","protected":false},"excerpt":{"rendered":"<p>Comiss\u00e3o Organizadora Jenny Sousa &#8211; jenny.sousa@ipleiria.ptMaria Jo\u00e3o Santos &#8211; m.joao.santos@ipleiria.ptMaria de S\u00e3o Pedro Lopes &#8211; msplopes@ipleiria.pt Escola Superior de Educa\u00e7\u00e3o e Ci\u00eancias Sociais (Leiria)Campus 1 \u2014 Instituto Polit\u00e9cnico de LeiriaRua Dr. Jo\u00e3o SoaresApartado 40452411-901 Leiria \u2013 PortugalTel: (+351) 244 829400 \u2022 Fax:(+351) 244 829499E-mail:&nbsp;esecs@ipleiria.pt<\/p>\n","protected":false},"author":343,"featured_media":0,"parent":0,"menu_order":0,"comment_status":"closed","ping_status":"closed","template":"","meta":{"footnotes":""},"class_list":["post-28","page","type-page","status-publish","hentry"],"_links":{"self":[{"href":"https:\/\/sites.ipleiria.pt\/ceai2019\/wp-json\/wp\/v2\/pages\/28","targetHints":{"allow":["GET"]}}],"collection":[{"href":"https:\/\/sites.ipleiria.pt\/ceai2019\/wp-json\/wp\/v2\/pages"}],"about":[{"href":"https:\/\/sites.ipleiria.pt\/ceai2019\/wp-json\/wp\/v2\/types\/page"}],"author":[{"embeddable":true,"href":"https:\/\/sites.ipleiria.pt\/ceai2019\/wp-json\/wp\/v2\/users\/343"}],"replies":[{"embeddable":true,"href":"https:\/\/sites.ipleiria.pt\/ceai2019\/wp-json\/wp\/v2\/comments?post=28"}],"version-history":[{"count":1,"href":"https:\/\/sites.ipleiria.pt\/ceai2019\/wp-json\/wp\/v2\/pages\/28\/revisions"}],"predecessor-version":[{"id":29,"href":"https:\/\/sites.ipleiria.pt\/ceai2019\/wp-json\/wp\/v2\/pages\/28\/revisions\/29"}],"wp:attachment":[{"href":"https:\/\/sites.ipleiria.pt\/ceai2019\/wp-json\/wp\/v2\/media?parent=28"}],"curies":[{"name":"wp","href":"https:\/\/api.w.org\/{rel}","templated":true}]}}