{"id":15,"date":"2021-03-08T12:47:40","date_gmt":"2021-03-08T12:47:40","guid":{"rendered":"http:\/\/sites.ipleiria.pt\/ceai2021\/?page_id=15"},"modified":"2022-03-14T14:20:09","modified_gmt":"2022-03-14T14:20:09","slug":"contactos","status":"publish","type":"page","link":"https:\/\/sites.ipleiria.pt\/ceai2021\/contactos\/","title":{"rendered":"Contactos"},"content":{"rendered":"\r\n<p class=\"has-text-align-left\"><strong>Comiss\u00e3o Organizadora<\/strong><\/p>\r\n\r\n\r\n\r\n<p class=\"has-text-align-left\">Jenny Sousa \u2013 jenny.sousa@ipleiria.pt<br \/>Maria Jo\u00e3o Santos \u2013 m.joao.santos@ipleiria.pt<br \/>L\u00facia Magueta \u2013 lucia.magueta@ipleiria.pt<br \/>Maria de S\u00e3o Pedro Lopes \u2013 msplopes@ipleiria.pt<br \/>Leonel Brites \u2013 leonel.brites@ipleiria.pt<\/p>\r\n<p><strong>E-mail geral<\/strong> ceai.esecs@gmail.com<\/p>\r\n\r\n\r\n\r\n<p class=\"has-text-align-left\"><strong>Escola Superior de Educa\u00e7\u00e3o e Ci\u00eancias Sociais (Leiria)<\/strong><br \/>Campus 1 \u2014 Instituto Polit\u00e9cnico de Leiria<br \/>Rua Dr. Jo\u00e3o Soares<br \/>Apartado 4045<br \/>2411-901 Leiria \u2013 Portugal<br \/>Tel: (+351) 244 829400 \u2022 Fax:(+351) 244 829499<br \/>E-mail:\u00a0<a href=\"mailto:esecs@ipleiria.pt\">esecs@ipleiria.pt<\/a><\/p>\r\n","protected":false},"excerpt":{"rendered":"<p>Comiss\u00e3o Organizadora Jenny Sousa \u2013 jenny.sousa@ipleiria.ptMaria Jo\u00e3o Santos \u2013 m.joao.santos@ipleiria.ptL\u00facia Magueta \u2013 lucia.magueta@ipleiria.ptMaria de S\u00e3o Pedro Lopes \u2013 msplopes@ipleiria.ptLeonel Brites \u2013 leonel.brites@ipleiria.pt E-mail geral ceai.esecs@gmail.com Escola Superior de Educa\u00e7\u00e3o e Ci\u00eancias Sociais (Leiria)Campus 1 \u2014 Instituto Polit\u00e9cnico de LeiriaRua Dr. Jo\u00e3o SoaresApartado 40452411-901 Leiria \u2013 PortugalTel: (+351) 244 829400 \u2022 Fax:(+351) 244 829499E-mail:\u00a0esecs@ipleiria.pt<\/p>\n","protected":false},"author":5223,"featured_media":0,"parent":0,"menu_order":0,"comment_status":"closed","ping_status":"closed","template":"","meta":{"footnotes":""},"class_list":["post-15","page","type-page","status-publish","hentry"],"_links":{"self":[{"href":"https:\/\/sites.ipleiria.pt\/ceai2021\/wp-json\/wp\/v2\/pages\/15","targetHints":{"allow":["GET"]}}],"collection":[{"href":"https:\/\/sites.ipleiria.pt\/ceai2021\/wp-json\/wp\/v2\/pages"}],"about":[{"href":"https:\/\/sites.ipleiria.pt\/ceai2021\/wp-json\/wp\/v2\/types\/page"}],"author":[{"embeddable":true,"href":"https:\/\/sites.ipleiria.pt\/ceai2021\/wp-json\/wp\/v2\/users\/5223"}],"replies":[{"embeddable":true,"href":"https:\/\/sites.ipleiria.pt\/ceai2021\/wp-json\/wp\/v2\/comments?post=15"}],"version-history":[{"count":5,"href":"https:\/\/sites.ipleiria.pt\/ceai2021\/wp-json\/wp\/v2\/pages\/15\/revisions"}],"predecessor-version":[{"id":330,"href":"https:\/\/sites.ipleiria.pt\/ceai2021\/wp-json\/wp\/v2\/pages\/15\/revisions\/330"}],"wp:attachment":[{"href":"https:\/\/sites.ipleiria.pt\/ceai2021\/wp-json\/wp\/v2\/media?parent=15"}],"curies":[{"name":"wp","href":"https:\/\/api.w.org\/{rel}","templated":true}]}}