{"id":44,"date":"2021-03-09T09:14:15","date_gmt":"2021-03-09T09:14:15","guid":{"rendered":"http:\/\/sites.ipleiria.pt\/ceai2021\/?page_id=44"},"modified":"2021-03-31T14:19:45","modified_gmt":"2021-03-31T14:19:45","slug":"publicacoes","status":"publish","type":"page","link":"https:\/\/sites.ipleiria.pt\/ceai2021\/publicacoes\/","title":{"rendered":"Publica\u00e7\u00f5es"},"content":{"rendered":"<p>A apresenta\u00e7\u00e3o de artigos visa a divulga\u00e7\u00e3o de trabalhos de investiga\u00e7\u00e3o, experi\u00eancias, projetos, ferramentas e materiais. As propostas de artigos devem ser enviadas para o seguinte email: <a href=\"mailto:ceai.esecs@gmail.com\">ceai.esecs@gmail.com<\/a>.<\/p>\n<p>Os textos ser\u00e3o sujeitos a arbitragem cient\u00edfica e publicados em monografia tem\u00e1tica.<\/p>\n<hr \/>\n<p><strong>Datas importantes:<\/strong><\/p>\n<p><strong>. Envio do artigo<\/strong> \u2013 at\u00e9 dia 30 de junho de 2021<br \/>\n<strong>. Notifica\u00e7\u00e3o aos autores<\/strong> \u2013 at\u00e9 dia 16 de julho de 2021<br \/>\n<strong>. Envio do texto definitivo para publica\u00e7\u00e3o<\/strong> \u2013 at\u00e9 dia 25 de julho de 2021<\/p>\n<hr \/>\n<p><strong>Normas para Artigo:<\/strong><\/p>\n<p><strong>1. Titulo e autor(es):<\/strong> Alinhamento centrado: Titulo do Artigo (mai\u00fasculas, a negrito.<\/p>\n<p>Nome (es) do(s) Autor(es). Institui\u00e7\u00e3o \/ Institui\u00e7\u00e3o de Perten\u00e7a<\/p>\n<p><strong>2. Resumo:<\/strong> Tipo de letra Times New Roman, corpo 10, m\u00e1ximo de 200 palavras, margem direita e esquerda de 2,5 cm; espa\u00e7amento entre linhas simples, alinhamento justificado, avan\u00e7o do par\u00e1grafo de 1 cm \u00e0 direita e \u00e0 esquerda. Ao fim do resumo, listar de tr\u00eas a cinco palavras-chave (em letras min\u00fasculas e separadas por ponto e v\u00edrgula).<\/p>\n<p><strong>3. Corpo do texto:<\/strong> Tipo de letra Times New Roman, tamanho 12, margem direita e esquerda de 2,5 cm, e superior e inferior de 2,5 cm, espa\u00e7amento entre linhas 1,5; sem espa\u00e7amento entre par\u00e1grafos (0 pontos); alinhamento justificado; avan\u00e7o da primeira linha do par\u00e1grafo de 1 cm; t\u00edtulos e subt\u00edtulos a negrito. M\u00e1ximo de 10 p\u00e1ginas. (incluindo a bibliografia, tabelas, figuras, quadros ou anexos).<\/p>\n<p><strong>4. Extens\u00e3o do artigo:<\/strong> m\u00ednimo 8 p\u00e1ginas, m\u00e1ximo 10 p\u00e1ginas.<\/p>\n<p><strong>5. Cita\u00e7\u00f5es bibliogr\u00e1ficas e\/ou refer\u00eancias indicadas no corpo do texto:<\/strong> (Autor, ano, p\u00e1gina\/s).<\/p>\n<p><strong>6. Notas de rodap\u00e9:<\/strong> numeradas sequencialmente, colocadas na pr\u00f3pria p\u00e1gina.<\/p>\n<p><strong>7. Refer\u00eancias bibliogr\u00e1ficas<\/strong>: organizadas por ordem alfab\u00e9tica segundo o sistema <strong>autor\/data\/t\u00edtulo\/cidade\/editor,<\/strong> colocando em it\u00e1lico o t\u00edtulo do livro ou o t\u00edtulo da revista onde os cap\u00edtulos e os artigos se encontram, respetivamente, publicados. Utilize o Publication Manual of the American Psychological Association (APA, 2010, 6\u00aa edi\u00e7\u00e3o). Os autores n\u00e3o devem ser redigidos em mai\u00fasculas. Espa\u00e7amento entre linhas simples. Tamanho de letra 12.<\/p>\n<figure id=\"attachment_287\" aria-describedby=\"caption-attachment-287\" style=\"width: 214px\" class=\"wp-caption alignleft\"><a href=\"https:\/\/www.ipleiria.pt\/esecs\/wp-content\/uploads\/sites\/15\/2021\/01\/E.book_emocoes_artes_inter_AF.pdf\" target=\"_blank\" rel=\"attachment noopener wp-att-287\"><img loading=\"lazy\" decoding=\"async\" class=\"wp-image-287 size-medium\" src=\"http:\/\/sites.ipleiria.pt\/ceai2021\/files\/2021\/03\/Capas_Emocoes_artes_intervencao-214x300.png\" alt=\"Capa e-book Emo\u00e7\u00f5es, Artes e Interven\u00e7\u00e3o (I edi\u00e7\u00e3o)\" width=\"214\" height=\"300\" srcset=\"https:\/\/sites.ipleiria.pt\/ceai2021\/files\/2021\/03\/Capas_Emocoes_artes_intervencao-214x300.png 214w, https:\/\/sites.ipleiria.pt\/ceai2021\/files\/2021\/03\/Capas_Emocoes_artes_intervencao.png 300w\" sizes=\"auto, (max-width: 214px) 100vw, 214px\" \/><\/a><figcaption id=\"caption-attachment-287\" class=\"wp-caption-text\">Clique para abrir e-book.<\/figcaption><\/figure>\n","protected":false},"excerpt":{"rendered":"<p>A apresenta\u00e7\u00e3o de artigos visa a divulga\u00e7\u00e3o de trabalhos de investiga\u00e7\u00e3o, experi\u00eancias, projetos, ferramentas e materiais. As propostas de artigos devem ser enviadas para o seguinte email: ceai.esecs@gmail.com. Os textos ser\u00e3o sujeitos a arbitragem cient\u00edfica e publicados em monografia tem\u00e1tica. Datas importantes: . Envio do artigo \u2013 at\u00e9 dia 30 de junho de 2021 . &hellip; <\/p>\n<p class=\"link-more\"><a href=\"https:\/\/sites.ipleiria.pt\/ceai2021\/publicacoes\/\" class=\"more-link\">Continuar a ler <span class=\"screen-reader-text\">&#8220;Publica\u00e7\u00f5es&#8221;<\/span><\/a><\/p>\n","protected":false},"author":5223,"featured_media":0,"parent":0,"menu_order":0,"comment_status":"closed","ping_status":"closed","template":"","meta":{"footnotes":""},"class_list":["post-44","page","type-page","status-publish","hentry"],"_links":{"self":[{"href":"https:\/\/sites.ipleiria.pt\/ceai2021\/wp-json\/wp\/v2\/pages\/44","targetHints":{"allow":["GET"]}}],"collection":[{"href":"https:\/\/sites.ipleiria.pt\/ceai2021\/wp-json\/wp\/v2\/pages"}],"about":[{"href":"https:\/\/sites.ipleiria.pt\/ceai2021\/wp-json\/wp\/v2\/types\/page"}],"author":[{"embeddable":true,"href":"https:\/\/sites.ipleiria.pt\/ceai2021\/wp-json\/wp\/v2\/users\/5223"}],"replies":[{"embeddable":true,"href":"https:\/\/sites.ipleiria.pt\/ceai2021\/wp-json\/wp\/v2\/comments?post=44"}],"version-history":[{"count":17,"href":"https:\/\/sites.ipleiria.pt\/ceai2021\/wp-json\/wp\/v2\/pages\/44\/revisions"}],"predecessor-version":[{"id":289,"href":"https:\/\/sites.ipleiria.pt\/ceai2021\/wp-json\/wp\/v2\/pages\/44\/revisions\/289"}],"wp:attachment":[{"href":"https:\/\/sites.ipleiria.pt\/ceai2021\/wp-json\/wp\/v2\/media?parent=44"}],"curies":[{"name":"wp","href":"https:\/\/api.w.org\/{rel}","templated":true}]}}