{"id":45,"date":"2021-03-09T09:14:15","date_gmt":"2021-03-09T09:14:15","guid":{"rendered":"http:\/\/sites.ipleiria.pt\/ceai2021\/?page_id=45"},"modified":"2021-04-22T10:14:23","modified_gmt":"2021-04-22T10:14:23","slug":"inscricoes","status":"publish","type":"page","link":"https:\/\/sites.ipleiria.pt\/ceai2021\/inscricoes\/","title":{"rendered":"Inscri\u00e7\u00f5es"},"content":{"rendered":"<p>\r\n\r\n<\/p>\r\n<p>Atingimos o n\u00famero limite de inscritos para este evento. Obrigado!<\/p>\r\n<p><strong>Forma\u00e7\u00e3o acreditada<\/strong> \u00abEmo\u00e7\u00f5es, Artes e Interven\u00e7\u00e3o\u00bb<br \/><strong>Modalidade: <\/strong>a\u00e7\u00e3o de curta dura\u00e7\u00e3o, nos termos do Art\u00ba. 5\u00ba do despacho n\u00ba 5741\/2015, no \u00e2mbito da forma\u00e7\u00e3o cont\u00ednua de Pessoal Docente.<br \/><strong>N\u00ba de horas:<\/strong> 4<br \/><strong>Destinat\u00e1rios:<\/strong> Educadores e Professores de todos os ciclos de ensino.<\/p>\r\n","protected":false},"excerpt":{"rendered":"<p>Atingimos o n\u00famero limite de inscritos para este evento. Obrigado! Forma\u00e7\u00e3o acreditada \u00abEmo\u00e7\u00f5es, Artes e Interven\u00e7\u00e3o\u00bbModalidade: a\u00e7\u00e3o de curta dura\u00e7\u00e3o, nos termos do Art\u00ba. 5\u00ba do despacho n\u00ba 5741\/2015, no \u00e2mbito da forma\u00e7\u00e3o cont\u00ednua de Pessoal Docente.N\u00ba de horas: 4Destinat\u00e1rios: Educadores e Professores de todos os ciclos de ensino.<\/p>\n","protected":false},"author":5223,"featured_media":0,"parent":0,"menu_order":0,"comment_status":"closed","ping_status":"closed","template":"","meta":{"footnotes":""},"class_list":["post-45","page","type-page","status-publish","hentry"],"_links":{"self":[{"href":"https:\/\/sites.ipleiria.pt\/ceai2021\/wp-json\/wp\/v2\/pages\/45","targetHints":{"allow":["GET"]}}],"collection":[{"href":"https:\/\/sites.ipleiria.pt\/ceai2021\/wp-json\/wp\/v2\/pages"}],"about":[{"href":"https:\/\/sites.ipleiria.pt\/ceai2021\/wp-json\/wp\/v2\/types\/page"}],"author":[{"embeddable":true,"href":"https:\/\/sites.ipleiria.pt\/ceai2021\/wp-json\/wp\/v2\/users\/5223"}],"replies":[{"embeddable":true,"href":"https:\/\/sites.ipleiria.pt\/ceai2021\/wp-json\/wp\/v2\/comments?post=45"}],"version-history":[{"count":15,"href":"https:\/\/sites.ipleiria.pt\/ceai2021\/wp-json\/wp\/v2\/pages\/45\/revisions"}],"predecessor-version":[{"id":304,"href":"https:\/\/sites.ipleiria.pt\/ceai2021\/wp-json\/wp\/v2\/pages\/45\/revisions\/304"}],"wp:attachment":[{"href":"https:\/\/sites.ipleiria.pt\/ceai2021\/wp-json\/wp\/v2\/media?parent=45"}],"curies":[{"name":"wp","href":"https:\/\/api.w.org\/{rel}","templated":true}]}}