{"id":62,"date":"2021-03-09T09:21:30","date_gmt":"2021-03-09T09:21:30","guid":{"rendered":"http:\/\/sites.ipleiria.pt\/ceai2021\/?page_id=62"},"modified":"2021-05-10T12:20:36","modified_gmt":"2021-05-10T12:20:36","slug":"organizacao","status":"publish","type":"page","link":"https:\/\/sites.ipleiria.pt\/ceai2021\/organizacao\/","title":{"rendered":"Organiza\u00e7\u00e3o"},"content":{"rendered":"\r\n<div class=\"wp-block-group\">\r\n<div class=\"wp-block-group__inner-container is-layout-flow wp-block-group-is-layout-flow\">\r\n<p class=\"has-text-align-left\"><strong>Comiss\u00e3o Organizadora<\/strong><\/p>\r\n\r\n\r\n\r\n<p>Jenny Sousa (ESECS, Polit\u00e9cnico de Leiria, CICS.NOVA-iACT, CI&amp;DEI,)<\/p>\r\n\r\n\r\n\r\n<p class=\"has-text-align-left\">Maria Jo\u00e3o Santos (ESECS, Polit\u00e9cnico de Leiria, CI&amp;DEI )<\/p>\r\n<p>L\u00facia Magueta (ESECS, Polit\u00e9cnico de Leiria, CI&amp;DEI)<\/p>\r\n\r\n\r\n\r\n<p class=\"has-text-align-left\">Maria de S\u00e3o Pedro Lopes (ESECS, Polit\u00e9cnico de Leiria, CI&amp;DEI)<\/p>\r\n<p>Leonel Brites (ESECS, Polit\u00e9cnico de Leiria, CEIS20 \u2013 Centro de Estudos Interdisciplinares do S\u00e9culo XX, Universidade de Coimbra)<\/p>\r\n\r\n\r\n\r\n<p>&nbsp;<\/p>\r\n<p class=\"has-text-align-left\"><strong>Comiss\u00e3o Cient\u00edfica<\/strong><\/p>\r\n<\/div>\r\n<\/div>\r\n\r\n\r\n\r\n<p>\u25cf Albertina Fortunato (ESECS \u2013 Instituto Polit\u00e9cnico de Leiria)<\/p>\r\n\r\n\r\n\r\n<p>\u25cf Ana Castro (Departamento de Pedagogia e Did\u00e1tica &#8211; Faculdade de Ci\u00eancias da Educa\u00e7\u00e3o da Universidade de Santiago de Compostela)<\/p>\r\n\r\n\r\n\r\n<p>\u25cf Ant\u00f3nia Barreto (ESECS \u2013 Instituto Polit\u00e9cnico de Leiria)<\/p>\r\n\r\n\r\n\r\n<p>\u25cf Carla Freire (ESECS \u2013 Instituto Polit\u00e9cnico de Leiria)<\/p>\r\n\r\n\r\n\r\n<p>\u25cf Catarina Mangas (ESECS \u2013 Instituto Polit\u00e9cnico de Leiria)<\/p>\r\n\r\n\r\n\r\n<p>\u25cf Catarina Menezes (ESECS \u2013 Instituto Polit\u00e9cnico de Leiria)<\/p>\r\n\r\n\r\n\r\n<p>\u25cf Dina Alves (ESECS \u2013 Instituto Polit\u00e9cnico de Leiria)<\/p>\r\n\r\n\r\n\r\n<p>\u25cf Eliana Perez (Universidade do FEEVALLE \u2013 Brasil)<\/p>\r\n\r\n\r\n\r\n<p>\u25cf Eva Navarro (Universidade de Valladolid)<\/p>\r\n\r\n\r\n\r\n<p>\u25cf Fernando Magalh\u00e3es (ESECS -Instituto Polit\u00e9cnico de Leiria)<\/p>\r\n\r\n\r\n\r\n<p>\u25cf Gra\u00e7a Seco (ESECS -Instituto Polit\u00e9cnico de Leiria)<\/p>\r\n\r\n\r\n\r\n<p>\u25cf Itahisa Perez (Universidade Laguna)<\/p>\r\n\r\n\r\n\r\n<p>\u25cf Jenny Sousa (ESECS \u2013 Instituto Polit\u00e9cnico de Leiria)<\/p>\r\n\r\n\r\n\r\n<p>\u25cf Leonel Brites (ESECS \u2013 Instituto Polit\u00e9cnico de Leiria)<\/p>\r\n\r\n\r\n\r\n<p>\u25cf L\u00facia Magueta (ESECS \u2013 Instituto Polit\u00e9cnico de Leiria)<\/p>\r\n\r\n\r\n\r\n<p>\u25cf Maria de S\u00e3o Pedro Lopes (ESECS \u2013 Instituto Polit\u00e9cnico de Leiria)<\/p>\r\n\r\n\r\n\r\n<p>\u25cf Maria Jo\u00e3o Santos (ESECS \u2013 Instituto Polit\u00e9cnico de Leiria)<\/p>\r\n\r\n\r\n\r\n<p>\u25cf Maria Jos\u00e9 Gamboa (ESECS \u2013 Instituto Polit\u00e9cnico de Leiria)<\/p>\r\n\r\n\r\n\r\n<p>\u25cf Maripaz L\u00f3pez (Universidade L\u00e9rida)<\/p>\r\n\r\n\r\n\r\n<p>\u25cf Maria dos Anjos Dixe (Universidade L\u00e9rida)<\/p>\r\n\r\n\r\n\r\n<p>\u25cf Pedro Balaus (ESEC \u2013 Instituto Polit\u00e9cnico de Coimbra)<\/p>\r\n\r\n\r\n\r\n<p>\u25cf Sandrina Milhano (ESECS \u2013 Instituto Polit\u00e9cnico de Leiria)<\/p>\r\n\r\n\r\n\r\n<p>\u25cf Sara M\u00f3nico Lopes (ESECS \u2013 Instituto Polit\u00e9cnico de Leiria)<\/p>\r\n\r\n\r\n\r\n<p>\u25cf Sara Vidal Maia (CECS \u2013 Universidade do Minho)<\/p>\r\n\r\n\r\n\r\n<p>\u25cf Sofia Silva (ESEC \u2013 Instituto Polit\u00e9cnico de Coimbra)<\/p>\r\n\r\n\r\n\r\n<p>\u25cf Teresa Mendes (ESE \u2013 Instituto Polit\u00e9cnico de Portalegre)<\/p>\r\n\r\n\r\n\r\n<p>\u25cf Victoria P\u00e9rez de Guzman (Universidade Pablo Olavide)<\/p>\r\n\r\n\r\n\r\n\r\n\r\n<p class=\"wp-block-image\"><a href=\"http:\/\/sites.ipleiria.pt\/ceai2021\/organizacao\/barra_logos\/\" rel=\"attachment wp-att-293\"><img loading=\"lazy\" decoding=\"async\" class=\"alignleft wp-image-293 \" src=\"http:\/\/sites.ipleiria.pt\/ceai2021\/files\/2021\/04\/Barra_Logos-1024x103.png\" alt=\"\" width=\"750\" height=\"75\" srcset=\"https:\/\/sites.ipleiria.pt\/ceai2021\/files\/2021\/04\/Barra_Logos-1024x103.png 1024w, https:\/\/sites.ipleiria.pt\/ceai2021\/files\/2021\/04\/Barra_Logos-300x30.png 300w, https:\/\/sites.ipleiria.pt\/ceai2021\/files\/2021\/04\/Barra_Logos-768x77.png 768w, https:\/\/sites.ipleiria.pt\/ceai2021\/files\/2021\/04\/Barra_Logos.png 1296w\" sizes=\"auto, (max-width: 706px) 89vw, (max-width: 767px) 82vw, 740px\" \/><\/a><\/p>\r\n","protected":false},"excerpt":{"rendered":"<p>Comiss\u00e3o Organizadora Jenny Sousa (ESECS, Polit\u00e9cnico de Leiria, CICS.NOVA-iACT, CI&amp;DEI,) Maria Jo\u00e3o Santos (ESECS, Polit\u00e9cnico de Leiria, CI&amp;DEI ) L\u00facia Magueta (ESECS, Polit\u00e9cnico de Leiria, CI&amp;DEI) Maria de S\u00e3o Pedro Lopes (ESECS, Polit\u00e9cnico de Leiria, CI&amp;DEI) Leonel Brites (ESECS, Polit\u00e9cnico de Leiria, CEIS20 \u2013 Centro de Estudos Interdisciplinares do S\u00e9culo XX, Universidade de Coimbra) &nbsp; &hellip; <\/p>\n<p class=\"link-more\"><a href=\"https:\/\/sites.ipleiria.pt\/ceai2021\/organizacao\/\" class=\"more-link\">Continuar a ler <span class=\"screen-reader-text\">&#8220;Organiza\u00e7\u00e3o&#8221;<\/span><\/a><\/p>\n","protected":false},"author":5223,"featured_media":0,"parent":0,"menu_order":0,"comment_status":"closed","ping_status":"closed","template":"","meta":{"footnotes":""},"class_list":["post-62","page","type-page","status-publish","hentry"],"_links":{"self":[{"href":"https:\/\/sites.ipleiria.pt\/ceai2021\/wp-json\/wp\/v2\/pages\/62","targetHints":{"allow":["GET"]}}],"collection":[{"href":"https:\/\/sites.ipleiria.pt\/ceai2021\/wp-json\/wp\/v2\/pages"}],"about":[{"href":"https:\/\/sites.ipleiria.pt\/ceai2021\/wp-json\/wp\/v2\/types\/page"}],"author":[{"embeddable":true,"href":"https:\/\/sites.ipleiria.pt\/ceai2021\/wp-json\/wp\/v2\/users\/5223"}],"replies":[{"embeddable":true,"href":"https:\/\/sites.ipleiria.pt\/ceai2021\/wp-json\/wp\/v2\/comments?post=62"}],"version-history":[{"count":44,"href":"https:\/\/sites.ipleiria.pt\/ceai2021\/wp-json\/wp\/v2\/pages\/62\/revisions"}],"predecessor-version":[{"id":314,"href":"https:\/\/sites.ipleiria.pt\/ceai2021\/wp-json\/wp\/v2\/pages\/62\/revisions\/314"}],"wp:attachment":[{"href":"https:\/\/sites.ipleiria.pt\/ceai2021\/wp-json\/wp\/v2\/media?parent=62"}],"curies":[{"name":"wp","href":"https:\/\/api.w.org\/{rel}","templated":true}]}}