{"id":18,"date":"2022-01-06T11:34:54","date_gmt":"2022-01-06T11:34:54","guid":{"rendered":"https:\/\/sites.ipleiria.pt\/ceai2022\/?page_id=18"},"modified":"2022-04-27T14:40:31","modified_gmt":"2022-04-27T14:40:31","slug":"programa","status":"publish","type":"page","link":"https:\/\/sites.ipleiria.pt\/ceai2022\/programa\/","title":{"rendered":"Programa"},"content":{"rendered":"<h2>28 de abril<\/h2>\n<p><strong>09h30 \u2014 Sess\u00e3o de abertura (<em>online<\/em>)<\/strong><\/p>\n<p><strong>Samuel Rama<\/strong>, Pr\u00f3-Presidente do Polit\u00e9cnico de Leiria<br \/>\n<strong>Pedro Morou\u00e7o<\/strong>, Diretor da ESECS<br \/>\n<strong>Maria de S\u00e3o Pedro Lopes<\/strong>, Comiss\u00e3o Organizadora do CEAI2022<\/p>\n<p><strong>10h00 \u2014 Sess\u00e3o plen\u00e1ria (<em>online<\/em>)<\/strong><br \/>\n<span style=\"color: #808080\">Moderador: Maria Jo\u00e3o Santos<\/span><\/p>\n<p><strong>Ana Louren\u00e7o <\/strong>(Instituto de Apoio \u00e0 Crian\u00e7a)<br \/>\n<em>A atua\u00e7\u00e3o do IAC na prote\u00e7\u00e3o das crian\u00e7as e jovens em risco<\/em><\/p>\n<p><strong>Laura Santos, Daniel Rijo e Maria do Ros\u00e1rio Pinheiro (<\/strong>Universidade de Coimbra)<br \/>\n<em>A compaix\u00e3o no acolhimento residencial de jovens em risco:<br \/>\nresultados de uma interven\u00e7\u00e3o estruturada com cuidadores<\/em><\/p>\n<p>10h45 \u2014 Intervalo<\/p>\n<hr \/>\n<p><strong>11h00 \u2014 Comunica\u00e7\u00f5es Livres (<em>online<\/em>)<\/strong><\/p>\n<h4><strong><em>Educa\u00e7\u00e3o e Interven\u00e7\u00e3o em contextos educativos<\/em><\/strong><\/h4>\n<p><span style=\"color: #999999\">Moderador: Leonel Brites<\/span><\/p>\n<p><strong>Pedro Cust\u00f3dio<\/strong> (Polit\u00e9cnico de Coimbra)<strong><br \/>\n<\/strong><em>El Cazo De Lorenzo de Isabelle Carrier &#8211; Quando um livro \u00e9 sempre um ponto de partida para outros tantos de chegada<\/em><\/p>\n<p><strong>Catarina Menezes, Maria Jos\u00e9 Gamboa e Marta Oliveira<\/strong> (ESECS, Polit\u00e9cnico de Leiria)<strong><br \/>\n<\/strong><em>A leitura em jovens do ensino superior: cartografia de oportunidades e riscos<\/em><\/p>\n<p><strong>Dina Alves <\/strong>(ESECS, Polit\u00e9cnico de Leiria)<strong><br \/>\n<\/strong><em>Crian\u00e7as e jovens em risco: das pr\u00e1ticas assistenciais tradicionais \u00e0 cria\u00e7\u00e3o de instrumentos jur\u00eddicos de prote\u00e7\u00e3o e educa\u00e7\u00e3o em Portugal (s\u00e9culos XVIII-XX)<\/em><\/p>\n<p><strong>Teresa Mendes<\/strong> (Polit\u00e9cnico de Portalegre)<strong><br \/>\n<\/strong><em>Destrui\u00e7\u00e3o e (des)amparo &#8211; Figura\u00e7\u00f5es da guerra na literatura infantil contempor\u00e2nea<\/em><\/p>\n<p><strong>Zita Oliveira e Sara M\u00f3nico Lopes<\/strong> (Servi\u00e7os Centrais \/ ESECS, Polit\u00e9cnico de Leiria)<strong><br \/>\n<\/strong><em>A import\u00e2ncia da interven\u00e7\u00e3o na capacita\u00e7\u00e3o e envolvimento de jovens na sociedade<\/em><\/p>\n<p><strong>Paula Cristina Ferreira e Marta Fonseca<\/strong> (ESECS, Polit\u00e9cnico de Leiria)<strong><br \/>\n<\/strong><em>Rabisco-me: a escrita que (in)flui<\/em><\/p>\n<p>13h00 \u2014 Almo\u00e7o<br \/>\n<strong>14h00 \u2014 Sess\u00e3o plen\u00e1ria (<em>online<\/em>)<br \/>\n<\/strong><span style=\"color: #999999\">Moderador: Jenny Sousa<\/span><\/p>\n<p><strong>Joana Patuleia e Joel Henriques<\/strong> (Estabelecimento Prisional de Leiria)<br \/>\n<em>Tratamento Prisional pela Arte<\/em><\/p>\n<hr \/>\n<p><strong>14h30 \u2014 Comunica\u00e7\u00f5es Livres\/Paralelas (<em>online<\/em>)<\/strong><\/p>\n<h4><strong><em>Painel I \u2014 Interven\u00e7\u00e3o Psicossocial e Comunit\u00e1ria<\/em><\/strong><\/h4>\n<p><span style=\"color: #999999\">Moderador: Ant\u00f3nia Barreto<\/span><\/p>\n<p><strong>Ana Filipa Soledade e Cezarina Maur\u00edcio<\/strong> (C\u00e2mara Municipal de Leiria e ESECS, Polit\u00e9cnico de Leiria)<strong><br \/>\n<\/strong>Somos Mais+\u00a0 <em>\u2014 Projeto de Voluntariado com crian\u00e7as e jovens ucranianos na cidade de Leiria e o envolvimento de estudantes do CTeSP de Interven\u00e7\u00e3o Social e Comunit\u00e1ria<\/em><\/p>\n<p><strong>Maria Jo\u00e3o Santos<\/strong> (ESECS, Polit\u00e9cnico de Leiria)<strong><br \/>\n<\/strong><em>O risco de sobreviver ao risco \u2013 uma leitura sobre a resili\u00eancia de crian\u00e7as e jovens multidesafiados<\/em><\/p>\n<p><strong>Ana Jo\u00e3o Santos e Carolina Cravo<\/strong> (InPulsar)<strong><br \/>\n<\/strong>Aqui Mundos<em>: um projeto de autonomia supervisionada e integra\u00e7\u00e3o comunit\u00e1ria para jovens estrangeiros n\u00e3o acompanhados<\/em><\/p>\n<p><strong>Susana Sardinha Monteiro<\/strong> (ESECS, Polit\u00e9cnico de Leiria)<strong><br \/>\n<\/strong><em>O \u201cregime de prote\u00e7\u00e3o tempor\u00e1ria\u201d na Uni\u00e3o Europeia: o caso particular do apoio \u00e0s crian\u00e7as ucranianas<\/em><\/p>\n<p><strong>Patr\u00edcia Martins <\/strong>(Agrupamento de Escolas de Marrazes, Leiria)<strong><br \/>\n<\/strong><em>\u00a0A arte, a cultura e a comunidade-Para uma ecologia das artes e afetos na educa\u00e7\u00e3o e na comunidade.<br \/>\n<\/em><\/p>\n<hr \/>\n<h4><strong><em>Painel 2 \u2014 Artes e Interven\u00e7\u00e3o I<\/em><\/strong><\/h4>\n<p><span style=\"color: #999999\">Moderador: Fernando Magalh\u00e3es<\/span><\/p>\n<p><strong>Jos\u00e9 Vicente<\/strong> (ESECS, Polit\u00e9cnico de Leiria)<strong><br \/>\n<\/strong><em>As visitas guiadas a museus e galerias de arte como estrat\u00e9gia de integra\u00e7\u00e3o de crian\u00e7as e jovens em risco<\/em><\/p>\n<p><strong>Leandra Cordeiro e Esperan\u00e7a Jales Ribeiro<\/strong> (Instituto Polit\u00e9cnico de Viseu)<strong><br \/>\n<\/strong><em>A M\u00fasica num Lar de Inf\u00e2ncia e Juventude<\/em><\/p>\n<p><strong>Rita Bas\u00edlio e Maria Kowalski<\/strong> (ESECS, Polit\u00e9cnico de Leiria)<strong><br \/>\n<\/strong><em>\u00abDo livro infantil \u00e0 anima\u00e7\u00e3o stop motion. O impacto do \u2018trabalho de projeto\u2019 na promo\u00e7\u00e3o e desenvolvimento do pensamento emocional. Um estudo de caso.\u00bb<\/em><\/p>\n<p><strong>Ana Paula Proen\u00e7a e Ana Margarida Carreira<\/strong> (ESECS, Polit\u00e9cnico de Leiria)<strong><br \/>\n<\/strong><em>Performance em educa\u00e7\u00e3o art\u00edstica A criatividade dram\u00e1tico-musical na lenda de Panku ou a cria\u00e7\u00e3o do mundo<\/em><\/p>\n<p><strong>S\u00edlvia Brites<\/strong>\u00a0 <strong>e Sara Gon\u00e7alves <\/strong>(ESECS, Polit\u00e9cnico de Leiria)<strong><br \/>\n<\/strong><em>Promo\u00e7\u00e3o de Facilitadores da Aten\u00e7\u00e3o Plena: Vespa Vespalina \u2013 Uma f\u00e1bula de Mindfulness<\/em><\/p>\n<hr \/>\n<p><strong>16h00 \u2014 Workshops (Presenciais e <em>online<\/em>) \u2013 D<b>ura\u00e7\u00e3o: 60\/90 minutos<\/b><\/strong><br \/>\n<a href=\"https:\/\/sites.ipleiria.pt\/ceai2022\/workshops\/\">Clique para saber informa\u00e7\u00e3o mais detalhada<\/a><\/p>\n<p>Para participar nos workshops \u00e9 obrigat\u00f3ria a inscri\u00e7\u00e3o (consultar o separador \u00abInscri\u00e7\u00f5es\u00bb)<\/p>\n<h5><span style=\"color: #edc200\"><em>Workshop\u00a01 (Presencial)<\/em><\/span><br \/>\n<strong><em>3C\u00b4s na promo\u00e7\u00e3o dos direitos das crian\u00e7as com pai ou m\u00e3e em reclus\u00e3o (da autoria dos intervenientes do Projeto) &#8211; Audit\u00f3rio 2<\/em><\/strong><\/h5>\n<h5><span style=\"color: #edc200\"><em>Workshop\u00a0<\/em>2<em>\u00a0<\/em>(Presencial)<\/span><br \/>\n<strong><em>TrampolimE8G \/ Prosseguir+: Promo\u00e7\u00e3o da participa\u00e7\u00e3o da crian\u00e7a em flexibilidade curricular (da autoria dos intervenientes do Projeto) &#8211; Sala A.0.4 (Laborat\u00f3rio de M\u00fasica)<\/em><\/strong><\/h5>\n<p>19h00 \u2014 Workshops \u2014 P\u00f3s-Laboral<\/p>\n<h5><span style=\"color: #edc200\"><em>Workshop\u00a01 (Presencial)<br \/>\n<\/em><\/span><strong><em>Com o meu corpo eu vou descobrir: programa de interven\u00e7\u00e3o psicomotora com crian\u00e7as em idade pr\u00e9-escolar (Adriana Fraz\u00e3o, Mariana Moreira, Celeste Sim\u00f5es, Sofia Santos e Paula Lebre) &#8211; Sala B.0.33 (Laborat\u00f3rio de Teatro)<\/em><\/strong><\/h5>\n<h5><span style=\"color: #edc200\"><em>Workshop\u00a0<\/em>2<em>\u00a0<\/em>(Presencial)<br \/>\n<\/span><strong><em>Educa\u00e7\u00e3o e Interven\u00e7\u00e3o em contextos educativos: experi\u00eancias em cidadania e desenvolvimento (Ana Fontes) &#8211; Sala A.0.4 (Laborat\u00f3rio de M\u00fasica)<\/em><\/strong><\/h5>\n<h5><span style=\"color: #edc200\"><em>Workshop\u00a0<\/em>3<em>\u00a0<\/em>(Online)<br \/>\n<\/span><strong><em>Laborat\u00f3rios art\u00edsticos de bolso &#8211; Miss\u00f5es e explora\u00e7\u00f5es art\u00edsticas para a cria\u00e7\u00e3o de agentes de mudan\u00e7a num mundo \u00e0 dist\u00e2ncia (Cooperativa Frenesim &#8211; Rita Campos Costa e Z\u00e9 Figueiredo)<\/em><\/strong><\/h5>\n<h2>\u2014\u2014\u2014<\/h2>\n<h2>29 de abril<\/h2>\n<p><strong>10h00 \u2014 Sess\u00e3o plen\u00e1ria (<em>online<\/em>)<\/strong><\/p>\n<p><span style=\"color: #999999\">Moderador: L\u00facia Magueta<\/span><\/p>\n<p>Sandra Lopes, da Comiss\u00e3o Nacional de Promo\u00e7\u00e3o dos Direitos e Prote\u00e7\u00e3o das Crian\u00e7as e Jovens &#8211; Equipa T\u00e9cnica Regional do Centro<br \/>\n<em>A CPCJ e a prote\u00e7\u00e3o das crian\u00e7as e jovens em risco<\/em><\/p>\n<p>Sofia Rasgado, Coordenadora do Centro Internet Segura<br \/>\n<em>Para que serve o Centro Internet Segura?<\/em><\/p>\n<hr \/>\n<p><strong>10h30 \u2014 Comunica\u00e7\u00f5es Livres\/Paralelas<\/strong> <strong> (<em>online<\/em>)<\/strong><\/p>\n<h4><em>Painel 1 \u2014 Desenvolvimento e Educa\u00e7\u00e3o Emocional<\/em><\/h4>\n<p><span style=\"color: #999999\">Moderador: Gra\u00e7a Seco<\/span><\/p>\n<p><strong><br \/>\nMarta Nogueira e C\u00e9lia Sousa<\/strong> (ESECS, Polit\u00e9cnico de Leiria)<strong><br \/>\n<\/strong><em>A Intelig\u00eancia Emocional das Pessoas com Defici\u00eancia em contexto de trabalho<\/em><\/p>\n<p><strong>Susana Sardinha Monteiro<\/strong> (ESECS, Polit\u00e9cnico de Leiria)<strong><br \/>\n<\/strong><em>A \u201cGarantia Europeia para a inf\u00e2ncia\u201d e as crian\u00e7as necessitadas na Uni\u00e3o Europeia<\/em><\/p>\n<p><strong>Alzira Marques, Neuza Ribeiro e Susana Rodrigues<\/strong> (CARME &#8211; Centre of Applied Research in Management and Economics, Polit\u00e9cnico de Leiria)<br \/>\n<em>Comportamento dos Jovens no uso do Smartphone &#8211; Projeto YoungMob<\/em><\/p>\n<p><strong>Eliana Moura<\/strong> (Universidade\u00a0FEEVALE \u2014 Brasil)<br \/>\n<em>Projetos de vida de jovens em situa\u00e7\u00e3o de vulnerabilidade e risco socioambiental<\/em><\/p>\n<p><strong>M.\u00aa Josefa Mosteiro Garc\u00eda, Ana M.\u00aa Porto Castro, Beatriz Garc\u00eda Antelo and Enelina M\u00aa. Gerpe P\u00e9rez <\/strong>(Universidade de Compostela \u2013 Espanha)<strong><br \/>\n<\/strong><em>Valoraci\u00f3n de las familias sobre la atenci\u00f3n a la diversidad en centros de ense\u00f1anza obligatoria<\/em><\/p>\n<p><strong>Clairton Puntel, Marcus Levi Lopes Barbosa e Julio Cezar Adam <\/strong>(Faculdade EST \u2014 Brasil)<strong><br \/>\n<\/strong><em>Dificuldades na regula\u00e7\u00e3o da emo\u00e7\u00e3o: um estudo com adolescentes em vulnerabilidade social<\/em><\/p>\n<p><strong>Catarina Mangas, Sara Lopes, Sandrina Milhano e Carla Freire<\/strong> (ESECS, Polit\u00e9cnico de Leiria)<strong><br \/>\n<\/strong><em>Estrat\u00e9gias de Interven\u00e7\u00e3o para a Inclus\u00e3o de Jovens em Risco de Abandono Escolar Precoce<\/em><\/p>\n<h4><em>Painel 2 \u2014 Artes e Interven\u00e7\u00e3o II<\/em><\/h4>\n<p><span style=\"color: #999999\">Moderador: Hugo Menino<\/span><\/p>\n<p><strong>Ana Paula Proen\u00e7a e Marta Trindade<\/strong> (ESECS, Polit\u00e9cnico de Leiria)<strong><br \/>\n<\/strong><em>No Palco da Dislexia: contributos da Express\u00e3o Dram\u00e1tica\/Teatro na interven\u00e7\u00e3o educativa<\/em><\/p>\n<p><strong>Julio Cezar Adam, Rita de C\u00e1ssia da Silva Cunha e Clairton Puntel\u00a0<\/strong>(Faculdade EST \u2014 Brasil)<strong><br \/>\n<\/strong><em>A produ\u00e7\u00e3o da curta-metragem por adolescentes \u2013 da aprendizagem ao sentido de vida<\/em><strong>\u00a0<\/strong><\/p>\n<p><strong>Rita Assun\u00e7\u00e3o<\/strong> (Universidade Nova de Lisboa)<strong><br \/>\n<\/strong><em>O potencial da luz como ferramenta art\u00edstica contempor\u00e2nea na cria\u00e7\u00e3o de espa\u00e7os \/ instala\u00e7\u00f5es sensoriais<\/em><\/p>\n<p><strong>Marcelo Marques<\/strong> (Centro Escolar de Vermoil )<br \/>\n<em>Express\u00f5es Art\u00edsticas nas descobertas da Eco-Escola<\/em><\/p>\n<p><strong>Abel Arez, Ana Gama e Manon Marques<\/strong> (Polit\u00e9cnico de Lisboa)<br \/>\n<em>DIFERENCIAL &#8211; vamos falar de igualdade?<\/em><\/p>\n<p><strong>Jenny Gil Sousa<\/strong> (ESECS, Polit\u00e9cnico de Leiria)<strong><br \/>\n<\/strong><em>Anima\u00e7\u00e3o Sociocultural e Comunit\u00e1ria como ferramenta de inclus\u00e3o social para crian\u00e7as e jovens em risco<\/em><\/p>\n<p><em><strong>L\u00facia Grave Magueta<\/strong> (ESECS, Polit\u00e9cnico de Leiria)<strong><br \/>\n<\/strong>A crian\u00e7a em risco(s) \u2013 as ideias, as emo\u00e7\u00f5es e a express\u00e3o pl\u00e1stica<\/em><\/p>\n<p><em><strong>Miguel Morin<\/strong> (O Guru das Emo\u00e7\u00f5es)<strong> e<\/strong> <strong>Carla Dias da Costa<\/strong> (Ser, Crescer e Aprender)<strong><br \/>\n<\/strong>O Guru das Emo\u00e7\u00f5es: v\u00eddeos que explicam emo\u00e7\u00f5es \u00e0s crian\u00e7as de 4-7 anos<\/em><\/p>\n<p>12h45 \u2014 Apresenta\u00e7\u00e3o do Livro CEAI2021<\/p>\n<p>13h00 \u2014 Encerramento<\/p>\n<p>&nbsp;<\/p>\n","protected":false},"excerpt":{"rendered":"<p>28 de abril 09h30 \u2014 Sess\u00e3o de abertura (online) Samuel Rama, Pr\u00f3-Presidente do Polit\u00e9cnico de Leiria Pedro Morou\u00e7o, Diretor da ESECS Maria de S\u00e3o Pedro Lopes, Comiss\u00e3o Organizadora do CEAI2022 10h00 \u2014 Sess\u00e3o plen\u00e1ria (online) Moderador: Maria Jo\u00e3o Santos Ana Louren\u00e7o (Instituto de Apoio \u00e0 Crian\u00e7a) A atua\u00e7\u00e3o do IAC na prote\u00e7\u00e3o das crian\u00e7as e [&hellip;]<\/p>\n","protected":false},"author":102,"featured_media":0,"parent":0,"menu_order":0,"comment_status":"closed","ping_status":"closed","template":"","meta":{"footnotes":""},"class_list":["post-18","page","type-page","status-publish","hentry","post-preview"],"_links":{"self":[{"href":"https:\/\/sites.ipleiria.pt\/ceai2022\/wp-json\/wp\/v2\/pages\/18","targetHints":{"allow":["GET"]}}],"collection":[{"href":"https:\/\/sites.ipleiria.pt\/ceai2022\/wp-json\/wp\/v2\/pages"}],"about":[{"href":"https:\/\/sites.ipleiria.pt\/ceai2022\/wp-json\/wp\/v2\/types\/page"}],"author":[{"embeddable":true,"href":"https:\/\/sites.ipleiria.pt\/ceai2022\/wp-json\/wp\/v2\/users\/102"}],"replies":[{"embeddable":true,"href":"https:\/\/sites.ipleiria.pt\/ceai2022\/wp-json\/wp\/v2\/comments?post=18"}],"version-history":[{"count":88,"href":"https:\/\/sites.ipleiria.pt\/ceai2022\/wp-json\/wp\/v2\/pages\/18\/revisions"}],"predecessor-version":[{"id":280,"href":"https:\/\/sites.ipleiria.pt\/ceai2022\/wp-json\/wp\/v2\/pages\/18\/revisions\/280"}],"wp:attachment":[{"href":"https:\/\/sites.ipleiria.pt\/ceai2022\/wp-json\/wp\/v2\/media?parent=18"}],"curies":[{"name":"wp","href":"https:\/\/api.w.org\/{rel}","templated":true}]}}