{"id":22,"date":"2022-01-06T11:35:18","date_gmt":"2022-01-06T11:35:18","guid":{"rendered":"https:\/\/sites.ipleiria.pt\/ceai2022\/?page_id=22"},"modified":"2022-04-23T08:58:57","modified_gmt":"2022-04-23T08:58:57","slug":"inscricoes","status":"publish","type":"page","link":"https:\/\/sites.ipleiria.pt\/ceai2022\/inscricoes\/","title":{"rendered":"Inscri\u00e7\u00f5es"},"content":{"rendered":"<p>\u2014<\/p>\n<h2>Inscri\u00e7\u00f5es <a href=\"https:\/\/eventos.ipleiria.pt\/portal\/eventos?p_id=26699\">aqui<\/a>.<\/h2>\n<p>\u2014<\/p>\n<p><strong>Modalidades de Inscri\u00e7\u00e3o<br \/>\n<\/strong>\u2014 Autores de comunica\u00e7\u00f5es (externos ao Polit\u00e9cnico de Leiria) \u2013 50 euros<br \/>\n\u2014 Participantes sem comunica\u00e7\u00e3o (externos ao Polit\u00e9cnico de Leiria) \u2013 15 euros<br \/>\n\u2014 Participantes e autores de comunica\u00e7\u00f5es (antigos alunos do Polit\u00e9cnico de Leiria registados na Rede IPLeiri@lumni) \u2013 20 euros<br \/>\n\u2014 Participantes e autores de comunica\u00e7\u00f5es do Polit\u00e9cnico de Leiria \u2013 20 euros<br \/>\n\u2014 Estudantes do Polit\u00e9cnico de Leiria sem comunica\u00e7\u00e3o, com certificado \u2013 5 euros<br \/>\n\u2014 Estudantes do Polit\u00e9cnico de Leiria sem comunica\u00e7\u00e3o, sem certificado \u2013 gratuito<\/p>\n<p><strong>O valor da inscri\u00e7\u00e3o inclui:<br \/>\n<\/strong>Participa\u00e7\u00e3o na confer\u00eancia e respetivas atividades\/<em>workshops<\/em><br \/>\nDocumenta\u00e7\u00e3o<br \/>\nCertificado de Participa\u00e7\u00e3o<br \/>\nCertificado de apresenta\u00e7\u00e3o de trabalho (caso se aplique)<\/p>\n<p>\u2014<\/p>\n<p><strong>Forma\u00e7\u00e3o acreditada<\/strong> \u00abEmo\u00e7\u00f5es, Artes e Interven\u00e7\u00e3o\u00bb<br \/>\n<strong>Modalidade: <\/strong>a\u00e7\u00e3o de curta dura\u00e7\u00e3o, nos termos do Art\u00ba. 5\u00ba do despacho n\u00ba 5741\/2015, no \u00e2mbito da forma\u00e7\u00e3o cont\u00ednua de Pessoal Docente.<br \/>\n<strong>N\u00ba de horas:<\/strong> 4<br \/>\n<strong>Destinat\u00e1rios:<\/strong> Educadores e Professores de todos os ciclos de ensino.<\/p>\n<p><a href=\"https:\/\/forms.gle\/A2upZTbTtnjUCVit6\">Clique aqui<\/a> para se inscrever (formul\u00e1rio exclusivo para Educadores e Professores).<\/p>\n<p>\u2014<\/p>\n<p><strong>Inscri\u00e7\u00f5es nos workshops<\/strong><\/p>\n<div>\n<p>3C\u00b4s na promo\u00e7\u00e3o dos direitos das crian\u00e7as com pai ou m\u00e3e em reclus\u00e3o (16h00, presencial) &#8211; <a href=\"https:\/\/forms.gle\/QTTnf8BNToimXU899\">Clique aqui<\/a> para se inscrever<\/p>\n<p>TrampolimE8G \/ Prosseguir+: Promo\u00e7\u00e3o da participa\u00e7\u00e3o da crian\u00e7a em flexibilidade curricular (16h00, presencial) &#8211; <a href=\"https:\/\/forms.gle\/HBeBUh7AA6enZtpP6\">Clique aqui<\/a> para se inscrever<\/p>\n<p>Com o meu corpo eu vou descobrir: programa de interven\u00e7\u00e3o psicomotora com crian\u00e7as em idade pr\u00e9-escolar (19h00, presencial) &#8211; <a href=\"https:\/\/forms.gle\/p6EXLjPpi3bfpBzZA\">Clique aqui<\/a> para se inscrever<\/p>\n<p>Educa\u00e7\u00e3o e Interven\u00e7\u00e3o em contextos educativos: experi\u00eancias em cidadania e desenvolvimento (19h00, presencial) &#8211; <a href=\"https:\/\/forms.gle\/oTZe46UcctTTyfeW6\">Clique aqui<\/a> para se inscrever<\/p>\n<p>Laborat\u00f3rios art\u00edsticos de bolso \u2013 Miss\u00f5es e explora\u00e7\u00f5es art\u00edsticas para a cria\u00e7\u00e3o de agentes de mudan\u00e7a num mundo \u00e0 dist\u00e2ncia (19h00, online) &#8211; <a href=\"https:\/\/forms.gle\/8XTBtsvVkiCzYmpt8\">Clique aqui<\/a> para se inscrever<\/p>\n<\/div>\n<div>\n<p>&nbsp;<\/p>\n<\/div>\n<p>&nbsp;<\/p>\n<p>&nbsp;<\/p>\n","protected":false},"excerpt":{"rendered":"<p>\u2014 Inscri\u00e7\u00f5es aqui. \u2014 Modalidades de Inscri\u00e7\u00e3o \u2014 Autores de comunica\u00e7\u00f5es (externos ao Polit\u00e9cnico de Leiria) \u2013 50 euros \u2014 Participantes sem comunica\u00e7\u00e3o (externos ao Polit\u00e9cnico de Leiria) \u2013 15 euros \u2014 Participantes e autores de comunica\u00e7\u00f5es (antigos alunos do Polit\u00e9cnico de Leiria registados na Rede IPLeiri@lumni) \u2013 20 euros \u2014 Participantes e autores de [&hellip;]<\/p>\n","protected":false},"author":102,"featured_media":0,"parent":0,"menu_order":0,"comment_status":"closed","ping_status":"closed","template":"","meta":{"footnotes":""},"class_list":["post-22","page","type-page","status-publish","hentry","post-preview"],"_links":{"self":[{"href":"https:\/\/sites.ipleiria.pt\/ceai2022\/wp-json\/wp\/v2\/pages\/22","targetHints":{"allow":["GET"]}}],"collection":[{"href":"https:\/\/sites.ipleiria.pt\/ceai2022\/wp-json\/wp\/v2\/pages"}],"about":[{"href":"https:\/\/sites.ipleiria.pt\/ceai2022\/wp-json\/wp\/v2\/types\/page"}],"author":[{"embeddable":true,"href":"https:\/\/sites.ipleiria.pt\/ceai2022\/wp-json\/wp\/v2\/users\/102"}],"replies":[{"embeddable":true,"href":"https:\/\/sites.ipleiria.pt\/ceai2022\/wp-json\/wp\/v2\/comments?post=22"}],"version-history":[{"count":14,"href":"https:\/\/sites.ipleiria.pt\/ceai2022\/wp-json\/wp\/v2\/pages\/22\/revisions"}],"predecessor-version":[{"id":277,"href":"https:\/\/sites.ipleiria.pt\/ceai2022\/wp-json\/wp\/v2\/pages\/22\/revisions\/277"}],"wp:attachment":[{"href":"https:\/\/sites.ipleiria.pt\/ceai2022\/wp-json\/wp\/v2\/media?parent=22"}],"curies":[{"name":"wp","href":"https:\/\/api.w.org\/{rel}","templated":true}]}}