{"id":46,"date":"2022-01-06T12:07:10","date_gmt":"2022-01-06T12:07:10","guid":{"rendered":"https:\/\/sites.ipleiria.pt\/ceai2022\/?page_id=46"},"modified":"2022-04-21T16:20:39","modified_gmt":"2022-04-21T16:20:39","slug":"publicacao","status":"publish","type":"page","link":"https:\/\/sites.ipleiria.pt\/ceai2022\/publicacao\/","title":{"rendered":"Publica\u00e7\u00e3o"},"content":{"rendered":"<p><strong>Submiss\u00e3o de\u00a0trabalhos<\/strong><\/p>\n<p>A 3.\u00aa Confer\u00eancia Internacional Emo\u00e7\u00f5es, Artes e Interven\u00e7\u00e3o: Crian\u00e7as e Jovens em Risco incluir\u00e1 comunica\u00e7\u00f5es das diferentes \u00e1reas tem\u00e1ticas, contando, para isso, com sess\u00f5es plen\u00e1rias com <em>Keynote Speakers<\/em>, sess\u00f5es paralelas para apresenta\u00e7\u00e3o de comunica\u00e7\u00f5es e ainda realiza\u00e7\u00e3o de <em>workshops<\/em>. Os trabalhos enviados ser\u00e3o revistos atrav\u00e9s de uma avalia\u00e7\u00e3o cega efetuada por especialistas da Comiss\u00e3o Cient\u00edfica da Confer\u00eancia. A avalia\u00e7\u00e3o ter\u00e1 em considera\u00e7\u00e3o:<\/p>\n<ul>\n<li>A pertin\u00eancia do trabalho face \u00e0s tem\u00e1ticas da confer\u00eancia;<\/li>\n<li>A qualidade cient\u00edfica e\/ou contributos relevantes para a \u00e1rea;<\/li>\n<li>O cumprimento das normas definidas pela Comiss\u00e3o Organizadora.<\/li>\n<\/ul>\n<p>Ap\u00f3s processo de revis\u00e3o cient\u00edfica por pares, ser\u00e1 feita a <strong>publica\u00e7\u00e3o do Livro de Resumos <\/strong>com ISBN europeu e a <strong>publica\u00e7\u00e3o de Monografia Tem\u00e1tica<\/strong>, tamb\u00e9m com ISBN europeu, dos trabalhos avaliados positivamente. A apresenta\u00e7\u00e3o e publica\u00e7\u00e3o dos trabalhos em livro de resumos e na Monografia est\u00e1 condicionada\u00a0<strong>\u00e0 inscri\u00e7\u00e3o na Confer\u00eancia de pelo menos um dos autores e \u00e0 apresenta\u00e7\u00e3o da comunica\u00e7\u00e3o no evento<\/strong>.<br \/>\nO certificado de apresenta\u00e7\u00e3o ser\u00e1 emitido em nome do autor inscrito e que apresentar o\/s trabalho\/s.<\/p>\n<p>&nbsp;<\/p>\n<p><strong>Resumo alargado<\/strong><\/p>\n<p>As propostas devem ser feitas atrav\u00e9s da submiss\u00e3o de um resumo alargado, na plataforma Easychair (\u00e9 necess\u00e1rio registo na plataforma), atrav\u00e9s <a href=\"https:\/\/easychair.org\/conferences\/?conf=ceai2022\">deste endere\u00e7o<\/a>.<\/p>\n<p>O resumo alargado deve respeitar os seguintes par\u00e2metros:<\/p>\n<ul>\n<li>Deve estar em formato n\u00e3o edit\u00e1vel (.pdf)<\/li>\n<li>N\u00e3o deve ter o nome dos autores;<\/li>\n<li>Deve ter entre 800 e 1000 palavras;<\/li>\n<li>Deve respeitar o modelo de resumo alargado, dispon\u00edvel aqui: <a href=\"http:\/\/sites.ipleiria.pt\/ceai2022\/files\/2022\/01\/ceai22_template_pt.docx\">http:\/\/sites.ipleiria.pt\/ceai2022\/files\/2022\/01\/ceai22_template_pt.docx<\/a><\/li>\n<\/ul>\n<p>&nbsp;<\/p>\n<p><strong>Artigo cient\u00edfico<\/strong><\/p>\n<p>As comunica\u00e7\u00f5es livres visam a apresenta\u00e7\u00e3o de investiga\u00e7\u00f5es cient\u00edficas e de experi\u00eancias pr\u00e1ticas, decorrentes de trabalhos acad\u00e9micos, projetos e de iniciativas pr\u00e1ticas.<\/p>\n<ul>\n<li>Apresenta\u00e7\u00e3o oral da comunica\u00e7\u00e3o: 15 minutos;<\/li>\n<li>Envio do artigo completo: at\u00e9 30 de junho de 2022.<\/li>\n<\/ul>\n<p><strong>Normas a seguir:<\/strong><\/p>\n<p><strong>1. Titulo e autor(es):<\/strong> Alinhamento centrado: Titulo do Artigo (mai\u00fasculas, a negrito). Nome (es) do(s) Autor(es). Institui\u00e7\u00e3o \/ Institui\u00e7\u00e3o de Perten\u00e7a<\/p>\n<p><strong>2. Resumo:<\/strong>\u00a0Tipo de letra Times New Roman, corpo 10, m\u00e1ximo de 200 palavras, margem direita e esquerda de 2,5 cm; espa\u00e7amento entre linhas simples, alinhamento justificado, avan\u00e7o do par\u00e1grafo de 1 cm \u00e0 direita e \u00e0 esquerda. Ao fim do resumo, listar de tr\u00eas a cinco palavras-chave (em letras min\u00fasculas e separadas por ponto e v\u00edrgula).<\/p>\n<p><strong>3. Corpo do texto:<\/strong> Tipo de letra Times New Roman, tamanho 12, margem direita e esquerda de 2,5 cm, e superior e inferior de 2,5 cm, espa\u00e7amento entre linhas 1,5; sem espa\u00e7amento entre par\u00e1grafos (0 pontos); alinhamento justificado; avan\u00e7o da primeira linha do par\u00e1grafo de 1 cm; t\u00edtulos e subt\u00edtulos a negrito.<\/p>\n<p><strong>4. Extens\u00e3o do artigo:<\/strong> m\u00ednimo 30 000 carateres com espa\u00e7amento e m\u00e1ximo 35 000, incluindo a bibliografia, tabelas, figuras, quadros ou anexos.<\/p>\n<p><strong>5. Cita\u00e7\u00f5es bibliogr\u00e1ficas e\/ou refer\u00eancias indicadas no corpo do texto:<\/strong>\u00a0(Autor, ano, p\u00e1gina\/s).<\/p>\n<p><strong>6. Notas de rodap\u00e9:<\/strong>\u00a0numeradas sequencialmente, colocadas na pr\u00f3pria p\u00e1gina.<\/p>\n<p><strong>7. Refer\u00eancias bibliogr\u00e1ficas<\/strong>: organizadas por ordem alfab\u00e9tica segundo o sistema <strong>autor\/data\/t\u00edtulo\/cidade\/editor,<\/strong> colocando em it\u00e1lico o t\u00edtulo do livro ou o t\u00edtulo da revista onde os cap\u00edtulos e os artigos se encontram, respetivamente, publicados. Utilize o Publication Manual of the American Psychological Association (APA, 7.\u00aa edi\u00e7\u00e3o). Os autores n\u00e3o devem ser redigidos em mai\u00fasculas. Espa\u00e7amento entre linhas simples. Tamanho de letra 12.<\/p>\n","protected":false},"excerpt":{"rendered":"<p>Submiss\u00e3o de\u00a0trabalhos A 3.\u00aa Confer\u00eancia Internacional Emo\u00e7\u00f5es, Artes e Interven\u00e7\u00e3o: Crian\u00e7as e Jovens em Risco incluir\u00e1 comunica\u00e7\u00f5es das diferentes \u00e1reas tem\u00e1ticas, contando, para isso, com sess\u00f5es plen\u00e1rias com Keynote Speakers, sess\u00f5es paralelas para apresenta\u00e7\u00e3o de comunica\u00e7\u00f5es e ainda realiza\u00e7\u00e3o de workshops. Os trabalhos enviados ser\u00e3o revistos atrav\u00e9s de uma avalia\u00e7\u00e3o cega efetuada por especialistas da [&hellip;]<\/p>\n","protected":false},"author":102,"featured_media":0,"parent":0,"menu_order":0,"comment_status":"closed","ping_status":"closed","template":"","meta":{"footnotes":""},"class_list":["post-46","page","type-page","status-publish","hentry","post-preview"],"_links":{"self":[{"href":"https:\/\/sites.ipleiria.pt\/ceai2022\/wp-json\/wp\/v2\/pages\/46","targetHints":{"allow":["GET"]}}],"collection":[{"href":"https:\/\/sites.ipleiria.pt\/ceai2022\/wp-json\/wp\/v2\/pages"}],"about":[{"href":"https:\/\/sites.ipleiria.pt\/ceai2022\/wp-json\/wp\/v2\/types\/page"}],"author":[{"embeddable":true,"href":"https:\/\/sites.ipleiria.pt\/ceai2022\/wp-json\/wp\/v2\/users\/102"}],"replies":[{"embeddable":true,"href":"https:\/\/sites.ipleiria.pt\/ceai2022\/wp-json\/wp\/v2\/comments?post=46"}],"version-history":[{"count":18,"href":"https:\/\/sites.ipleiria.pt\/ceai2022\/wp-json\/wp\/v2\/pages\/46\/revisions"}],"predecessor-version":[{"id":270,"href":"https:\/\/sites.ipleiria.pt\/ceai2022\/wp-json\/wp\/v2\/pages\/46\/revisions\/270"}],"wp:attachment":[{"href":"https:\/\/sites.ipleiria.pt\/ceai2022\/wp-json\/wp\/v2\/media?parent=46"}],"curies":[{"name":"wp","href":"https:\/\/api.w.org\/{rel}","templated":true}]}}