{"id":10,"date":"2023-09-26T17:39:38","date_gmt":"2023-09-26T17:39:38","guid":{"rendered":"https:\/\/sites.ipleiria.pt\/ceai2024\/?page_id=10"},"modified":"2024-04-02T11:03:38","modified_gmt":"2024-04-02T11:03:38","slug":"datas-importantes","status":"publish","type":"page","link":"https:\/\/sites.ipleiria.pt\/ceai2024\/datas-importantes\/","title":{"rendered":"Datas importantes"},"content":{"rendered":"\n<p class=\"has-normal-font-size\"><br><strong>Submiss\u00e3o de resumo alargado \u2013 <\/strong><s>19 fevereiro 2024<\/s> [<strong>2.\u00aa Call \u2014 25 fevereiro 2024<\/strong>]<br><strong>Notifica\u00e7\u00e3o aos autores \u2013<\/strong> 15 mar\u00e7o 2024<br><strong>Inscri\u00e7\u00f5es (m\u00edn. um autor por trabalho)* \u2013<\/strong> 14 abril 2024<br><strong>Inscri\u00e7\u00e3o de participantes sem comunica\u00e7\u00e3o \u2013<\/strong> 14 abril 2024<br><strong>Submiss\u00e3o do artigo completo \u2013<\/strong> 31 maio 2024 (mais informa\u00e7\u00e3o brevemente)<\/p>\n\n\n\n<p class=\"has-extra-small-font-size\"><strong><br>*<\/strong> Pelo menos um dos autores do trabalho aceite deve inscrever-se at\u00e9 31 de mar\u00e7o, para garantir a apresenta\u00e7\u00e3o do artigo e a sua inclus\u00e3o no Livro de Atas. Cada (co)autor\/a inscrito\/a poder\u00e1 submeter e apresentar o m\u00e1ximo de dois trabalhos, sendo o certificado de apresenta\u00e7\u00e3o emitido em nome do autor inscrito e que apresentar o\/s trabalho\/s. Cada proposta poder\u00e1 ter, no m\u00e1ximo, 4 autores.<\/p>\n","protected":false},"excerpt":{"rendered":"<p>Submiss\u00e3o de resumo alargado \u2013 19 fevereiro 2024 [2.\u00aa Call \u2014 25 fevereiro 2024]Notifica\u00e7\u00e3o aos autores \u2013 15 mar\u00e7o 2024Inscri\u00e7\u00f5es (m\u00edn. um autor por trabalho)* \u2013 14 abril 2024Inscri\u00e7\u00e3o de participantes sem comunica\u00e7\u00e3o \u2013 14 abril 2024Submiss\u00e3o do artigo completo \u2013 31 maio 2024 (mais informa\u00e7\u00e3o brevemente) * Pelo menos um dos autores do trabalho&hellip;&nbsp;<a href=\"https:\/\/sites.ipleiria.pt\/ceai2024\/datas-importantes\/\" rel=\"bookmark\">Ler mais &raquo;<span class=\"screen-reader-text\">Datas importantes<\/span><\/a><\/p>\n","protected":false},"author":65,"featured_media":0,"parent":0,"menu_order":0,"comment_status":"closed","ping_status":"closed","template":"","meta":{"neve_meta_sidebar":"","neve_meta_container":"","neve_meta_enable_content_width":"","neve_meta_content_width":0,"neve_meta_title_alignment":"","neve_meta_author_avatar":"","neve_post_elements_order":"","neve_meta_disable_header":"","neve_meta_disable_footer":"","neve_meta_disable_title":"","footnotes":""},"class_list":["post-10","page","type-page","status-publish","hentry"],"_links":{"self":[{"href":"https:\/\/sites.ipleiria.pt\/ceai2024\/wp-json\/wp\/v2\/pages\/10","targetHints":{"allow":["GET"]}}],"collection":[{"href":"https:\/\/sites.ipleiria.pt\/ceai2024\/wp-json\/wp\/v2\/pages"}],"about":[{"href":"https:\/\/sites.ipleiria.pt\/ceai2024\/wp-json\/wp\/v2\/types\/page"}],"author":[{"embeddable":true,"href":"https:\/\/sites.ipleiria.pt\/ceai2024\/wp-json\/wp\/v2\/users\/65"}],"replies":[{"embeddable":true,"href":"https:\/\/sites.ipleiria.pt\/ceai2024\/wp-json\/wp\/v2\/comments?post=10"}],"version-history":[{"count":11,"href":"https:\/\/sites.ipleiria.pt\/ceai2024\/wp-json\/wp\/v2\/pages\/10\/revisions"}],"predecessor-version":[{"id":269,"href":"https:\/\/sites.ipleiria.pt\/ceai2024\/wp-json\/wp\/v2\/pages\/10\/revisions\/269"}],"wp:attachment":[{"href":"https:\/\/sites.ipleiria.pt\/ceai2024\/wp-json\/wp\/v2\/media?parent=10"}],"curies":[{"name":"wp","href":"https:\/\/api.w.org\/{rel}","templated":true}]}}