{"id":11,"date":"2023-09-26T17:39:38","date_gmt":"2023-09-26T17:39:38","guid":{"rendered":"https:\/\/sites.ipleiria.pt\/ceai2024\/?page_id=11"},"modified":"2024-02-07T14:46:56","modified_gmt":"2024-02-07T14:46:56","slug":"inscricoes","status":"publish","type":"page","link":"https:\/\/sites.ipleiria.pt\/ceai2024\/inscricoes\/","title":{"rendered":"Inscri\u00e7\u00f5es"},"content":{"rendered":"\n<p>\u2014<\/p>\n\n\n\n<p><strong>Modalidades de Inscri\u00e7\u00e3o<br>Autores de comunica\u00e7\u00f5es <\/strong>(externos ao IPLeiria) \u2013 50 euros<br><strong>Participantes sem comunica\u00e7\u00e3o<\/strong> (externos ao IPLeiria) \u2013 15 euros<br><strong>Participantes e autores de comunica\u00e7\u00f5es <\/strong>(antigos alunos do IPLeiria registados na Rede IPLeiri@lumni) \u2013 20 euros<br><strong>Participantes e autores de comunica\u00e7\u00f5es do <strong><strong>IPLeiria<\/strong>\/FEEVALE\/Univ. Santiago Compostela <\/strong><\/strong> \u2013 20 euros<br><strong>Estudantes do <strong>IPLeiria<\/strong> (incluindo <em>alumni<\/em>  da <a href=\"https:\/\/www.ipleiria.pt\/inovar\/comunidade-e-parceiros\/alumni\/\">Rede IPLeiri@lumni<\/a>) \/ FEEVALE\/Univ. Santiago Compostela sem comunica\u00e7\u00e3o, com certificado<\/strong> \u2013 5 euros<br><strong>Estudantes do <strong><strong><strong>IPLeiria (incluindo <em>alumni<\/em>  da <a href=\"https:\/\/www.ipleiria.pt\/inovar\/comunidade-e-parceiros\/alumni\/\">Rede IPLeiri@lumni<\/a>)<\/strong><\/strong><\/strong><\/strong> <strong><strong><strong>\/ FEEVALE\/Univ. Santiago Compostela<\/strong><\/strong>  sem comunica\u00e7\u00e3o, sem certificado<\/strong> \u2013 gratuito<\/p>\n\n\n\n<p><strong>O valor da inscri\u00e7\u00e3o inclui:<\/strong><strong><br><\/strong>Participa\u00e7\u00e3o na confer\u00eancia e respetivas atividades\/<em>workshops<\/em><br>Certificado de Participa\u00e7\u00e3o<br>Certificado de apresenta\u00e7\u00e3o de trabalho (caso se aplique)<\/p>\n\n\n\n<figure class=\"wp-block-pullquote has-text-align-left\"><blockquote><p><strong>Inscri\u00e7\u00f5es  \u2013<\/strong> <a href=\"http:\/\/eventos.ipleiria.pt\/portal\/eventos?p_id=28000\">clicar aqui<\/a>.<\/p><\/blockquote><\/figure>\n\n\n\n<p><\/p>\n\n\n\n<p><strong>Forma\u00e7\u00e3o acreditada<\/strong> <em>\u00abEmo\u00e7\u00f5es, Artes e Interven\u00e7\u00e3o \u2013 abordagens colaborativas e participa\u00e7\u00e3o em espa\u00e7os educativos\u00bb<\/em><br><strong>Modalidade: <\/strong>a\u00e7\u00e3o de curta dura\u00e7\u00e3o, nos termos do Art\u00ba. 5\u00ba do despacho n\u00ba 5741\/2015, no \u00e2mbito da forma\u00e7\u00e3o cont\u00ednua de Pessoal Docente.<br><strong>N\u00ba de horas:<\/strong> 4<br><strong>Destinat\u00e1rios:<\/strong> Educadores e Professores de todos os ciclos de ensino.<\/p>\n\n\n\n<figure class=\"wp-block-pullquote has-text-align-left\"><blockquote><p><strong>Inscri\u00e7\u00f5es para Educadores e Professores \u2013<\/strong> <a href=\"https:\/\/forms.gle\/F1mREbS9iS52yi3P7\">clicar aqui<\/a>.<\/p><\/blockquote><\/figure>\n\n\n\n<p>\u2014<\/p>\n","protected":false},"excerpt":{"rendered":"<p>\u2014 Modalidades de Inscri\u00e7\u00e3oAutores de comunica\u00e7\u00f5es (externos ao IPLeiria) \u2013 50 eurosParticipantes sem comunica\u00e7\u00e3o (externos ao IPLeiria) \u2013 15 eurosParticipantes e autores de comunica\u00e7\u00f5es (antigos alunos do IPLeiria registados na Rede IPLeiri@lumni) \u2013 20 eurosParticipantes e autores de comunica\u00e7\u00f5es do IPLeiria\/FEEVALE\/Univ. Santiago Compostela \u2013 20 eurosEstudantes do IPLeiria (incluindo alumni da Rede IPLeiri@lumni) \/ FEEVALE\/Univ.&hellip;&nbsp;<a href=\"https:\/\/sites.ipleiria.pt\/ceai2024\/inscricoes\/\" rel=\"bookmark\">Ler mais &raquo;<span class=\"screen-reader-text\">Inscri\u00e7\u00f5es<\/span><\/a><\/p>\n","protected":false},"author":65,"featured_media":0,"parent":0,"menu_order":0,"comment_status":"closed","ping_status":"closed","template":"","meta":{"neve_meta_sidebar":"","neve_meta_container":"","neve_meta_enable_content_width":"","neve_meta_content_width":0,"neve_meta_title_alignment":"","neve_meta_author_avatar":"","neve_post_elements_order":"","neve_meta_disable_header":"","neve_meta_disable_footer":"","neve_meta_disable_title":"","footnotes":""},"class_list":["post-11","page","type-page","status-publish","hentry"],"_links":{"self":[{"href":"https:\/\/sites.ipleiria.pt\/ceai2024\/wp-json\/wp\/v2\/pages\/11","targetHints":{"allow":["GET"]}}],"collection":[{"href":"https:\/\/sites.ipleiria.pt\/ceai2024\/wp-json\/wp\/v2\/pages"}],"about":[{"href":"https:\/\/sites.ipleiria.pt\/ceai2024\/wp-json\/wp\/v2\/types\/page"}],"author":[{"embeddable":true,"href":"https:\/\/sites.ipleiria.pt\/ceai2024\/wp-json\/wp\/v2\/users\/65"}],"replies":[{"embeddable":true,"href":"https:\/\/sites.ipleiria.pt\/ceai2024\/wp-json\/wp\/v2\/comments?post=11"}],"version-history":[{"count":16,"href":"https:\/\/sites.ipleiria.pt\/ceai2024\/wp-json\/wp\/v2\/pages\/11\/revisions"}],"predecessor-version":[{"id":222,"href":"https:\/\/sites.ipleiria.pt\/ceai2024\/wp-json\/wp\/v2\/pages\/11\/revisions\/222"}],"wp:attachment":[{"href":"https:\/\/sites.ipleiria.pt\/ceai2024\/wp-json\/wp\/v2\/media?parent=11"}],"curies":[{"name":"wp","href":"https:\/\/api.w.org\/{rel}","templated":true}]}}