{"id":12,"date":"2023-09-26T17:39:38","date_gmt":"2023-09-26T17:39:38","guid":{"rendered":"https:\/\/sites.ipleiria.pt\/ceai2024\/?page_id=12"},"modified":"2024-06-20T09:55:00","modified_gmt":"2024-06-20T09:55:00","slug":"publicacao","status":"publish","type":"page","link":"https:\/\/sites.ipleiria.pt\/ceai2024\/publicacao\/","title":{"rendered":"Publica\u00e7\u00f5es"},"content":{"rendered":"\n<p><\/p>\n\n\n\n<h2 class=\"wp-block-heading\">Publica\u00e7\u00f5es<\/h2>\n\n\n\n<p class=\"has-medium-font-size\"><\/p>\n\n\n\n<p>A 4.\u00aa Confer\u00eancia Internacional Emo\u00e7\u00f5es, Artes e Interven\u00e7\u00e3o: Abordagens colaborativas e participa\u00e7\u00e3o em espa\u00e7os educativos incluir\u00e1 comunica\u00e7\u00f5es das diferentes \u00e1reas tem\u00e1ticas, contando, para isso, com sess\u00f5es plen\u00e1rias com <em>Keynote Speakers<\/em> e sess\u00f5es paralelas para apresenta\u00e7\u00e3o de comunica\u00e7\u00f5es. Os trabalhos enviados ser\u00e3o revistos atrav\u00e9s de uma avalia\u00e7\u00e3o cega efetuada por especialistas da Comiss\u00e3o Cient\u00edfica da Confer\u00eancia. A avalia\u00e7\u00e3o ter\u00e1 em considera\u00e7\u00e3o:<\/p>\n\n\n\n<p>\u00b7 &nbsp; &nbsp; &nbsp; A pertin\u00eancia do trabalho face \u00e0s tem\u00e1ticas da confer\u00eancia;<br>\u00b7 &nbsp; &nbsp; &nbsp; A qualidade cient\u00edfica e\/ou contributos relevantes para a \u00e1rea;<br>\u00b7 &nbsp; &nbsp; &nbsp; O cumprimento das normas definidas pela Comiss\u00e3o Organizadora.<\/p>\n\n\n\n<p>Ap\u00f3s processo de revis\u00e3o cient\u00edfica por pares, ser\u00e1 feita a <strong>publica\u00e7\u00e3o do Livro de Atas <\/strong>com ISBN europeu e a <strong>publica\u00e7\u00e3o de Monografia Tem\u00e1tica<\/strong>, tamb\u00e9m com ISBN europeu, dos trabalhos avaliados positivamente. Os autores dos trabalhos com melhor avalia\u00e7\u00e3o por parte da comiss\u00e3o cient\u00edfica ser\u00e3o convidados para uma <strong>submiss\u00e3o \u00e0 <em>Revista Conhecimento Online <\/em>(ISSN: 2176-8501), revista indexada \u00e0 Scopus, que dedicar\u00e1 uma edi\u00e7\u00e3o \u00e0 4.\u00aa Confer\u00eancia Internacional Emo\u00e7\u00f5es, Artes e Interven\u00e7\u00e3o.<\/strong><\/p>\n\n\n\n<p>A apresenta\u00e7\u00e3o e publica\u00e7\u00e3o dos trabalhos em livro de resumos e na Monografia\/Revista est\u00e3o condicionadas <strong>\u00e0 inscri\u00e7\u00e3o na Confer\u00eancia de pelo menos um dos autores e \u00e0 apresenta\u00e7\u00e3o da comunica\u00e7\u00e3o no evento<\/strong>.<br>O certificado de apresenta\u00e7\u00e3o ser\u00e1 emitido em nome do autor inscrito e que apresentar o\/s trabalho\/s.<\/p>\n\n\n\n<p>&nbsp;<strong>Resumo alargado<\/strong><\/p>\n\n\n\n<p>As propostas de submiss\u00e3o do resumo alargado devem ser feitas atrav\u00e9s do seguinte endere\u00e7o de e-mail: <strong><a href=\"mailto:ceai.esecs@gmail.com\" target=\"_blank\" rel=\"noreferrer noopener\">ceai.esecs@gmail.com<\/a><\/strong>.<br>O resumo alargado deve respeitar os seguintes par\u00e2metros:<\/p>\n\n\n\n<p>\u00b7 &nbsp; &nbsp; &nbsp; Deve estar em formato edit\u00e1vel (.docx \/ .doc) e em formato n\u00e3o edit\u00e1vel (.pdf)<br>\u00b7 &nbsp; &nbsp; &nbsp; Deve ter entre 800 e 1000 palavras;<br>\u00b7 &nbsp; &nbsp; &nbsp; Deve respeitar o modelo de resumo alargado, dispon\u00edvel aqui: <a href=\"http:\/\/sites.ipleiria.pt\/ceai2024\/files\/2023\/12\/ceai24_template_pt.docx\">http:\/\/sites.ipleiria.pt\/ceai2024\/files\/2023\/12\/ceai24_template_pt.docx<\/a><\/p>\n\n\n\n<p><strong>Artigo cient\u00edfico<\/strong><\/p>\n\n\n\n<p>As comunica\u00e7\u00f5es livres visam a apresenta\u00e7\u00e3o de investiga\u00e7\u00f5es cient\u00edficas e de experi\u00eancias pr\u00e1ticas, decorrentes de trabalhos acad\u00e9micos, projetos e de iniciativas pr\u00e1ticas.<\/p>\n\n\n\n<p>\u00b7 &nbsp; &nbsp; &nbsp; Apresenta\u00e7\u00e3o oral da comunica\u00e7\u00e3o: 10 minutos + 5 de discuss\u00e3o;<br>\u00b7 &nbsp; &nbsp; &nbsp; Envio do artigo completo: at\u00e9 <strong>31 de maio de 2024<\/strong>, para o <a href=\"mailto:ceai.esecs@gmail.com\"><strong>e-mail da confer\u00eancia<\/strong><\/a>.<\/p>\n\n\n\n<p><\/p>\n\n\n\n<p><strong>Normas a seguir:<\/strong><\/p>\n\n\n\n<p><strong>1. Titulo e autor(es):<\/strong> Alinhamento centrado: Titulo do Artigo (mai\u00fasculas, a negrito). Nome (es) do(s) Autor(es). Institui\u00e7\u00e3o \/ Institui\u00e7\u00e3o de Perten\u00e7a<\/p>\n\n\n\n<p><strong>2. Resumo:<\/strong>&nbsp;Tipo de letra Times New Roman, corpo 10, m\u00e1ximo de 200 palavras, margem direita e esquerda de 2,5 cm; espa\u00e7amento entre linhas simples, alinhamento justificado, avan\u00e7o do par\u00e1grafo de 1 cm \u00e0 direita e \u00e0 esquerda. Ao fim do resumo, listar de tr\u00eas a cinco palavras-chave (em letras min\u00fasculas e separadas por ponto e v\u00edrgula).<\/p>\n\n\n\n<p><strong>3. Corpo do texto:<\/strong> Tipo de letra Times New Roman, tamanho 12, margem direita e esquerda de 2,5 cm, e superior e inferior de 2,5 cm, espa\u00e7amento entre linhas 1,5; sem espa\u00e7amento entre par\u00e1grafos (0 pontos); alinhamento justificado; avan\u00e7o da primeira linha do par\u00e1grafo de 1 cm; t\u00edtulos e subt\u00edtulos a negrito.<\/p>\n\n\n\n<p><strong>4. Extens\u00e3o do artigo:<\/strong> m\u00ednimo 30 000 carateres com espa\u00e7amento e m\u00e1ximo 35 000, incluindo a bibliografia, tabelas, figuras, quadros ou anexos.<\/p>\n\n\n\n<p><strong>5. Cita\u00e7\u00f5es bibliogr\u00e1ficas e\/ou refer\u00eancias indicadas no corpo do texto:<\/strong>&nbsp;(Autor, ano, p\u00e1gina\/s).<\/p>\n\n\n\n<p><strong>6. Notas de rodap\u00e9:<\/strong>&nbsp;numeradas sequencialmente, colocadas na pr\u00f3pria p\u00e1gina.<\/p>\n\n\n\n<p><strong>7. Refer\u00eancias bibliogr\u00e1ficas<\/strong>: organizadas por ordem alfab\u00e9tica segundo o sistema <strong>autor\/data\/t\u00edtulo\/cidade\/editor,<\/strong> colocando em it\u00e1lico o t\u00edtulo do livro ou o t\u00edtulo da revista onde os cap\u00edtulos e os artigos se encontram, respetivamente, publicados. Utilize o Publication Manual of the American Psychological Association (APA, 7.\u00aa edi\u00e7\u00e3o). Os autores n\u00e3o devem ser redigidos em mai\u00fasculas. Espa\u00e7amento entre linhas simples. Tamanho de letra 12.<\/p>\n\n\n\n<p><strong>\u00c1reas Tem\u00e1ticas<\/strong><br>Arte e interven\u00e7\u00e3o<br>Educa\u00e7\u00e3o emocional<br>Desenvolvimento e sa\u00fade mental<br>Interven\u00e7\u00e3o psicossocial<br>Interven\u00e7\u00e3o e comunidade<br>Promo\u00e7\u00e3o e defesa dos direitos humanos<br>Educa\u00e7\u00e3o e interven\u00e7\u00e3o em contextos educativos<br>Ambientes participativos desenvolvidos em parceria<br>Pr\u00e1ticas profissionais e abordagens participativas<br>Comunica\u00e7\u00e3o e contextos digitais<\/p>\n\n\n\n<p><strong>Idiomas de trabalho<\/strong> Portugu\u00eas, Ingl\u00eas, Espanhol<\/p>\n\n\n\n<figure class=\"wp-block-image size-full is-resized\"><a href=\"http:\/\/sites.ipleiria.pt\/ceai2024\/files\/2024\/06\/CIEAI_Atas_2024.pdf\"><img loading=\"lazy\" decoding=\"async\" width=\"594\" height=\"854\" src=\"https:\/\/sites.ipleiria.pt\/ceai2024\/files\/2024\/04\/capa_livro_resumos.png\" alt=\"\" class=\"wp-image-357\" style=\"width:258px;height:auto\" srcset=\"https:\/\/sites.ipleiria.pt\/ceai2024\/files\/2024\/04\/capa_livro_resumos.png 594w, https:\/\/sites.ipleiria.pt\/ceai2024\/files\/2024\/04\/capa_livro_resumos-209x300.png 209w\" sizes=\"auto, (max-width: 594px) 100vw, 594px\" \/><\/a><\/figure>\n\n\n\n<p><\/p>\n\n\n\n<p><strong>Publica\u00e7\u00f5es anteriores<\/strong><\/p>\n\n\n\n<div class=\"wp-block-columns is-layout-flex wp-container-core-columns-is-layout-1 wp-block-columns-is-layout-flex\">\n<div class=\"wp-block-column is-layout-flow wp-block-column-is-layout-flow\">\n<figure class=\"wp-block-image size-large is-resized\"><a href=\"https:\/\/www.ipleiria.pt\/esecs\/wp-content\/uploads\/sites\/15\/2021\/01\/E.book_emocoes_artes_inter_AF.pdf\"><img loading=\"lazy\" decoding=\"async\" width=\"721\" height=\"1024\" src=\"https:\/\/sites.ipleiria.pt\/ceai2024\/files\/2023\/12\/Captura-de-ecra\u0303-2023-12-13-a\u0300s-10.36.53-721x1024.png\" alt=\"\" class=\"wp-image-195\" style=\"aspect-ratio:0.6947584789311408;width:297px;height:auto\" srcset=\"https:\/\/sites.ipleiria.pt\/ceai2024\/files\/2023\/12\/Captura-de-ecra\u0303-2023-12-13-a\u0300s-10.36.53-721x1024.png 721w, https:\/\/sites.ipleiria.pt\/ceai2024\/files\/2023\/12\/Captura-de-ecra\u0303-2023-12-13-a\u0300s-10.36.53-211x300.png 211w, https:\/\/sites.ipleiria.pt\/ceai2024\/files\/2023\/12\/Captura-de-ecra\u0303-2023-12-13-a\u0300s-10.36.53-768x1091.png 768w, https:\/\/sites.ipleiria.pt\/ceai2024\/files\/2023\/12\/Captura-de-ecra\u0303-2023-12-13-a\u0300s-10.36.53.png 946w\" sizes=\"auto, (max-width: 721px) 100vw, 721px\" \/><\/a><\/figure>\n<\/div>\n\n\n\n<div class=\"wp-block-column is-layout-flow wp-block-column-is-layout-flow\">\n<figure class=\"wp-block-image size-full is-resized\"><a href=\"https:\/\/iconline.ipleiria.pt\/handle\/10400.8\/6477\"><img loading=\"lazy\" decoding=\"async\" width=\"676\" height=\"973\" src=\"http:\/\/sites.ipleiria.pt\/ceai2024\/files\/2023\/12\/capa_livro_almedina-676x973-1.png\" alt=\"\" class=\"wp-image-163\" style=\"aspect-ratio:0.6953125;width:299px;height:auto\" srcset=\"https:\/\/sites.ipleiria.pt\/ceai2024\/files\/2023\/12\/capa_livro_almedina-676x973-1.png 676w, https:\/\/sites.ipleiria.pt\/ceai2024\/files\/2023\/12\/capa_livro_almedina-676x973-1-208x300.png 208w\" sizes=\"auto, (max-width: 676px) 100vw, 676px\" \/><\/a><\/figure>\n<\/div>\n\n\n\n<div class=\"wp-block-column is-layout-flow wp-block-column-is-layout-flow\">\n<figure class=\"wp-block-image size-large is-resized\"><a href=\"https:\/\/iconline.ipleiria.pt\/handle\/10400.8\/8457\"><img loading=\"lazy\" decoding=\"async\" width=\"712\" height=\"1024\" src=\"https:\/\/sites.ipleiria.pt\/ceai2024\/files\/2023\/12\/Captura-de-ecra\u0303-2023-12-12-a\u0300s-16.42.12-712x1024.png\" alt=\"\" class=\"wp-image-180\" style=\"aspect-ratio:0.6953125;width:300px;height:auto\" srcset=\"https:\/\/sites.ipleiria.pt\/ceai2024\/files\/2023\/12\/Captura-de-ecra\u0303-2023-12-12-a\u0300s-16.42.12-712x1024.png 712w, https:\/\/sites.ipleiria.pt\/ceai2024\/files\/2023\/12\/Captura-de-ecra\u0303-2023-12-12-a\u0300s-16.42.12-209x300.png 209w, https:\/\/sites.ipleiria.pt\/ceai2024\/files\/2023\/12\/Captura-de-ecra\u0303-2023-12-12-a\u0300s-16.42.12-768x1105.png 768w, https:\/\/sites.ipleiria.pt\/ceai2024\/files\/2023\/12\/Captura-de-ecra\u0303-2023-12-12-a\u0300s-16.42.12.png 844w\" sizes=\"auto, (max-width: 712px) 100vw, 712px\" \/><\/a><\/figure>\n<\/div>\n<\/div>\n\n\n\n<div style=\"height:34px\" aria-hidden=\"true\" class=\"wp-block-spacer\"><\/div>\n","protected":false},"excerpt":{"rendered":"<p>Publica\u00e7\u00f5es A 4.\u00aa Confer\u00eancia Internacional Emo\u00e7\u00f5es, Artes e Interven\u00e7\u00e3o: Abordagens colaborativas e participa\u00e7\u00e3o em espa\u00e7os educativos incluir\u00e1 comunica\u00e7\u00f5es das diferentes \u00e1reas tem\u00e1ticas, contando, para isso, com sess\u00f5es plen\u00e1rias com Keynote Speakers e sess\u00f5es paralelas para apresenta\u00e7\u00e3o de comunica\u00e7\u00f5es. Os trabalhos enviados ser\u00e3o revistos atrav\u00e9s de uma avalia\u00e7\u00e3o cega efetuada por especialistas da Comiss\u00e3o Cient\u00edfica da&hellip;&nbsp;<a href=\"https:\/\/sites.ipleiria.pt\/ceai2024\/publicacao\/\" rel=\"bookmark\">Ler mais &raquo;<span class=\"screen-reader-text\">Publica\u00e7\u00f5es<\/span><\/a><\/p>\n","protected":false},"author":65,"featured_media":0,"parent":0,"menu_order":0,"comment_status":"closed","ping_status":"closed","template":"","meta":{"neve_meta_sidebar":"","neve_meta_container":"","neve_meta_enable_content_width":"","neve_meta_content_width":0,"neve_meta_title_alignment":"","neve_meta_author_avatar":"","neve_post_elements_order":"","neve_meta_disable_header":"","neve_meta_disable_footer":"","neve_meta_disable_title":"","footnotes":""},"class_list":["post-12","page","type-page","status-publish","hentry"],"_links":{"self":[{"href":"https:\/\/sites.ipleiria.pt\/ceai2024\/wp-json\/wp\/v2\/pages\/12","targetHints":{"allow":["GET"]}}],"collection":[{"href":"https:\/\/sites.ipleiria.pt\/ceai2024\/wp-json\/wp\/v2\/pages"}],"about":[{"href":"https:\/\/sites.ipleiria.pt\/ceai2024\/wp-json\/wp\/v2\/types\/page"}],"author":[{"embeddable":true,"href":"https:\/\/sites.ipleiria.pt\/ceai2024\/wp-json\/wp\/v2\/users\/65"}],"replies":[{"embeddable":true,"href":"https:\/\/sites.ipleiria.pt\/ceai2024\/wp-json\/wp\/v2\/comments?post=12"}],"version-history":[{"count":35,"href":"https:\/\/sites.ipleiria.pt\/ceai2024\/wp-json\/wp\/v2\/pages\/12\/revisions"}],"predecessor-version":[{"id":369,"href":"https:\/\/sites.ipleiria.pt\/ceai2024\/wp-json\/wp\/v2\/pages\/12\/revisions\/369"}],"wp:attachment":[{"href":"https:\/\/sites.ipleiria.pt\/ceai2024\/wp-json\/wp\/v2\/media?parent=12"}],"curies":[{"name":"wp","href":"https:\/\/api.w.org\/{rel}","templated":true}]}}