{"id":13,"date":"2023-09-26T17:39:38","date_gmt":"2023-09-26T17:39:38","guid":{"rendered":"https:\/\/sites.ipleiria.pt\/ceai2024\/?page_id=13"},"modified":"2023-12-13T10:35:20","modified_gmt":"2023-12-13T10:35:20","slug":"contactos","status":"publish","type":"page","link":"https:\/\/sites.ipleiria.pt\/ceai2024\/contactos\/","title":{"rendered":"Contactos"},"content":{"rendered":"\n<p><\/p>\n\n\n\n<p><strong>Comiss\u00e3o Organizadora<\/strong><br>Jenny Sousa \u2013<a href=\"mailto:jenny.sousa@ipleiria.pt\"> jenny.sousa@ipleiria.pt<\/a><br>Maria Jo\u00e3o Santos \u2013 <a href=\"mailto:m.joao.santos@ipleiria.pt\">m.joao.santos@ipleiria.pt<\/a><br>L\u00facia Magueta \u2013<a href=\"mailto:lucia.magueta@ipleiria.pt\"> lucia.magueta@ipleiria.pt<\/a><br>Maria de S\u00e3o Pedro Lopes \u2013 <a href=\"mailto:msplopes@ipleiria.pt\">msplopes@ipleiria.pt<\/a><br>Leonel Brites \u2013 <a href=\"mailto:leonel.brites@ipleiria.pt\">leonel.brites@ipleiria.pt<\/a><\/p>\n\n\n\n<p><strong>E-mail geral <\/strong><a href=\"mailto:ceai.esecs@gmail.com\">ceai.esecs@gmail.com<\/a><\/p>\n\n\n\n<p>Escola Superior de Educa\u00e7\u00e3o e Ci\u00eancias Sociais (Leiria)<br>Campus 1 \u2014 Instituto Polit\u00e9cnico de Leiria<br>Rua Dr. Jo\u00e3o Soares<br>Apartado 4045<br>2411-901 Leiria \u2013 Portugal<br>Tel: (+351) 244 829400<br>E-mail: <a href=\"mailto:esecs@ipleiria.pt\">esecs@ipleiria.pt<\/a><\/p>\n","protected":false},"excerpt":{"rendered":"<p>Comiss\u00e3o OrganizadoraJenny Sousa \u2013 jenny.sousa@ipleiria.ptMaria Jo\u00e3o Santos \u2013 m.joao.santos@ipleiria.ptL\u00facia Magueta \u2013 lucia.magueta@ipleiria.ptMaria de S\u00e3o Pedro Lopes \u2013 msplopes@ipleiria.ptLeonel Brites \u2013 leonel.brites@ipleiria.pt E-mail geral ceai.esecs@gmail.com Escola Superior de Educa\u00e7\u00e3o e Ci\u00eancias Sociais (Leiria)Campus 1 \u2014 Instituto Polit\u00e9cnico de LeiriaRua Dr. Jo\u00e3o SoaresApartado 40452411-901 Leiria \u2013 PortugalTel: (+351) 244 829400E-mail: esecs@ipleiria.pt<\/p>\n","protected":false},"author":65,"featured_media":0,"parent":0,"menu_order":0,"comment_status":"closed","ping_status":"closed","template":"","meta":{"neve_meta_sidebar":"","neve_meta_container":"","neve_meta_enable_content_width":"","neve_meta_content_width":0,"neve_meta_title_alignment":"","neve_meta_author_avatar":"","neve_post_elements_order":"","neve_meta_disable_header":"","neve_meta_disable_footer":"","neve_meta_disable_title":"","footnotes":""},"class_list":["post-13","page","type-page","status-publish","hentry"],"_links":{"self":[{"href":"https:\/\/sites.ipleiria.pt\/ceai2024\/wp-json\/wp\/v2\/pages\/13","targetHints":{"allow":["GET"]}}],"collection":[{"href":"https:\/\/sites.ipleiria.pt\/ceai2024\/wp-json\/wp\/v2\/pages"}],"about":[{"href":"https:\/\/sites.ipleiria.pt\/ceai2024\/wp-json\/wp\/v2\/types\/page"}],"author":[{"embeddable":true,"href":"https:\/\/sites.ipleiria.pt\/ceai2024\/wp-json\/wp\/v2\/users\/65"}],"replies":[{"embeddable":true,"href":"https:\/\/sites.ipleiria.pt\/ceai2024\/wp-json\/wp\/v2\/comments?post=13"}],"version-history":[{"count":3,"href":"https:\/\/sites.ipleiria.pt\/ceai2024\/wp-json\/wp\/v2\/pages\/13\/revisions"}],"predecessor-version":[{"id":193,"href":"https:\/\/sites.ipleiria.pt\/ceai2024\/wp-json\/wp\/v2\/pages\/13\/revisions\/193"}],"wp:attachment":[{"href":"https:\/\/sites.ipleiria.pt\/ceai2024\/wp-json\/wp\/v2\/media?parent=13"}],"curies":[{"name":"wp","href":"https:\/\/api.w.org\/{rel}","templated":true}]}}