{"id":14,"date":"2023-09-26T17:39:38","date_gmt":"2023-09-26T17:39:38","guid":{"rendered":"https:\/\/sites.ipleiria.pt\/ceai2024\/?page_id=14"},"modified":"2025-04-22T14:04:38","modified_gmt":"2025-04-22T14:04:38","slug":"apresentacao","status":"publish","type":"page","link":"https:\/\/sites.ipleiria.pt\/ceai2024\/","title":{"rendered":"Apresenta\u00e7\u00e3o"},"content":{"rendered":"\n<div class=\"wp-block-group alignwide\"><div class=\"wp-block-group__inner-container is-layout-flow wp-block-group-is-layout-flow\">\n<figure class=\"wp-block-image alignfull\"><img decoding=\"async\" src=\"https:\/\/sites.ipleiria.pt\/ceai2024\/files\/2023\/11\/illustr_final.png\" alt=\"Esta imagem tem um texto alternativo em branco, o nome da imagem \u00e9 illustr_final.png\"\/><\/figure>\n\n\n\n<h4 class=\"wp-block-heading has-text-align-center has-small-font-size\" style=\"text-transform:uppercase\"><strong>4.\u00aa Confer\u00eancia Internacional<\/strong><\/h4>\n\n\n\n<h1 class=\"wp-block-heading alignfull has-text-align-center\" style=\"font-size:58px;font-style:normal;font-weight:900\"><strong>Emo\u00e7\u00f5es, Artes e Interven\u00e7\u00e3o<\/strong><\/h1>\n\n\n\n<h4 class=\"wp-block-heading has-text-align-center\"><strong><strong>Abordagens colaborativas e participa\u00e7\u00e3o em espa\u00e7os educativos<\/strong><\/strong><\/h4>\n\n\n\n<h2 class=\"wp-block-heading has-text-align-center\"><strong>18 e 19 de abril de 2024<\/strong><\/h2>\n\n\n\n<p class=\"has-text-align-center\">\u00b7\u00b7\u00b7\u00b7\u00b7\u00b7\u00b7\u00b7\u00b7\u00b7\u00b7\u00b7\u00b7\u00b7\u00b7\u00b7<\/p>\n\n\n\n<h4 class=\"wp-block-heading has-text-align-center\"><a href=\"https:\/\/sites.ipleiria.pt\/ceai2024\/files\/2024\/06\/CIEAI_Atas_2024.pdf\"><strong>Ver Livro de Atas da Publica\u00e7\u00e3o<\/strong><\/a><\/h4>\n<\/div><\/div>\n\n\n\n<p class=\"has-text-align-center\">\u00b7\u00b7\u00b7\u00b7\u00b7\u00b7\u00b7\u00b7\u00b7\u00b7\u00b7\u00b7\u00b7\u00b7\u00b7\u00b7<\/p>\n\n\n\n<div class=\"wp-block-group alignwide\"><div class=\"wp-block-group__inner-container is-layout-flow wp-block-group-is-layout-flow\">\n<h4 class=\"wp-block-heading alignwide has-text-align-left has-medium-font-size\">A Escola Superior de Educa\u00e7\u00e3o e Ci\u00eancias Sociais do Polit\u00e9cnico de Leiria tem o prazer de apresentar a 4.\u00aa Edi\u00e7\u00e3o da Confer\u00eancia Internacional Emo\u00e7\u00f5es, Artes e Interven\u00e7\u00e3o, este ano com um enfoque especial nas abordagens colaborativas e participa\u00e7\u00e3o em espa\u00e7os educativos.<\/h4>\n\n\n\n<h4 class=\"wp-block-heading alignwide has-medium-font-size\">Esta 4.\u00aa edi\u00e7\u00e3o da <strong>Confer\u00eancia Internacional Emo\u00e7\u00f5es, Arte e Interven\u00e7\u00e3o <\/strong>assume-se novamente como um espa\u00e7o de investiga\u00e7\u00e3o, reflex\u00e3o e divulga\u00e7\u00e3o. Conta com a participa\u00e7\u00e3o de especialistas de diferentes \u00e1reas disciplinares que partilham e refletem sobre pensamento emocional, a sua rela\u00e7\u00e3o com a arte, e as m\u00faltiplas dimens\u00f5es de uma interven\u00e7\u00e3o socioeducativa que considera a participa\u00e7\u00e3o do indiv\u00edduo.<\/h4>\n\n\n\n<h4 class=\"wp-block-heading alignwide has-medium-font-size\">Assim, procura-se conhecer e divulgar processos libertadores das potencialidades expressivas, interpretativas e reconfiguradoras das pr\u00e1ticas de interven\u00e7\u00e3o e dos novos \u00e2mbitos operativos que se apoiam numa pedagogia participativa. No contexto atual, as abordagens colaborativas e a participa\u00e7\u00e3o ganham import\u00e2ncia como metodologias de interven\u00e7\u00e3o social, educativa e cultural, e materializam-se em projetos de desenvolvimento da comunidade para maximizar a participa\u00e7\u00e3o dos diversos destinat\u00e1rios, tornando-se lugares de aprendizagem ativa, de encontro e de conviv\u00eancia cidad\u00e3.<\/h4>\n\n\n\n<h4 class=\"wp-block-heading alignwide has-medium-font-size\">Valoriza-se, portanto, uma perspetiva multidisciplinar, potenciadora de sinergias de mat\u00e9rias cient\u00edficas ou reflexivas, que impulsionem a discuss\u00e3o e a constru\u00e7\u00e3o do conhecimento acerca do pensamento emocional e o seu papel na a\u00e7\u00e3o humana e no desenvolvimento de comportamentos promotores da ado\u00e7\u00e3o de estrat\u00e9gias que estimulem a participa\u00e7\u00e3o.<\/h4>\n\n\n\n<h4 class=\"wp-block-heading alignwide has-medium-font-size\"><br>Para organizarmos esta discuss\u00e3o, cri\u00e1mos tr\u00eas linhas de discuss\u00e3o, que se operacionalizam nas \u00e1reas tem\u00e1ticas identificadas abaixo.<\/h4>\n\n\n\n<p><\/p>\n\n\n\n<h4 class=\"wp-block-heading alignwide has-medium-font-size\">\u2014 <strong>LINHAS DE DISCUSS\u00c3O<\/strong> \u2014 <br>\u00b7 A arte e a comunica\u00e7\u00e3o como express\u00e3o e instrumentos das emo\u00e7\u00f5es, e o seu papel para o desenvolvimento do pensamento emocional e do comportamento;<br>\u00b7 A educa\u00e7\u00e3o emocional como uma \u00e1rea transversal a diversos contextos de aprendizagem e de a\u00e7\u00e3o humana;<br>\u00b7 Ambientes favor\u00e1veis \u00e0 participa\u00e7\u00e3o e desenvolvimento do indiv\u00edduo.<br><br>\u2014 \u00c1REAS TEM\u00c1TICAS \u2014<br>Arte e interven\u00e7\u00e3o<br>Educa\u00e7\u00e3o emocional<br>Desenvolvimento e sa\u00fade mental<br>Interven\u00e7\u00e3o psicossocial<br>Interven\u00e7\u00e3o e comunidade<br>Promo\u00e7\u00e3o e defesa dos direitos humanos<br>Educa\u00e7\u00e3o e interven\u00e7\u00e3o em contextos educativos<br>Ambientes participativos desenvolvidos em parceria<br>Pr\u00e1ticas profissionais e abordagens participativas<br>Comunica\u00e7\u00e3o e contextos digitais<br><\/h4>\n<\/div><\/div>\n\n\n\n<div class=\"wp-block-group alignwide\"><div class=\"wp-block-group__inner-container is-layout-flow wp-block-group-is-layout-flow\">\n<h4 class=\"wp-block-heading alignwide has-medium-font-size\">Sendo um espa\u00e7o aberto, de encontro e debate entre os diversos participantes, esta confer\u00eancia tem como principais objetivos:<br><br>\u2013 Promover o interc\u00e2mbio entre investigadores e profissionais nos dom\u00ednios da arte, educa\u00e7\u00e3o, comunica\u00e7\u00e3o, interven\u00e7\u00e3o social e sa\u00fade;<br>\u2013 Conhecer pr\u00e1ticas de trabalho colaborativo desenvolvidas em m\u00faltiplos espa\u00e7os educativos e com p\u00fablicos diversificados;<br>\u2013 Apresentar e debater resultados da investiga\u00e7\u00e3o e de pr\u00e1ticas profissionais que promovam ambientes participativos desenvolvidos em parceria com os destinat\u00e1rios;<br>\u2013 Problematizar as rela\u00e7\u00f5es do pensamento emocional e do seu papel na constru\u00e7\u00e3o de comportamentos adaptativos atrav\u00e9s das artes.<\/h4>\n\n\n\n<h4 class=\"wp-block-heading alignwide has-medium-font-size\">Pretende-se, assim, construir um espa\u00e7o de partilha de investiga\u00e7\u00f5es, de a\u00e7\u00f5es e de experi\u00eancias, de diferentes agentes, atores sociais e profissionais que interv\u00eam em espa\u00e7os educativos. Ser\u00e3o apresentadas sugest\u00f5es t\u00e9cnico-did\u00e1ticas, educacionais e de interven\u00e7\u00e3o no campo do desenvolvimento do pensamento emocional, como um modelo de atua\u00e7\u00e3o que possa envolver o espa\u00e7o educativo, o campo da sa\u00fade e o desenvolvimento humano.<\/h4>\n\n\n\n<h4 class=\"wp-block-heading alignwide has-medium-font-size\">Quando? Dia 18 e 19 de abril de 2024.<\/h4>\n\n\n\n<h4 class=\"wp-block-heading alignwide has-medium-font-size\"><strong>Onde?<\/strong> Esta confer\u00eancia vai acontecer num formato misto, presencial e online, tendo a ESECS como lugar.<\/h4>\n\n\n\n<p><strong>Organiza\u00e7\u00e3o no \u00e2mbito<\/strong><\/p>\n\n\n\n<p><strong>Clube Unesco de Inova\u00e7\u00e3o Cultural<\/strong><br><strong>Mestrado em Interven\u00e7\u00e3o e Anima\u00e7\u00e3o Art\u00edsticas<\/strong><br><strong>Mestrado em Ci\u00eancias da Educa\u00e7\u00e3o \u2013 Especializa\u00e7\u00e3o em Educa\u00e7\u00e3o e Desenvolvimento Comunit\u00e1rio<\/strong> <\/p>\n<\/div><\/div>\n\n\n\n<p><\/p>\n\n\n\n<p><\/p>\n\n\n\n<h2 class=\"wp-block-heading has-text-align-center\"><\/h2>\n\n\n<div class=\"wp-block-image\">\n<figure class=\"aligncenter size-full\"><img loading=\"lazy\" decoding=\"async\" width=\"1190\" height=\"178\" src=\"https:\/\/sites.ipleiria.pt\/ceai2024\/files\/2024\/02\/logos_2-1024x178-1.png\" alt=\"\" class=\"wp-image-238\" style=\"aspect-ratio:5.752808988764045;object-fit:contain\" srcset=\"https:\/\/sites.ipleiria.pt\/ceai2024\/files\/2024\/02\/logos_2-1024x178-1.png 1190w, https:\/\/sites.ipleiria.pt\/ceai2024\/files\/2024\/02\/logos_2-1024x178-1-300x45.png 300w, https:\/\/sites.ipleiria.pt\/ceai2024\/files\/2024\/02\/logos_2-1024x178-1-1024x153.png 1024w, https:\/\/sites.ipleiria.pt\/ceai2024\/files\/2024\/02\/logos_2-1024x178-1-768x115.png 768w\" sizes=\"auto, (max-width: 1190px) 100vw, 1190px\" \/><\/figure><\/div>","protected":false},"excerpt":{"rendered":"<p>4.\u00aa Confer\u00eancia Internacional Emo\u00e7\u00f5es, Artes e Interven\u00e7\u00e3o Abordagens colaborativas e participa\u00e7\u00e3o em espa\u00e7os educativos 18 e 19 de abril de 2024 \u00b7\u00b7\u00b7\u00b7\u00b7\u00b7\u00b7\u00b7\u00b7\u00b7\u00b7\u00b7\u00b7\u00b7\u00b7\u00b7 Ver Livro de Atas da Publica\u00e7\u00e3o \u00b7\u00b7\u00b7\u00b7\u00b7\u00b7\u00b7\u00b7\u00b7\u00b7\u00b7\u00b7\u00b7\u00b7\u00b7\u00b7 A Escola Superior de Educa\u00e7\u00e3o e Ci\u00eancias Sociais do Polit\u00e9cnico de Leiria tem o prazer de apresentar a 4.\u00aa Edi\u00e7\u00e3o da Confer\u00eancia Internacional Emo\u00e7\u00f5es, Artes e&hellip;&nbsp;<a href=\"https:\/\/sites.ipleiria.pt\/ceai2024\/\" rel=\"bookmark\">Ler mais &raquo;<span class=\"screen-reader-text\">Apresenta\u00e7\u00e3o<\/span><\/a><\/p>\n","protected":false},"author":65,"featured_media":0,"parent":0,"menu_order":0,"comment_status":"closed","ping_status":"closed","template":"","meta":{"neve_meta_sidebar":"","neve_meta_container":"","neve_meta_enable_content_width":"","neve_meta_content_width":0,"neve_meta_title_alignment":"","neve_meta_author_avatar":"","neve_post_elements_order":"","neve_meta_disable_header":"","neve_meta_disable_footer":"","neve_meta_disable_title":"","footnotes":""},"class_list":["post-14","page","type-page","status-publish","hentry"],"_links":{"self":[{"href":"https:\/\/sites.ipleiria.pt\/ceai2024\/wp-json\/wp\/v2\/pages\/14","targetHints":{"allow":["GET"]}}],"collection":[{"href":"https:\/\/sites.ipleiria.pt\/ceai2024\/wp-json\/wp\/v2\/pages"}],"about":[{"href":"https:\/\/sites.ipleiria.pt\/ceai2024\/wp-json\/wp\/v2\/types\/page"}],"author":[{"embeddable":true,"href":"https:\/\/sites.ipleiria.pt\/ceai2024\/wp-json\/wp\/v2\/users\/65"}],"replies":[{"embeddable":true,"href":"https:\/\/sites.ipleiria.pt\/ceai2024\/wp-json\/wp\/v2\/comments?post=14"}],"version-history":[{"count":40,"href":"https:\/\/sites.ipleiria.pt\/ceai2024\/wp-json\/wp\/v2\/pages\/14\/revisions"}],"predecessor-version":[{"id":371,"href":"https:\/\/sites.ipleiria.pt\/ceai2024\/wp-json\/wp\/v2\/pages\/14\/revisions\/371"}],"wp:attachment":[{"href":"https:\/\/sites.ipleiria.pt\/ceai2024\/wp-json\/wp\/v2\/media?parent=14"}],"curies":[{"name":"wp","href":"https:\/\/api.w.org\/{rel}","templated":true}]}}