{"id":8,"date":"2023-09-26T17:39:38","date_gmt":"2023-09-26T17:39:38","guid":{"rendered":"https:\/\/sites.ipleiria.pt\/ceai2024\/?page_id=8"},"modified":"2024-03-07T11:56:33","modified_gmt":"2024-03-07T11:56:33","slug":"comissoes","status":"publish","type":"page","link":"https:\/\/sites.ipleiria.pt\/ceai2024\/comissoes\/","title":{"rendered":"Comiss\u00f5es"},"content":{"rendered":"\n<p><br><strong>Comiss\u00e3o Organizadora<\/strong><br><strong>Jenny Sousa<\/strong> (CICS.NOVA.IPLeiria, CI&amp;DEI, CLLC, ESECS, Polit\u00e9cnico de Leiria Portugal)<br><strong>Maria Jo\u00e3o Santos<\/strong> (ESECS, Polit\u00e9cnico de Leiria, CI&amp;DEI )<br><strong>L\u00facia Magueta<\/strong> (ESECS, Polit\u00e9cnico de Leiria, CI&amp;DEI)<br><strong>Maria de S\u00e3o Pedro Lopes<\/strong> (ESECS, Polit\u00e9cnico de Leiria, CI&amp;DEI)<br><strong>Leonel Brites<\/strong> (ESECS, Polit\u00e9cnico de Leiria, CEIS20 \u2013 Centro de Estudos Interdisciplinares do S\u00e9culo XX, Universidade de Coimbra, N\u00facleo de Investiga\u00e7\u00e3o Tipogr\u00e1fica \u2013 ID+, Instituto de Investiga\u00e7\u00e3o em Design, Media e Cultura)<\/p>\n\n\n\n<p><strong>Comiss\u00e3o Cient\u00edfica<\/strong><br><strong>Abel Arez<\/strong> (ESELx \u2013 Instituto Polit\u00e9cnico de Lisboa)<br><strong>Ana M\u00aa Porto Castro<\/strong> (Departamento de Pedagogia e Did\u00e1tica \u2013 Faculdade de Ci\u00eancias da Educa\u00e7\u00e3o da Universidade de Santiago de Compostela)<br><strong>Ant\u00f3nia Barreto<\/strong> (ESECS \u2013 Instituto Polit\u00e9cnico de Leiria)<br><strong>Carla Freire<\/strong> (ESECS \u2013 Instituto Polit\u00e9cnico de Leiria)<br><strong>Catarina Mangas<\/strong> (ESECS \u2013 Instituto Polit\u00e9cnico de Leiria)<br><strong>Catarina Menezes<\/strong> (ESECS \u2013 Instituto Polit\u00e9cnico de Leiria)<br><strong>Cezarina Maur\u00edcio<\/strong> (ESECS \u2013 Instituto Polit\u00e9cnico de Leiria)<br><strong>Cristina Vieira<\/strong> (Faculdade de Psicologia e de Ci\u00eancias da Educa\u00e7\u00e3o da Universidade de Coimbra)<br><strong>Daniel Rijo<\/strong> (Faculdade de Psicologia e Ci\u00eancias da Educa\u00e7\u00e3o da Universidade de Coimbra)<br><strong>Dina Alves<\/strong> (ESECS \u2013 Instituto Polit\u00e9cnico de Leiria)<br><strong>Dina Soeiro<\/strong> (ESEC \u2013 Instituto Polit\u00e9cnico de Coimbra)<br><strong>Dinora Tereza Zucchetti <\/strong>( Universidade Feevale)<br><strong>Eliana Perez <\/strong>(Universidade do FEEVALLE \u2013 Brasil)<br><strong>Eva Navarro<\/strong> (Universidad de Valladolid)<br><strong>Fernando Magalh\u00e3es<\/strong> (ESECS &#8211; Instituto Polit\u00e9cnico de Leiria)<br><strong>Gra\u00e7a Seco<\/strong> (ESECS -Instituto Polit\u00e9cnico de Leiria)<br><strong>Hugo Menino<\/strong> (ESECS \u2013 Instituto Polit\u00e9cnico de Leiria<br><strong>In\u00eas Conde <\/strong>(ESECS \u2013 Instituto Polit\u00e9cnico de Leiria)<br><strong>Itahisa Perez<\/strong> (Universidade Laguna)<br><strong>Jenny Sousa <\/strong>(ESECS \u2013 Instituto Polit\u00e9cnico de Leiria)<br><strong>M.\u00aa Josefa Mosteiro Garc\u00eda<\/strong> (Universidade de Compostela)<br><strong>Jos\u00e9 Vicente<\/strong> (ESECS \u2013 Instituto Polit\u00e9cnico de Leiria)<br><strong>Leonel Brites<\/strong> (ESECS \u2013 Instituto Polit\u00e9cnico de Leiria)<br><strong>Lovani Volmer<\/strong> \u00a0(Universidade Feevale)<br><strong>L\u00facia Magueta <\/strong>(ESECS \u2013 Instituto Polit\u00e9cnico de Leiria)<br><strong>Lu\u00eds Barbeiro <\/strong>(ESECS \u2013 Instituto Polit\u00e9cnico de Leiria)<br><strong>Maria de S\u00e3o Pedro Lopes<\/strong> (ESECS \u2013 Instituto Polit\u00e9cnico de Leiria)<br><strong>Maria Filomena da Fonseca Gaspar<\/strong> (Faculdade de Psicologia e Ci\u00eancias da Educa\u00e7\u00e3o da Universidade de Coimbra)<br><strong>Maria Jo\u00e3o Santos <\/strong>(ESECS \u2013 Instituto Polit\u00e9cnico de Leiria)<br><strong>Maria Jos\u00e9 Gamboa<\/strong> (ESECS \u2013 Instituto Polit\u00e9cnico de Leiria)<br><strong>Maripaz L\u00f3pez<\/strong> (Universidade L\u00e9rida)<br><strong>Pedro Balaus<\/strong> (ESEC \u2013 Instituto Polit\u00e9cnico de Coimbra)<br><strong>Pedro Morou\u00e7o<\/strong> (ESECS \u2013 Instituto Polit\u00e9cnico de Leiria)<br><strong>Rosemari Lorenz Martins<\/strong> ( Universidade Feevale)<br><strong>Sandrina Milhano<\/strong> (ESECS \u2013 Instituto Polit\u00e9cnico de Leiria)<br><strong>Sara M\u00f3nico Lopes<\/strong> (ESECS \u2013 Instituto Polit\u00e9cnico de Leiria)<br><strong>S\u00edlvia Pinto<\/strong> (ESECS \u2013 Instituto Polit\u00e9cnico de Leiria)<br><strong>S\u00edlvia Parreiral<\/strong> (ESEC \u2013 Instituto Polit\u00e9cnico de Coimbra)<br><strong>Sofia Silva<\/strong> (ESEC \u2013 Instituto Polit\u00e9cnico de Coimbra)<br><strong>Susana Cust\u00f3dio<\/strong> (ESSLei \u2013 Instituto Polit\u00e9cnico de Leiria)<br><strong>Teresa Mendes<\/strong> (ESE \u2013 Instituto Polit\u00e9cnico de Portalegre)<br><strong>Victoria P\u00e9rez de Guzman<\/strong> (Universidad Pablo de Olavide \u2013 Presidenta de la Sociedad Iberoamericana de Pedagog\u00eda Social)<br><strong>William Cant\u00fa<\/strong> (ESECS \u2013 Instituto Polit\u00e9cnico de Leiria)<br><\/p>\n\n\n\n<p><\/p>\n","protected":false},"excerpt":{"rendered":"<p>Comiss\u00e3o OrganizadoraJenny Sousa (CICS.NOVA.IPLeiria, CI&amp;DEI, CLLC, ESECS, Polit\u00e9cnico de Leiria Portugal)Maria Jo\u00e3o Santos (ESECS, Polit\u00e9cnico de Leiria, CI&amp;DEI )L\u00facia Magueta (ESECS, Polit\u00e9cnico de Leiria, CI&amp;DEI)Maria de S\u00e3o Pedro Lopes (ESECS, Polit\u00e9cnico de Leiria, CI&amp;DEI)Leonel Brites (ESECS, Polit\u00e9cnico de Leiria, CEIS20 \u2013 Centro de Estudos Interdisciplinares do S\u00e9culo XX, Universidade de Coimbra, N\u00facleo de Investiga\u00e7\u00e3o Tipogr\u00e1fica&hellip;&nbsp;<a href=\"https:\/\/sites.ipleiria.pt\/ceai2024\/comissoes\/\" rel=\"bookmark\">Ler mais &raquo;<span class=\"screen-reader-text\">Comiss\u00f5es<\/span><\/a><\/p>\n","protected":false},"author":65,"featured_media":0,"parent":0,"menu_order":0,"comment_status":"closed","ping_status":"closed","template":"","meta":{"neve_meta_sidebar":"","neve_meta_container":"","neve_meta_enable_content_width":"","neve_meta_content_width":0,"neve_meta_title_alignment":"","neve_meta_author_avatar":"","neve_post_elements_order":"","neve_meta_disable_header":"","neve_meta_disable_footer":"","neve_meta_disable_title":"","footnotes":""},"class_list":["post-8","page","type-page","status-publish","hentry"],"_links":{"self":[{"href":"https:\/\/sites.ipleiria.pt\/ceai2024\/wp-json\/wp\/v2\/pages\/8","targetHints":{"allow":["GET"]}}],"collection":[{"href":"https:\/\/sites.ipleiria.pt\/ceai2024\/wp-json\/wp\/v2\/pages"}],"about":[{"href":"https:\/\/sites.ipleiria.pt\/ceai2024\/wp-json\/wp\/v2\/types\/page"}],"author":[{"embeddable":true,"href":"https:\/\/sites.ipleiria.pt\/ceai2024\/wp-json\/wp\/v2\/users\/65"}],"replies":[{"embeddable":true,"href":"https:\/\/sites.ipleiria.pt\/ceai2024\/wp-json\/wp\/v2\/comments?post=8"}],"version-history":[{"count":13,"href":"https:\/\/sites.ipleiria.pt\/ceai2024\/wp-json\/wp\/v2\/pages\/8\/revisions"}],"predecessor-version":[{"id":241,"href":"https:\/\/sites.ipleiria.pt\/ceai2024\/wp-json\/wp\/v2\/pages\/8\/revisions\/241"}],"wp:attachment":[{"href":"https:\/\/sites.ipleiria.pt\/ceai2024\/wp-json\/wp\/v2\/media?parent=8"}],"curies":[{"name":"wp","href":"https:\/\/api.w.org\/{rel}","templated":true}]}}