{"id":132,"date":"2019-03-04T01:28:02","date_gmt":"2019-03-04T01:28:02","guid":{"rendered":"http:\/\/sites.ipleiria.pt\/ciac\/?page_id=132"},"modified":"2019-05-30T22:23:53","modified_gmt":"2019-05-30T22:23:53","slug":"como-chegar","status":"publish","type":"page","link":"https:\/\/sites.ipleiria.pt\/ciac\/como-chegar\/","title":{"rendered":"Como Chegar"},"content":{"rendered":"<p><strong>Leiria est\u00e1 localizada a cerca de 150 km de Lisboa e a cerca de 190 km do Porto. Ambas as cidades s\u00e3o servidas por aeroportos internacionais.<\/strong><\/p>\n<p><strong>Autocarros regulares di\u00e1rios fornecem transporte destas cidades para Leiria.<\/strong><\/p>\n<p><strong>Para mais informa\u00e7\u00f5es sobre viagens de autocarro, consulte: <a href=\"https:\/\/www.rede-expressos.pt\/pt\/\">https:\/\/www.rede-expressos.pt\/pt\/<\/a><\/strong><\/p>\n<h5>&nbsp;<\/h5>\n<h5>DO AEROPORTO DE LISBOA PARA LEIRIA<\/h5>\n<ul>\n<li>V\u00e1 para a esta\u00e7\u00e3o de autocarros &#8211; Terminal Rodovi\u00e1rio de Sete Rios. A esta\u00e7\u00e3o rodovi\u00e1ria de est\u00e1 localizada no centro de Lisboa, a cerca de 2 km do aeroporto. Pode chegar l\u00e1 por:\n<ul>\n<li>T\u00e1xi, que custar\u00e1 cerca de 10 \u20ac, e demorar\u00e1 cerca de 8 minutos. Os cart\u00f5es s\u00e3o geralmente aceites para pagamento.<\/li>\n<li>Autocarro (Aerobus 2), que custar\u00e1 cerca de 4 \u20ac e pode levar at\u00e9 20 minutos. \u00c9 altamente recomend\u00e1vel usar moedas para pagamento. Os autocarros param na esta\u00e7\u00e3o de Sete Rios.<\/li>\n<li>Metro, que custar\u00e1 cerca de 2,45 \u20ac e pode levar at\u00e9 30 minutos. Apanhe a linha vermelha do aeroporto at\u00e9 S\u00e3o Sebasti\u00e3o (11 paragens). Em S\u00e3o Sebasti\u00e3o, mude para a Linha Azul (sentido Reboleira) e continue para o Jardim Zool\u00f3gico (2 paragens). Saia no Jardim Zool\u00f3gico, que fica a 1 minuto a p\u00e9 da esta\u00e7\u00e3o rodovi\u00e1ria de Sete Rios.<\/li>\n<\/ul>\n<\/li>\n<li>Na esta\u00e7\u00e3o de autocarros de Sete Rios, compre o seu bilhete para Leiria e certifique-se de que escolhe um autocarro que n\u00e3o faz paragens. (O servi\u00e7o mais r\u00e1pido levar\u00e1 1 hora e 30 minutos. Outros podem levar at\u00e9 2 horas). Os bilhetes custam cerca de 14 \u20ac.<\/li>\n<\/ul>\n<ul>\n<li style=\"list-style-type: none\"><strong>Para mais informa\u00e7\u00f5es sobre viagens de autocarro, consulte: <a href=\"https:\/\/www.rede-expressos.pt\/pt\/\">https:\/\/www.rede-expressos.pt\/pt\/<\/a><\/strong><\/li>\n<\/ul>\n<h5>&nbsp;<\/h5>\n<h5><strong>VAI VIAJAR PARA O AEROPORTO DE LISBOA?<br \/>\n<\/strong><strong><a href=\"https:\/\/www.ana.pt\/en\/lis\/access-parking\/getting-to-and-from-the-airport\/public-transportation\">Clique aqui para indica\u00e7\u00f5es de e para o Aeroporto de Lisboa&nbsp;<\/a><\/strong><\/h5>\n<h5><strong>VAI VIAJAR PARA O AEROPORTO DO PORTO?<br \/>\n<\/strong><a href=\"https:\/\/www.aeroportoporto.pt\/en\/opo\/access-parking\/getting-to-and-from-the-airport\/public-transportation\"><strong>Clique aqui para indica\u00e7\u00f5es de e para o Aeroporto do Porto<\/strong><\/a><\/h5>\n<h4>Para quem vem de carro do sul:<\/h4>\n<p>Siga pela autoestrada A1, em dire\u00e7\u00e3o a \u201cNorte\u201d (Porto) ou pela autoestrada A8, em dire\u00e7\u00e3o a \u201cNorte\u201d (Aveiro) e depois deve sair na primeira sa\u00edda para \u201cLeiria Sul\u201d.<\/p>\n<p><a href=\"https:\/\/maps.google.pt\/maps?saddr=Lisboa&amp;daddr=leiria&amp;hl=pt-PT&amp;sll=40.972657,-8.5842&amp;sspn=0.022195,0.045447&amp;geocode=FbPmTgIdrGF0_yk78-RhGjMZDTHQNpDkvesABA%3BFZ2HXgId_Zp5_ym5ssk0FXMiDTFsPNQ5J4OvTQ&amp;mra=ls&amp;t=m&amp;z=9\">Dire\u00e7\u00f5es \u2013 Google Maps&nbsp;A1<\/a>&nbsp; &nbsp;<a href=\"https:\/\/maps.google.pt\/maps?saddr=Lisboa&amp;daddr=39.2803559,-9.1470723+to:leiria&amp;hl=pt-PT&amp;sll=39.246283,-8.891046&amp;sspn=1.456973,2.90863&amp;geocode=FbPmTgIdrGF0_yk78-RhGjMZDTHQNpDkvesABA%3BFeNeVwIdQG10_ylvOrNIiMoYDTGWAd-2GJrMhA%3BFZ2HXgId_Zp5_ym5ssk0FXMiDTFsPNQ5J4OvTQ&amp;mra=dpe&amp;mrsp=1&amp;sz=9&amp;via=1&amp;t=m&amp;z=9\"> Dire\u00e7\u00f5es \u2013 Google Maps A8<\/a><\/p>\n<h4>Para quem vem de carro do norte:<\/h4>\n<p>Siga pela autoestrada A1, dire\u00e7\u00e3o \u201cSul\u201d (Lisboa) e depois deve sair na \u00fanica sa\u00edda para \u201cLeiria\u201d ou siga pela autoestradas A29 e A17, dire\u00e7\u00e3o \u201cSul\u201d (Lisboa) e depois deve sair sa\u00edda \u201cLeiria Sul\u201d.<\/p>\n<p><a href=\"https:\/\/maps.google.pt\/maps?saddr=Porto&amp;daddr=leiria&amp;hl=pt-PT&amp;ll=40.446947,-8.64624&amp;spn=2.86336,5.817261&amp;sll=40.225024,-8.536377&amp;sspn=2.872789,5.817261&amp;geocode=FVEAdAIdy2h8_ynBU-HEq2UkDTG8FLFAVtlIpg%3BFZ2HXgId_Zp5_ym5ssk0FXMiDTFsPNQ5J4OvTQ&amp;oq=porto&amp;mra=ls&amp;t=m&amp;z=8\">Dire\u00e7\u00f5es \u2013 Google Maps A1<\/a>&nbsp; &nbsp;<a href=\"https:\/\/maps.google.pt\/maps?saddr=Porto&amp;daddr=40.8211597,-8.5594316+to:40.5489499,-8.665168+to:leiria&amp;hl=pt-PT&amp;sll=40.446947,-8.464966&amp;sspn=2.86336,5.817261&amp;geocode=FVEAdAIdy2h8_ynBU-HEq2UkDTG8FLFAVtlIpg%3BFafhbgIduWR9_ym30jiXQoMjDTHm376eW1VdJA%3BFVW6agIdsMd7_ykJePMiVLsjDTE1z6TsePoV8A%3BFZ2HXgId_Zp5_ym5ssk0FXMiDTFsPNQ5J4OvTQ&amp;oq=porto&amp;mra=dpe&amp;mrsp=1&amp;sz=8&amp;via=1,2&amp;t=m&amp;z=8\">Dire\u00e7\u00f5es \u2013 Google Maps \u2013 A17<\/a><\/p>\n<h4>Para quem vem de carro da Beiras\/Espanha:<\/h4>\n<p>Siga pela autoestrada A23 em dire\u00e7\u00e3o a Torres Novas e depois siga pela autoestrada A1, para norte (Porto), siga pela autoestrada A25, para Aveiro e siga pela autoestrada A1, para sul (Lisboa).<\/p>\n<p><a href=\"https:\/\/maps.google.pt\/maps?saddr=vilar+formoso&amp;daddr=40.2432482,-7.3854628+to:leiria&amp;hl=pt-PT&amp;ll=40.225024,-8.536377&amp;spn=2.872789,5.817261&amp;sll=40.195659,-7.827759&amp;sspn=1.437071,2.90863&amp;geocode=FUbPawIddJ-X_yndPH_z30U8DTFAxpDkvesABQ%3BFTAQZgIdik6P_ylxpZe92hk9DTFseIFFTQyylQ%3BFZ2HXgId_Zp5_ym5ssk0FXMiDTFsPNQ5J4OvTQ&amp;mra=dpe&amp;mrsp=1&amp;sz=9&amp;via=1&amp;t=m&amp;z=8\">Dire\u00e7\u00f5es \u2013 Google Maps A23<\/a>&nbsp;&nbsp;<a href=\"https:\/\/maps.google.pt\/maps?saddr=vilar+formoso&amp;daddr=40.5622253,-7.2346247+to:40.6625398,-8.3931472+to:leiria&amp;hl=pt-PT&amp;sll=40.225024,-8.536377&amp;sspn=2.872789,5.817261&amp;geocode=FUbPawIddJ-X_yndPH_z30U8DTFAxpDkvesABQ%3BFTHuagIdwJuR_ykLtI8-hfo8DTFxUvs_XZA69A%3BFQt2bAIdRe5__ylPI_ggUXMjDTF1Veoc78UkGQ%3BFZ2HXgId_Zp5_ym5ssk0FXMiDTFsPNQ5J4OvTQ&amp;mra=dvme&amp;mrsp=1&amp;sz=8&amp;via=1,2&amp;t=m&amp;z=8\">&nbsp;Dire\u00e7\u00f5es- Google Maps A25<\/a><\/p>","protected":false},"excerpt":{"rendered":"<p>Leiria est\u00e1 localizada a cerca de 150 km de Lisboa e a cerca de 190 km do Porto. Ambas as cidades s\u00e3o servidas por aeroportos internacionais. Autocarros regulares di\u00e1rios fornecem transporte destas cidades para Leiria. Para mais informa\u00e7\u00f5es sobre viagens de autocarro, consulte: https:\/\/www.rede-expressos.pt\/pt\/ &nbsp; DO AEROPORTO DE LISBOA PARA LEIRIA V\u00e1 para a esta\u00e7\u00e3o [&hellip;]<\/p>\n","protected":false},"author":2184,"featured_media":0,"parent":0,"menu_order":0,"comment_status":"closed","ping_status":"closed","template":"","meta":{"ngg_post_thumbnail":0,"footnotes":""},"class_list":["post-132","page","type-page","status-publish","hentry"],"_links":{"self":[{"href":"https:\/\/sites.ipleiria.pt\/ciac\/wp-json\/wp\/v2\/pages\/132","targetHints":{"allow":["GET"]}}],"collection":[{"href":"https:\/\/sites.ipleiria.pt\/ciac\/wp-json\/wp\/v2\/pages"}],"about":[{"href":"https:\/\/sites.ipleiria.pt\/ciac\/wp-json\/wp\/v2\/types\/page"}],"author":[{"embeddable":true,"href":"https:\/\/sites.ipleiria.pt\/ciac\/wp-json\/wp\/v2\/users\/2184"}],"replies":[{"embeddable":true,"href":"https:\/\/sites.ipleiria.pt\/ciac\/wp-json\/wp\/v2\/comments?post=132"}],"version-history":[{"count":4,"href":"https:\/\/sites.ipleiria.pt\/ciac\/wp-json\/wp\/v2\/pages\/132\/revisions"}],"predecessor-version":[{"id":254,"href":"https:\/\/sites.ipleiria.pt\/ciac\/wp-json\/wp\/v2\/pages\/132\/revisions\/254"}],"wp:attachment":[{"href":"https:\/\/sites.ipleiria.pt\/ciac\/wp-json\/wp\/v2\/media?parent=132"}],"curies":[{"name":"wp","href":"https:\/\/api.w.org\/{rel}","templated":true}]}}