{"id":2,"date":"2019-02-19T16:31:28","date_gmt":"2019-02-19T16:31:28","guid":{"rendered":"http:\/\/ciac.sites.ipleiria.pt\/?page_id=2"},"modified":"2020-09-30T16:45:18","modified_gmt":"2020-09-30T16:45:18","slug":"home","status":"publish","type":"page","link":"https:\/\/sites.ipleiria.pt\/ciac\/","title":{"rendered":"In\u00edcio"},"content":{"rendered":"<p><\/p>\n<h3>Not\u00edcias<\/h3>\n<table style=\"width: 98.98123966372657%; height: 320px;\">\n<tbody>\n<tr style=\"height: 24px;\">\n<td style=\"width: 808.828125px; height: 24px;\">\n<ul>\n<li><span style=\"color: #ff0000;\"><a style=\"color: #ff0000;\" href=\"http:\/\/sites.ipleiria.pt\/ciac\/english-fotos\/\">Fotos da Confer\u00eancia<\/a><\/span><\/li>\n<\/ul>\n<\/td>\n<td style=\"width: 82.1875px; height: 24px;\">&nbsp;<\/td>\n<\/tr>\n<tr style=\"height: 56px;\">\n<td style=\"width: 808.828125px; height: 56px;\">\n<ul>\n<li><a href=\"http:\/\/sites.ipleiria.pt\/ciac\/files\/2019\/11\/CIAC2019_PROGRAMME_V2.pdf\" target=\"_blank\" rel=\"noopener noreferrer\">Programa detalhado da Confer\u00eancia&nbsp;<\/a><\/li>\n<\/ul>\n<\/td>\n<td style=\"width: 82.1875px; height: 56px;\">&nbsp;<\/td>\n<\/tr>\n<tr style=\"height: 56px;\">\n<td style=\"width: 808.828125px; height: 56px;\">\n<ul>\n<li><a href=\"http:\/\/sites.ipleiria.pt\/ciac\/files\/2019\/11\/BUS.pdf\" target=\"_blank\" rel=\"noopener noreferrer\">Autocarro para a confer\u00eancia<\/a><\/li>\n<\/ul>\n<\/td>\n<td style=\"width: 82.1875px; height: 56px;\">&nbsp;<\/td>\n<\/tr>\n<tr style=\"height: 56px;\">\n<td style=\"width: 808.828125px; height: 56px;\">\n<ul>\n<li><a href=\"https:\/\/sites.ipleiria.pt\/ciac\/proceedings\/\" target=\"_blank\" rel=\"noopener noreferrer\">Proceedings dos artigos n\u00e3o publicados num volume especial da s\u00e9rie Springer ASTI series<\/a><\/li>\n<\/ul>\n<\/td>\n<td style=\"width: 82.1875px; height: 56px;\">&nbsp;<\/td>\n<\/tr>\n<tr style=\"height: 128px;\">\n<td style=\"width: 808.828125px; height: 128px;\">\n<ul>\n<li><a href=\"https:\/\/www.springer.com\/series\/15883\" target=\"_blank\" rel=\"noopener noreferrer\">Proceedings dos artigos publicados num volume especial da s\u00e9rie Springer ASTI series (Sustainability and Automation in Smart Constructions<em>: Proceedings of the International Conference on Automation Innovation in Construction (CIAC-2019), Leiria, Portugal<\/em>).<\/a><\/li>\n<\/ul>\n<\/td>\n<td style=\"width: 82.1875px; height: 128px;\"><img loading=\"lazy\" decoding=\"async\" class=\"alignnone size-full wp-image-234\" src=\"http:\/\/sites.ipleiria.pt\/ciac\/files\/2019\/05\/15883.jpg\" alt=\"\" width=\"153\" height=\"203\"><\/td>\n<\/tr>\n<\/tbody>\n<\/table>\n<h3>CIAC2019 &#8211; Confer\u00eancia sobre Inova\u00e7\u00e3o em Automa\u00e7\u00e3o na Constru\u00e7\u00e3o<\/h3>\n<p>Nos \u00faltimos anos, t\u00eam-se verificado transforma\u00e7\u00f5es significativas no setor de constru\u00e7\u00e3o em rela\u00e7\u00e3o aos processos de produ\u00e7\u00e3o, reabilita\u00e7\u00e3o e manuten\u00e7\u00e3o, n\u00e3o apenas pelo uso de computadores e automa\u00e7\u00e3o para criar sistemas inteligentes e aut\u00f3nomos, mas tamb\u00e9m com o desenvolvimento da tecnologia. Al\u00e9m disso, os materiais de constru\u00e7\u00e3o e as tecnologias alternativas s\u00e3o cruciais na resolu\u00e7\u00e3o dos desafios atuais da ind\u00fastria de produ\u00e7\u00e3o dos materiais de constru\u00e7\u00e3o.<\/p>\n<p>A Confer\u00eancia sobre Inova\u00e7\u00e3o em Automa\u00e7\u00e3o na Constru\u00e7\u00e3o (<strong>CIAC2019<\/strong>) pretende ser um f\u00f3rum de refer\u00eancia para a discuss\u00e3o cient\u00edfica dos desenvolvimentos tecnol\u00f3gicos no campo da inova\u00e7\u00e3o em automa\u00e7\u00e3o na ind\u00fastria da constru\u00e7\u00e3o.<\/p>\n<p>Os idiomas oficiais s\u00e3o ingl\u00eas e portugu\u00eas.<\/p>\n<p><a title=\"Visit tracker\" href=\"https:\/\/clustrmaps.com\/site\/1an19\"><img decoding=\"async\" src=\"\/\/www.clustrmaps.com\/map_v2.png?d=WwOxIvVrQNhclxEUhZqWKczMuLgHgD7oj5eW4pMwVcI&amp;cl=ffffff\"><\/a><\/p>","protected":false},"excerpt":{"rendered":"<p>Not\u00edcias Fotos da Confer\u00eancia &nbsp; Programa detalhado da Confer\u00eancia&nbsp; &nbsp; Autocarro para a confer\u00eancia &nbsp; Proceedings dos artigos n\u00e3o publicados num volume especial da s\u00e9rie Springer ASTI series &nbsp; Proceedings dos artigos publicados num volume especial da s\u00e9rie Springer ASTI series (Sustainability and Automation in Smart Constructions: Proceedings of the International Conference on Automation Innovation [&hellip;]<\/p>\n","protected":false},"author":66,"featured_media":0,"parent":0,"menu_order":0,"comment_status":"closed","ping_status":"open","template":"","meta":{"ngg_post_thumbnail":0,"footnotes":""},"class_list":["post-2","page","type-page","status-publish","hentry"],"_links":{"self":[{"href":"https:\/\/sites.ipleiria.pt\/ciac\/wp-json\/wp\/v2\/pages\/2","targetHints":{"allow":["GET"]}}],"collection":[{"href":"https:\/\/sites.ipleiria.pt\/ciac\/wp-json\/wp\/v2\/pages"}],"about":[{"href":"https:\/\/sites.ipleiria.pt\/ciac\/wp-json\/wp\/v2\/types\/page"}],"author":[{"embeddable":true,"href":"https:\/\/sites.ipleiria.pt\/ciac\/wp-json\/wp\/v2\/users\/66"}],"replies":[{"embeddable":true,"href":"https:\/\/sites.ipleiria.pt\/ciac\/wp-json\/wp\/v2\/comments?post=2"}],"version-history":[{"count":46,"href":"https:\/\/sites.ipleiria.pt\/ciac\/wp-json\/wp\/v2\/pages\/2\/revisions"}],"predecessor-version":[{"id":557,"href":"https:\/\/sites.ipleiria.pt\/ciac\/wp-json\/wp\/v2\/pages\/2\/revisions\/557"}],"wp:attachment":[{"href":"https:\/\/sites.ipleiria.pt\/ciac\/wp-json\/wp\/v2\/media?parent=2"}],"curies":[{"name":"wp","href":"https:\/\/api.w.org\/{rel}","templated":true}]}}