{"id":37,"date":"2019-02-27T01:51:08","date_gmt":"2019-02-27T01:51:08","guid":{"rendered":"http:\/\/sites.ipleiria.pt\/ciac\/?page_id=37"},"modified":"2019-05-30T22:25:42","modified_gmt":"2019-05-30T22:25:42","slug":"contactos","status":"publish","type":"page","link":"https:\/\/sites.ipleiria.pt\/ciac\/contactos\/","title":{"rendered":"Contactos"},"content":{"rendered":"<p>Para informa\u00e7\u00f5es adicionais, por favor contacte o secretariado do congresso:<\/p>\n<p><strong>CIAC2019 -Confer\u00eancia em Inova\u00e7\u00e3o em automa\u00e7\u00e3o na constru\u00e7\u00e3o,&nbsp;<\/strong>Campus 2 &#8211;&nbsp;Morro do Lena \u2013 Alto do Vieiro,&nbsp;Apartado 4163 | 2411-901 Leiria \u2013 PORTUGAL<\/p>\n<p><i class=\"icon-envelope \"><\/i><a href=\"mailto:ciac@ipleiria.pt\">ciac@ipleiria.pt<\/a><\/p>\n<p><span lang=\"PT-BR\">Telefone: &nbsp;(+351) 244 843 338&nbsp;<\/span><\/p>","protected":false},"excerpt":{"rendered":"<p>Para informa\u00e7\u00f5es adicionais, por favor contacte o secretariado do congresso: CIAC2019 -Confer\u00eancia em Inova\u00e7\u00e3o em automa\u00e7\u00e3o na constru\u00e7\u00e3o,&nbsp;Campus 2 &#8211;&nbsp;Morro do Lena \u2013 Alto do Vieiro,&nbsp;Apartado 4163 | 2411-901 Leiria \u2013 PORTUGAL ciac@ipleiria.pt Telefone: &nbsp;(+351) 244 843 338&nbsp;<\/p>\n","protected":false},"author":2184,"featured_media":0,"parent":0,"menu_order":0,"comment_status":"closed","ping_status":"closed","template":"","meta":{"ngg_post_thumbnail":0,"footnotes":""},"class_list":["post-37","page","type-page","status-publish","hentry"],"_links":{"self":[{"href":"https:\/\/sites.ipleiria.pt\/ciac\/wp-json\/wp\/v2\/pages\/37","targetHints":{"allow":["GET"]}}],"collection":[{"href":"https:\/\/sites.ipleiria.pt\/ciac\/wp-json\/wp\/v2\/pages"}],"about":[{"href":"https:\/\/sites.ipleiria.pt\/ciac\/wp-json\/wp\/v2\/types\/page"}],"author":[{"embeddable":true,"href":"https:\/\/sites.ipleiria.pt\/ciac\/wp-json\/wp\/v2\/users\/2184"}],"replies":[{"embeddable":true,"href":"https:\/\/sites.ipleiria.pt\/ciac\/wp-json\/wp\/v2\/comments?post=37"}],"version-history":[{"count":9,"href":"https:\/\/sites.ipleiria.pt\/ciac\/wp-json\/wp\/v2\/pages\/37\/revisions"}],"predecessor-version":[{"id":257,"href":"https:\/\/sites.ipleiria.pt\/ciac\/wp-json\/wp\/v2\/pages\/37\/revisions\/257"}],"wp:attachment":[{"href":"https:\/\/sites.ipleiria.pt\/ciac\/wp-json\/wp\/v2\/media?parent=37"}],"curies":[{"name":"wp","href":"https:\/\/api.w.org\/{rel}","templated":true}]}}