{"id":62,"date":"2019-02-28T02:07:37","date_gmt":"2019-02-28T02:07:37","guid":{"rendered":"http:\/\/sites.ipleiria.pt\/ciac\/?page_id=62"},"modified":"2019-05-30T22:21:28","modified_gmt":"2019-05-30T22:21:28","slug":"topics","status":"publish","type":"page","link":"https:\/\/sites.ipleiria.pt\/ciac\/topics\/","title":{"rendered":"T\u00f3picos"},"content":{"rendered":"<p>Os principais t\u00f3picos do congresso incluem:<\/p>\n<ul>\n<li>Impress\u00e3o 3D aplicada \u00e0 constru\u00e7\u00e3o<\/li>\n<li>Avan\u00e7os em an\u00e1lise estrutural e projeto<\/li>\n<li><em>Building information modelling<\/em><\/li>\n<li>Efici\u00eancia e fiabilidade na constru\u00e7\u00e3o<\/li>\n<li>Constru\u00e7\u00e3o com realidade aumentada<\/li>\n<li>Sistemas de apoio \u00e0 decis\u00e3o na constru\u00e7\u00e3o<\/li>\n<li>Drones para constru\u00e7\u00e3o e inspe\u00e7\u00e3o <em>in situ<\/em><\/li>\n<li>Gest\u00e3o de infraestruturas e edif\u00edcios<\/li>\n<li>Materiais de alto desempenho<\/li>\n<li>Gest\u00e3o digital integrada de projetos<\/li>\n<li>Levantamento e modela\u00e7\u00e3o 3D com laser scanning<\/li>\n<li>Manuten\u00e7\u00e3o e reabilita\u00e7\u00e3o de edif\u00edcios<\/li>\n<li>Constru\u00e7\u00e3o modular e pr\u00e9-fabrica\u00e7\u00e3o<\/li>\n<li>Novos materiais e tecnologias de constru\u00e7\u00e3o<\/li>\n<li>Regula\u00e7\u00e3o e crescimento da produtividade na constru\u00e7\u00e3o<\/li>\n<li>Rob\u00f3tica na constru\u00e7\u00e3o<\/li>\n<li>Tecnologias inteligentes de constru\u00e7\u00e3o<\/li>\n<li>Estruturas inteligentes<\/li>\n<li>Monitoriza\u00e7\u00e3o da seguran\u00e7a estrutural e an\u00e1lise de risco<\/li>\n<li>Materiais sustent\u00e1veis e sua produ\u00e7\u00e3o<\/li>\n<\/ul>\n<p><\/p>","protected":false},"excerpt":{"rendered":"<p>Os principais t\u00f3picos do congresso incluem: Impress\u00e3o 3D aplicada \u00e0 constru\u00e7\u00e3o Avan\u00e7os em an\u00e1lise estrutural e projeto Building information modelling Efici\u00eancia e fiabilidade na constru\u00e7\u00e3o Constru\u00e7\u00e3o com realidade aumentada Sistemas de apoio \u00e0 decis\u00e3o na constru\u00e7\u00e3o Drones para constru\u00e7\u00e3o e inspe\u00e7\u00e3o in situ Gest\u00e3o de infraestruturas e edif\u00edcios Materiais de alto desempenho Gest\u00e3o digital integrada [&hellip;]<\/p>\n","protected":false},"author":2184,"featured_media":0,"parent":0,"menu_order":0,"comment_status":"closed","ping_status":"closed","template":"","meta":{"ngg_post_thumbnail":0,"footnotes":""},"class_list":["post-62","page","type-page","status-publish","hentry"],"_links":{"self":[{"href":"https:\/\/sites.ipleiria.pt\/ciac\/wp-json\/wp\/v2\/pages\/62","targetHints":{"allow":["GET"]}}],"collection":[{"href":"https:\/\/sites.ipleiria.pt\/ciac\/wp-json\/wp\/v2\/pages"}],"about":[{"href":"https:\/\/sites.ipleiria.pt\/ciac\/wp-json\/wp\/v2\/types\/page"}],"author":[{"embeddable":true,"href":"https:\/\/sites.ipleiria.pt\/ciac\/wp-json\/wp\/v2\/users\/2184"}],"replies":[{"embeddable":true,"href":"https:\/\/sites.ipleiria.pt\/ciac\/wp-json\/wp\/v2\/comments?post=62"}],"version-history":[{"count":5,"href":"https:\/\/sites.ipleiria.pt\/ciac\/wp-json\/wp\/v2\/pages\/62\/revisions"}],"predecessor-version":[{"id":251,"href":"https:\/\/sites.ipleiria.pt\/ciac\/wp-json\/wp\/v2\/pages\/62\/revisions\/251"}],"wp:attachment":[{"href":"https:\/\/sites.ipleiria.pt\/ciac\/wp-json\/wp\/v2\/media?parent=62"}],"curies":[{"name":"wp","href":"https:\/\/api.w.org\/{rel}","templated":true}]}}