{"id":67,"date":"2019-02-28T02:09:51","date_gmt":"2019-02-28T02:09:51","guid":{"rendered":"http:\/\/sites.ipleiria.pt\/ciac\/?page_id=67"},"modified":"2019-07-12T22:48:44","modified_gmt":"2019-07-12T22:48:44","slug":"key-dates","status":"publish","type":"page","link":"https:\/\/sites.ipleiria.pt\/ciac\/key-dates\/","title":{"rendered":"Datas Importantes"},"content":{"rendered":"<p><\/p>\n<div id=\"pl-67\" class=\"panel-layout\">\n<div id=\"pg-67-0\" class=\"panel-grid panel-no-style\">\n<div id=\"pgc-67-0-0\" class=\"panel-grid-cell\" data-weight=\"1\">\n<div id=\"panel-67-0-0-0\" class=\"so-panel widget widget_sow-editor panel-first-child panel-last-child\" data-index=\"0\" data-style=\"{&quot;background_image_attachment&quot;:false,&quot;background_display&quot;:&quot;tile&quot;}\">\n<div class=\"so-widget-sow-editor so-widget-sow-editor-base\">\n<div class=\"siteorigin-widget-tinymce textwidget\"><\/div>\n<\/div>\n<\/div>\n<\/div>\n<\/div>\n<\/div>\n<div>\n<table class=\"tabela\" style=\"height: 196px;width: 100%\" border=\"0\" cellspacing=\"0\" cellpadding=\"5\" align=\"center\">\n<tbody>\n<tr style=\"height: 24px\">\n<td style=\"border: 5px solid #ffffff;height: 24px;width: 54.937378419974735%;text-align: left\" align=\"center\" valign=\"middle\">Submiss\u00e3o de resumo ( 300 palavras)<\/td>\n<td style=\"border: 5px solid #ffffff;height: 24px;width: 41.142094159904055%\" align=\"center\" valign=\"middle\">31 de\u00a0maio 2019 (nova data)<\/td>\n<\/tr>\n<tr style=\"height: 24px\">\n<td style=\"border: 5px solid #ffffff;background-color: #e6e6e6;height: 24px;width: 54.937378419974735%;text-align: left\" align=\"center\" valign=\"middle\">Notifica\u00e7\u00e3o da aceita\u00e7\u00e3o dos resumos<\/td>\n<td style=\"border: 5px solid #ffffff;background-color: #e6e6e6;height: 24px;width: 41.142094159904055%\" align=\"center\" valign=\"middle\">10 de junho 2019 (nova data)<\/td>\n<\/tr>\n<tr style=\"height: 24px\">\n<td style=\"border: 5px solid #ffffff;height: 24px;width: 54.937378419974735%;text-align: left\" align=\"center\" valign=\"middle\"><span style=\"color: #ff0000\">Submiss\u00e3o do artigo completo ou resumo alargado<\/span><\/td>\n<td style=\"border: 5px solid #ffffff;height: 24px;width: 41.142094159904055%\" align=\"center\" valign=\"middle\"><span style=\"color: #ff0000\">31 de julho 2019 (nova data)<\/span><\/td>\n<\/tr>\n<tr style=\"height: 24px\">\n<td style=\"border: 5px solid #ffffff;background-color: #e6e6e6;height: 24px;width: 54.937378419974735%;text-align: left\" align=\"center\" valign=\"middle\">Notifica\u00e7\u00e3o da aceita\u00e7\u00e3o do artigo\/resumo alargado<\/td>\n<td style=\"border: 5px solid #ffffff;background-color: #e6e6e6;height: 24px;width: 41.142094159904055%\" align=\"center\" valign=\"middle\">15 de setembro 2019<\/td>\n<\/tr>\n<\/tbody>\n<\/table>\n<\/div>\n<p><\/p>","protected":false},"excerpt":{"rendered":"<p>Submiss\u00e3o de resumo ( 300 palavras) 31 de\u00a0maio 2019 (nova data) Notifica\u00e7\u00e3o da aceita\u00e7\u00e3o dos resumos 10 de junho 2019 (nova data) Submiss\u00e3o do artigo completo ou resumo alargado 31 de julho 2019 (nova data) Notifica\u00e7\u00e3o da aceita\u00e7\u00e3o do artigo\/resumo alargado 15 de setembro 2019<\/p>\n","protected":false},"author":2184,"featured_media":0,"parent":0,"menu_order":0,"comment_status":"closed","ping_status":"closed","template":"","meta":{"ngg_post_thumbnail":0,"footnotes":""},"class_list":["post-67","page","type-page","status-publish","hentry"],"_links":{"self":[{"href":"https:\/\/sites.ipleiria.pt\/ciac\/wp-json\/wp\/v2\/pages\/67","targetHints":{"allow":["GET"]}}],"collection":[{"href":"https:\/\/sites.ipleiria.pt\/ciac\/wp-json\/wp\/v2\/pages"}],"about":[{"href":"https:\/\/sites.ipleiria.pt\/ciac\/wp-json\/wp\/v2\/types\/page"}],"author":[{"embeddable":true,"href":"https:\/\/sites.ipleiria.pt\/ciac\/wp-json\/wp\/v2\/users\/2184"}],"replies":[{"embeddable":true,"href":"https:\/\/sites.ipleiria.pt\/ciac\/wp-json\/wp\/v2\/comments?post=67"}],"version-history":[{"count":44,"href":"https:\/\/sites.ipleiria.pt\/ciac\/wp-json\/wp\/v2\/pages\/67\/revisions"}],"predecessor-version":[{"id":278,"href":"https:\/\/sites.ipleiria.pt\/ciac\/wp-json\/wp\/v2\/pages\/67\/revisions\/278"}],"wp:attachment":[{"href":"https:\/\/sites.ipleiria.pt\/ciac\/wp-json\/wp\/v2\/media?parent=67"}],"curies":[{"name":"wp","href":"https:\/\/api.w.org\/{rel}","templated":true}]}}