{"id":79,"date":"2019-02-28T02:28:44","date_gmt":"2019-02-28T02:28:44","guid":{"rendered":"http:\/\/sites.ipleiria.pt\/ciac\/?page_id=79"},"modified":"2019-05-30T22:24:41","modified_gmt":"2019-05-30T22:24:41","slug":"inscricoes","status":"publish","type":"page","link":"https:\/\/sites.ipleiria.pt\/ciac\/inscricoes\/","title":{"rendered":"Inscri\u00e7\u00f5es"},"content":{"rendered":"<p><a href=\"http:\/\/www.eventos.ipleiria.pt\/portal\/eventos?p_id=24859&amp;lang=pt-PT\" target=\"_blank\" rel=\"noopener noreferrer\">FORMUL\u00c1RIO DE INSCRI\u00c7\u00c3O<\/a><\/p>\n<table class=\"tabela\" style=\"height: 167px\" border=\"1\" width=\"705\" cellpadding=\"2\" align=\"center\">\n<tbody>\n<tr style=\"height: 23px\">\n<td class=\"style1\" style=\"text-align: left;width: 310.921875px;background-color: #f79400;border-color: #ffffff;height: 47px\" rowspan=\"2\" align=\"center\" valign=\"middle\"><span style=\"color: #ffffff\">Tipo de Inscri\u00e7\u00e3o<\/span><\/td>\n<td style=\"width: 374.09375px;background-color: #f79400;border-color: #ffffff;height: 23px\" colspan=\"2\" align=\"center\" valign=\"middle\"><span style=\"color: #ffffff\">Valores de Inscri\u00e7\u00e3o<\/span><\/td>\n<\/tr>\n<tr style=\"height: 24px\">\n<td style=\"width: 171.515625px;background-color: #f79400;border-color: #ffffff;height: 24px\" align=\"center\" valign=\"middle\"><span style=\"color: #ffffff\">at\u00e9 31 julho de 2019<\/span><\/td>\n<td style=\"width: 194.578125px;background-color: #f79400;border-color: #ffffff;height: 24px\" align=\"center\" valign=\"middle\"><span style=\"color: #ffffff\">ap\u00f3s 31 julho de 2019<\/span><\/td>\n<\/tr>\n<tr style=\"height: 24px\">\n<td style=\"text-align: left;width: 310.921875px;border-color: #ffffff;height: 24px\" align=\"center\" valign=\"middle\">Estudantes de licenciatura ou mestrado (*)<\/td>\n<td style=\"width: 171.515625px;border-color: #ffffff;height: 24px\" align=\"center\" valign=\"middle\"><span class=\"fonte\">\u20ac 50<\/span><\/td>\n<td style=\"width: 194.578125px;border-color: #ffffff;height: 24px\" align=\"center\" valign=\"middle\">\u20ac 75<\/td>\n<\/tr>\n<tr style=\"height: 24px\">\n<td style=\"text-align: left;width: 310.921875px;border-color: #ffffff;height: 24px\">Estudantes de doutoramento (*)<\/td>\n<td style=\"text-align: center;width: 171.515625px;border-color: #ffffff;height: 24px\">\u20ac 75<\/td>\n<td style=\"text-align: center;width: 194.578125px;border-color: #ffffff;height: 24px\">\u20ac 100<\/td>\n<\/tr>\n<tr style=\"height: 24px\">\n<td style=\"text-align: left;width: 310.921875px;border-color: #ffffff;height: 24px\" align=\"center\" valign=\"middle\">Participante membro de associa\u00e7\u00e3o &nbsp;(**)<\/td>\n<td style=\"width: 171.515625px;border-color: #ffffff;height: 24px\" align=\"center\" valign=\"middle\">\u20ac 150<\/td>\n<td style=\"width: 194.578125px;border-color: #ffffff;height: 24px\" align=\"center\" valign=\"middle\">\u20ac 175<\/td>\n<\/tr>\n<tr style=\"height: 24px\">\n<td style=\"text-align: left;width: 310.921875px;border-color: #ffffff;height: 24px\" align=\"center\" valign=\"middle\">Participante Geral<\/td>\n<td style=\"width: 171.515625px;border-color: #ffffff;height: 24px\" align=\"center\" valign=\"middle\">\u20ac 175<\/td>\n<td style=\"width: 194.578125px;border-color: #ffffff;height: 24px\" align=\"center\" valign=\"middle\">\u20ac 200<\/td>\n<\/tr>\n<tr style=\"height: 24px\">\n<td style=\"text-align: left;width: 310.921875px;border-color: #ffffff;height: 24px\" align=\"center\" valign=\"middle\">Jantar da Confer\u00eancia<\/td>\n<td style=\"width: 171.515625px;border-color: #ffffff;height: 24px\" align=\"center\" valign=\"middle\">\u20ac 40<\/td>\n<td style=\"width: 194.578125px;border-color: #ffffff;height: 24px\" align=\"center\" valign=\"middle\">\u20ac 40<\/td>\n<\/tr>\n<\/tbody>\n<\/table>\n<p>&nbsp;<\/p>\n<p><strong>(*) Valor de inscri\u00e7\u00e3o de estudante:<\/strong>&nbsp;Somente estudantes de licenciatura ou mestrado. Os participantes devem enviar um e-mail para o secretariado da confer\u00eancia com uma carta que declara que a situa\u00e7\u00e3o atual do estudante.<br \/>\n<strong>(**) Membros de Ordem dos Engenheiros, Ordem dos Engenheiros T\u00e9cnicos<\/strong>: (aplic\u00e1vel apenas aos membros da associa\u00e7\u00e3o que pagaram a quotas de 2019 no momento da inscri\u00e7\u00e3o).<\/p>\n<p><strong>Informa\u00e7\u00e3o adicional:<\/strong><br \/>\n\u2022 As taxas de inscri\u00e7\u00e3o incluem: atas congresso, coffee breaks, almo\u00e7o.<br \/>\n\u2022 A aceita\u00e7\u00e3o final depende do pagamento da inscri\u00e7\u00e3o pelo autor apresentador at\u00e9 15 de setembro de 2019. Este \u00e9 um requisito para que a apresenta\u00e7\u00e3o seja inclu\u00edda no programa e nas atas do congresso.<br \/>\n\u2022 Cada inscri\u00e7\u00e3o permite apenas duas apresenta\u00e7\u00f5es orais.<\/p>","protected":false},"excerpt":{"rendered":"<p>FORMUL\u00c1RIO DE INSCRI\u00c7\u00c3O Tipo de Inscri\u00e7\u00e3o Valores de Inscri\u00e7\u00e3o at\u00e9 31 julho de 2019 ap\u00f3s 31 julho de 2019 Estudantes de licenciatura ou mestrado (*) \u20ac 50 \u20ac 75 Estudantes de doutoramento (*) \u20ac 75 \u20ac 100 Participante membro de associa\u00e7\u00e3o &nbsp;(**) \u20ac 150 \u20ac 175 Participante Geral \u20ac 175 \u20ac 200 Jantar da Confer\u00eancia [&hellip;]<\/p>\n","protected":false},"author":2184,"featured_media":0,"parent":0,"menu_order":0,"comment_status":"closed","ping_status":"closed","template":"","meta":{"ngg_post_thumbnail":0,"footnotes":""},"class_list":["post-79","page","type-page","status-publish","hentry"],"_links":{"self":[{"href":"https:\/\/sites.ipleiria.pt\/ciac\/wp-json\/wp\/v2\/pages\/79","targetHints":{"allow":["GET"]}}],"collection":[{"href":"https:\/\/sites.ipleiria.pt\/ciac\/wp-json\/wp\/v2\/pages"}],"about":[{"href":"https:\/\/sites.ipleiria.pt\/ciac\/wp-json\/wp\/v2\/types\/page"}],"author":[{"embeddable":true,"href":"https:\/\/sites.ipleiria.pt\/ciac\/wp-json\/wp\/v2\/users\/2184"}],"replies":[{"embeddable":true,"href":"https:\/\/sites.ipleiria.pt\/ciac\/wp-json\/wp\/v2\/comments?post=79"}],"version-history":[{"count":15,"href":"https:\/\/sites.ipleiria.pt\/ciac\/wp-json\/wp\/v2\/pages\/79\/revisions"}],"predecessor-version":[{"id":256,"href":"https:\/\/sites.ipleiria.pt\/ciac\/wp-json\/wp\/v2\/pages\/79\/revisions\/256"}],"wp:attachment":[{"href":"https:\/\/sites.ipleiria.pt\/ciac\/wp-json\/wp\/v2\/media?parent=79"}],"curies":[{"name":"wp","href":"https:\/\/api.w.org\/{rel}","templated":true}]}}