{"id":86,"date":"2019-02-28T02:42:16","date_gmt":"2019-02-28T02:42:16","guid":{"rendered":"http:\/\/sites.ipleiria.pt\/ciac\/?page_id=86"},"modified":"2019-06-15T23:25:24","modified_gmt":"2019-06-15T23:25:24","slug":"submissoes","status":"publish","type":"page","link":"https:\/\/sites.ipleiria.pt\/ciac\/submissoes\/","title":{"rendered":"Submiss\u00f5es"},"content":{"rendered":"<p>Os autores s\u00e3o convidados a enviar seus resumos sobre qualquer t\u00f3pico do <strong>CIAC2019<\/strong>.<\/p>\n<p>&nbsp;<\/p>\n<h4><\/h4>\n<h4><strong><a href=\"https:\/\/easychair.org\/conferences\/?conf=ciac20191\" target=\"_blank\" rel=\"noopener noreferrer\">Submiss\u00e3o de Resumos<\/a>\u00a0<img loading=\"lazy\" decoding=\"async\" class=\"alignnone \" src=\"https:\/\/easychair.org\/images\/logoEC.png\" width=\"237\" height=\"63\" \/><br \/>\n<\/strong><\/h4>\n<p>Ap\u00f3s a notifica\u00e7\u00e3o de aceita\u00e7\u00e3o para apresenta\u00e7\u00e3o no CIAC2019, dever\u00e1 o autor de contacto preparar uma vers\u00e3o final da comunica\u00e7\u00e3o tendo em conta as aprecia\u00e7\u00f5es feitas pelos revisores da comiss\u00e3o cient\u00edfica.<\/p>\n<p><strong>O autor poder\u00e1 optar pela submiss\u00e3o de um resumo alargado de, no m\u00ednimo, 2 p\u00e1ginas ou pela submiss\u00e3o de um artigo (com um min\u00edmo de 4 p\u00e1ginas, incluindo figuras, tabelas e refer\u00eancias)<\/strong>. A comunica\u00e7\u00e3o dever\u00e1 ser escrita em ingl\u00eas ou portugu\u00eas, usando as instru\u00e7\u00f5es de formata\u00e7\u00e3o indicadas no modelo disponibilizado e garantindo a aus\u00eancia de erros gramaticais ou ortogr\u00e1ficos. Esta dever\u00e1 indicar de forma clara a sua principal contribui\u00e7\u00e3o t\u00e9cnica\/cient\u00edfica, bem como os problemas, dom\u00ednios ou ambientes em que \u00e9 aplic\u00e1vel. Caso o autor opte pela submiss\u00e3o de um artigo, este ser\u00e1 considerado para publica\u00e7\u00e3o.<\/p>\n<p>A vers\u00e3o final do artigo (ou resumo alargado) dever\u00e1 ser submetida eletronicamente atrav\u00e9s do sistema de submiss\u00e3o de ficheiros do congresso em (<a href=\"https:\/\/easychair.org\/conferences\/?conf=ciac20191\">easychair<\/a>), respeitando o modelo de documento disponibilizado.<\/p>\n<h5>Template for Artigos e\u00a0Resumo Alargado<\/h5>\n<p>Vers\u00e3o portugues &#8211;\u00a0<a href=\"http:\/\/sites.ipleiria.pt\/ciac\/files\/2019\/06\/Template_Word_CIAC2019_VP.docx\"><img loading=\"lazy\" decoding=\"async\" class=\"alignnone wp-image-265\" src=\"http:\/\/sites.ipleiria.pt\/ciac\/files\/2019\/06\/word.gif\" alt=\"\" width=\"32\" height=\"29\" \/><\/a><\/p>\n<p>Vers\u00e3o ingles &#8211;\u00a0<a href=\"http:\/\/sites.ipleiria.pt\/ciac\/files\/2019\/06\/Template_Word_CIAC2019_EN.docx\"><img loading=\"lazy\" decoding=\"async\" class=\"alignnone wp-image-265\" src=\"http:\/\/sites.ipleiria.pt\/ciac\/files\/2019\/06\/word.gif\" alt=\"\" width=\"32\" height=\"29\" \/><\/a><\/p>","protected":false},"excerpt":{"rendered":"<p>Os autores s\u00e3o convidados a enviar seus resumos sobre qualquer t\u00f3pico do CIAC2019. &nbsp; Submiss\u00e3o de Resumos\u00a0 Ap\u00f3s a notifica\u00e7\u00e3o de aceita\u00e7\u00e3o para apresenta\u00e7\u00e3o no CIAC2019, dever\u00e1 o autor de contacto preparar uma vers\u00e3o final da comunica\u00e7\u00e3o tendo em conta as aprecia\u00e7\u00f5es feitas pelos revisores da comiss\u00e3o cient\u00edfica. O autor poder\u00e1 optar pela submiss\u00e3o de [&hellip;]<\/p>\n","protected":false},"author":2184,"featured_media":0,"parent":0,"menu_order":0,"comment_status":"closed","ping_status":"closed","template":"","meta":{"ngg_post_thumbnail":0,"footnotes":""},"class_list":["post-86","page","type-page","status-publish","hentry"],"_links":{"self":[{"href":"https:\/\/sites.ipleiria.pt\/ciac\/wp-json\/wp\/v2\/pages\/86","targetHints":{"allow":["GET"]}}],"collection":[{"href":"https:\/\/sites.ipleiria.pt\/ciac\/wp-json\/wp\/v2\/pages"}],"about":[{"href":"https:\/\/sites.ipleiria.pt\/ciac\/wp-json\/wp\/v2\/types\/page"}],"author":[{"embeddable":true,"href":"https:\/\/sites.ipleiria.pt\/ciac\/wp-json\/wp\/v2\/users\/2184"}],"replies":[{"embeddable":true,"href":"https:\/\/sites.ipleiria.pt\/ciac\/wp-json\/wp\/v2\/comments?post=86"}],"version-history":[{"count":26,"href":"https:\/\/sites.ipleiria.pt\/ciac\/wp-json\/wp\/v2\/pages\/86\/revisions"}],"predecessor-version":[{"id":269,"href":"https:\/\/sites.ipleiria.pt\/ciac\/wp-json\/wp\/v2\/pages\/86\/revisions\/269"}],"wp:attachment":[{"href":"https:\/\/sites.ipleiria.pt\/ciac\/wp-json\/wp\/v2\/media?parent=86"}],"curies":[{"name":"wp","href":"https:\/\/api.w.org\/{rel}","templated":true}]}}