{"id":36,"date":"2021-04-13T08:06:46","date_gmt":"2021-04-13T08:06:46","guid":{"rendered":"http:\/\/sites.ipleiria.pt\/cicie2021\/?page_id=36"},"modified":"2021-05-17T16:01:37","modified_gmt":"2021-05-17T16:01:37","slug":"organizacao","status":"publish","type":"page","link":"https:\/\/sites.ipleiria.pt\/cicie2021\/organizacao\/","title":{"rendered":"Organiza\u00e7\u00e3o"},"content":{"rendered":"\n<p class=\"has-white-color has-text-color has-background\" style=\"background-color:#004932;line-height:1.5\"><strong>ORGANIZA\u00c7\u00c3O<\/strong><\/p>\n\n\n\n<div class=\"wp-block-group\"><div class=\"wp-block-group__inner-container is-layout-flow wp-block-group-is-layout-flow\">\n<p class=\"has-white-background-color has-background\" style=\"line-height:1.5\"><strong>ESECS <\/strong>\u2013 Escola Superior de Educa\u00e7\u00e3o e Ci\u00eancias Sociais \u2013 Polit\u00e9cnico de Leiria<br><strong>APEI <\/strong>\u2013 Associa\u00e7\u00e3o de Profissionais de Educa\u00e7\u00e3o de Inf\u00e2ncia<\/p>\n<\/div><\/div>\n\n\n\n<p class=\"has-white-color has-text-color has-background\" style=\"background-color:#004932;line-height:1.5\"><strong>APOIOS<\/strong><\/p>\n\n\n\n<p><strong>Ci&amp;DEI<\/strong> \u2013 Centro de Estudos em Educa\u00e7\u00e3o e Inova\u00e7\u00e3o<br><strong>APEI <\/strong>\u2013 Associa\u00e7\u00e3o de Profissionais de Educa\u00e7\u00e3o de Inf\u00e2ncia<\/p>\n\n\n\n<p class=\"has-white-color has-text-color has-background\" style=\"background-color:#e55838\"><strong>Comiss\u00e3o Organizadora<\/strong><\/p>\n\n\n\n<p style=\"line-height:0.5\">Miguel Oliveira<\/p>\n\n\n\n<p style=\"line-height:0.5\">Marina Rodrigues<\/p>\n\n\n\n<p style=\"line-height:0.5\">Sandrina Milhano<\/p>\n\n\n\n<p><\/p>\n\n\n\n<p class=\"has-white-color has-text-color has-background\" style=\"background-color:#e55838\"><strong>Secretariado<\/strong><\/p>\n\n\n\n<p>Adelaide Ferreira<br>Catarina Varanda<br>Cristiana Barradas<br>Diana Martins<br>Lu\u00eds Santos<br>Mafalda Alves<br>Maria Silva<br>Turma de 1.\u00ba ano do Mestrado em Educa\u00e7\u00e3o Pr\u00e9-Escolar<br>Turma de 1.\u00ba ano do Mestrado em Educa\u00e7\u00e3o Pr\u00e9-Escolar e Ensino do 1.\u00ba CEB<\/p>\n\n\n\n<p><\/p>\n\n\n\n<p class=\"has-white-color has-text-color has-background\" style=\"background-color:#e55838\"><strong>Comiss\u00e3o Cient\u00edfica<\/strong> (em atualiza\u00e7\u00e3o)<\/p>\n\n\n\n<div class=\"wp-block-columns is-layout-flex wp-container-core-columns-is-layout-1 wp-block-columns-is-layout-flex\">\n<div class=\"wp-block-column is-layout-flow wp-block-column-is-layout-flow\">\n<p style=\"line-height:0.8\">Adelaide Vala<\/p>\n\n\n\n<p style=\"line-height:0.8\">Aida Figueiredo<\/p>\n\n\n\n<p style=\"line-height:0.8\">Carlos Neto<\/p>\n\n\n\n<p style=\"line-height:0.8\">Clarinda Barata<\/p>\n\n\n\n<p style=\"line-height:0.8\">Cristina Nobre<\/p>\n\n\n\n<p style=\"line-height:0.8\">Dina Alves<\/p>\n\n\n\n<p style=\"line-height:0.8\">Edgar Lameiras<\/p>\n\n\n\n<p style=\"line-height:0.8\">Filipa Rodrigues<\/p>\n\n\n\n<p style=\"line-height:0.8\">Gabriela Portugal<\/p>\n\n\n\n<p style=\"line-height:0.8\">Gra\u00e7a Cardoso<\/p>\n\n\n\n<p style=\"line-height:0.8\">Helena Moreira<\/p>\n\n\n\n<p style=\"line-height:0.8\">Hugo Menino<\/p>\n\n\n\n<p style=\"line-height:0.8\">In\u00e1cia Santana<\/p>\n\n\n\n<p style=\"line-height:0.8\">Isabel Correia<\/p>\n\n\n\n<p style=\"line-height:0.8\">Isabel Lopes da Silva<\/p>\n\n\n\n<p style=\"line-height:0.8\">Isabel Rebelo<\/p>\n\n\n\n<p style=\"line-height:0.8\">Isabel Rebelo<\/p>\n\n\n\n<p style=\"line-height:0.8\">Isabel Sim\u00f5es Dias<\/p>\n\n\n\n<p style=\"line-height:0.8\">Jo\u00e3o Formosinho<\/p>\n\n\n\n<p style=\"line-height:0.8\">J\u00falia Oliveira-Formosinho<\/p>\n\n\n\n<p style=\"line-height:0.8\">Liliana Marques<\/p>\n\n\n\n<p style=\"line-height:0.8\">Lourdes Mata<\/p>\n\n\n\n<p style=\"line-height:0.8\">L\u00facia Magueta<\/p>\n\n\n\n<p style=\"line-height:0.8\">Lu\u00eds Barbeiro<\/p>\n<\/div>\n\n\n\n<div class=\"wp-block-column is-layout-flow wp-block-column-is-layout-flow\">\n<p style=\"line-height:0.8\">Lu\u00eds Ribeiro<\/p>\n\n\n\n<p style=\"line-height:0.8\">Manuela Rosa<\/p>\n\n\n\n<p style=\"line-height:0.8\">Maria da Gra\u00e7a Santos<\/p>\n\n\n\n<p style=\"line-height:0.8\">Maria Dias<\/p>\n\n\n\n<p style=\"line-height:0.8\">Maria Jo\u00e3o Cardona<\/p>\n\n\n\n<p style=\"line-height:0.8\">Maria Jos\u00e9 Gamboa<\/p>\n\n\n\n<p style=\"line-height:0.8\">Marina Rodrigues<\/p>\n\n\n\n<p style=\"line-height:0.8\">Miguel Oliveira<\/p>\n\n\n\n<p style=\"line-height:0.8\">M\u00f3nica Resende<\/p>\n\n\n\n<p style=\"line-height:0.8\">M\u00f3nica Rolo<\/p>\n\n\n\n<p style=\"line-height:0.8\">Nuno Gon\u00e7alves<\/p>\n\n\n\n<p style=\"line-height:0.8\">Of\u00e9lia Lib\u00f3rio<\/p>\n\n\n\n<p style=\"line-height:0.8\">Paulo Fochi<\/p>\n\n\n\n<p style=\"line-height:0.8\">Pedro Silva<\/p>\n\n\n\n<p style=\"line-height:0.8\">Renata Ara\u00fajo<\/p>\n\n\n\n<p style=\"line-height:0.8\">Ricardo Vieira<\/p>\n\n\n\n<p style=\"line-height:0.8\">Rita Leal<\/p>\n\n\n\n<p style=\"line-height:0.8\">Rita Rovisco<\/p>\n\n\n\n<p style=\"line-height:0.8\">Rui Ingl\u00eas<\/p>\n\n\n\n<p style=\"line-height:0.8\">Rui Matos<\/p>\n\n\n\n<p style=\"line-height:0.8\">Sandrina Milhano<\/p>\n\n\n\n<p style=\"line-height:0.8\">Susana Reis<\/p>\n\n\n\n<p style=\"line-height:0.8\">Teresa Sarmento<\/p>\n\n\n\n<p style=\"line-height:0.8\">Teresa Vasconcelos<\/p>\n<\/div>\n<\/div>\n\n\n\n<p><strong>Nota:<\/strong> Os elementos indicados nesta Comiss\u00e3o Cient\u00edfica (CC) s\u00e3o os conferencistas e outros participantes no evento, coordenadores e docentes dos mestrados profissionalizantes da ESECS. A integra\u00e7\u00e3o oficial na CC carece ainda da aceita\u00e7\u00e3o de alguns dos elementos supramencionados.<\/p>\n\n\n\n<p><strong>Organiza\u00e7\u00e3o<\/strong><\/p>\n\n\n\n<figure class=\"wp-block-image size-large\"><a href=\"https:\/\/www.ipleiria.pt\/esecs\/\"><img loading=\"lazy\" decoding=\"async\" width=\"1024\" height=\"283\" src=\"http:\/\/sites.ipleiria.pt\/cicie2021\/files\/2021\/04\/esecs-1024x283.png\" alt=\"\" class=\"wp-image-68\" srcset=\"https:\/\/sites.ipleiria.pt\/cicie2021\/files\/2021\/04\/esecs-1024x283.png 1024w, https:\/\/sites.ipleiria.pt\/cicie2021\/files\/2021\/04\/esecs-300x83.png 300w, https:\/\/sites.ipleiria.pt\/cicie2021\/files\/2021\/04\/esecs-768x212.png 768w, https:\/\/sites.ipleiria.pt\/cicie2021\/files\/2021\/04\/esecs-1536x424.png 1536w, https:\/\/sites.ipleiria.pt\/cicie2021\/files\/2021\/04\/esecs-2048x565.png 2048w\" sizes=\"auto, (max-width: 706px) 89vw, (max-width: 767px) 82vw, 740px\" \/><\/a><\/figure>\n\n\n\n<figure class=\"wp-block-image size-large is-resized\"><a href=\"http:\/\/www.apei.pt\/\"><img loading=\"lazy\" decoding=\"async\" src=\"http:\/\/sites.ipleiria.pt\/cicie2021\/files\/2021\/04\/logo-apei-2.png\" alt=\"\" class=\"wp-image-70\" width=\"498\" height=\"123\" \/><\/a><\/figure>\n\n\n\n<p><strong>Apoio<\/strong><\/p>\n\n\n\n<figure class=\"wp-block-image size-large is-resized\"><a href=\"http:\/\/events.ipv.pt\/cidei\/\"><img loading=\"lazy\" decoding=\"async\" src=\"http:\/\/sites.ipleiria.pt\/cicie2021\/files\/2021\/04\/Logo_CIDEI-e1554806251245-removebg-preview-removebg-preview.png\" alt=\"\" class=\"wp-image-216\" width=\"268\" height=\"140\" srcset=\"https:\/\/sites.ipleiria.pt\/cicie2021\/files\/2021\/04\/Logo_CIDEI-e1554806251245-removebg-preview-removebg-preview.png 691w, https:\/\/sites.ipleiria.pt\/cicie2021\/files\/2021\/04\/Logo_CIDEI-e1554806251245-removebg-preview-removebg-preview-300x157.png 300w\" sizes=\"auto, (max-width: 268px) 100vw, 268px\" \/><\/a><\/figure>\n\n\n\n<figure class=\"wp-block-image size-large\"><a href=\"https:\/\/www.dge.mec.pt\/\"><img loading=\"lazy\" decoding=\"async\" width=\"1024\" height=\"137\" src=\"https:\/\/sites.ipleiria.pt\/cicie2021\/files\/2021\/04\/gov_mec_dge-1024x137.png\" alt=\"\" class=\"wp-image-217\" srcset=\"https:\/\/sites.ipleiria.pt\/cicie2021\/files\/2021\/04\/gov_mec_dge-1024x137.png 1024w, https:\/\/sites.ipleiria.pt\/cicie2021\/files\/2021\/04\/gov_mec_dge-300x40.png 300w, https:\/\/sites.ipleiria.pt\/cicie2021\/files\/2021\/04\/gov_mec_dge-768x102.png 768w, https:\/\/sites.ipleiria.pt\/cicie2021\/files\/2021\/04\/gov_mec_dge-1536x205.png 1536w, https:\/\/sites.ipleiria.pt\/cicie2021\/files\/2021\/04\/gov_mec_dge-2048x273.png 2048w\" sizes=\"auto, (max-width: 706px) 89vw, (max-width: 767px) 82vw, 740px\" \/><\/a><\/figure>\n\n\n\n<p><\/p>\n","protected":false},"excerpt":{"rendered":"<p>ORGANIZA\u00c7\u00c3O ESECS \u2013 Escola Superior de Educa\u00e7\u00e3o e Ci\u00eancias Sociais \u2013 Polit\u00e9cnico de LeiriaAPEI \u2013 Associa\u00e7\u00e3o de Profissionais de Educa\u00e7\u00e3o de Inf\u00e2ncia APOIOS Ci&amp;DEI \u2013 Centro de Estudos em Educa\u00e7\u00e3o e Inova\u00e7\u00e3oAPEI \u2013 Associa\u00e7\u00e3o de Profissionais de Educa\u00e7\u00e3o de Inf\u00e2ncia Comiss\u00e3o Organizadora Miguel Oliveira Marina Rodrigues Sandrina Milhano Secretariado Adelaide FerreiraCatarina VarandaCristiana BarradasDiana MartinsLu\u00eds SantosMafalda &hellip; <\/p>\n<p class=\"link-more\"><a href=\"https:\/\/sites.ipleiria.pt\/cicie2021\/organizacao\/\" class=\"more-link\">Continuar a ler <span class=\"screen-reader-text\">&#8220;Organiza\u00e7\u00e3o&#8221;<\/span><\/a><\/p>\n","protected":false},"author":5223,"featured_media":0,"parent":0,"menu_order":0,"comment_status":"closed","ping_status":"closed","template":"","meta":{"footnotes":""},"class_list":["post-36","page","type-page","status-publish","hentry"],"yoast_head":"<!-- This site is optimized with the Yoast SEO plugin v26.8 - https:\/\/yoast.com\/product\/yoast-seo-wordpress\/ -->\n<title>Organiza\u00e7\u00e3o - Ciclo Internacional de Confer\u00eancias: Inf\u00e2ncia &amp; Educa\u00e7\u00e3o<\/title>\n<meta name=\"description\" content=\"ORGANIZA\u00c7\u00c3O ESECS \u2013 Escola Superior de Educa\u00e7\u00e3o e Ci\u00eancias Sociais \u2013 Polit\u00e9cnico de Leiria APEI \u2013 Associa\u00e7\u00e3o de Profissionais de Educa\u00e7\u00e3o de Inf\u00e2ncia APOIO Ci&amp;DEI \u2013 Centro de Estudos em Educa\u00e7\u00e3o e Inova\u00e7\u00e3oDGE \u2013 Dire\u00e7\u00e3o Geral da Educa\u00e7\u00e3o\" \/>\n<meta name=\"robots\" content=\"index, follow, max-snippet:-1, max-image-preview:large, max-video-preview:-1\" \/>\n<link rel=\"canonical\" href=\"https:\/\/sites.ipleiria.pt\/cicie2021\/organizacao\/\" \/>\n<meta property=\"og:locale\" content=\"pt_PT\" \/>\n<meta property=\"og:type\" content=\"article\" \/>\n<meta property=\"og:title\" content=\"Organiza\u00e7\u00e3o - Ciclo Internacional de Confer\u00eancias: Inf\u00e2ncia &amp; Educa\u00e7\u00e3o\" \/>\n<meta property=\"og:description\" content=\"ORGANIZA\u00c7\u00c3O ESECS \u2013 Escola Superior de Educa\u00e7\u00e3o e Ci\u00eancias Sociais \u2013 Polit\u00e9cnico de Leiria APEI \u2013 Associa\u00e7\u00e3o de Profissionais de Educa\u00e7\u00e3o de Inf\u00e2ncia APOIO Ci&amp;DEI \u2013 Centro de Estudos em Educa\u00e7\u00e3o e Inova\u00e7\u00e3oDGE \u2013 Dire\u00e7\u00e3o Geral da Educa\u00e7\u00e3o\" \/>\n<meta property=\"og:url\" content=\"https:\/\/sites.ipleiria.pt\/cicie2021\/organizacao\/\" \/>\n<meta property=\"og:site_name\" content=\"Ciclo Internacional de Confer\u00eancias: Inf\u00e2ncia &amp; Educa\u00e7\u00e3o\" \/>\n<meta property=\"article:modified_time\" content=\"2021-05-17T16:01:37+00:00\" \/>\n<meta property=\"og:image\" content=\"https:\/\/sites.ipleiria.pt\/cicie2021\/files\/2021\/04\/TESTE-BANNER-NOVO-1-1024x768.png\" \/>\n\t<meta property=\"og:image:width\" content=\"1024\" \/>\n\t<meta property=\"og:image:height\" content=\"768\" \/>\n\t<meta property=\"og:image:type\" content=\"image\/png\" \/>\n<meta name=\"twitter:card\" content=\"summary_large_image\" \/>\n<meta name=\"twitter:label1\" content=\"Tempo estimado de leitura\" \/>\n\t<meta name=\"twitter:data1\" content=\"2 minutos\" \/>\n<script type=\"application\/ld+json\" class=\"yoast-schema-graph\">{\"@context\":\"https:\/\/schema.org\",\"@graph\":[{\"@type\":\"WebPage\",\"@id\":\"https:\/\/sites.ipleiria.pt\/cicie2021\/organizacao\/\",\"url\":\"https:\/\/sites.ipleiria.pt\/cicie2021\/organizacao\/\",\"name\":\"Organiza\u00e7\u00e3o - Ciclo Internacional de Confer\u00eancias: Inf\u00e2ncia &amp; Educa\u00e7\u00e3o\",\"isPartOf\":{\"@id\":\"https:\/\/sites.ipleiria.pt\/cicie2021\/#website\"},\"primaryImageOfPage\":{\"@id\":\"https:\/\/sites.ipleiria.pt\/cicie2021\/organizacao\/#primaryimage\"},\"image\":{\"@id\":\"https:\/\/sites.ipleiria.pt\/cicie2021\/organizacao\/#primaryimage\"},\"thumbnailUrl\":\"http:\/\/sites.ipleiria.pt\/cicie2021\/files\/2021\/04\/esecs-1024x283.png\",\"datePublished\":\"2021-04-13T08:06:46+00:00\",\"dateModified\":\"2021-05-17T16:01:37+00:00\",\"description\":\"ORGANIZA\u00c7\u00c3O ESECS \u2013 Escola Superior de Educa\u00e7\u00e3o e Ci\u00eancias Sociais \u2013 Polit\u00e9cnico de Leiria APEI \u2013 Associa\u00e7\u00e3o de Profissionais de Educa\u00e7\u00e3o de Inf\u00e2ncia APOIO Ci&DEI \u2013 Centro de Estudos em Educa\u00e7\u00e3o e Inova\u00e7\u00e3oDGE \u2013 Dire\u00e7\u00e3o Geral da Educa\u00e7\u00e3o\",\"breadcrumb\":{\"@id\":\"https:\/\/sites.ipleiria.pt\/cicie2021\/organizacao\/#breadcrumb\"},\"inLanguage\":\"pt-PT\",\"potentialAction\":[{\"@type\":\"ReadAction\",\"target\":[\"https:\/\/sites.ipleiria.pt\/cicie2021\/organizacao\/\"]}]},{\"@type\":\"ImageObject\",\"inLanguage\":\"pt-PT\",\"@id\":\"https:\/\/sites.ipleiria.pt\/cicie2021\/organizacao\/#primaryimage\",\"url\":\"http:\/\/sites.ipleiria.pt\/cicie2021\/files\/2021\/04\/esecs-1024x283.png\",\"contentUrl\":\"http:\/\/sites.ipleiria.pt\/cicie2021\/files\/2021\/04\/esecs-1024x283.png\"},{\"@type\":\"BreadcrumbList\",\"@id\":\"https:\/\/sites.ipleiria.pt\/cicie2021\/organizacao\/#breadcrumb\",\"itemListElement\":[{\"@type\":\"ListItem\",\"position\":1,\"name\":\"In\u00edcio\",\"item\":\"https:\/\/sites.ipleiria.pt\/cicie2021\/\"},{\"@type\":\"ListItem\",\"position\":2,\"name\":\"Organiza\u00e7\u00e3o\"}]},{\"@type\":\"WebSite\",\"@id\":\"https:\/\/sites.ipleiria.pt\/cicie2021\/#website\",\"url\":\"https:\/\/sites.ipleiria.pt\/cicie2021\/\",\"name\":\"Ciclo Internacional de Confer\u00eancias: Inf\u00e2ncia &amp; Educa\u00e7\u00e3o\",\"description\":\"\",\"potentialAction\":[{\"@type\":\"SearchAction\",\"target\":{\"@type\":\"EntryPoint\",\"urlTemplate\":\"https:\/\/sites.ipleiria.pt\/cicie2021\/?s={search_term_string}\"},\"query-input\":{\"@type\":\"PropertyValueSpecification\",\"valueRequired\":true,\"valueName\":\"search_term_string\"}}],\"inLanguage\":\"pt-PT\"}]}<\/script>\n<!-- \/ Yoast SEO plugin. -->","yoast_head_json":{"title":"Organiza\u00e7\u00e3o - Ciclo Internacional de Confer\u00eancias: Inf\u00e2ncia &amp; Educa\u00e7\u00e3o","description":"ORGANIZA\u00c7\u00c3O ESECS \u2013 Escola Superior de Educa\u00e7\u00e3o e Ci\u00eancias Sociais \u2013 Polit\u00e9cnico de Leiria APEI \u2013 Associa\u00e7\u00e3o de Profissionais de Educa\u00e7\u00e3o de Inf\u00e2ncia APOIO Ci&DEI \u2013 Centro de Estudos em Educa\u00e7\u00e3o e Inova\u00e7\u00e3oDGE \u2013 Dire\u00e7\u00e3o Geral da Educa\u00e7\u00e3o","robots":{"index":"index","follow":"follow","max-snippet":"max-snippet:-1","max-image-preview":"max-image-preview:large","max-video-preview":"max-video-preview:-1"},"canonical":"https:\/\/sites.ipleiria.pt\/cicie2021\/organizacao\/","og_locale":"pt_PT","og_type":"article","og_title":"Organiza\u00e7\u00e3o - Ciclo Internacional de Confer\u00eancias: Inf\u00e2ncia &amp; Educa\u00e7\u00e3o","og_description":"ORGANIZA\u00c7\u00c3O ESECS \u2013 Escola Superior de Educa\u00e7\u00e3o e Ci\u00eancias Sociais \u2013 Polit\u00e9cnico de Leiria APEI \u2013 Associa\u00e7\u00e3o de Profissionais de Educa\u00e7\u00e3o de Inf\u00e2ncia APOIO Ci&DEI \u2013 Centro de Estudos em Educa\u00e7\u00e3o e Inova\u00e7\u00e3oDGE \u2013 Dire\u00e7\u00e3o Geral da Educa\u00e7\u00e3o","og_url":"https:\/\/sites.ipleiria.pt\/cicie2021\/organizacao\/","og_site_name":"Ciclo Internacional de Confer\u00eancias: Inf\u00e2ncia &amp; Educa\u00e7\u00e3o","article_modified_time":"2021-05-17T16:01:37+00:00","og_image":[{"width":1024,"height":768,"url":"https:\/\/sites.ipleiria.pt\/cicie2021\/files\/2021\/04\/TESTE-BANNER-NOVO-1-1024x768.png","type":"image\/png"}],"twitter_card":"summary_large_image","twitter_misc":{"Tempo estimado de leitura":"2 minutos"},"schema":{"@context":"https:\/\/schema.org","@graph":[{"@type":"WebPage","@id":"https:\/\/sites.ipleiria.pt\/cicie2021\/organizacao\/","url":"https:\/\/sites.ipleiria.pt\/cicie2021\/organizacao\/","name":"Organiza\u00e7\u00e3o - Ciclo Internacional de Confer\u00eancias: Inf\u00e2ncia &amp; Educa\u00e7\u00e3o","isPartOf":{"@id":"https:\/\/sites.ipleiria.pt\/cicie2021\/#website"},"primaryImageOfPage":{"@id":"https:\/\/sites.ipleiria.pt\/cicie2021\/organizacao\/#primaryimage"},"image":{"@id":"https:\/\/sites.ipleiria.pt\/cicie2021\/organizacao\/#primaryimage"},"thumbnailUrl":"http:\/\/sites.ipleiria.pt\/cicie2021\/files\/2021\/04\/esecs-1024x283.png","datePublished":"2021-04-13T08:06:46+00:00","dateModified":"2021-05-17T16:01:37+00:00","description":"ORGANIZA\u00c7\u00c3O ESECS \u2013 Escola Superior de Educa\u00e7\u00e3o e Ci\u00eancias Sociais \u2013 Polit\u00e9cnico de Leiria APEI \u2013 Associa\u00e7\u00e3o de Profissionais de Educa\u00e7\u00e3o de Inf\u00e2ncia APOIO Ci&DEI \u2013 Centro de Estudos em Educa\u00e7\u00e3o e Inova\u00e7\u00e3oDGE \u2013 Dire\u00e7\u00e3o Geral da Educa\u00e7\u00e3o","breadcrumb":{"@id":"https:\/\/sites.ipleiria.pt\/cicie2021\/organizacao\/#breadcrumb"},"inLanguage":"pt-PT","potentialAction":[{"@type":"ReadAction","target":["https:\/\/sites.ipleiria.pt\/cicie2021\/organizacao\/"]}]},{"@type":"ImageObject","inLanguage":"pt-PT","@id":"https:\/\/sites.ipleiria.pt\/cicie2021\/organizacao\/#primaryimage","url":"http:\/\/sites.ipleiria.pt\/cicie2021\/files\/2021\/04\/esecs-1024x283.png","contentUrl":"http:\/\/sites.ipleiria.pt\/cicie2021\/files\/2021\/04\/esecs-1024x283.png"},{"@type":"BreadcrumbList","@id":"https:\/\/sites.ipleiria.pt\/cicie2021\/organizacao\/#breadcrumb","itemListElement":[{"@type":"ListItem","position":1,"name":"In\u00edcio","item":"https:\/\/sites.ipleiria.pt\/cicie2021\/"},{"@type":"ListItem","position":2,"name":"Organiza\u00e7\u00e3o"}]},{"@type":"WebSite","@id":"https:\/\/sites.ipleiria.pt\/cicie2021\/#website","url":"https:\/\/sites.ipleiria.pt\/cicie2021\/","name":"Ciclo Internacional de Confer\u00eancias: Inf\u00e2ncia &amp; Educa\u00e7\u00e3o","description":"","potentialAction":[{"@type":"SearchAction","target":{"@type":"EntryPoint","urlTemplate":"https:\/\/sites.ipleiria.pt\/cicie2021\/?s={search_term_string}"},"query-input":{"@type":"PropertyValueSpecification","valueRequired":true,"valueName":"search_term_string"}}],"inLanguage":"pt-PT"}]}},"_links":{"self":[{"href":"https:\/\/sites.ipleiria.pt\/cicie2021\/wp-json\/wp\/v2\/pages\/36","targetHints":{"allow":["GET"]}}],"collection":[{"href":"https:\/\/sites.ipleiria.pt\/cicie2021\/wp-json\/wp\/v2\/pages"}],"about":[{"href":"https:\/\/sites.ipleiria.pt\/cicie2021\/wp-json\/wp\/v2\/types\/page"}],"author":[{"embeddable":true,"href":"https:\/\/sites.ipleiria.pt\/cicie2021\/wp-json\/wp\/v2\/users\/5223"}],"replies":[{"embeddable":true,"href":"https:\/\/sites.ipleiria.pt\/cicie2021\/wp-json\/wp\/v2\/comments?post=36"}],"version-history":[{"count":46,"href":"https:\/\/sites.ipleiria.pt\/cicie2021\/wp-json\/wp\/v2\/pages\/36\/revisions"}],"predecessor-version":[{"id":533,"href":"https:\/\/sites.ipleiria.pt\/cicie2021\/wp-json\/wp\/v2\/pages\/36\/revisions\/533"}],"wp:attachment":[{"href":"https:\/\/sites.ipleiria.pt\/cicie2021\/wp-json\/wp\/v2\/media?parent=36"}],"curies":[{"name":"wp","href":"https:\/\/api.w.org\/{rel}","templated":true}]}}