{"id":411,"date":"2021-04-28T09:10:13","date_gmt":"2021-04-28T09:10:13","guid":{"rendered":"https:\/\/sites.ipleiria.pt\/cicie2021\/?page_id=411"},"modified":"2021-06-22T11:10:32","modified_gmt":"2021-06-22T11:10:32","slug":"conferencia-2","status":"publish","type":"page","link":"https:\/\/sites.ipleiria.pt\/cicie2021\/conferencia-2\/","title":{"rendered":"Confer\u00eancia 2"},"content":{"rendered":"\n<p><strong><a href=\"https:\/\/www.youtube.com\/watch?v=Vmn3RGJOsi4&amp;t=54s\">A EMERG\u00caNCIA DA LEITURA E DA ESCRITA NA EDUCA\u00c7\u00c3O DE INF\u00c2NCIA E NO ENSINO B\u00c1SICO<\/a><\/strong><\/p>\n\n\n\n<p class=\"has-light-green-cyan-background-color has-background\">| <a href=\"https:\/\/www.youtube.com\/watch?v=Vmn3RGJOsi4&amp;t=54s\">Dispon\u00edvel <strong>AQUI<\/strong><\/a> |<\/p>\n\n\n\n<p><strong>Literacia emergente: intencionalidade educativa e qualidade dos contextos de educa\u00e7\u00e3o de inf\u00e2ncia<\/strong><br>Lourdes Mata | ISPA \u2013 Instituto Universit\u00e1rio<\/p>\n\n\n\n<p><strong>A abordagem \u00e0 escrita e \u00e0 leitura no contexto da educa\u00e7\u00e3o de inf\u00e2ncia<\/strong><br>Adelaide Vala e In\u00e1cia Santana | Movimento da Escola Moderna e Funda\u00e7\u00e3o Aga Khan<\/p>\n\n\n\n<p><strong>A aprendizagem formal da escrita no 1.\u00ba CEB<\/strong><br>Helena Moreira e In\u00e1cia Santana | Movimento da Escola Moderna e Funda\u00e7\u00e3o Aga Khan<\/p>\n\n\n\n<p><strong>Moderadora: <\/strong>Maria Jos\u00e9 Gamboa | ESECS \u2013 Polit\u00e9cnico de Leiria<\/p>\n\n\n\n<figure class=\"wp-block-gallery columns-1 is-cropped wp-block-gallery-1 is-layout-flex wp-block-gallery-is-layout-flex\"><ul class=\"blocks-gallery-grid\"><li class=\"blocks-gallery-item\"><figure><img loading=\"lazy\" decoding=\"async\" width=\"724\" height=\"1024\" src=\"https:\/\/sites.ipleiria.pt\/cicie2021\/files\/2021\/04\/Cartaz_Confere\u0302ncia-2-1-724x1024.png\" alt=\"\" data-id=\"439\" data-full-url=\"https:\/\/sites.ipleiria.pt\/cicie2021\/files\/2021\/04\/Cartaz_Confere\u0302ncia-2-1.png\" data-link=\"https:\/\/sites.ipleiria.pt\/cicie2021\/conferencia-2\/cartaz_confere%cc%82ncia-2-1\/\" class=\"wp-image-439\" srcset=\"https:\/\/sites.ipleiria.pt\/cicie2021\/files\/2021\/04\/Cartaz_Confere\u0302ncia-2-1-724x1024.png 724w, https:\/\/sites.ipleiria.pt\/cicie2021\/files\/2021\/04\/Cartaz_Confere\u0302ncia-2-1-212x300.png 212w, https:\/\/sites.ipleiria.pt\/cicie2021\/files\/2021\/04\/Cartaz_Confere\u0302ncia-2-1-768x1087.png 768w, https:\/\/sites.ipleiria.pt\/cicie2021\/files\/2021\/04\/Cartaz_Confere\u0302ncia-2-1-1086x1536.png 1086w, https:\/\/sites.ipleiria.pt\/cicie2021\/files\/2021\/04\/Cartaz_Confere\u0302ncia-2-1.png 1191w\" sizes=\"auto, (max-width: 724px) 100vw, 724px\" \/><\/figure><\/li><\/ul><\/figure>\n","protected":false},"excerpt":{"rendered":"<p>A EMERG\u00caNCIA DA LEITURA E DA ESCRITA NA EDUCA\u00c7\u00c3O DE INF\u00c2NCIA E NO ENSINO B\u00c1SICO | Dispon\u00edvel AQUI | Literacia emergente: intencionalidade educativa e qualidade dos contextos de educa\u00e7\u00e3o de inf\u00e2nciaLourdes Mata | ISPA \u2013 Instituto Universit\u00e1rio A abordagem \u00e0 escrita e \u00e0 leitura no contexto da educa\u00e7\u00e3o de inf\u00e2nciaAdelaide Vala e In\u00e1cia Santana | &hellip; <\/p>\n<p class=\"link-more\"><a href=\"https:\/\/sites.ipleiria.pt\/cicie2021\/conferencia-2\/\" class=\"more-link\">Continuar a ler <span class=\"screen-reader-text\">&#8220;Confer\u00eancia 2&#8221;<\/span><\/a><\/p>\n","protected":false},"author":5223,"featured_media":0,"parent":0,"menu_order":0,"comment_status":"closed","ping_status":"closed","template":"","meta":{"footnotes":""},"class_list":["post-411","page","type-page","status-publish","hentry"],"yoast_head":"<!-- This site is optimized with the Yoast SEO plugin v26.8 - https:\/\/yoast.com\/product\/yoast-seo-wordpress\/ -->\n<title>Confer\u00eancia 2 - Ciclo Internacional de Confer\u00eancias: Inf\u00e2ncia &amp; Educa\u00e7\u00e3o<\/title>\n<meta name=\"robots\" content=\"index, follow, max-snippet:-1, max-image-preview:large, max-video-preview:-1\" \/>\n<link rel=\"canonical\" href=\"https:\/\/sites.ipleiria.pt\/cicie2021\/conferencia-2\/\" \/>\n<meta property=\"og:locale\" content=\"pt_PT\" \/>\n<meta property=\"og:type\" content=\"article\" \/>\n<meta property=\"og:title\" content=\"Confer\u00eancia 2 - Ciclo Internacional de Confer\u00eancias: Inf\u00e2ncia &amp; Educa\u00e7\u00e3o\" \/>\n<meta property=\"og:description\" content=\"A EMERG\u00caNCIA DA LEITURA E DA ESCRITA NA EDUCA\u00c7\u00c3O DE INF\u00c2NCIA E NO ENSINO B\u00c1SICO | Dispon\u00edvel AQUI | Literacia emergente: intencionalidade educativa e qualidade dos contextos de educa\u00e7\u00e3o de inf\u00e2nciaLourdes Mata | ISPA \u2013 Instituto Universit\u00e1rio A abordagem \u00e0 escrita e \u00e0 leitura no contexto da educa\u00e7\u00e3o de inf\u00e2nciaAdelaide Vala e In\u00e1cia Santana | &hellip; Continuar a ler &quot;Confer\u00eancia 2&quot;\" \/>\n<meta property=\"og:url\" content=\"https:\/\/sites.ipleiria.pt\/cicie2021\/conferencia-2\/\" \/>\n<meta property=\"og:site_name\" content=\"Ciclo Internacional de Confer\u00eancias: Inf\u00e2ncia &amp; Educa\u00e7\u00e3o\" \/>\n<meta property=\"article:modified_time\" content=\"2021-06-22T11:10:32+00:00\" \/>\n<meta property=\"og:image\" content=\"https:\/\/sites.ipleiria.pt\/cicie2021\/files\/2021\/04\/Cartaz_Confere\u0302ncia-2-1-724x1024.png\" \/>\n<meta name=\"twitter:card\" content=\"summary_large_image\" \/>\n<meta name=\"twitter:label1\" content=\"Tempo estimado de leitura\" \/>\n\t<meta name=\"twitter:data1\" content=\"1 minuto\" \/>\n<script type=\"application\/ld+json\" class=\"yoast-schema-graph\">{\"@context\":\"https:\/\/schema.org\",\"@graph\":[{\"@type\":\"WebPage\",\"@id\":\"https:\/\/sites.ipleiria.pt\/cicie2021\/conferencia-2\/\",\"url\":\"https:\/\/sites.ipleiria.pt\/cicie2021\/conferencia-2\/\",\"name\":\"Confer\u00eancia 2 - Ciclo Internacional de Confer\u00eancias: Inf\u00e2ncia &amp; Educa\u00e7\u00e3o\",\"isPartOf\":{\"@id\":\"https:\/\/sites.ipleiria.pt\/cicie2021\/#website\"},\"datePublished\":\"2021-04-28T09:10:13+00:00\",\"dateModified\":\"2021-06-22T11:10:32+00:00\",\"breadcrumb\":{\"@id\":\"https:\/\/sites.ipleiria.pt\/cicie2021\/conferencia-2\/#breadcrumb\"},\"inLanguage\":\"pt-PT\",\"potentialAction\":[{\"@type\":\"ReadAction\",\"target\":[\"https:\/\/sites.ipleiria.pt\/cicie2021\/conferencia-2\/\"]}]},{\"@type\":\"BreadcrumbList\",\"@id\":\"https:\/\/sites.ipleiria.pt\/cicie2021\/conferencia-2\/#breadcrumb\",\"itemListElement\":[{\"@type\":\"ListItem\",\"position\":1,\"name\":\"In\u00edcio\",\"item\":\"https:\/\/sites.ipleiria.pt\/cicie2021\/\"},{\"@type\":\"ListItem\",\"position\":2,\"name\":\"Confer\u00eancia 2\"}]},{\"@type\":\"WebSite\",\"@id\":\"https:\/\/sites.ipleiria.pt\/cicie2021\/#website\",\"url\":\"https:\/\/sites.ipleiria.pt\/cicie2021\/\",\"name\":\"Ciclo Internacional de Confer\u00eancias: Inf\u00e2ncia &amp; Educa\u00e7\u00e3o\",\"description\":\"\",\"potentialAction\":[{\"@type\":\"SearchAction\",\"target\":{\"@type\":\"EntryPoint\",\"urlTemplate\":\"https:\/\/sites.ipleiria.pt\/cicie2021\/?s={search_term_string}\"},\"query-input\":{\"@type\":\"PropertyValueSpecification\",\"valueRequired\":true,\"valueName\":\"search_term_string\"}}],\"inLanguage\":\"pt-PT\"}]}<\/script>\n<!-- \/ Yoast SEO plugin. -->","yoast_head_json":{"title":"Confer\u00eancia 2 - Ciclo Internacional de Confer\u00eancias: Inf\u00e2ncia &amp; Educa\u00e7\u00e3o","robots":{"index":"index","follow":"follow","max-snippet":"max-snippet:-1","max-image-preview":"max-image-preview:large","max-video-preview":"max-video-preview:-1"},"canonical":"https:\/\/sites.ipleiria.pt\/cicie2021\/conferencia-2\/","og_locale":"pt_PT","og_type":"article","og_title":"Confer\u00eancia 2 - Ciclo Internacional de Confer\u00eancias: Inf\u00e2ncia &amp; Educa\u00e7\u00e3o","og_description":"A EMERG\u00caNCIA DA LEITURA E DA ESCRITA NA EDUCA\u00c7\u00c3O DE INF\u00c2NCIA E NO ENSINO B\u00c1SICO | Dispon\u00edvel AQUI | Literacia emergente: intencionalidade educativa e qualidade dos contextos de educa\u00e7\u00e3o de inf\u00e2nciaLourdes Mata | ISPA \u2013 Instituto Universit\u00e1rio A abordagem \u00e0 escrita e \u00e0 leitura no contexto da educa\u00e7\u00e3o de inf\u00e2nciaAdelaide Vala e In\u00e1cia Santana | &hellip; Continuar a ler \"Confer\u00eancia 2\"","og_url":"https:\/\/sites.ipleiria.pt\/cicie2021\/conferencia-2\/","og_site_name":"Ciclo Internacional de Confer\u00eancias: Inf\u00e2ncia &amp; Educa\u00e7\u00e3o","article_modified_time":"2021-06-22T11:10:32+00:00","og_image":[{"url":"https:\/\/sites.ipleiria.pt\/cicie2021\/files\/2021\/04\/Cartaz_Confere\u0302ncia-2-1-724x1024.png","type":"","width":"","height":""}],"twitter_card":"summary_large_image","twitter_misc":{"Tempo estimado de leitura":"1 minuto"},"schema":{"@context":"https:\/\/schema.org","@graph":[{"@type":"WebPage","@id":"https:\/\/sites.ipleiria.pt\/cicie2021\/conferencia-2\/","url":"https:\/\/sites.ipleiria.pt\/cicie2021\/conferencia-2\/","name":"Confer\u00eancia 2 - Ciclo Internacional de Confer\u00eancias: Inf\u00e2ncia &amp; Educa\u00e7\u00e3o","isPartOf":{"@id":"https:\/\/sites.ipleiria.pt\/cicie2021\/#website"},"datePublished":"2021-04-28T09:10:13+00:00","dateModified":"2021-06-22T11:10:32+00:00","breadcrumb":{"@id":"https:\/\/sites.ipleiria.pt\/cicie2021\/conferencia-2\/#breadcrumb"},"inLanguage":"pt-PT","potentialAction":[{"@type":"ReadAction","target":["https:\/\/sites.ipleiria.pt\/cicie2021\/conferencia-2\/"]}]},{"@type":"BreadcrumbList","@id":"https:\/\/sites.ipleiria.pt\/cicie2021\/conferencia-2\/#breadcrumb","itemListElement":[{"@type":"ListItem","position":1,"name":"In\u00edcio","item":"https:\/\/sites.ipleiria.pt\/cicie2021\/"},{"@type":"ListItem","position":2,"name":"Confer\u00eancia 2"}]},{"@type":"WebSite","@id":"https:\/\/sites.ipleiria.pt\/cicie2021\/#website","url":"https:\/\/sites.ipleiria.pt\/cicie2021\/","name":"Ciclo Internacional de Confer\u00eancias: Inf\u00e2ncia &amp; Educa\u00e7\u00e3o","description":"","potentialAction":[{"@type":"SearchAction","target":{"@type":"EntryPoint","urlTemplate":"https:\/\/sites.ipleiria.pt\/cicie2021\/?s={search_term_string}"},"query-input":{"@type":"PropertyValueSpecification","valueRequired":true,"valueName":"search_term_string"}}],"inLanguage":"pt-PT"}]}},"_links":{"self":[{"href":"https:\/\/sites.ipleiria.pt\/cicie2021\/wp-json\/wp\/v2\/pages\/411","targetHints":{"allow":["GET"]}}],"collection":[{"href":"https:\/\/sites.ipleiria.pt\/cicie2021\/wp-json\/wp\/v2\/pages"}],"about":[{"href":"https:\/\/sites.ipleiria.pt\/cicie2021\/wp-json\/wp\/v2\/types\/page"}],"author":[{"embeddable":true,"href":"https:\/\/sites.ipleiria.pt\/cicie2021\/wp-json\/wp\/v2\/users\/5223"}],"replies":[{"embeddable":true,"href":"https:\/\/sites.ipleiria.pt\/cicie2021\/wp-json\/wp\/v2\/comments?post=411"}],"version-history":[{"count":11,"href":"https:\/\/sites.ipleiria.pt\/cicie2021\/wp-json\/wp\/v2\/pages\/411\/revisions"}],"predecessor-version":[{"id":567,"href":"https:\/\/sites.ipleiria.pt\/cicie2021\/wp-json\/wp\/v2\/pages\/411\/revisions\/567"}],"wp:attachment":[{"href":"https:\/\/sites.ipleiria.pt\/cicie2021\/wp-json\/wp\/v2\/media?parent=411"}],"curies":[{"name":"wp","href":"https:\/\/api.w.org\/{rel}","templated":true}]}}