{"id":42,"date":"2021-04-13T08:13:02","date_gmt":"2021-04-13T08:13:02","guid":{"rendered":"http:\/\/sites.ipleiria.pt\/cicie2021\/?page_id=42"},"modified":"2021-04-28T15:57:13","modified_gmt":"2021-04-28T15:57:13","slug":"inscricoes","status":"publish","type":"page","link":"https:\/\/sites.ipleiria.pt\/cicie2021\/inscricoes\/","title":{"rendered":"Inscri\u00e7\u00f5es"},"content":{"rendered":"\n<p>Participantes (sem acesso a certificado) &#8211; 0,00 \u20ac<br>Participantes (com acesso a certificado) &#8211; 5,00 \u20ac<br>Participantes (com acesso a certificado de acredita\u00e7\u00e3o) &#8211; 10,00 \u20ac<\/p>\n\n\n\n<p class=\"has-white-color has-text-color has-background\" style=\"background-color:#004932\"><strong>Inscri\u00e7\u00f5es <a rel=\"noreferrer noopener\" href=\"https:\/\/eventos.ipleiria.pt\/portal\/eventos?p_id=25964\" data-type=\"URL\" data-id=\"https:\/\/eventos.ipleiria.pt\/portal\/eventos?p_id=25964\" target=\"_blank\">aqui<\/a><\/strong><\/p>\n\n\n\n<p><strong>Para mais informa\u00e7\u00f5es<\/strong><br>Adelaide Ferreira \u2013 Inscri\u00e7\u00f5es<br><strong>Tel:<\/strong>&nbsp;(+351) 244 829 471 \/ Fax: (+351) 244 829 499<br><strong>Email:<\/strong>&nbsp;<a href=\"mailto:adelaide.ferreira@ipleiria.pt\" target=\"_blank\" rel=\"noreferrer noopener\">adelaide.ferreira@ipleiria.pt<\/a><\/p>\n\n\n\n<p><strong>Termos e Condi\u00e7\u00f5es<\/strong><br>O cancelamento de inscri\u00e7\u00f5es implica a perda total do valor da taxa de inscri\u00e7\u00e3o, n\u00e3o havendo lugar a reembolsos.<\/p>\n\n\n\n<p class=\"has-white-color has-text-color has-background\" style=\"background-color:#004932\"><strong>NOTA: <\/strong>Estudantes, Docentes e Educadores\/Professores Cooperantes dos Mestrados Profissionalizantes da ESECS t\u00eam direito a certificado gratuito.  <\/p>\n\n\n\n<p class=\"has-white-color has-text-color has-background\" style=\"background-color:#e55838\">A <strong>acredita\u00e7\u00e3o<\/strong>, independentemente da condi\u00e7\u00e3o ou institui\u00e7\u00e3o, n\u00e3o \u00e9 gratuita.<\/p>\n\n\n\n<ul class=\"has-white-color has-text-color has-background wp-block-list\" style=\"background-color:#004932\"><li>Na inscri\u00e7\u00e3o os<strong> Estudantes, Docentes e Educadores\/Professores Cooperantes<\/strong> dos Mestrados referidos dever\u00e3o indicar no campo da<strong><em> Profiss\u00e3o\/Cargo\/Fun\u00e7\u00e3o<\/em><\/strong>, por exemplo:<ul><li>Estudante do Mestrado em Educa\u00e7\u00e3o Pr\u00e9-Escolar;<\/li><li>Cooperante do Mestrado em Educa\u00e7\u00e3o Pr\u00e9-Escolar;<\/li><li>Docente do Mestrado em Educa\u00e7\u00e3o Pr\u00e9-Escolar.<\/li><\/ul><\/li><\/ul>\n\n\n\n<p><\/p>\n","protected":false},"excerpt":{"rendered":"<p>Participantes (sem acesso a certificado) &#8211; 0,00 \u20acParticipantes (com acesso a certificado) &#8211; 5,00 \u20acParticipantes (com acesso a certificado de acredita\u00e7\u00e3o) &#8211; 10,00 \u20ac Inscri\u00e7\u00f5es aqui Para mais informa\u00e7\u00f5esAdelaide Ferreira \u2013 Inscri\u00e7\u00f5esTel:&nbsp;(+351) 244 829 471 \/ Fax: (+351) 244 829 499Email:&nbsp;adelaide.ferreira@ipleiria.pt Termos e Condi\u00e7\u00f5esO cancelamento de inscri\u00e7\u00f5es implica a perda total do valor da taxa &hellip; <\/p>\n<p class=\"link-more\"><a href=\"https:\/\/sites.ipleiria.pt\/cicie2021\/inscricoes\/\" class=\"more-link\">Continuar a ler <span class=\"screen-reader-text\">&#8220;Inscri\u00e7\u00f5es&#8221;<\/span><\/a><\/p>\n","protected":false},"author":5223,"featured_media":0,"parent":0,"menu_order":0,"comment_status":"closed","ping_status":"closed","template":"","meta":{"footnotes":""},"class_list":["post-42","page","type-page","status-publish","hentry"],"yoast_head":"<!-- This site is optimized with the Yoast SEO plugin v26.8 - https:\/\/yoast.com\/product\/yoast-seo-wordpress\/ -->\n<title>Inscri\u00e7\u00f5es - Ciclo Internacional de Confer\u00eancias: Inf\u00e2ncia &amp; Educa\u00e7\u00e3o<\/title>\n<meta name=\"robots\" content=\"index, follow, max-snippet:-1, max-image-preview:large, max-video-preview:-1\" \/>\n<link rel=\"canonical\" href=\"https:\/\/sites.ipleiria.pt\/cicie2021\/inscricoes\/\" \/>\n<meta property=\"og:locale\" content=\"pt_PT\" \/>\n<meta property=\"og:type\" content=\"article\" \/>\n<meta property=\"og:title\" content=\"Inscri\u00e7\u00f5es - Ciclo Internacional de Confer\u00eancias: Inf\u00e2ncia &amp; Educa\u00e7\u00e3o\" \/>\n<meta property=\"og:description\" content=\"Participantes (sem acesso a certificado) &#8211; 0,00 \u20acParticipantes (com acesso a certificado) &#8211; 5,00 \u20acParticipantes (com acesso a certificado de acredita\u00e7\u00e3o) &#8211; 10,00 \u20ac Inscri\u00e7\u00f5es aqui Para mais informa\u00e7\u00f5esAdelaide Ferreira \u2013 Inscri\u00e7\u00f5esTel:&nbsp;(+351) 244 829 471 \/ Fax: (+351) 244 829 499Email:&nbsp;adelaide.ferreira@ipleiria.pt Termos e Condi\u00e7\u00f5esO cancelamento de inscri\u00e7\u00f5es implica a perda total do valor da taxa &hellip; Continuar a ler &quot;Inscri\u00e7\u00f5es&quot;\" \/>\n<meta property=\"og:url\" content=\"https:\/\/sites.ipleiria.pt\/cicie2021\/inscricoes\/\" \/>\n<meta property=\"og:site_name\" content=\"Ciclo Internacional de Confer\u00eancias: Inf\u00e2ncia &amp; Educa\u00e7\u00e3o\" \/>\n<meta property=\"article:modified_time\" content=\"2021-04-28T15:57:13+00:00\" \/>\n<meta name=\"twitter:card\" content=\"summary_large_image\" \/>\n<meta name=\"twitter:label1\" content=\"Tempo estimado de leitura\" \/>\n\t<meta name=\"twitter:data1\" content=\"1 minuto\" \/>\n<script type=\"application\/ld+json\" class=\"yoast-schema-graph\">{\"@context\":\"https:\/\/schema.org\",\"@graph\":[{\"@type\":\"WebPage\",\"@id\":\"https:\/\/sites.ipleiria.pt\/cicie2021\/inscricoes\/\",\"url\":\"https:\/\/sites.ipleiria.pt\/cicie2021\/inscricoes\/\",\"name\":\"Inscri\u00e7\u00f5es - Ciclo Internacional de Confer\u00eancias: Inf\u00e2ncia &amp; Educa\u00e7\u00e3o\",\"isPartOf\":{\"@id\":\"https:\/\/sites.ipleiria.pt\/cicie2021\/#website\"},\"datePublished\":\"2021-04-13T08:13:02+00:00\",\"dateModified\":\"2021-04-28T15:57:13+00:00\",\"breadcrumb\":{\"@id\":\"https:\/\/sites.ipleiria.pt\/cicie2021\/inscricoes\/#breadcrumb\"},\"inLanguage\":\"pt-PT\",\"potentialAction\":[{\"@type\":\"ReadAction\",\"target\":[\"https:\/\/sites.ipleiria.pt\/cicie2021\/inscricoes\/\"]}]},{\"@type\":\"BreadcrumbList\",\"@id\":\"https:\/\/sites.ipleiria.pt\/cicie2021\/inscricoes\/#breadcrumb\",\"itemListElement\":[{\"@type\":\"ListItem\",\"position\":1,\"name\":\"In\u00edcio\",\"item\":\"https:\/\/sites.ipleiria.pt\/cicie2021\/\"},{\"@type\":\"ListItem\",\"position\":2,\"name\":\"Inscri\u00e7\u00f5es\"}]},{\"@type\":\"WebSite\",\"@id\":\"https:\/\/sites.ipleiria.pt\/cicie2021\/#website\",\"url\":\"https:\/\/sites.ipleiria.pt\/cicie2021\/\",\"name\":\"Ciclo Internacional de Confer\u00eancias: Inf\u00e2ncia &amp; Educa\u00e7\u00e3o\",\"description\":\"\",\"potentialAction\":[{\"@type\":\"SearchAction\",\"target\":{\"@type\":\"EntryPoint\",\"urlTemplate\":\"https:\/\/sites.ipleiria.pt\/cicie2021\/?s={search_term_string}\"},\"query-input\":{\"@type\":\"PropertyValueSpecification\",\"valueRequired\":true,\"valueName\":\"search_term_string\"}}],\"inLanguage\":\"pt-PT\"}]}<\/script>\n<!-- \/ Yoast SEO plugin. -->","yoast_head_json":{"title":"Inscri\u00e7\u00f5es - Ciclo Internacional de Confer\u00eancias: Inf\u00e2ncia &amp; Educa\u00e7\u00e3o","robots":{"index":"index","follow":"follow","max-snippet":"max-snippet:-1","max-image-preview":"max-image-preview:large","max-video-preview":"max-video-preview:-1"},"canonical":"https:\/\/sites.ipleiria.pt\/cicie2021\/inscricoes\/","og_locale":"pt_PT","og_type":"article","og_title":"Inscri\u00e7\u00f5es - Ciclo Internacional de Confer\u00eancias: Inf\u00e2ncia &amp; Educa\u00e7\u00e3o","og_description":"Participantes (sem acesso a certificado) &#8211; 0,00 \u20acParticipantes (com acesso a certificado) &#8211; 5,00 \u20acParticipantes (com acesso a certificado de acredita\u00e7\u00e3o) &#8211; 10,00 \u20ac Inscri\u00e7\u00f5es aqui Para mais informa\u00e7\u00f5esAdelaide Ferreira \u2013 Inscri\u00e7\u00f5esTel:&nbsp;(+351) 244 829 471 \/ Fax: (+351) 244 829 499Email:&nbsp;adelaide.ferreira@ipleiria.pt Termos e Condi\u00e7\u00f5esO cancelamento de inscri\u00e7\u00f5es implica a perda total do valor da taxa &hellip; Continuar a ler \"Inscri\u00e7\u00f5es\"","og_url":"https:\/\/sites.ipleiria.pt\/cicie2021\/inscricoes\/","og_site_name":"Ciclo Internacional de Confer\u00eancias: Inf\u00e2ncia &amp; Educa\u00e7\u00e3o","article_modified_time":"2021-04-28T15:57:13+00:00","twitter_card":"summary_large_image","twitter_misc":{"Tempo estimado de leitura":"1 minuto"},"schema":{"@context":"https:\/\/schema.org","@graph":[{"@type":"WebPage","@id":"https:\/\/sites.ipleiria.pt\/cicie2021\/inscricoes\/","url":"https:\/\/sites.ipleiria.pt\/cicie2021\/inscricoes\/","name":"Inscri\u00e7\u00f5es - Ciclo Internacional de Confer\u00eancias: Inf\u00e2ncia &amp; Educa\u00e7\u00e3o","isPartOf":{"@id":"https:\/\/sites.ipleiria.pt\/cicie2021\/#website"},"datePublished":"2021-04-13T08:13:02+00:00","dateModified":"2021-04-28T15:57:13+00:00","breadcrumb":{"@id":"https:\/\/sites.ipleiria.pt\/cicie2021\/inscricoes\/#breadcrumb"},"inLanguage":"pt-PT","potentialAction":[{"@type":"ReadAction","target":["https:\/\/sites.ipleiria.pt\/cicie2021\/inscricoes\/"]}]},{"@type":"BreadcrumbList","@id":"https:\/\/sites.ipleiria.pt\/cicie2021\/inscricoes\/#breadcrumb","itemListElement":[{"@type":"ListItem","position":1,"name":"In\u00edcio","item":"https:\/\/sites.ipleiria.pt\/cicie2021\/"},{"@type":"ListItem","position":2,"name":"Inscri\u00e7\u00f5es"}]},{"@type":"WebSite","@id":"https:\/\/sites.ipleiria.pt\/cicie2021\/#website","url":"https:\/\/sites.ipleiria.pt\/cicie2021\/","name":"Ciclo Internacional de Confer\u00eancias: Inf\u00e2ncia &amp; Educa\u00e7\u00e3o","description":"","potentialAction":[{"@type":"SearchAction","target":{"@type":"EntryPoint","urlTemplate":"https:\/\/sites.ipleiria.pt\/cicie2021\/?s={search_term_string}"},"query-input":{"@type":"PropertyValueSpecification","valueRequired":true,"valueName":"search_term_string"}}],"inLanguage":"pt-PT"}]}},"_links":{"self":[{"href":"https:\/\/sites.ipleiria.pt\/cicie2021\/wp-json\/wp\/v2\/pages\/42","targetHints":{"allow":["GET"]}}],"collection":[{"href":"https:\/\/sites.ipleiria.pt\/cicie2021\/wp-json\/wp\/v2\/pages"}],"about":[{"href":"https:\/\/sites.ipleiria.pt\/cicie2021\/wp-json\/wp\/v2\/types\/page"}],"author":[{"embeddable":true,"href":"https:\/\/sites.ipleiria.pt\/cicie2021\/wp-json\/wp\/v2\/users\/5223"}],"replies":[{"embeddable":true,"href":"https:\/\/sites.ipleiria.pt\/cicie2021\/wp-json\/wp\/v2\/comments?post=42"}],"version-history":[{"count":20,"href":"https:\/\/sites.ipleiria.pt\/cicie2021\/wp-json\/wp\/v2\/pages\/42\/revisions"}],"predecessor-version":[{"id":516,"href":"https:\/\/sites.ipleiria.pt\/cicie2021\/wp-json\/wp\/v2\/pages\/42\/revisions\/516"}],"wp:attachment":[{"href":"https:\/\/sites.ipleiria.pt\/cicie2021\/wp-json\/wp\/v2\/media?parent=42"}],"curies":[{"name":"wp","href":"https:\/\/api.w.org\/{rel}","templated":true}]}}