{"id":44,"date":"2021-04-13T08:13:22","date_gmt":"2021-04-13T08:13:22","guid":{"rendered":"http:\/\/sites.ipleiria.pt\/cicie2021\/?page_id=44"},"modified":"2021-04-28T15:58:36","modified_gmt":"2021-04-28T15:58:36","slug":"contactos","status":"publish","type":"page","link":"https:\/\/sites.ipleiria.pt\/cicie2021\/contactos\/","title":{"rendered":"Contactos"},"content":{"rendered":"\n<p class=\"has-white-color has-text-color has-background\" style=\"background-color:#004932;line-height:1.8\"><strong>Comiss\u00e3o Organizadora e Comiss\u00e3o Cient\u00edfica<\/strong><br><strong>Email<\/strong>: cicieducacao.esecs@ipleiria.pt<\/p>\n\n\n\n<p class=\"has-white-color has-text-color has-background\" style=\"background-color:#004932;line-height:1.8\"><strong>Secretariado<\/strong><br>Adelaide Ferreira<br><strong>Email: <\/strong><a href=\"mailto:adelaide.ferreira@ipleiria.pt\">adelaide.ferreira@ipleiria.pt<\/a><br><strong>Telefone:<\/strong> (+351) 244 829 471<\/p>\n\n\n\n<p>&#8212;&#8212;&#8212;&#8212;&#8212;&#8212;&#8212;&#8212;&#8212;&#8212;&#8212;&#8212;&#8212;&#8212;&#8212;&#8212;&#8212;&#8212;&#8212;&#8212;&#8212;&#8212;&#8212;&#8212;&#8212;&#8212;&#8212;&#8212;&#8212;&#8212;&#8212;&#8212;&#8212;-<\/p>\n\n\n\n<p class=\"has-white-color has-text-color has-background\" style=\"background-color:#e55838\"><strong>Escola Superior Educa\u00e7\u00e3o e Ci\u00eancias Sociais<br><em>Polit\u00e9cnico de Leiria<\/em><\/strong><br>Campus 1<br>Rua Dr. Jo\u00e3o Soares<br>Apartado 4045<br>2411-901 Leiria \u2013 Portugal<br>E-mail: esecs@ipleiria.pt<\/p>\n\n\n\n<p class=\"has-white-color has-text-color has-background\" style=\"background-color:#e55838\"><strong>Tel:<\/strong>&nbsp;(+351) 244 829 400<br><strong>Fax<\/strong>: (+351) 244 829 499<\/p>\n\n\n\n<p class=\"has-white-color has-text-color has-background\" style=\"background-color:#e55838\"><strong>Coordenadas GPS da ESECS:<\/strong><br>N 39.739448 LATITUDE<br>W 8.811279 LONGITUDE<\/p>\n\n\n\n<p><\/p>\n\n\n\n<p><strong>Google Maps<\/strong><\/p>\n\n\n\n<div class=\"wp-block-group\"><div class=\"wp-block-group__inner-container is-layout-flow wp-block-group-is-layout-flow\">\n<figure class=\"wp-block-image size-large\"><a href=\"https:\/\/www.google.com\/maps\/place\/Polit%C3%A9cnico+de+Leiria+%2F+Escola+Superior+de+Educa%C3%A7%C3%A3o+e+Ci%C3%AAncias+Sociais+(ESECS)\/@39.739784,-8.8126137,497m\/data=!3m1!1e3!4m5!3m4!1s0xd227368623fdacd:0xdec23e871edb415f!8m2!3d39.739764!4d-8.811366?hl=pt-PT\" target=\"_blank\" rel=\"noopener\"><img decoding=\"async\" src=\"https:\/\/sites.ipleiria.pt\/jornadaseduci\/files\/2021\/03\/Untitled-1-1.png\" alt=\"\" class=\"wp-image-108\" \/><\/a><\/figure>\n<\/div><\/div>\n\n\n\n<p><a rel=\"noreferrer noopener\" href=\"https:\/\/goo.gl\/maps\/3CQTiXNLfo6dqwCt9\" target=\"_blank\"><strong><span class=\"has-inline-color has-black-color\">Clique aqui para abrir o mapa<\/span><\/strong><\/a><\/p>\n","protected":false},"excerpt":{"rendered":"<p>Comiss\u00e3o Organizadora e Comiss\u00e3o Cient\u00edficaEmail: cicieducacao.esecs@ipleiria.pt SecretariadoAdelaide FerreiraEmail: adelaide.ferreira@ipleiria.ptTelefone: (+351) 244 829 471 &#8212;&#8212;&#8212;&#8212;&#8212;&#8212;&#8212;&#8212;&#8212;&#8212;&#8212;&#8212;&#8212;&#8212;&#8212;&#8212;&#8212;&#8212;&#8212;&#8212;&#8212;&#8212;&#8212;&#8212;&#8212;&#8212;&#8212;&#8212;&#8212;&#8212;&#8212;&#8212;&#8212;- Escola Superior Educa\u00e7\u00e3o e Ci\u00eancias SociaisPolit\u00e9cnico de LeiriaCampus 1Rua Dr. Jo\u00e3o SoaresApartado 40452411-901 Leiria \u2013 PortugalE-mail: esecs@ipleiria.pt Tel:&nbsp;(+351) 244 829 400Fax: (+351) 244 829 499 Coordenadas GPS da ESECS:N 39.739448 LATITUDEW 8.811279 LONGITUDE Google Maps Clique aqui para abrir o mapa<\/p>\n","protected":false},"author":5223,"featured_media":0,"parent":0,"menu_order":0,"comment_status":"closed","ping_status":"closed","template":"","meta":{"footnotes":""},"class_list":["post-44","page","type-page","status-publish","hentry"],"yoast_head":"<!-- This site is optimized with the Yoast SEO plugin v26.8 - https:\/\/yoast.com\/product\/yoast-seo-wordpress\/ -->\n<title>Contactos - Ciclo Internacional de Confer\u00eancias: Inf\u00e2ncia &amp; Educa\u00e7\u00e3o<\/title>\n<meta name=\"robots\" content=\"index, follow, max-snippet:-1, max-image-preview:large, max-video-preview:-1\" \/>\n<link rel=\"canonical\" href=\"https:\/\/sites.ipleiria.pt\/cicie2021\/contactos\/\" \/>\n<meta property=\"og:locale\" content=\"pt_PT\" \/>\n<meta property=\"og:type\" content=\"article\" \/>\n<meta property=\"og:title\" content=\"Contactos - Ciclo Internacional de Confer\u00eancias: Inf\u00e2ncia &amp; Educa\u00e7\u00e3o\" \/>\n<meta property=\"og:description\" content=\"Comiss\u00e3o Organizadora e Comiss\u00e3o Cient\u00edficaEmail: cicieducacao.esecs@ipleiria.pt SecretariadoAdelaide FerreiraEmail: adelaide.ferreira@ipleiria.ptTelefone: (+351) 244 829 471 &#8212;&#8212;&#8212;&#8212;&#8212;&#8212;&#8212;&#8212;&#8212;&#8212;&#8212;&#8212;&#8212;&#8212;&#8212;&#8212;&#8212;&#8212;&#8212;&#8212;&#8212;&#8212;&#8212;&#8212;&#8212;&#8212;&#8212;&#8212;&#8212;&#8212;&#8212;&#8212;&#8212;- Escola Superior Educa\u00e7\u00e3o e Ci\u00eancias SociaisPolit\u00e9cnico de LeiriaCampus 1Rua Dr. Jo\u00e3o SoaresApartado 40452411-901 Leiria \u2013 PortugalE-mail: esecs@ipleiria.pt Tel:&nbsp;(+351) 244 829 400Fax: (+351) 244 829 499 Coordenadas GPS da ESECS:N 39.739448 LATITUDEW 8.811279 LONGITUDE Google Maps Clique aqui para abrir o mapa\" \/>\n<meta property=\"og:url\" content=\"https:\/\/sites.ipleiria.pt\/cicie2021\/contactos\/\" \/>\n<meta property=\"og:site_name\" content=\"Ciclo Internacional de Confer\u00eancias: Inf\u00e2ncia &amp; Educa\u00e7\u00e3o\" \/>\n<meta property=\"article:modified_time\" content=\"2021-04-28T15:58:36+00:00\" \/>\n<meta property=\"og:image\" content=\"https:\/\/sites.ipleiria.pt\/jornadaseduci\/files\/2021\/03\/Untitled-1-1.png\" \/>\n<meta name=\"twitter:card\" content=\"summary_large_image\" \/>\n<meta name=\"twitter:label1\" content=\"Tempo estimado de leitura\" \/>\n\t<meta name=\"twitter:data1\" content=\"1 minuto\" \/>\n<script type=\"application\/ld+json\" class=\"yoast-schema-graph\">{\"@context\":\"https:\/\/schema.org\",\"@graph\":[{\"@type\":\"WebPage\",\"@id\":\"https:\/\/sites.ipleiria.pt\/cicie2021\/contactos\/\",\"url\":\"https:\/\/sites.ipleiria.pt\/cicie2021\/contactos\/\",\"name\":\"Contactos - Ciclo Internacional de Confer\u00eancias: Inf\u00e2ncia &amp; Educa\u00e7\u00e3o\",\"isPartOf\":{\"@id\":\"https:\/\/sites.ipleiria.pt\/cicie2021\/#website\"},\"primaryImageOfPage\":{\"@id\":\"https:\/\/sites.ipleiria.pt\/cicie2021\/contactos\/#primaryimage\"},\"image\":{\"@id\":\"https:\/\/sites.ipleiria.pt\/cicie2021\/contactos\/#primaryimage\"},\"thumbnailUrl\":\"https:\/\/sites.ipleiria.pt\/jornadaseduci\/files\/2021\/03\/Untitled-1-1.png\",\"datePublished\":\"2021-04-13T08:13:22+00:00\",\"dateModified\":\"2021-04-28T15:58:36+00:00\",\"breadcrumb\":{\"@id\":\"https:\/\/sites.ipleiria.pt\/cicie2021\/contactos\/#breadcrumb\"},\"inLanguage\":\"pt-PT\",\"potentialAction\":[{\"@type\":\"ReadAction\",\"target\":[\"https:\/\/sites.ipleiria.pt\/cicie2021\/contactos\/\"]}]},{\"@type\":\"ImageObject\",\"inLanguage\":\"pt-PT\",\"@id\":\"https:\/\/sites.ipleiria.pt\/cicie2021\/contactos\/#primaryimage\",\"url\":\"https:\/\/sites.ipleiria.pt\/jornadaseduci\/files\/2021\/03\/Untitled-1-1.png\",\"contentUrl\":\"https:\/\/sites.ipleiria.pt\/jornadaseduci\/files\/2021\/03\/Untitled-1-1.png\"},{\"@type\":\"BreadcrumbList\",\"@id\":\"https:\/\/sites.ipleiria.pt\/cicie2021\/contactos\/#breadcrumb\",\"itemListElement\":[{\"@type\":\"ListItem\",\"position\":1,\"name\":\"In\u00edcio\",\"item\":\"https:\/\/sites.ipleiria.pt\/cicie2021\/\"},{\"@type\":\"ListItem\",\"position\":2,\"name\":\"Contactos\"}]},{\"@type\":\"WebSite\",\"@id\":\"https:\/\/sites.ipleiria.pt\/cicie2021\/#website\",\"url\":\"https:\/\/sites.ipleiria.pt\/cicie2021\/\",\"name\":\"Ciclo Internacional de Confer\u00eancias: Inf\u00e2ncia &amp; Educa\u00e7\u00e3o\",\"description\":\"\",\"potentialAction\":[{\"@type\":\"SearchAction\",\"target\":{\"@type\":\"EntryPoint\",\"urlTemplate\":\"https:\/\/sites.ipleiria.pt\/cicie2021\/?s={search_term_string}\"},\"query-input\":{\"@type\":\"PropertyValueSpecification\",\"valueRequired\":true,\"valueName\":\"search_term_string\"}}],\"inLanguage\":\"pt-PT\"}]}<\/script>\n<!-- \/ Yoast SEO plugin. -->","yoast_head_json":{"title":"Contactos - Ciclo Internacional de Confer\u00eancias: Inf\u00e2ncia &amp; Educa\u00e7\u00e3o","robots":{"index":"index","follow":"follow","max-snippet":"max-snippet:-1","max-image-preview":"max-image-preview:large","max-video-preview":"max-video-preview:-1"},"canonical":"https:\/\/sites.ipleiria.pt\/cicie2021\/contactos\/","og_locale":"pt_PT","og_type":"article","og_title":"Contactos - Ciclo Internacional de Confer\u00eancias: Inf\u00e2ncia &amp; Educa\u00e7\u00e3o","og_description":"Comiss\u00e3o Organizadora e Comiss\u00e3o Cient\u00edficaEmail: cicieducacao.esecs@ipleiria.pt SecretariadoAdelaide FerreiraEmail: adelaide.ferreira@ipleiria.ptTelefone: (+351) 244 829 471 &#8212;&#8212;&#8212;&#8212;&#8212;&#8212;&#8212;&#8212;&#8212;&#8212;&#8212;&#8212;&#8212;&#8212;&#8212;&#8212;&#8212;&#8212;&#8212;&#8212;&#8212;&#8212;&#8212;&#8212;&#8212;&#8212;&#8212;&#8212;&#8212;&#8212;&#8212;&#8212;&#8212;- Escola Superior Educa\u00e7\u00e3o e Ci\u00eancias SociaisPolit\u00e9cnico de LeiriaCampus 1Rua Dr. Jo\u00e3o SoaresApartado 40452411-901 Leiria \u2013 PortugalE-mail: esecs@ipleiria.pt Tel:&nbsp;(+351) 244 829 400Fax: (+351) 244 829 499 Coordenadas GPS da ESECS:N 39.739448 LATITUDEW 8.811279 LONGITUDE Google Maps Clique aqui para abrir o mapa","og_url":"https:\/\/sites.ipleiria.pt\/cicie2021\/contactos\/","og_site_name":"Ciclo Internacional de Confer\u00eancias: Inf\u00e2ncia &amp; Educa\u00e7\u00e3o","article_modified_time":"2021-04-28T15:58:36+00:00","og_image":[{"url":"https:\/\/sites.ipleiria.pt\/jornadaseduci\/files\/2021\/03\/Untitled-1-1.png","type":"","width":"","height":""}],"twitter_card":"summary_large_image","twitter_misc":{"Tempo estimado de leitura":"1 minuto"},"schema":{"@context":"https:\/\/schema.org","@graph":[{"@type":"WebPage","@id":"https:\/\/sites.ipleiria.pt\/cicie2021\/contactos\/","url":"https:\/\/sites.ipleiria.pt\/cicie2021\/contactos\/","name":"Contactos - Ciclo Internacional de Confer\u00eancias: Inf\u00e2ncia &amp; Educa\u00e7\u00e3o","isPartOf":{"@id":"https:\/\/sites.ipleiria.pt\/cicie2021\/#website"},"primaryImageOfPage":{"@id":"https:\/\/sites.ipleiria.pt\/cicie2021\/contactos\/#primaryimage"},"image":{"@id":"https:\/\/sites.ipleiria.pt\/cicie2021\/contactos\/#primaryimage"},"thumbnailUrl":"https:\/\/sites.ipleiria.pt\/jornadaseduci\/files\/2021\/03\/Untitled-1-1.png","datePublished":"2021-04-13T08:13:22+00:00","dateModified":"2021-04-28T15:58:36+00:00","breadcrumb":{"@id":"https:\/\/sites.ipleiria.pt\/cicie2021\/contactos\/#breadcrumb"},"inLanguage":"pt-PT","potentialAction":[{"@type":"ReadAction","target":["https:\/\/sites.ipleiria.pt\/cicie2021\/contactos\/"]}]},{"@type":"ImageObject","inLanguage":"pt-PT","@id":"https:\/\/sites.ipleiria.pt\/cicie2021\/contactos\/#primaryimage","url":"https:\/\/sites.ipleiria.pt\/jornadaseduci\/files\/2021\/03\/Untitled-1-1.png","contentUrl":"https:\/\/sites.ipleiria.pt\/jornadaseduci\/files\/2021\/03\/Untitled-1-1.png"},{"@type":"BreadcrumbList","@id":"https:\/\/sites.ipleiria.pt\/cicie2021\/contactos\/#breadcrumb","itemListElement":[{"@type":"ListItem","position":1,"name":"In\u00edcio","item":"https:\/\/sites.ipleiria.pt\/cicie2021\/"},{"@type":"ListItem","position":2,"name":"Contactos"}]},{"@type":"WebSite","@id":"https:\/\/sites.ipleiria.pt\/cicie2021\/#website","url":"https:\/\/sites.ipleiria.pt\/cicie2021\/","name":"Ciclo Internacional de Confer\u00eancias: Inf\u00e2ncia &amp; Educa\u00e7\u00e3o","description":"","potentialAction":[{"@type":"SearchAction","target":{"@type":"EntryPoint","urlTemplate":"https:\/\/sites.ipleiria.pt\/cicie2021\/?s={search_term_string}"},"query-input":{"@type":"PropertyValueSpecification","valueRequired":true,"valueName":"search_term_string"}}],"inLanguage":"pt-PT"}]}},"_links":{"self":[{"href":"https:\/\/sites.ipleiria.pt\/cicie2021\/wp-json\/wp\/v2\/pages\/44","targetHints":{"allow":["GET"]}}],"collection":[{"href":"https:\/\/sites.ipleiria.pt\/cicie2021\/wp-json\/wp\/v2\/pages"}],"about":[{"href":"https:\/\/sites.ipleiria.pt\/cicie2021\/wp-json\/wp\/v2\/types\/page"}],"author":[{"embeddable":true,"href":"https:\/\/sites.ipleiria.pt\/cicie2021\/wp-json\/wp\/v2\/users\/5223"}],"replies":[{"embeddable":true,"href":"https:\/\/sites.ipleiria.pt\/cicie2021\/wp-json\/wp\/v2\/comments?post=44"}],"version-history":[{"count":7,"href":"https:\/\/sites.ipleiria.pt\/cicie2021\/wp-json\/wp\/v2\/pages\/44\/revisions"}],"predecessor-version":[{"id":517,"href":"https:\/\/sites.ipleiria.pt\/cicie2021\/wp-json\/wp\/v2\/pages\/44\/revisions\/517"}],"wp:attachment":[{"href":"https:\/\/sites.ipleiria.pt\/cicie2021\/wp-json\/wp\/v2\/media?parent=44"}],"curies":[{"name":"wp","href":"https:\/\/api.w.org\/{rel}","templated":true}]}}