{"id":46,"date":"2021-04-13T08:13:37","date_gmt":"2021-04-13T08:13:37","guid":{"rendered":"http:\/\/sites.ipleiria.pt\/cicie2021\/?page_id=46"},"modified":"2021-04-13T09:13:35","modified_gmt":"2021-04-13T09:13:35","slug":"edicoes-anteriores","status":"publish","type":"page","link":"https:\/\/sites.ipleiria.pt\/cicie2021\/edicoes-anteriores\/","title":{"rendered":"Edi\u00e7\u00f5es Anteriores"},"content":{"rendered":"\n<p><strong>Edi\u00e7\u00e3o 2020<\/strong><\/p>\n\n\n\n<figure class=\"wp-block-image size-large\"><a href=\"https:\/\/www.ipleiria.pt\/esecs\/15325-2\/\"><img loading=\"lazy\" decoding=\"async\" width=\"1024\" height=\"362\" src=\"http:\/\/sites.ipleiria.pt\/cicie2021\/files\/2021\/04\/www.ipleiria.pt539imagem_Fundo-02-1-1024x362.png\" alt=\"\" class=\"wp-image-75\" srcset=\"https:\/\/sites.ipleiria.pt\/cicie2021\/files\/2021\/04\/www.ipleiria.pt539imagem_Fundo-02-1-1024x362.png 1024w, https:\/\/sites.ipleiria.pt\/cicie2021\/files\/2021\/04\/www.ipleiria.pt539imagem_Fundo-02-1-300x106.png 300w, https:\/\/sites.ipleiria.pt\/cicie2021\/files\/2021\/04\/www.ipleiria.pt539imagem_Fundo-02-1-768x271.png 768w, https:\/\/sites.ipleiria.pt\/cicie2021\/files\/2021\/04\/www.ipleiria.pt539imagem_Fundo-02-1-1536x543.png 1536w, https:\/\/sites.ipleiria.pt\/cicie2021\/files\/2021\/04\/www.ipleiria.pt539imagem_Fundo-02-1-2048x724.png 2048w\" sizes=\"auto, (max-width: 706px) 89vw, (max-width: 767px) 82vw, 740px\" \/><\/a><\/figure>\n\n\n\n<p>Carregue na imagem para saber mais<\/p>\n","protected":false},"excerpt":{"rendered":"<p>Edi\u00e7\u00e3o 2020 Carregue na imagem para saber mais<\/p>\n","protected":false},"author":5223,"featured_media":0,"parent":0,"menu_order":0,"comment_status":"closed","ping_status":"closed","template":"","meta":{"footnotes":""},"class_list":["post-46","page","type-page","status-publish","hentry"],"yoast_head":"<!-- This site is optimized with the Yoast SEO plugin v26.8 - https:\/\/yoast.com\/product\/yoast-seo-wordpress\/ -->\n<title>Edi\u00e7\u00f5es Anteriores - Ciclo Internacional de Confer\u00eancias: Inf\u00e2ncia &amp; Educa\u00e7\u00e3o<\/title>\n<meta name=\"robots\" content=\"index, follow, max-snippet:-1, max-image-preview:large, max-video-preview:-1\" \/>\n<link rel=\"canonical\" href=\"https:\/\/sites.ipleiria.pt\/cicie2021\/edicoes-anteriores\/\" \/>\n<meta property=\"og:locale\" content=\"pt_PT\" \/>\n<meta property=\"og:type\" content=\"article\" \/>\n<meta property=\"og:title\" content=\"Edi\u00e7\u00f5es Anteriores - Ciclo Internacional de Confer\u00eancias: Inf\u00e2ncia &amp; Educa\u00e7\u00e3o\" \/>\n<meta property=\"og:description\" content=\"Edi\u00e7\u00e3o 2020 Carregue na imagem para saber mais\" \/>\n<meta property=\"og:url\" content=\"https:\/\/sites.ipleiria.pt\/cicie2021\/edicoes-anteriores\/\" \/>\n<meta property=\"og:site_name\" content=\"Ciclo Internacional de Confer\u00eancias: Inf\u00e2ncia &amp; Educa\u00e7\u00e3o\" \/>\n<meta property=\"article:modified_time\" content=\"2021-04-13T09:13:35+00:00\" \/>\n<meta property=\"og:image\" content=\"https:\/\/sites.ipleiria.pt\/cicie2021\/files\/2021\/04\/www.ipleiria.pt539imagem_Fundo-02-1.png\" \/>\n\t<meta property=\"og:image:width\" content=\"4914\" \/>\n\t<meta property=\"og:image:height\" content=\"1737\" \/>\n\t<meta property=\"og:image:type\" content=\"image\/png\" \/>\n<meta name=\"twitter:card\" content=\"summary_large_image\" \/>\n<script type=\"application\/ld+json\" class=\"yoast-schema-graph\">{\"@context\":\"https:\/\/schema.org\",\"@graph\":[{\"@type\":\"WebPage\",\"@id\":\"https:\/\/sites.ipleiria.pt\/cicie2021\/edicoes-anteriores\/\",\"url\":\"https:\/\/sites.ipleiria.pt\/cicie2021\/edicoes-anteriores\/\",\"name\":\"Edi\u00e7\u00f5es Anteriores - Ciclo Internacional de Confer\u00eancias: Inf\u00e2ncia &amp; Educa\u00e7\u00e3o\",\"isPartOf\":{\"@id\":\"https:\/\/sites.ipleiria.pt\/cicie2021\/#website\"},\"primaryImageOfPage\":{\"@id\":\"https:\/\/sites.ipleiria.pt\/cicie2021\/edicoes-anteriores\/#primaryimage\"},\"image\":{\"@id\":\"https:\/\/sites.ipleiria.pt\/cicie2021\/edicoes-anteriores\/#primaryimage\"},\"thumbnailUrl\":\"http:\/\/sites.ipleiria.pt\/cicie2021\/files\/2021\/04\/www.ipleiria.pt539imagem_Fundo-02-1-1024x362.png\",\"datePublished\":\"2021-04-13T08:13:37+00:00\",\"dateModified\":\"2021-04-13T09:13:35+00:00\",\"breadcrumb\":{\"@id\":\"https:\/\/sites.ipleiria.pt\/cicie2021\/edicoes-anteriores\/#breadcrumb\"},\"inLanguage\":\"pt-PT\",\"potentialAction\":[{\"@type\":\"ReadAction\",\"target\":[\"https:\/\/sites.ipleiria.pt\/cicie2021\/edicoes-anteriores\/\"]}]},{\"@type\":\"ImageObject\",\"inLanguage\":\"pt-PT\",\"@id\":\"https:\/\/sites.ipleiria.pt\/cicie2021\/edicoes-anteriores\/#primaryimage\",\"url\":\"https:\/\/sites.ipleiria.pt\/cicie2021\/files\/2021\/04\/www.ipleiria.pt539imagem_Fundo-02-1.png\",\"contentUrl\":\"https:\/\/sites.ipleiria.pt\/cicie2021\/files\/2021\/04\/www.ipleiria.pt539imagem_Fundo-02-1.png\",\"width\":4914,\"height\":1737},{\"@type\":\"BreadcrumbList\",\"@id\":\"https:\/\/sites.ipleiria.pt\/cicie2021\/edicoes-anteriores\/#breadcrumb\",\"itemListElement\":[{\"@type\":\"ListItem\",\"position\":1,\"name\":\"In\u00edcio\",\"item\":\"https:\/\/sites.ipleiria.pt\/cicie2021\/\"},{\"@type\":\"ListItem\",\"position\":2,\"name\":\"Edi\u00e7\u00f5es Anteriores\"}]},{\"@type\":\"WebSite\",\"@id\":\"https:\/\/sites.ipleiria.pt\/cicie2021\/#website\",\"url\":\"https:\/\/sites.ipleiria.pt\/cicie2021\/\",\"name\":\"Ciclo Internacional de Confer\u00eancias: Inf\u00e2ncia &amp; Educa\u00e7\u00e3o\",\"description\":\"\",\"potentialAction\":[{\"@type\":\"SearchAction\",\"target\":{\"@type\":\"EntryPoint\",\"urlTemplate\":\"https:\/\/sites.ipleiria.pt\/cicie2021\/?s={search_term_string}\"},\"query-input\":{\"@type\":\"PropertyValueSpecification\",\"valueRequired\":true,\"valueName\":\"search_term_string\"}}],\"inLanguage\":\"pt-PT\"}]}<\/script>\n<!-- \/ Yoast SEO plugin. -->","yoast_head_json":{"title":"Edi\u00e7\u00f5es Anteriores - Ciclo Internacional de Confer\u00eancias: Inf\u00e2ncia &amp; Educa\u00e7\u00e3o","robots":{"index":"index","follow":"follow","max-snippet":"max-snippet:-1","max-image-preview":"max-image-preview:large","max-video-preview":"max-video-preview:-1"},"canonical":"https:\/\/sites.ipleiria.pt\/cicie2021\/edicoes-anteriores\/","og_locale":"pt_PT","og_type":"article","og_title":"Edi\u00e7\u00f5es Anteriores - Ciclo Internacional de Confer\u00eancias: Inf\u00e2ncia &amp; Educa\u00e7\u00e3o","og_description":"Edi\u00e7\u00e3o 2020 Carregue na imagem para saber mais","og_url":"https:\/\/sites.ipleiria.pt\/cicie2021\/edicoes-anteriores\/","og_site_name":"Ciclo Internacional de Confer\u00eancias: Inf\u00e2ncia &amp; Educa\u00e7\u00e3o","article_modified_time":"2021-04-13T09:13:35+00:00","og_image":[{"width":4914,"height":1737,"url":"https:\/\/sites.ipleiria.pt\/cicie2021\/files\/2021\/04\/www.ipleiria.pt539imagem_Fundo-02-1.png","type":"image\/png"}],"twitter_card":"summary_large_image","schema":{"@context":"https:\/\/schema.org","@graph":[{"@type":"WebPage","@id":"https:\/\/sites.ipleiria.pt\/cicie2021\/edicoes-anteriores\/","url":"https:\/\/sites.ipleiria.pt\/cicie2021\/edicoes-anteriores\/","name":"Edi\u00e7\u00f5es Anteriores - Ciclo Internacional de Confer\u00eancias: Inf\u00e2ncia &amp; Educa\u00e7\u00e3o","isPartOf":{"@id":"https:\/\/sites.ipleiria.pt\/cicie2021\/#website"},"primaryImageOfPage":{"@id":"https:\/\/sites.ipleiria.pt\/cicie2021\/edicoes-anteriores\/#primaryimage"},"image":{"@id":"https:\/\/sites.ipleiria.pt\/cicie2021\/edicoes-anteriores\/#primaryimage"},"thumbnailUrl":"http:\/\/sites.ipleiria.pt\/cicie2021\/files\/2021\/04\/www.ipleiria.pt539imagem_Fundo-02-1-1024x362.png","datePublished":"2021-04-13T08:13:37+00:00","dateModified":"2021-04-13T09:13:35+00:00","breadcrumb":{"@id":"https:\/\/sites.ipleiria.pt\/cicie2021\/edicoes-anteriores\/#breadcrumb"},"inLanguage":"pt-PT","potentialAction":[{"@type":"ReadAction","target":["https:\/\/sites.ipleiria.pt\/cicie2021\/edicoes-anteriores\/"]}]},{"@type":"ImageObject","inLanguage":"pt-PT","@id":"https:\/\/sites.ipleiria.pt\/cicie2021\/edicoes-anteriores\/#primaryimage","url":"https:\/\/sites.ipleiria.pt\/cicie2021\/files\/2021\/04\/www.ipleiria.pt539imagem_Fundo-02-1.png","contentUrl":"https:\/\/sites.ipleiria.pt\/cicie2021\/files\/2021\/04\/www.ipleiria.pt539imagem_Fundo-02-1.png","width":4914,"height":1737},{"@type":"BreadcrumbList","@id":"https:\/\/sites.ipleiria.pt\/cicie2021\/edicoes-anteriores\/#breadcrumb","itemListElement":[{"@type":"ListItem","position":1,"name":"In\u00edcio","item":"https:\/\/sites.ipleiria.pt\/cicie2021\/"},{"@type":"ListItem","position":2,"name":"Edi\u00e7\u00f5es Anteriores"}]},{"@type":"WebSite","@id":"https:\/\/sites.ipleiria.pt\/cicie2021\/#website","url":"https:\/\/sites.ipleiria.pt\/cicie2021\/","name":"Ciclo Internacional de Confer\u00eancias: Inf\u00e2ncia &amp; Educa\u00e7\u00e3o","description":"","potentialAction":[{"@type":"SearchAction","target":{"@type":"EntryPoint","urlTemplate":"https:\/\/sites.ipleiria.pt\/cicie2021\/?s={search_term_string}"},"query-input":{"@type":"PropertyValueSpecification","valueRequired":true,"valueName":"search_term_string"}}],"inLanguage":"pt-PT"}]}},"_links":{"self":[{"href":"https:\/\/sites.ipleiria.pt\/cicie2021\/wp-json\/wp\/v2\/pages\/46","targetHints":{"allow":["GET"]}}],"collection":[{"href":"https:\/\/sites.ipleiria.pt\/cicie2021\/wp-json\/wp\/v2\/pages"}],"about":[{"href":"https:\/\/sites.ipleiria.pt\/cicie2021\/wp-json\/wp\/v2\/types\/page"}],"author":[{"embeddable":true,"href":"https:\/\/sites.ipleiria.pt\/cicie2021\/wp-json\/wp\/v2\/users\/5223"}],"replies":[{"embeddable":true,"href":"https:\/\/sites.ipleiria.pt\/cicie2021\/wp-json\/wp\/v2\/comments?post=46"}],"version-history":[{"count":6,"href":"https:\/\/sites.ipleiria.pt\/cicie2021\/wp-json\/wp\/v2\/pages\/46\/revisions"}],"predecessor-version":[{"id":79,"href":"https:\/\/sites.ipleiria.pt\/cicie2021\/wp-json\/wp\/v2\/pages\/46\/revisions\/79"}],"wp:attachment":[{"href":"https:\/\/sites.ipleiria.pt\/cicie2021\/wp-json\/wp\/v2\/media?parent=46"}],"curies":[{"name":"wp","href":"https:\/\/api.w.org\/{rel}","templated":true}]}}