{"id":54,"date":"2021-04-13T08:19:54","date_gmt":"2021-04-13T08:19:54","guid":{"rendered":"http:\/\/sites.ipleiria.pt\/cicie2021\/?page_id=54"},"modified":"2021-06-23T13:50:15","modified_gmt":"2021-06-23T13:50:15","slug":"programa","status":"publish","type":"page","link":"https:\/\/sites.ipleiria.pt\/cicie2021\/programa\/","title":{"rendered":"Programa"},"content":{"rendered":"\n<p class=\"has-white-color has-text-color has-background has-medium-font-size\" style=\"background-color:#e55838\"><a href=\"https:\/\/www.youtube.com\/channel\/UCicjl7ixf_h8DbjhO5C_WrA\">Dia <strong>04 de maio<\/strong> de 2021 | ter\u00e7a-feira | 16h | | Online | Zoom e Youtube | <\/a><\/p>\n\n\n\n<p class=\"has-white-color has-text-color has-background has-medium-font-size\" style=\"background-color:#004932\"><a href=\"https:\/\/www.youtube.com\/watch?v=4xDxFaDSIDA&amp;t=1220s\">H<em>omenagem a <strong>Isabel Lopes da Silva<\/strong><\/em><\/a><\/p>\n\n\n\n<p class=\"has-white-background-color has-background\"><em>Com <strong>Rui Pedrosa<\/strong> do Polit\u00e9cnico de Leiria; <strong>Sandrina Milhano<\/strong> e <strong>Miguel Oliveira<\/strong> da ESECS; <strong>Maria Jo\u00e3o Cardona<\/strong> da ESE Santar\u00e9m; <strong>Liliana Marques<\/strong> da DGE; <strong>Lu\u00eds Ribeiro<\/strong> da APEI, <strong>Teresa Vasconcelos<\/strong> e um <strong>Representante do Minist\u00e9rio da Educa\u00e7\u00e3o<\/strong>*<\/em><\/p>\n\n\n\n<p class=\"has-text-align-right has-small-font-size\">*a confirmar<\/p>\n\n\n\n<figure class=\"wp-block-gallery columns-1 is-cropped wp-block-gallery-1 is-layout-flex wp-block-gallery-is-layout-flex\"><ul class=\"blocks-gallery-grid\"><li class=\"blocks-gallery-item\"><figure><img loading=\"lazy\" decoding=\"async\" width=\"724\" height=\"1024\" src=\"https:\/\/sites.ipleiria.pt\/cicie2021\/files\/2021\/04\/Cartaz_Homenagem-724x1024.png\" alt=\"\" data-id=\"355\" data-full-url=\"https:\/\/sites.ipleiria.pt\/cicie2021\/files\/2021\/04\/Cartaz_Homenagem.png\" data-link=\"https:\/\/sites.ipleiria.pt\/cicie2021\/programa\/cartaz_homenagem\/\" class=\"wp-image-355\" srcset=\"https:\/\/sites.ipleiria.pt\/cicie2021\/files\/2021\/04\/Cartaz_Homenagem-724x1024.png 724w, https:\/\/sites.ipleiria.pt\/cicie2021\/files\/2021\/04\/Cartaz_Homenagem-212x300.png 212w, https:\/\/sites.ipleiria.pt\/cicie2021\/files\/2021\/04\/Cartaz_Homenagem-768x1087.png 768w, https:\/\/sites.ipleiria.pt\/cicie2021\/files\/2021\/04\/Cartaz_Homenagem-1086x1536.png 1086w, https:\/\/sites.ipleiria.pt\/cicie2021\/files\/2021\/04\/Cartaz_Homenagem.png 1191w\" sizes=\"auto, (max-width: 724px) 100vw, 724px\" \/><\/figure><\/li><\/ul><\/figure>\n\n\n\n<p><\/p>\n\n\n\n<p class=\"has-text-align-left has-white-background-color has-background has-medium-font-size\">Dia 04 de maio de 2021 | ter\u00e7a-feira | 16h |                                                            <strong>Abertura do Ciclo de Confer\u00eancias<\/strong><\/p>\n\n\n\n<p class=\"has-white-color has-text-color has-background\" style=\"background-color:#e55838\"><em><strong>Dia 04 de maio de 2021 | ter\u00e7a-feira | 17h30 | <\/strong><\/em><\/p>\n\n\n\n<div class=\"wp-block-group\"><div class=\"wp-block-group__inner-container is-layout-flow wp-block-group-is-layout-flow\">\n<p class=\"has-white-color has-text-color has-background\" style=\"background-color:#004932\"><a href=\"https:\/\/www.youtube.com\/watch?v=iCfWe25VA18&amp;t=248s\">CONFER\u00caNCIA 1<strong> \u2013 <em>Intencionalidade educativa e gest\u00e3o do curr\u00edculo na educa\u00e7\u00e3o pr\u00e9- escolar: Ambiguidades e desafios na implementa\u00e7\u00e3o das OCEPE<\/em><\/strong><\/a><\/p>\n\n\n\n<p>Isabel Lopes da Silva | Minist\u00e9rio da Educa\u00e7\u00e3o<br>Lourdes Mata | ISPA \u2013 Instituto Universit\u00e1rio<br>Manuela Rosa | Instituto Polit\u00e9cnico de Lisboa<br>Liliana Marques | Dire\u00e7\u00e3o-Geral da Educa\u00e7\u00e3o<br><strong>Moderadora:<\/strong> Marina Rodrigues | ESECS \u2013 Polit\u00e9cnico de Leiria<\/p>\n<\/div><\/div>\n\n\n\n<p class=\"has-white-color has-text-color has-background\" style=\"background-color:#e55838\"><em><strong>Dia 11 de maio de 2021 | ter\u00e7a-feira | 17h30 |<\/strong><\/em><\/p>\n\n\n\n<p class=\"has-white-color has-text-color has-background\" style=\"background-color:#004932\">CONFER\u00caNCIA 2<strong> \u2013 <em>A emerg\u00eancia da leitura e da escrita na Educa\u00e7\u00e3o de Inf\u00e2ncia e no Ensino B\u00e1sico<\/em><\/strong><\/p>\n\n\n\n<p>Lourdes Mata | ISPA \u2013 Instituto Universit\u00e1rio<br>Adelaide Vala e In\u00e1cia Santana | Movimento da Escola Moderna e Funda\u00e7\u00e3o Aga Khan<br>Helena Moreira e In\u00e1cia Santana | Movimento da Escola Moderna e Funda\u00e7\u00e3o Aga Khan<br><strong>Moderadora: <\/strong>Maria Jos\u00e9 Gamboa | ESECS \u2013 Polit\u00e9cnico de Leiria<\/p>\n\n\n\n<p class=\"has-white-color has-text-color has-background\" style=\"background-color:#e55838\"><em><strong>Dia 17 de maio de 2021 | segunda-feira | 17h30 |<\/strong><\/em><\/p>\n\n\n\n<p class=\"has-white-color has-text-color has-background\" style=\"background-color:#004932\"><a href=\"https:\/\/www.youtube.com\/watch?v=Fazb9ArYrWg&amp;t=500s\">CONFER\u00caNCIA 3 <strong>\u2013<em> Tornar vis\u00edvel o pensamento da crian\u00e7a: Revelando a aprendizagem<\/em><\/strong><\/a><\/p>\n\n\n\n<p>Renata Ara\u00fajo | ComPosi\u00e7\u00e3o: Encontros de forma\u00e7\u00e3o<br>Nuno Gon\u00e7alves | Centros Social Paroquial de Chaves<br>Gra\u00e7a Cardoso | Polit\u00e9cnico de Leiria\/Agrupamento de Escolas de Oliveirinha<br><strong>Moderadora: <\/strong>Hugo Menino | ESECS \u2013 Polit\u00e9cnico de Leiria<\/p>\n\n\n\n<p class=\"has-white-color has-text-color has-background\" style=\"background-color:#e55838\"><em><strong>Dia 25 de maio de 2021 | ter\u00e7a-feira | 17h30 |<\/strong><\/em><\/p>\n\n\n\n<p class=\"has-white-color has-text-color has-background\" style=\"background-color:#004932\"><a href=\"https:\/\/www.youtube.com\/watch?v=owsbLT3lx8Q&amp;t=6442s\">CONFER\u00caNCIA 4 <strong>\u2013 <em>A Forma\u00e7\u00e3o inicial de Educadores e Professores: Desafios para o futuro<\/em><\/strong><\/a><\/p>\n\n\n\n<p>Maria Jo\u00e3o Cardona | ESE-IP Santar\u00e9m; CIEC \/ U. do Minho; CIE U. Madeira<br>Teresa Sarmento | IE, CIEC &#8211; Universidade do Minho<br>Rui Ingl\u00eas, Patr\u00edcia Serra e Raquel Costa | Projeto Casa da \u00c1rvore \u2013 Jardim do Fraldinhas<br><strong>Moderadora: <\/strong>Clarinda Barata | ESECS \u2013 Polit\u00e9cnico de Leiria<\/p>\n\n\n\n<p class=\"has-white-color has-text-color has-background\" style=\"background-color:#e55838\"><em><strong>Dia 01 de junho de 2021 | ter\u00e7a-feira | 17h30 |<\/strong><\/em><\/p>\n\n\n\n<p class=\"has-white-color has-text-color has-background\" style=\"background-color:#004932\"><a href=\"https:\/\/www.youtube.com\/watch?v=Dmm01DlJyMo&amp;t=3326s\">CONFER\u00caNCIA 5<strong> \u2013 <em>Ser Crian\u00e7a: a urg\u00eancia da Arte e da Natureza no contexto educativo portugu\u00eas<\/em><\/strong><\/a><\/p>\n\n\n\n<p>Carlos Neto | Faculdade de Motricidade Humana da Universidade de Lisboa<br>Rita Rovisco | Tutor Lab<br>Of\u00e9lia Lib\u00f3rio e Aida Figueiredo | AE Coimbra Oeste | Universidade de Aveiro<br><strong>Moderadores: <\/strong>Rui Matos e L\u00facia Magueta | ESECS \u2013 Polit\u00e9cnico de Leiria<\/p>\n\n\n\n<p class=\"has-white-color has-text-color has-background\" style=\"background-color:#e55838\"><em><strong>Dia 08 de junho de 2021 | ter\u00e7a-feira | 17h30 |<\/strong><\/em><\/p>\n\n\n\n<p class=\"has-white-color has-text-color has-background\" style=\"background-color:#004932\"><a href=\"https:\/\/www.youtube.com\/watch?v=k1a1goyHycI&amp;t=3265s\">CONFER\u00caNCIA 6<strong> \u2013 <em>Pedagogia e curr\u00edculo na creche: Arquitetura de um contexto sublime<\/em><\/strong><\/a><\/p>\n\n\n\n<p>Gabriela Portugal | Universidade de Aveiro<br>Isabel Correia | Instituto Polit\u00e9cnico de Set\u00fabal<br>M\u00f3nica R\u00f4lo | Confraria de Nossa Senhora da Nazar\u00e9<br><strong>Moderadora: <\/strong>Isabel Sim\u00f5es Dias | ESECS \u2013 Polit\u00e9cnico de Leiria<\/p>\n\n\n\n<p class=\"has-white-color has-text-color has-background\" style=\"background-color:#e55838\"><em><strong>Dia 15 de junho de 2021 | ter\u00e7a-feira | 17h30 |<\/strong><\/em><\/p>\n\n\n\n<p class=\"has-white-color has-text-color has-background\" style=\"background-color:#004932\"><a href=\"https:\/\/www.youtube.com\/watch?v=0gFIVgZ7sLM&amp;t=4215s\">CONFER\u00caNCIA 7<strong> \u2013 <em>Da escuta \u00e0 ag\u00eancia da crian\u00e7a: ser sujeito, ator e autor no processo de aprendizagem<\/em><\/strong><\/a><\/p>\n\n\n\n<p>J\u00falia Oliveira-Formosinho | Universidade do Minho | Associa\u00e7\u00e3o Crian\u00e7a<br>Jo\u00e3o Formosinho | Universidade do Minho | Associa\u00e7\u00e3o Crian\u00e7a<br>Paulo Fochi | Universidade do Vale do Rio dos Sinos<br><strong>Moderadores: <\/strong>Miguel Oliveira e Sandrina Milhano | ESECS \u2013 Polit\u00e9cnico de Leiria<\/p>\n\n\n\n<p class=\"has-white-color has-text-color has-background\" style=\"background-color:#e55838\"><em><strong>Dia 22 de junho de 2021 | ter\u00e7a-feira | 17h30 |<\/strong><\/em><\/p>\n\n\n\n<p class=\"has-white-color has-text-color has-background\" style=\"background-color:#004932\"><a href=\"https:\/\/www.youtube.com\/watch?v=A5kJoD6jkeM\">CONFER\u00caNCIA 8<strong> \u2013 <em>Educa\u00e7\u00e3o de Inf\u00e2ncia @ Dist\u00e2ncia: O papel das Institui\u00e7\u00f5es e das Fam\u00edlias<\/em><\/strong><\/a><\/p>\n\n\n\n<p>Gabriel Junqueira Filho | Universidade Federal do Rio Grande do Sul<br>M\u00f3nica Resende | Col\u00e9gio Cubo M\u00e1gico<br>Ana Sofia Godinho | Munic\u00edpio de \u00d3bidos<br><strong>Moderador: <\/strong>Pedro Silva | ESECS \u2013 Polit\u00e9cnico de Leiria<\/p>\n\n\n\n<figure class=\"wp-block-gallery columns-1 is-cropped wp-block-gallery-2 is-layout-flex wp-block-gallery-is-layout-flex\"><ul class=\"blocks-gallery-grid\"><li class=\"blocks-gallery-item\"><figure><img loading=\"lazy\" decoding=\"async\" width=\"724\" height=\"1024\" src=\"https:\/\/sites.ipleiria.pt\/cicie2021\/files\/2021\/05\/Cartaz-Programa-724x1024.png\" alt=\"\" data-id=\"526\" data-full-url=\"https:\/\/sites.ipleiria.pt\/cicie2021\/files\/2021\/05\/Cartaz-Programa.png\" data-link=\"https:\/\/sites.ipleiria.pt\/cicie2021\/programa\/cartaz-programa\/\" class=\"wp-image-526\" srcset=\"https:\/\/sites.ipleiria.pt\/cicie2021\/files\/2021\/05\/Cartaz-Programa-724x1024.png 724w, https:\/\/sites.ipleiria.pt\/cicie2021\/files\/2021\/05\/Cartaz-Programa-212x300.png 212w, https:\/\/sites.ipleiria.pt\/cicie2021\/files\/2021\/05\/Cartaz-Programa-768x1087.png 768w, https:\/\/sites.ipleiria.pt\/cicie2021\/files\/2021\/05\/Cartaz-Programa-1086x1536.png 1086w, https:\/\/sites.ipleiria.pt\/cicie2021\/files\/2021\/05\/Cartaz-Programa.png 1191w\" sizes=\"auto, (max-width: 724px) 100vw, 724px\" \/><\/figure><\/li><\/ul><\/figure>\n\n\n\n<div class=\"wp-block-columns is-layout-flex wp-container-core-columns-is-layout-1 wp-block-columns-is-layout-flex\">\n<div class=\"wp-block-column is-layout-flow wp-block-column-is-layout-flow\" style=\"flex-basis:100%\"><\/div>\n<\/div>\n","protected":false},"excerpt":{"rendered":"<p>Dia 04 de maio de 2021 | ter\u00e7a-feira | 16h | | Online | Zoom e Youtube | Homenagem a Isabel Lopes da Silva Com Rui Pedrosa do Polit\u00e9cnico de Leiria; Sandrina Milhano e Miguel Oliveira da ESECS; Maria Jo\u00e3o Cardona da ESE Santar\u00e9m; Liliana Marques da DGE; Lu\u00eds Ribeiro da APEI, Teresa Vasconcelos e &hellip; <\/p>\n<p class=\"link-more\"><a href=\"https:\/\/sites.ipleiria.pt\/cicie2021\/programa\/\" class=\"more-link\">Continuar a ler <span class=\"screen-reader-text\">&#8220;Programa&#8221;<\/span><\/a><\/p>\n","protected":false},"author":5223,"featured_media":0,"parent":0,"menu_order":0,"comment_status":"closed","ping_status":"closed","template":"","meta":{"footnotes":""},"class_list":["post-54","page","type-page","status-publish","hentry"],"yoast_head":"<!-- This site is optimized with the Yoast SEO plugin v26.8 - https:\/\/yoast.com\/product\/yoast-seo-wordpress\/ -->\n<title>Programa - Ciclo Internacional de Confer\u00eancias: Inf\u00e2ncia &amp; Educa\u00e7\u00e3o<\/title>\n<meta name=\"description\" content=\"Oito confer\u00eancias, oito reflex\u00f5es, oito desafio.\" \/>\n<meta name=\"robots\" content=\"index, follow, max-snippet:-1, max-image-preview:large, max-video-preview:-1\" \/>\n<link rel=\"canonical\" href=\"https:\/\/sites.ipleiria.pt\/cicie2021\/programa\/\" \/>\n<meta property=\"og:locale\" content=\"pt_PT\" \/>\n<meta property=\"og:type\" content=\"article\" \/>\n<meta property=\"og:title\" content=\"Oito confer\u00eancias, oito reflex\u00f5es, oito desafio.\" \/>\n<meta property=\"og:description\" content=\"Oito confer\u00eancias, oito reflex\u00f5es, oito desafio.\" \/>\n<meta property=\"og:url\" content=\"https:\/\/sites.ipleiria.pt\/cicie2021\/programa\/\" \/>\n<meta property=\"og:site_name\" content=\"Ciclo Internacional de Confer\u00eancias: Inf\u00e2ncia &amp; Educa\u00e7\u00e3o\" \/>\n<meta property=\"article:modified_time\" content=\"2021-06-23T13:50:15+00:00\" \/>\n<meta property=\"og:image\" content=\"https:\/\/sites.ipleiria.pt\/cicie2021\/files\/2021\/04\/Cartaz_Programa-724x1024.png\" \/>\n\t<meta property=\"og:image:width\" content=\"724\" \/>\n\t<meta property=\"og:image:height\" content=\"1024\" \/>\n\t<meta property=\"og:image:type\" content=\"image\/png\" \/>\n<meta name=\"twitter:card\" content=\"summary_large_image\" \/>\n<meta name=\"twitter:label1\" content=\"Tempo estimado de leitura\" \/>\n\t<meta name=\"twitter:data1\" content=\"3 minutos\" \/>\n<script type=\"application\/ld+json\" class=\"yoast-schema-graph\">{\"@context\":\"https:\/\/schema.org\",\"@graph\":[{\"@type\":\"WebPage\",\"@id\":\"https:\/\/sites.ipleiria.pt\/cicie2021\/programa\/\",\"url\":\"https:\/\/sites.ipleiria.pt\/cicie2021\/programa\/\",\"name\":\"Programa - Ciclo Internacional de Confer\u00eancias: Inf\u00e2ncia &amp; Educa\u00e7\u00e3o\",\"isPartOf\":{\"@id\":\"https:\/\/sites.ipleiria.pt\/cicie2021\/#website\"},\"primaryImageOfPage\":{\"@id\":\"https:\/\/sites.ipleiria.pt\/cicie2021\/programa\/#primaryimage\"},\"image\":{\"@id\":\"https:\/\/sites.ipleiria.pt\/cicie2021\/programa\/#primaryimage\"},\"thumbnailUrl\":\"https:\/\/sites.ipleiria.pt\/cicie2021\/files\/2021\/04\/Cartaz_Homenagem-724x1024.png\",\"datePublished\":\"2021-04-13T08:19:54+00:00\",\"dateModified\":\"2021-06-23T13:50:15+00:00\",\"description\":\"Oito confer\u00eancias, oito reflex\u00f5es, oito desafio.\",\"breadcrumb\":{\"@id\":\"https:\/\/sites.ipleiria.pt\/cicie2021\/programa\/#breadcrumb\"},\"inLanguage\":\"pt-PT\",\"potentialAction\":[{\"@type\":\"ReadAction\",\"target\":[\"https:\/\/sites.ipleiria.pt\/cicie2021\/programa\/\"]}]},{\"@type\":\"ImageObject\",\"inLanguage\":\"pt-PT\",\"@id\":\"https:\/\/sites.ipleiria.pt\/cicie2021\/programa\/#primaryimage\",\"url\":\"https:\/\/sites.ipleiria.pt\/cicie2021\/files\/2021\/04\/Cartaz_Homenagem.png\",\"contentUrl\":\"https:\/\/sites.ipleiria.pt\/cicie2021\/files\/2021\/04\/Cartaz_Homenagem.png\",\"width\":1191,\"height\":1685},{\"@type\":\"BreadcrumbList\",\"@id\":\"https:\/\/sites.ipleiria.pt\/cicie2021\/programa\/#breadcrumb\",\"itemListElement\":[{\"@type\":\"ListItem\",\"position\":1,\"name\":\"In\u00edcio\",\"item\":\"https:\/\/sites.ipleiria.pt\/cicie2021\/\"},{\"@type\":\"ListItem\",\"position\":2,\"name\":\"Programa\"}]},{\"@type\":\"WebSite\",\"@id\":\"https:\/\/sites.ipleiria.pt\/cicie2021\/#website\",\"url\":\"https:\/\/sites.ipleiria.pt\/cicie2021\/\",\"name\":\"Ciclo Internacional de Confer\u00eancias: Inf\u00e2ncia &amp; Educa\u00e7\u00e3o\",\"description\":\"\",\"potentialAction\":[{\"@type\":\"SearchAction\",\"target\":{\"@type\":\"EntryPoint\",\"urlTemplate\":\"https:\/\/sites.ipleiria.pt\/cicie2021\/?s={search_term_string}\"},\"query-input\":{\"@type\":\"PropertyValueSpecification\",\"valueRequired\":true,\"valueName\":\"search_term_string\"}}],\"inLanguage\":\"pt-PT\"}]}<\/script>\n<!-- \/ Yoast SEO plugin. -->","yoast_head_json":{"title":"Programa - Ciclo Internacional de Confer\u00eancias: Inf\u00e2ncia &amp; Educa\u00e7\u00e3o","description":"Oito confer\u00eancias, oito reflex\u00f5es, oito desafio.","robots":{"index":"index","follow":"follow","max-snippet":"max-snippet:-1","max-image-preview":"max-image-preview:large","max-video-preview":"max-video-preview:-1"},"canonical":"https:\/\/sites.ipleiria.pt\/cicie2021\/programa\/","og_locale":"pt_PT","og_type":"article","og_title":"Oito confer\u00eancias, oito reflex\u00f5es, oito desafio.","og_description":"Oito confer\u00eancias, oito reflex\u00f5es, oito desafio.","og_url":"https:\/\/sites.ipleiria.pt\/cicie2021\/programa\/","og_site_name":"Ciclo Internacional de Confer\u00eancias: Inf\u00e2ncia &amp; Educa\u00e7\u00e3o","article_modified_time":"2021-06-23T13:50:15+00:00","og_image":[{"width":724,"height":1024,"url":"https:\/\/sites.ipleiria.pt\/cicie2021\/files\/2021\/04\/Cartaz_Programa-724x1024.png","type":"image\/png"}],"twitter_card":"summary_large_image","twitter_misc":{"Tempo estimado de leitura":"3 minutos"},"schema":{"@context":"https:\/\/schema.org","@graph":[{"@type":"WebPage","@id":"https:\/\/sites.ipleiria.pt\/cicie2021\/programa\/","url":"https:\/\/sites.ipleiria.pt\/cicie2021\/programa\/","name":"Programa - Ciclo Internacional de Confer\u00eancias: Inf\u00e2ncia &amp; Educa\u00e7\u00e3o","isPartOf":{"@id":"https:\/\/sites.ipleiria.pt\/cicie2021\/#website"},"primaryImageOfPage":{"@id":"https:\/\/sites.ipleiria.pt\/cicie2021\/programa\/#primaryimage"},"image":{"@id":"https:\/\/sites.ipleiria.pt\/cicie2021\/programa\/#primaryimage"},"thumbnailUrl":"https:\/\/sites.ipleiria.pt\/cicie2021\/files\/2021\/04\/Cartaz_Homenagem-724x1024.png","datePublished":"2021-04-13T08:19:54+00:00","dateModified":"2021-06-23T13:50:15+00:00","description":"Oito confer\u00eancias, oito reflex\u00f5es, oito desafio.","breadcrumb":{"@id":"https:\/\/sites.ipleiria.pt\/cicie2021\/programa\/#breadcrumb"},"inLanguage":"pt-PT","potentialAction":[{"@type":"ReadAction","target":["https:\/\/sites.ipleiria.pt\/cicie2021\/programa\/"]}]},{"@type":"ImageObject","inLanguage":"pt-PT","@id":"https:\/\/sites.ipleiria.pt\/cicie2021\/programa\/#primaryimage","url":"https:\/\/sites.ipleiria.pt\/cicie2021\/files\/2021\/04\/Cartaz_Homenagem.png","contentUrl":"https:\/\/sites.ipleiria.pt\/cicie2021\/files\/2021\/04\/Cartaz_Homenagem.png","width":1191,"height":1685},{"@type":"BreadcrumbList","@id":"https:\/\/sites.ipleiria.pt\/cicie2021\/programa\/#breadcrumb","itemListElement":[{"@type":"ListItem","position":1,"name":"In\u00edcio","item":"https:\/\/sites.ipleiria.pt\/cicie2021\/"},{"@type":"ListItem","position":2,"name":"Programa"}]},{"@type":"WebSite","@id":"https:\/\/sites.ipleiria.pt\/cicie2021\/#website","url":"https:\/\/sites.ipleiria.pt\/cicie2021\/","name":"Ciclo Internacional de Confer\u00eancias: Inf\u00e2ncia &amp; Educa\u00e7\u00e3o","description":"","potentialAction":[{"@type":"SearchAction","target":{"@type":"EntryPoint","urlTemplate":"https:\/\/sites.ipleiria.pt\/cicie2021\/?s={search_term_string}"},"query-input":{"@type":"PropertyValueSpecification","valueRequired":true,"valueName":"search_term_string"}}],"inLanguage":"pt-PT"}]}},"_links":{"self":[{"href":"https:\/\/sites.ipleiria.pt\/cicie2021\/wp-json\/wp\/v2\/pages\/54","targetHints":{"allow":["GET"]}}],"collection":[{"href":"https:\/\/sites.ipleiria.pt\/cicie2021\/wp-json\/wp\/v2\/pages"}],"about":[{"href":"https:\/\/sites.ipleiria.pt\/cicie2021\/wp-json\/wp\/v2\/types\/page"}],"author":[{"embeddable":true,"href":"https:\/\/sites.ipleiria.pt\/cicie2021\/wp-json\/wp\/v2\/users\/5223"}],"replies":[{"embeddable":true,"href":"https:\/\/sites.ipleiria.pt\/cicie2021\/wp-json\/wp\/v2\/comments?post=54"}],"version-history":[{"count":84,"href":"https:\/\/sites.ipleiria.pt\/cicie2021\/wp-json\/wp\/v2\/pages\/54\/revisions"}],"predecessor-version":[{"id":575,"href":"https:\/\/sites.ipleiria.pt\/cicie2021\/wp-json\/wp\/v2\/pages\/54\/revisions\/575"}],"wp:attachment":[{"href":"https:\/\/sites.ipleiria.pt\/cicie2021\/wp-json\/wp\/v2\/media?parent=54"}],"curies":[{"name":"wp","href":"https:\/\/api.w.org\/{rel}","templated":true}]}}