{"id":545,"date":"2021-06-17T10:58:59","date_gmt":"2021-06-17T10:58:59","guid":{"rendered":"https:\/\/sites.ipleiria.pt\/cicie2021\/?page_id=545"},"modified":"2021-06-17T10:59:18","modified_gmt":"2021-06-17T10:59:18","slug":"certificados","status":"publish","type":"page","link":"https:\/\/sites.ipleiria.pt\/cicie2021\/certificados\/","title":{"rendered":"Certificados"},"content":{"rendered":"\n<p>Informamos que os certificados come\u00e7ar\u00e3o a ser enviados ap\u00f3s a realiza\u00e7\u00e3o da Confer\u00eancia 8 \u2013 Educa\u00e7\u00e3o de inf\u00e2ncia @ dist\u00e2ncia: o papel das institui\u00e7\u00f5es e das fam\u00edlias, a decorrer no dia 22 de junho de 2021, pelas 17h30.<\/p>\n\n\n\n<p>Mais se informa que ser\u00e1 emitido um certificado por participante para todo o Ciclo de Confer\u00eancias. Os certificados incluir\u00e3o as confer\u00eancias em que cada um participou.<\/p>\n","protected":false},"excerpt":{"rendered":"<p>Informamos que os certificados come\u00e7ar\u00e3o a ser enviados ap\u00f3s a realiza\u00e7\u00e3o da Confer\u00eancia 8 \u2013 Educa\u00e7\u00e3o de inf\u00e2ncia @ dist\u00e2ncia: o papel das institui\u00e7\u00f5es e das fam\u00edlias, a decorrer no dia 22 de junho de 2021, pelas 17h30. Mais se informa que ser\u00e1 emitido um certificado por participante para todo o Ciclo de Confer\u00eancias. Os &hellip; <\/p>\n<p class=\"link-more\"><a href=\"https:\/\/sites.ipleiria.pt\/cicie2021\/certificados\/\" class=\"more-link\">Continuar a ler <span class=\"screen-reader-text\">&#8220;Certificados&#8221;<\/span><\/a><\/p>\n","protected":false},"author":5222,"featured_media":0,"parent":0,"menu_order":0,"comment_status":"closed","ping_status":"closed","template":"","meta":{"footnotes":""},"class_list":["post-545","page","type-page","status-publish","hentry"],"yoast_head":"<!-- This site is optimized with the Yoast SEO plugin v26.8 - https:\/\/yoast.com\/product\/yoast-seo-wordpress\/ -->\n<title>Certificados - Ciclo Internacional de Confer\u00eancias: Inf\u00e2ncia &amp; Educa\u00e7\u00e3o<\/title>\n<meta name=\"robots\" content=\"index, follow, max-snippet:-1, max-image-preview:large, max-video-preview:-1\" \/>\n<link rel=\"canonical\" href=\"https:\/\/sites.ipleiria.pt\/cicie2021\/certificados\/\" \/>\n<meta property=\"og:locale\" content=\"pt_PT\" \/>\n<meta property=\"og:type\" content=\"article\" \/>\n<meta property=\"og:title\" content=\"Certificados - Ciclo Internacional de Confer\u00eancias: Inf\u00e2ncia &amp; Educa\u00e7\u00e3o\" \/>\n<meta property=\"og:description\" content=\"Informamos que os certificados come\u00e7ar\u00e3o a ser enviados ap\u00f3s a realiza\u00e7\u00e3o da Confer\u00eancia 8 \u2013 Educa\u00e7\u00e3o de inf\u00e2ncia @ dist\u00e2ncia: o papel das institui\u00e7\u00f5es e das fam\u00edlias, a decorrer no dia 22 de junho de 2021, pelas 17h30. Mais se informa que ser\u00e1 emitido um certificado por participante para todo o Ciclo de Confer\u00eancias. Os &hellip; Continuar a ler &quot;Certificados&quot;\" \/>\n<meta property=\"og:url\" content=\"https:\/\/sites.ipleiria.pt\/cicie2021\/certificados\/\" \/>\n<meta property=\"og:site_name\" content=\"Ciclo Internacional de Confer\u00eancias: Inf\u00e2ncia &amp; Educa\u00e7\u00e3o\" \/>\n<meta property=\"article:modified_time\" content=\"2021-06-17T10:59:18+00:00\" \/>\n<meta name=\"twitter:card\" content=\"summary_large_image\" \/>\n<meta name=\"twitter:label1\" content=\"Tempo estimado de leitura\" \/>\n\t<meta name=\"twitter:data1\" content=\"1 minuto\" \/>\n<script type=\"application\/ld+json\" class=\"yoast-schema-graph\">{\"@context\":\"https:\/\/schema.org\",\"@graph\":[{\"@type\":\"WebPage\",\"@id\":\"https:\/\/sites.ipleiria.pt\/cicie2021\/certificados\/\",\"url\":\"https:\/\/sites.ipleiria.pt\/cicie2021\/certificados\/\",\"name\":\"Certificados - Ciclo Internacional de Confer\u00eancias: Inf\u00e2ncia &amp; Educa\u00e7\u00e3o\",\"isPartOf\":{\"@id\":\"https:\/\/sites.ipleiria.pt\/cicie2021\/#website\"},\"datePublished\":\"2021-06-17T10:58:59+00:00\",\"dateModified\":\"2021-06-17T10:59:18+00:00\",\"breadcrumb\":{\"@id\":\"https:\/\/sites.ipleiria.pt\/cicie2021\/certificados\/#breadcrumb\"},\"inLanguage\":\"pt-PT\",\"potentialAction\":[{\"@type\":\"ReadAction\",\"target\":[\"https:\/\/sites.ipleiria.pt\/cicie2021\/certificados\/\"]}]},{\"@type\":\"BreadcrumbList\",\"@id\":\"https:\/\/sites.ipleiria.pt\/cicie2021\/certificados\/#breadcrumb\",\"itemListElement\":[{\"@type\":\"ListItem\",\"position\":1,\"name\":\"In\u00edcio\",\"item\":\"https:\/\/sites.ipleiria.pt\/cicie2021\/\"},{\"@type\":\"ListItem\",\"position\":2,\"name\":\"Certificados\"}]},{\"@type\":\"WebSite\",\"@id\":\"https:\/\/sites.ipleiria.pt\/cicie2021\/#website\",\"url\":\"https:\/\/sites.ipleiria.pt\/cicie2021\/\",\"name\":\"Ciclo Internacional de Confer\u00eancias: Inf\u00e2ncia &amp; Educa\u00e7\u00e3o\",\"description\":\"\",\"potentialAction\":[{\"@type\":\"SearchAction\",\"target\":{\"@type\":\"EntryPoint\",\"urlTemplate\":\"https:\/\/sites.ipleiria.pt\/cicie2021\/?s={search_term_string}\"},\"query-input\":{\"@type\":\"PropertyValueSpecification\",\"valueRequired\":true,\"valueName\":\"search_term_string\"}}],\"inLanguage\":\"pt-PT\"}]}<\/script>\n<!-- \/ Yoast SEO plugin. -->","yoast_head_json":{"title":"Certificados - Ciclo Internacional de Confer\u00eancias: Inf\u00e2ncia &amp; Educa\u00e7\u00e3o","robots":{"index":"index","follow":"follow","max-snippet":"max-snippet:-1","max-image-preview":"max-image-preview:large","max-video-preview":"max-video-preview:-1"},"canonical":"https:\/\/sites.ipleiria.pt\/cicie2021\/certificados\/","og_locale":"pt_PT","og_type":"article","og_title":"Certificados - Ciclo Internacional de Confer\u00eancias: Inf\u00e2ncia &amp; Educa\u00e7\u00e3o","og_description":"Informamos que os certificados come\u00e7ar\u00e3o a ser enviados ap\u00f3s a realiza\u00e7\u00e3o da Confer\u00eancia 8 \u2013 Educa\u00e7\u00e3o de inf\u00e2ncia @ dist\u00e2ncia: o papel das institui\u00e7\u00f5es e das fam\u00edlias, a decorrer no dia 22 de junho de 2021, pelas 17h30. Mais se informa que ser\u00e1 emitido um certificado por participante para todo o Ciclo de Confer\u00eancias. Os &hellip; Continuar a ler \"Certificados\"","og_url":"https:\/\/sites.ipleiria.pt\/cicie2021\/certificados\/","og_site_name":"Ciclo Internacional de Confer\u00eancias: Inf\u00e2ncia &amp; Educa\u00e7\u00e3o","article_modified_time":"2021-06-17T10:59:18+00:00","twitter_card":"summary_large_image","twitter_misc":{"Tempo estimado de leitura":"1 minuto"},"schema":{"@context":"https:\/\/schema.org","@graph":[{"@type":"WebPage","@id":"https:\/\/sites.ipleiria.pt\/cicie2021\/certificados\/","url":"https:\/\/sites.ipleiria.pt\/cicie2021\/certificados\/","name":"Certificados - Ciclo Internacional de Confer\u00eancias: Inf\u00e2ncia &amp; Educa\u00e7\u00e3o","isPartOf":{"@id":"https:\/\/sites.ipleiria.pt\/cicie2021\/#website"},"datePublished":"2021-06-17T10:58:59+00:00","dateModified":"2021-06-17T10:59:18+00:00","breadcrumb":{"@id":"https:\/\/sites.ipleiria.pt\/cicie2021\/certificados\/#breadcrumb"},"inLanguage":"pt-PT","potentialAction":[{"@type":"ReadAction","target":["https:\/\/sites.ipleiria.pt\/cicie2021\/certificados\/"]}]},{"@type":"BreadcrumbList","@id":"https:\/\/sites.ipleiria.pt\/cicie2021\/certificados\/#breadcrumb","itemListElement":[{"@type":"ListItem","position":1,"name":"In\u00edcio","item":"https:\/\/sites.ipleiria.pt\/cicie2021\/"},{"@type":"ListItem","position":2,"name":"Certificados"}]},{"@type":"WebSite","@id":"https:\/\/sites.ipleiria.pt\/cicie2021\/#website","url":"https:\/\/sites.ipleiria.pt\/cicie2021\/","name":"Ciclo Internacional de Confer\u00eancias: Inf\u00e2ncia &amp; Educa\u00e7\u00e3o","description":"","potentialAction":[{"@type":"SearchAction","target":{"@type":"EntryPoint","urlTemplate":"https:\/\/sites.ipleiria.pt\/cicie2021\/?s={search_term_string}"},"query-input":{"@type":"PropertyValueSpecification","valueRequired":true,"valueName":"search_term_string"}}],"inLanguage":"pt-PT"}]}},"_links":{"self":[{"href":"https:\/\/sites.ipleiria.pt\/cicie2021\/wp-json\/wp\/v2\/pages\/545","targetHints":{"allow":["GET"]}}],"collection":[{"href":"https:\/\/sites.ipleiria.pt\/cicie2021\/wp-json\/wp\/v2\/pages"}],"about":[{"href":"https:\/\/sites.ipleiria.pt\/cicie2021\/wp-json\/wp\/v2\/types\/page"}],"author":[{"embeddable":true,"href":"https:\/\/sites.ipleiria.pt\/cicie2021\/wp-json\/wp\/v2\/users\/5222"}],"replies":[{"embeddable":true,"href":"https:\/\/sites.ipleiria.pt\/cicie2021\/wp-json\/wp\/v2\/comments?post=545"}],"version-history":[{"count":2,"href":"https:\/\/sites.ipleiria.pt\/cicie2021\/wp-json\/wp\/v2\/pages\/545\/revisions"}],"predecessor-version":[{"id":549,"href":"https:\/\/sites.ipleiria.pt\/cicie2021\/wp-json\/wp\/v2\/pages\/545\/revisions\/549"}],"wp:attachment":[{"href":"https:\/\/sites.ipleiria.pt\/cicie2021\/wp-json\/wp\/v2\/media?parent=545"}],"curies":[{"name":"wp","href":"https:\/\/api.w.org\/{rel}","templated":true}]}}