{"id":163,"date":"2017-04-26T16:36:20","date_gmt":"2017-04-26T16:36:20","guid":{"rendered":"http:\/\/sites.ipleiria.pt\/cipc2017\/?page_id=163"},"modified":"2017-10-02T21:56:13","modified_gmt":"2017-10-02T21:56:13","slug":"organizing-committee","status":"publish","type":"page","link":"https:\/\/sites.ipleiria.pt\/cipc2017\/en\/organizing-committee\/","title":{"rendered":"Organizing Committee"},"content":{"rendered":"<p><strong>Congress Organization<\/strong><br \/>\nAlexandre Soares<br \/>\nAna Fontes<br \/>\nAna Vieira<br \/>\nDina Alves<br \/>\nFernando Magalh\u00e3es<br \/>\nJenny Sousa<br \/>\nJos\u00e9 Trindade<br \/>\nJos\u00e9 Vicente<br \/>\nMaria Adelaide Ferreira<br \/>\nMaria de S\u00e3o Pedro Lopes<br \/>\nMarisa Barroso<br \/>\nMicael Sousa<br \/>\nRicardo Vieira<\/p>\n<p><strong>Scientific Committee<\/strong><br \/>\nAlicia Mercado-Harvey (Chile)<br \/>\nAna Maria Diaz Collazo (USA)<br \/>\nAna Maria das Neves Vieira (Instituto Polit\u00e9cnico de Leiria &#8211; Portugal)<br \/>\nCl\u00e1udia Renault (Escola Guignard \u2013 Brasil)<br \/>\nDavid V\u00e1squez Hurtado (Fort Lewis College &#8211; USA)<br \/>\nDavid Harvey (New College of Florida &#8211; USA)<br \/>\nDina Alves\u00a0(Instituto Polit\u00e9cnico de Leiria &#8211; Portugal)<br \/>\nEva Navarro (Universidad de Valladolid &#8211; Spain)<br \/>\nFernando Magalh\u00e3es (Instituto Polit\u00e9cnico de Leiria &#8211; Portugal)<br \/>\nGenoveva Oliveira (Portugal)<br \/>\nIsabel Branco (ESTAL \u2013 Portugal)<br \/>\nJenny Sousa (Instituto Polit\u00e9cnico de Leiria &#8211; Portugal)<br \/>\nJoaquim Ruivo (Mosteiro de Santa Maria da Vit\u00f3ria \u2013 Portugal)<br \/>\nJos\u00e9 Duque Vicente (Instituto Polit\u00e9cnico de Leiria &#8211; Portugal)<br \/>\nJos\u00e9 Trindade (Instituto Polit\u00e9cnico de Leiria &#8211; Portugal)<br \/>\nJos\u00e9 Marques (Instituto Polit\u00e9cnico de Leiria &#8211; Portugal)<br \/>\nManuel Gama (Universidade do Minho &#8211; Portugal)<br \/>\nMariana Celina Fabbroni (Universidad Nacional de Quilmes \/ Universidades Argentinas\u00a0&#8211; Argentina)<br \/>\nMaria do C\u00e9u Melo (Universidade do Minho \u2013 Portugal)<br \/>\nMaria de S\u00e3o Pedro Lopes (Instituto Polit\u00e9cnico de Leiria &#8211; Portugal)<br \/>\nMaria da Gra\u00e7a Po\u00e7as Santos (Instituto Polit\u00e9cnico de Leiria &#8211; Portugal)<br \/>\nM\u00e1rio Oliveira (Instituto Polit\u00e9cnico de Leiria &#8211; Portugal)<br \/>\nMarisa Barroso (Instituto Polit\u00e9cnico de Leiria &#8211; Portugal)<br \/>\nMicael Oliveira (CEPAE \u2013 Portugal)<br \/>\nRicardo Vieira (Instituto Polit\u00e9cnico de Leiria &#8211; Portugal)<\/p>\n<p><strong>Organizing Institutions<\/strong><br \/>\nCics-Nova \u2013 P\u00f3lo de Leiria<br \/>\nEscola Superior de Educa\u00e7\u00e3o e Ci\u00eancias Sociais \u2013 Instituto Polit\u00e9cnico de Leiria<br \/>\nNIDE \u2013 ESECS &#8211; Instituto Polit\u00e9cnico de Leiria<\/p>\n<p><strong>Institutional Partners<\/strong><br \/>\nCEPAE \u2013 Centro de Patrim\u00f3nio da Estremadura<br \/>\nESTAL \u2013 Escola Superior de Tecnologias e Artes de Lisboa<br \/>\nMosteiro de Santa Maria da Vit\u00f3ria<br \/>\nJornal de Leiria<\/p>\n","protected":false},"excerpt":{"rendered":"<p>Congress Organization Alexandre Soares Ana Fontes Ana Vieira Dina Alves Fernando Magalh\u00e3es Jenny Sousa Jos\u00e9 Trindade Jos\u00e9 Vicente Maria Adelaide Ferreira Maria de S\u00e3o Pedro Lopes Marisa Barroso Micael Sousa Ricardo Vieira Scientific Committee Alicia Mercado-Harvey (Chile) Ana Maria Diaz&hellip;  <\/p>\n<p class=\"more-link\"><a href=\"https:\/\/sites.ipleiria.pt\/cipc2017\/en\/organizing-committee\/\">Continue reading <span class=\"meta-nav\">&rarr;<\/span><\/a><\/p>\n","protected":false},"author":102,"featured_media":0,"parent":0,"menu_order":0,"comment_status":"closed","ping_status":"closed","template":"","meta":{"footnotes":""},"class_list":["post-163","page","type-page","status-publish","hentry"],"_links":{"self":[{"href":"https:\/\/sites.ipleiria.pt\/cipc2017\/wp-json\/wp\/v2\/pages\/163","targetHints":{"allow":["GET"]}}],"collection":[{"href":"https:\/\/sites.ipleiria.pt\/cipc2017\/wp-json\/wp\/v2\/pages"}],"about":[{"href":"https:\/\/sites.ipleiria.pt\/cipc2017\/wp-json\/wp\/v2\/types\/page"}],"author":[{"embeddable":true,"href":"https:\/\/sites.ipleiria.pt\/cipc2017\/wp-json\/wp\/v2\/users\/102"}],"replies":[{"embeddable":true,"href":"https:\/\/sites.ipleiria.pt\/cipc2017\/wp-json\/wp\/v2\/comments?post=163"}],"version-history":[{"count":12,"href":"https:\/\/sites.ipleiria.pt\/cipc2017\/wp-json\/wp\/v2\/pages\/163\/revisions"}],"predecessor-version":[{"id":423,"href":"https:\/\/sites.ipleiria.pt\/cipc2017\/wp-json\/wp\/v2\/pages\/163\/revisions\/423"}],"wp:attachment":[{"href":"https:\/\/sites.ipleiria.pt\/cipc2017\/wp-json\/wp\/v2\/media?parent=163"}],"curies":[{"name":"wp","href":"https:\/\/api.w.org\/{rel}","templated":true}]}}