{"id":183,"date":"2017-04-26T16:55:08","date_gmt":"2017-04-26T16:55:08","guid":{"rendered":"http:\/\/sites.ipleiria.pt\/cipc2017\/?page_id=183"},"modified":"2017-07-17T15:52:39","modified_gmt":"2017-07-17T15:52:39","slug":"programa-2","status":"publish","type":"page","link":"https:\/\/sites.ipleiria.pt\/cipc2017\/pt\/programa-2\/","title":{"rendered":"Programa"},"content":{"rendered":"<p style=\"text-align: center\"><strong>Congreso Internacional del Patrimonio Cultural y la Intervenci\u00f3n Art\u00edstica (CIPCIA)<\/strong><\/p>\n<p><strong>Programa completo (disponible en breve)<\/strong><\/p>\n<p><strong>26\/10\/2017<\/strong><br \/>\n9.00 \u2013 10.00: Recepci\u00f3n<\/p>\n<p>10.00 &#8211; 10.30: Ceremonia de apertura<\/p>\n<p><strong>Conferencista principal: 10.30 a 11.15<\/strong><br \/>\n<strong>Joaquim Ruivo<\/strong> \u2013 Director del Monasterio de Santa Maria da Vit\u00f3ria (Batalha)<\/p>\n<p>Coffee break \u2013 11-15 &#8211; 11.30<\/p>\n<p><strong>Conferencias generales<\/strong><br \/>\n11.30 &#8211; 12.15<br \/>\n12.15 \u2013 13.45 &#8211; Almuerzo<\/p>\n<p><strong>Conferencista principal: 13.45 &#8211; 14.30<\/strong><br \/>\nGenoveva Oliveira \u2013 Curador \/ Educador art\u00edstico \/ Investigador<\/p>\n<p><strong>Conferencias generales<\/strong><br \/>\n14.30 \u2013 15.30<br \/>\n15.30 \u2013 15.45: Coffee break<br \/>\n15.45 &#8211; 17.45<\/p>\n<p><strong>Conferencista principal: 18.00\u00a0&#8211; 18.30<\/strong><br \/>\n<strong>Eva Navarro<\/strong> \u2013 Universidad de Valladolid<\/p>\n<p><em>\u00a0La Investigaci\u00f3n Art\u00edstica como herramienta pedag\u00f3gica: Huellas de la ciudad<\/em>.<\/p>\n<p><strong>18.00 \u2013 Momento Cultural<\/strong><\/p>\n<p><strong>27\/10\/2017<\/strong><br \/>\n<strong>Conferencista principal: 10.00 &#8211;\u00a010.30<\/strong><br \/>\n10.30 &#8211; 10.45: Coffee break<\/p>\n<p><strong>Conferencias generales<\/strong><br \/>\n10.45 &#8211; 12.15<br \/>\n12.15 \u2013 14.00 &#8211; Almuerzo<\/p>\n<p><strong>Conferencista principal: 14.00 &#8211; 14.30<\/strong><\/p>\n<p><strong>Conferencias generales<\/strong><br \/>\n14.30 \u2013 15.30<br \/>\n15.30 \u2013 15.45: Coffee break<br \/>\n15.45 &#8211; 17.45<\/p>\n<p><strong>18.00 &#8211; Ceremonia de clausura<\/strong><\/p>\n","protected":false},"excerpt":{"rendered":"<p>Congreso Internacional del Patrimonio Cultural y la Intervenci\u00f3n Art\u00edstica (CIPCIA) Programa completo (disponible en breve) 26\/10\/2017 9.00 \u2013 10.00: Recepci\u00f3n 10.00 &#8211; 10.30: Ceremonia de apertura Conferencista principal: 10.30 a 11.15 Joaquim Ruivo \u2013 Director del Monasterio de Santa Maria&hellip;  <\/p>\n<p class=\"more-link\"><a href=\"https:\/\/sites.ipleiria.pt\/cipc2017\/pt\/programa-2\/\">Continue reading <span class=\"meta-nav\">&rarr;<\/span><\/a><\/p>\n","protected":false},"author":102,"featured_media":0,"parent":0,"menu_order":0,"comment_status":"closed","ping_status":"closed","template":"","meta":{"footnotes":""},"class_list":["post-183","page","type-page","status-publish","hentry"],"_links":{"self":[{"href":"https:\/\/sites.ipleiria.pt\/cipc2017\/wp-json\/wp\/v2\/pages\/183","targetHints":{"allow":["GET"]}}],"collection":[{"href":"https:\/\/sites.ipleiria.pt\/cipc2017\/wp-json\/wp\/v2\/pages"}],"about":[{"href":"https:\/\/sites.ipleiria.pt\/cipc2017\/wp-json\/wp\/v2\/types\/page"}],"author":[{"embeddable":true,"href":"https:\/\/sites.ipleiria.pt\/cipc2017\/wp-json\/wp\/v2\/users\/102"}],"replies":[{"embeddable":true,"href":"https:\/\/sites.ipleiria.pt\/cipc2017\/wp-json\/wp\/v2\/comments?post=183"}],"version-history":[{"count":6,"href":"https:\/\/sites.ipleiria.pt\/cipc2017\/wp-json\/wp\/v2\/pages\/183\/revisions"}],"predecessor-version":[{"id":351,"href":"https:\/\/sites.ipleiria.pt\/cipc2017\/wp-json\/wp\/v2\/pages\/183\/revisions\/351"}],"wp:attachment":[{"href":"https:\/\/sites.ipleiria.pt\/cipc2017\/wp-json\/wp\/v2\/media?parent=183"}],"curies":[{"name":"wp","href":"https:\/\/api.w.org\/{rel}","templated":true}]}}