{"id":189,"date":"2017-04-26T16:56:00","date_gmt":"2017-04-26T16:56:00","guid":{"rendered":"http:\/\/sites.ipleiria.pt\/cipc2017\/?page_id=189"},"modified":"2017-07-06T21:39:43","modified_gmt":"2017-07-06T21:39:43","slug":"inscripcion","status":"publish","type":"page","link":"https:\/\/sites.ipleiria.pt\/cipc2017\/es\/inscripcion\/","title":{"rendered":"Inscripci\u00f3n"},"content":{"rendered":"<p>Participante (Autor) y p\u00fablico en general &#8211; 40 Euros<br \/>\nPersonal docente \/ personal no docente y ex-alumnos de IPLeiria &#8211; 30 euros<br \/>\nEstudiantes &#8211; libre, pero sujetos a registro<\/p>\n<p><a href=\"http:\/\/www.eventos.ipleiria.pt\/portal\/eventos?p_id=24079&amp;lang=pt-PT\"><strong>Formulario de inscripci\u00f3n<\/strong><\/a><\/p>\n<p>________________________________________<\/p>\n<p><strong>Pago \/ T\u00e9rminos y condiciones:<\/strong><br \/>\nLa cuota de inscripci\u00f3n incluye la asistencia a la conferencia, el libro electr\u00f3nico del Congreso, el acceso a informaci\u00f3n y material &#8220;coffee breaks&#8221;.<br \/>\nLa cancelaci\u00f3n de la inscripci\u00f3n implica la p\u00e9rdida total de la cuota de inscripci\u00f3n del valor, sin derecho a reembolso.<\/p>\n<p><strong>Informaciones:<\/strong><br \/>\nAlexandre Soares<br \/>\nOficina de Relaciones P\u00fablicas y Cooperaci\u00f3n Internacional<br \/>\nFacultad de Educaci\u00f3n y Ciencias Sociales (IPL)<br \/>\nE-mail: congressopcia@gmail.com<br \/>\nTel: (351) 244 829 471 \/ Fax: (+351) 244 829 499<\/p>\n","protected":false},"excerpt":{"rendered":"<p>Participante (Autor) y p\u00fablico en general &#8211; 40 Euros Personal docente \/ personal no docente y ex-alumnos de IPLeiria &#8211; 30 euros Estudiantes &#8211; libre, pero sujetos a registro Formulario de inscripci\u00f3n ________________________________________ Pago \/ T\u00e9rminos y condiciones: La cuota&hellip;  <\/p>\n<p class=\"more-link\"><a href=\"https:\/\/sites.ipleiria.pt\/cipc2017\/es\/inscripcion\/\">Continue reading <span class=\"meta-nav\">&rarr;<\/span><\/a><\/p>\n","protected":false},"author":102,"featured_media":0,"parent":0,"menu_order":0,"comment_status":"closed","ping_status":"closed","template":"","meta":{"footnotes":""},"class_list":["post-189","page","type-page","status-publish","hentry"],"_links":{"self":[{"href":"https:\/\/sites.ipleiria.pt\/cipc2017\/wp-json\/wp\/v2\/pages\/189","targetHints":{"allow":["GET"]}}],"collection":[{"href":"https:\/\/sites.ipleiria.pt\/cipc2017\/wp-json\/wp\/v2\/pages"}],"about":[{"href":"https:\/\/sites.ipleiria.pt\/cipc2017\/wp-json\/wp\/v2\/types\/page"}],"author":[{"embeddable":true,"href":"https:\/\/sites.ipleiria.pt\/cipc2017\/wp-json\/wp\/v2\/users\/102"}],"replies":[{"embeddable":true,"href":"https:\/\/sites.ipleiria.pt\/cipc2017\/wp-json\/wp\/v2\/comments?post=189"}],"version-history":[{"count":4,"href":"https:\/\/sites.ipleiria.pt\/cipc2017\/wp-json\/wp\/v2\/pages\/189\/revisions"}],"predecessor-version":[{"id":349,"href":"https:\/\/sites.ipleiria.pt\/cipc2017\/wp-json\/wp\/v2\/pages\/189\/revisions\/349"}],"wp:attachment":[{"href":"https:\/\/sites.ipleiria.pt\/cipc2017\/wp-json\/wp\/v2\/media?parent=189"}],"curies":[{"name":"wp","href":"https:\/\/api.w.org\/{rel}","templated":true}]}}