{"id":191,"date":"2017-04-26T16:56:20","date_gmt":"2017-04-26T16:56:20","guid":{"rendered":"http:\/\/sites.ipleiria.pt\/cipc2017\/?page_id=191"},"modified":"2017-07-20T13:28:19","modified_gmt":"2017-07-20T13:28:19","slug":"resumenes","status":"publish","type":"page","link":"https:\/\/sites.ipleiria.pt\/cipc2017\/es\/resumenes\/","title":{"rendered":"Res\u00famenes"},"content":{"rendered":"<p><strong>Fechas Importantes:<\/strong><\/p>\n<p>30\u00a0de junio de 2017 &#8211; Env\u00edo de res\u00famenes (peer review) &#8211; <strong>2\u00ba convocatoria &#8211; 28 de julio<\/strong><br \/>\n30 de de julio de 2017 &#8211; Respuesta a los autores<br \/>\n15 de agosto de 2017 &#8211; Presentaci\u00f3n de trabajos (peer review)<br \/>\n05 de septiembre de 2017 &#8211; Respuesta a los autores<br \/>\n10 de septiembre de 2017 &#8211; Presentaci\u00f3n de los art\u00edculos corregidos por los proponentes<\/p>\n<p><strong>Formatos \/ Resumen y Reglas Secci\u00f3n<\/strong><\/p>\n<p><strong>Resumen:<\/strong><br \/>\nLas propuestas de ponencia deben ser presentadas en l\u00ednea hasta el 15 de junio de 2017.<\/p>\n<p><a href=\"https:\/\/goo.gl\/forms\/XQ1q8Di9Xh4W1SCH2\" target=\"_blank\" rel=\"noopener noreferrer\">Vaya aqu\u00ed a la Forma<\/a><\/p>\n<p><strong><br \/>\n<\/strong>Presentaci\u00f3n oral: 15 minutos<br \/>\nLos equipos disponibles: PC, proyector, Internet inal\u00e1mbrico<\/p>\n<p><strong>Art\u00edculo<\/strong><br \/>\nLa presentaci\u00f3n de art\u00edculos destinados a la difusi\u00f3n de la investigaci\u00f3n, experimentos, proyectos, herramientas y materiales.<br \/>\nLos art\u00edculos deben ser enviados en l\u00ednea hasta el 15 de julio de 2017, con un m\u00e1ximo de 15 p\u00e1ginas, tal como se especifica en &#8220;Normativa de Papers&#8221;.<br \/>\nLos textos ser\u00e1n revisados por pares y publicados en libro.<br \/>\nDespu\u00e9s de la evaluaci\u00f3n, el Comit\u00e9 Organizador del Congreso enviar\u00e1 a los autores por correo electr\u00f3nico, nota sobre la aceptaci\u00f3n de las propuestas presentadas hasta el d\u00eda 30 de julio de 2017<\/p>\n","protected":false},"excerpt":{"rendered":"<p>Fechas Importantes: 30\u00a0de junio de 2017 &#8211; Env\u00edo de res\u00famenes (peer review) &#8211; 2\u00ba convocatoria &#8211; 28 de julio 30 de de julio de 2017 &#8211; Respuesta a los autores 15 de agosto de 2017 &#8211; Presentaci\u00f3n de trabajos (peer&hellip;  <\/p>\n<p class=\"more-link\"><a href=\"https:\/\/sites.ipleiria.pt\/cipc2017\/es\/resumenes\/\">Continue reading <span class=\"meta-nav\">&rarr;<\/span><\/a><\/p>\n","protected":false},"author":102,"featured_media":0,"parent":0,"menu_order":0,"comment_status":"closed","ping_status":"closed","template":"","meta":{"footnotes":""},"class_list":["post-191","page","type-page","status-publish","hentry"],"_links":{"self":[{"href":"https:\/\/sites.ipleiria.pt\/cipc2017\/wp-json\/wp\/v2\/pages\/191","targetHints":{"allow":["GET"]}}],"collection":[{"href":"https:\/\/sites.ipleiria.pt\/cipc2017\/wp-json\/wp\/v2\/pages"}],"about":[{"href":"https:\/\/sites.ipleiria.pt\/cipc2017\/wp-json\/wp\/v2\/types\/page"}],"author":[{"embeddable":true,"href":"https:\/\/sites.ipleiria.pt\/cipc2017\/wp-json\/wp\/v2\/users\/102"}],"replies":[{"embeddable":true,"href":"https:\/\/sites.ipleiria.pt\/cipc2017\/wp-json\/wp\/v2\/comments?post=191"}],"version-history":[{"count":9,"href":"https:\/\/sites.ipleiria.pt\/cipc2017\/wp-json\/wp\/v2\/pages\/191\/revisions"}],"predecessor-version":[{"id":381,"href":"https:\/\/sites.ipleiria.pt\/cipc2017\/wp-json\/wp\/v2\/pages\/191\/revisions\/381"}],"wp:attachment":[{"href":"https:\/\/sites.ipleiria.pt\/cipc2017\/wp-json\/wp\/v2\/media?parent=191"}],"curies":[{"name":"wp","href":"https:\/\/api.w.org\/{rel}","templated":true}]}}