{"id":193,"date":"2017-04-26T16:56:41","date_gmt":"2017-04-26T16:56:41","guid":{"rendered":"http:\/\/sites.ipleiria.pt\/cipc2017\/?page_id=193"},"modified":"2017-04-28T11:53:58","modified_gmt":"2017-04-28T11:53:58","slug":"normativa-de-papers","status":"publish","type":"page","link":"https:\/\/sites.ipleiria.pt\/cipc2017\/es\/normativa-de-papers\/","title":{"rendered":"Normativa de papers"},"content":{"rendered":"<p><strong>Art\u00edculo:<\/strong><br \/>\n1. T\u00edtulo y autor (s): Centrados: T\u00edtulo del art\u00edculo (may\u00fascula y en negrita).<br \/>\nNombre (s) (s) autor (s). Instituci\u00f3n \/ instituci\u00f3n de pertenencia<\/p>\n<p>2. Resumen: Tipo de letra &#8211; Times New Roman, tama\u00f1o 10, m\u00e1ximo 200 palabras,<br \/>\nmargen derecha e izquierda de 3 cm; espaciamiento a sola l\u00ednea, alineaci\u00f3n,<br \/>\njustificada sangr\u00eda de p\u00e1rrafo de 1 cm a la derecha e izquierda;<\/p>\n<p>3. Cuerpo de texto: tipo de letra &#8211; Times New Roman, tama\u00f1o 12, 3 cm a la margen derecha y<br \/>\n3 cm a la izquierda y superior e inferior 3 cm, el espaciamiento de 1,5; no dan<br \/>\nespacio entre p\u00e1rrafos (0 puntos); alineaci\u00f3n justificada; avanzar la primera<br \/>\nl\u00ednea del p\u00e1rrafo 1 cm; t\u00edtulos y subt\u00edtulos en negrito. M\u00e1ximo de 15 p\u00e1ginas<br \/>\n(bibliograf\u00eda incluyendo, tablas, figuras, tablas y anexos).<\/p>\n<p>4. Idioma: portugu\u00e9s, espa\u00f1ol, Ingl\u00e9s y Franc\u00e9s.<\/p>\n<p>5. Extensi\u00f3n art\u00edculo: 10 p\u00e1ginas m\u00ednimo, m\u00e1ximo 15 p\u00e1ginas.<\/p>\n<p>6. Las citas bibliogr\u00e1ficas y \/ o se hace referencia en el texto (autor, a\u00f1o, p.<br \/>\np\u00e1gina \/ s para excepto:. (Sobral, 1992 30)).<\/p>\n<p>7. notas numeradas secuencialmente colocados en la propia p\u00e1gina.<\/p>\n<p>8. Referencias ordenados alfab\u00e9ticamente seg\u00fan el sistema de<br \/>\nautor \/ fecha \/ t\u00edtulo \/ ciudad \/ editor, poner en cursiva el t\u00edtulo del libro o el t\u00edtulo de<br \/>\nrevista.<br \/>\nLos autores no deben ser escritos en letras may\u00fasculas.<br \/>\nTama\u00f1o de la fuente 10. (Ver Normas APA, 6\u00aa edici\u00f3n &#8211; es necesario)<\/p>\n","protected":false},"excerpt":{"rendered":"<p>Art\u00edculo: 1. T\u00edtulo y autor (s): Centrados: T\u00edtulo del art\u00edculo (may\u00fascula y en negrita). Nombre (s) (s) autor (s). Instituci\u00f3n \/ instituci\u00f3n de pertenencia 2. Resumen: Tipo de letra &#8211; Times New Roman, tama\u00f1o 10, m\u00e1ximo 200 palabras, margen derecha&hellip;  <\/p>\n<p class=\"more-link\"><a href=\"https:\/\/sites.ipleiria.pt\/cipc2017\/es\/normativa-de-papers\/\">Continue reading <span class=\"meta-nav\">&rarr;<\/span><\/a><\/p>\n","protected":false},"author":102,"featured_media":0,"parent":0,"menu_order":0,"comment_status":"closed","ping_status":"closed","template":"","meta":{"footnotes":""},"class_list":["post-193","page","type-page","status-publish","hentry"],"_links":{"self":[{"href":"https:\/\/sites.ipleiria.pt\/cipc2017\/wp-json\/wp\/v2\/pages\/193","targetHints":{"allow":["GET"]}}],"collection":[{"href":"https:\/\/sites.ipleiria.pt\/cipc2017\/wp-json\/wp\/v2\/pages"}],"about":[{"href":"https:\/\/sites.ipleiria.pt\/cipc2017\/wp-json\/wp\/v2\/types\/page"}],"author":[{"embeddable":true,"href":"https:\/\/sites.ipleiria.pt\/cipc2017\/wp-json\/wp\/v2\/users\/102"}],"replies":[{"embeddable":true,"href":"https:\/\/sites.ipleiria.pt\/cipc2017\/wp-json\/wp\/v2\/comments?post=193"}],"version-history":[{"count":3,"href":"https:\/\/sites.ipleiria.pt\/cipc2017\/wp-json\/wp\/v2\/pages\/193\/revisions"}],"predecessor-version":[{"id":259,"href":"https:\/\/sites.ipleiria.pt\/cipc2017\/wp-json\/wp\/v2\/pages\/193\/revisions\/259"}],"wp:attachment":[{"href":"https:\/\/sites.ipleiria.pt\/cipc2017\/wp-json\/wp\/v2\/media?parent=193"}],"curies":[{"name":"wp","href":"https:\/\/api.w.org\/{rel}","templated":true}]}}