{"id":203,"date":"2017-04-26T17:03:24","date_gmt":"2017-04-26T17:03:24","guid":{"rendered":"http:\/\/sites.ipleiria.pt\/cipc2017\/?page_id=203"},"modified":"2017-04-28T21:23:36","modified_gmt":"2017-04-28T21:23:36","slug":"programme","status":"publish","type":"page","link":"https:\/\/sites.ipleiria.pt\/cipc2017\/fr\/programme\/","title":{"rendered":"Programme"},"content":{"rendered":"<p><strong>Pour consulter le programme complet, cliquez ici<\/strong><\/p>\n<p><strong>26\/10\/2017<\/strong><br \/>\n9.00 \u2013 10.00: R\u00e9ception et livraison des dossiers<\/p>\n<p><strong>10.00 \u2013 10.30 heures: Ouverture du Congr\u00e8s<\/strong><br \/>\nC\u00e9r\u00e9monie d&#8217;ouverture: Organisateurs Congr\u00e8s; Pr\u00e9sident de l&#8217;Institut Polytechnique de Leiria; Directeur \/ l&#8217;\u00c9cole de l&#8217;\u00e9ducation et des sciences sociales Leiria<\/p>\n<p><strong>Haut-parleur: 10.30 &#8211; 11.20 heures<\/strong><br \/>\n<strong>Joaquim Ruivo &#8211; Directeur du monast\u00e8re de Santa Maria da Vit\u00f3ria (Batalha)<\/strong><\/p>\n<p>11.20 &#8211; 11.30 heures: Coffee break<\/p>\n<p><strong>Conf\u00e9rences \/ communication &#8211; sessions parall\u00e8les<\/strong><br \/>\n11.30 \u2013 12.15 heures<br \/>\n12.15 \u2013 13.45 heures: D\u00e9jeuner<\/p>\n<p><strong>Haut-parleur: 13.45 \u2013 14.30 heures<\/strong><br \/>\n<strong>Genoveva Oliveira &#8211; Conservateur \/ \u00e9ducatrice artistique \/ chercheur<\/strong><br \/>\n<strong><br \/>\nConf\u00e9rences \/ communication &#8211; sessions parall\u00e8les<\/strong><br \/>\n14.30 \u2013 15.30 heures<br \/>\n15.30 \u2013 15.45 heures: Coffee break<br \/>\n15.45 \u2013 17.45 heures<\/p>\n<p><strong>Haut-parleur: 18.00 &#8211; 18.30 heures<\/strong><br \/>\n<strong>Eva Navarro &#8211; Universidad de Valladolid<\/strong><\/p>\n<p><strong>18.30 heures &#8211; Moment culturel<\/strong><\/p>\n<p>&nbsp;<\/p>\n<p><strong>27\/10\/2017<\/strong><br \/>\n<strong>Haut-parleur: 10.00 \u00e0 10.30<\/strong><\/p>\n<p>10.30-10.45 \u2013 Coffee break<\/p>\n<p><strong>Conf\u00e9rences \/ communication &#8211; sessions parall\u00e8les<\/strong><br \/>\n10.45 &#8211; 12.15 heures<br \/>\n12.15 \u2013 14.00 heures: D\u00e9jeuner<\/p>\n<p><strong>Haut-parleur: 14.00 \u2013 14.30<\/strong><\/p>\n<p><strong>Conf\u00e9rences \/ communication &#8211; sessions parall\u00e8les<\/strong><br \/>\n14.30 \u2013 15.30 heures<br \/>\n15.30 &#8211; 15.45 heures: Coffee break<br \/>\n15.45 \u2013 17.45 heures<\/p>\n<p><strong>18 heures &#8211; Fermeture<\/strong><\/p>\n","protected":false},"excerpt":{"rendered":"<p>Pour consulter le programme complet, cliquez ici 26\/10\/2017 9.00 \u2013 10.00: R\u00e9ception et livraison des dossiers 10.00 \u2013 10.30 heures: Ouverture du Congr\u00e8s C\u00e9r\u00e9monie d&#8217;ouverture: Organisateurs Congr\u00e8s; Pr\u00e9sident de l&#8217;Institut Polytechnique de Leiria; Directeur \/ l&#8217;\u00c9cole de l&#8217;\u00e9ducation et des&hellip;  <\/p>\n<p class=\"more-link\"><a href=\"https:\/\/sites.ipleiria.pt\/cipc2017\/fr\/programme\/\">Continue reading <span class=\"meta-nav\">&rarr;<\/span><\/a><\/p>\n","protected":false},"author":102,"featured_media":0,"parent":0,"menu_order":0,"comment_status":"closed","ping_status":"closed","template":"","meta":{"footnotes":""},"class_list":["post-203","page","type-page","status-publish","hentry"],"_links":{"self":[{"href":"https:\/\/sites.ipleiria.pt\/cipc2017\/wp-json\/wp\/v2\/pages\/203","targetHints":{"allow":["GET"]}}],"collection":[{"href":"https:\/\/sites.ipleiria.pt\/cipc2017\/wp-json\/wp\/v2\/pages"}],"about":[{"href":"https:\/\/sites.ipleiria.pt\/cipc2017\/wp-json\/wp\/v2\/types\/page"}],"author":[{"embeddable":true,"href":"https:\/\/sites.ipleiria.pt\/cipc2017\/wp-json\/wp\/v2\/users\/102"}],"replies":[{"embeddable":true,"href":"https:\/\/sites.ipleiria.pt\/cipc2017\/wp-json\/wp\/v2\/comments?post=203"}],"version-history":[{"count":6,"href":"https:\/\/sites.ipleiria.pt\/cipc2017\/wp-json\/wp\/v2\/pages\/203\/revisions"}],"predecessor-version":[{"id":290,"href":"https:\/\/sites.ipleiria.pt\/cipc2017\/wp-json\/wp\/v2\/pages\/203\/revisions\/290"}],"wp:attachment":[{"href":"https:\/\/sites.ipleiria.pt\/cipc2017\/wp-json\/wp\/v2\/media?parent=203"}],"curies":[{"name":"wp","href":"https:\/\/api.w.org\/{rel}","templated":true}]}}