{"id":207,"date":"2017-04-26T17:04:14","date_gmt":"2017-04-26T17:04:14","guid":{"rendered":"http:\/\/sites.ipleiria.pt\/cipc2017\/?page_id=207"},"modified":"2017-09-27T11:49:43","modified_gmt":"2017-09-27T11:49:43","slug":"organisation","status":"publish","type":"page","link":"https:\/\/sites.ipleiria.pt\/cipc2017\/fr\/organisation\/","title":{"rendered":"Organisation"},"content":{"rendered":"<p><strong>Comit\u00e9 d&#8217;organisation<\/strong><br \/>\nAlexandre Soares<br \/>\nAna Fontes<br \/>\nAna Vieira<br \/>\nDina Alves<br \/>\nFernando Magalh\u00e3es<br \/>\nJenny Sousa<br \/>\nJos\u00e9 Trindade<br \/>\nJos\u00e9 Vicente<br \/>\nMaria Adelaide Ferreira<br \/>\nMaria de S\u00e3o Pedro Lopes<br \/>\nMarisa Barroso<br \/>\nRicardo Vieira<\/p>\n<p><strong>Comit\u00e9 Scientifique<\/strong><br \/>\nAlicia Mercado-Harvey (Chile)<br \/>\nAna Maria Diaz Collazo (EUA)<br \/>\nAna Maria das Neves Vieira (Instituto Polit\u00e9cnico de Leiria \u2013 Portugal)<br \/>\nCl\u00e1udia Renault (Escola Guignard \u2013 Brasil)<br \/>\nCristina Maria Alexandre Nobre (Instituto Polit\u00e9cnico de Leiria \u2013 Portugal)<br \/>\nDavid V\u00e1squez Hurtado (Fort Lewis College \u2013 EUA)<br \/>\nDavid Harvey (New College of Florida \u2013 EUA)<br \/>\n<span style=\"font-family: Consolas, Monaco, monospace\">Dina Alves\u00a0(Instituto Polit\u00e9cnico de Leiria \u2013 Portugal)<\/span><br \/>\nEva Navarro \u2013 (Universidad de Valladolid \u2013 Espanha)<br \/>\nFernando Magalh\u00e3es (Instituto Polit\u00e9cnico de Leiria \u2013 Portugal)<br \/>\nGenoveva Oliveira (Portugal)<br \/>\nIsabel Branco (ESTAL \u2013 Portugal)<br \/>\nJenny Sousa (Instituto Polit\u00e9cnico de Leiria \u2013 Portugal)<br \/>\nJoaquim Ruivo (Mosteiro de Santa Maria da Vit\u00f3ria \u2013 Portugal)<br \/>\nJos\u00e9 Duque Vicente (Instituto Polit\u00e9cnico de Leiria \u2013 Portugal)<br \/>\nJos\u00e9 Marques (Instituto Polit\u00e9cnico de Leiria \u2013 Portugal)<br \/>\nJos\u00e9 Trindade\u00a0(Instituto Polit\u00e9cnico de Leiria \u2013 Portugal)<br \/>\nManuel Gama (Universidade do Minho \u2013 Portugal)<br \/>\nMariana Celina Fabbroni (Universidad Nacional de Quilmes \/ Universidades Argentinas\u00a0\u2013 Argentina)<br \/>\nMaria do C\u00e9u Melo (Universidade do Minho \u2013 Portugal)<br \/>\nMaria de S\u00e3o Pedro Lopes (Instituto Polit\u00e9cnico de Leiria \u2013 Portugal)<br \/>\nMaria da Gra\u00e7a Po\u00e7as Santos (Instituto Polit\u00e9cnico de Leiria \u2013 Portugal)<br \/>\nM\u00e1rio Oliveira (Instituto Polit\u00e9cnico de Leiria \u2013 Portugal)<br \/>\nMarisa Barroso (Instituto Polit\u00e9cnico de Leiria \u2013 Portugal)<br \/>\nMicael Oliveira (CEPAE \u2013 Portugal)<br \/>\nRicardo Vieira (Instituto Polit\u00e9cnico de Leiria \u2013 Portugal)<br \/>\nSandrine Milhano (Instituto Polit\u00e9cnico de Leiria \u2013 Portugal)<\/p>\n<p><strong>Institutions Organisatrices<\/strong><br \/>\nCics-Nova \u2013 P\u00f3lo de Leiria<br \/>\nEscola Superior de Educa\u00e7\u00e3o e Ci\u00eancias Sociais \u2013 Instituto Polit\u00e9cnico de Leiria<br \/>\nNIDE \u2013 ESECS \u2013 Instituto Polit\u00e9cnico de Leiria<\/p>\n<p><strong>Partenaires Institutionnels<\/strong><br \/>\nMosteiro de Santa Maria da Vit\u00f3ria (Batalha)<br \/>\nCEPAE \u2013 Centro de Patrim\u00f3nio da Estremadura<br \/>\nESTAL \u2013 Escola Superior de Tecnologias e Artes de Lisboa<br \/>\nJornal de Leiria<\/p>\n<p>(Il appartient au Comit\u00e9 scientifique examiner les r\u00e9sum\u00e9s soumis pour pr\u00e9sentation lors des sessions parall\u00e8les du Congr\u00e8s).<\/p>\n","protected":false},"excerpt":{"rendered":"<p>Comit\u00e9 d&#8217;organisation Alexandre Soares Ana Fontes Ana Vieira Dina Alves Fernando Magalh\u00e3es Jenny Sousa Jos\u00e9 Trindade Jos\u00e9 Vicente Maria Adelaide Ferreira Maria de S\u00e3o Pedro Lopes Marisa Barroso Ricardo Vieira Comit\u00e9 Scientifique Alicia Mercado-Harvey (Chile) Ana Maria Diaz Collazo (EUA)&hellip;  <\/p>\n<p class=\"more-link\"><a href=\"https:\/\/sites.ipleiria.pt\/cipc2017\/fr\/organisation\/\">Continue reading <span class=\"meta-nav\">&rarr;<\/span><\/a><\/p>\n","protected":false},"author":102,"featured_media":0,"parent":0,"menu_order":0,"comment_status":"closed","ping_status":"closed","template":"","meta":{"footnotes":""},"class_list":["post-207","page","type-page","status-publish","hentry"],"_links":{"self":[{"href":"https:\/\/sites.ipleiria.pt\/cipc2017\/wp-json\/wp\/v2\/pages\/207","targetHints":{"allow":["GET"]}}],"collection":[{"href":"https:\/\/sites.ipleiria.pt\/cipc2017\/wp-json\/wp\/v2\/pages"}],"about":[{"href":"https:\/\/sites.ipleiria.pt\/cipc2017\/wp-json\/wp\/v2\/types\/page"}],"author":[{"embeddable":true,"href":"https:\/\/sites.ipleiria.pt\/cipc2017\/wp-json\/wp\/v2\/users\/102"}],"replies":[{"embeddable":true,"href":"https:\/\/sites.ipleiria.pt\/cipc2017\/wp-json\/wp\/v2\/comments?post=207"}],"version-history":[{"count":9,"href":"https:\/\/sites.ipleiria.pt\/cipc2017\/wp-json\/wp\/v2\/pages\/207\/revisions"}],"predecessor-version":[{"id":416,"href":"https:\/\/sites.ipleiria.pt\/cipc2017\/wp-json\/wp\/v2\/pages\/207\/revisions\/416"}],"wp:attachment":[{"href":"https:\/\/sites.ipleiria.pt\/cipc2017\/wp-json\/wp\/v2\/media?parent=207"}],"curies":[{"name":"wp","href":"https:\/\/api.w.org\/{rel}","templated":true}]}}