{"id":209,"date":"2017-04-26T17:04:30","date_gmt":"2017-04-26T17:04:30","guid":{"rendered":"http:\/\/sites.ipleiria.pt\/cipc2017\/?page_id=209"},"modified":"2017-07-06T21:38:28","modified_gmt":"2017-07-06T21:38:28","slug":"sinscrire","status":"publish","type":"page","link":"https:\/\/sites.ipleiria.pt\/cipc2017\/fr\/sinscrire\/","title":{"rendered":"S\u2019inscrire"},"content":{"rendered":"<p>Participant (Auteur) et public en g\u00e9n\u00e9ral &#8211; 40 euros<br \/>\nLes enseignants \/ personnel non enseignant et anciens \u00e9l\u00e8ves de IPLeiria &#8211; 30 euros<br \/>\nOutres \u00e9tudiants &#8211; 10 euros<br \/>\n\u00c9tudiants de IPLeiria &#8211; libres, mais soumis \u00e0 l&#8217;enregistrement<\/p>\n<p><a href=\"http:\/\/www.eventos.ipleiria.pt\/portal\/eventos?p_id=24079&amp;lang=en-EN\"><strong>Formulaire d&#8217;inscription<\/strong><\/a><\/p>\n<p>________________________________________<\/p>\n<p><strong>Paiement \/ Termes et Conditions:<\/strong><br \/>\nLes frais d&#8217;inscription comprennent la participation \u00e0 la conf\u00e9rence, le e-book du Congr\u00e8s, l&#8217;acc\u00e8s aux documents d&#8217;information et \u00ab pauses caf\u00e9 \u00bb.<br \/>\nAnnulation de l&#8217;inscription implique la perte totale des frais d&#8217;inscription de la valeur, sans droit au remboursement.<\/p>\n<p><strong>Informations:<\/strong><br \/>\nBureau des relations publiques et de la coop\u00e9ration internationale<br \/>\n\u00c9cole d&#8217;\u00e9ducation et sciences sociales (IPL)<\/p>\n<p>Email: grpci.esecs@ipleiria.pt<br \/>\nTel: (+351) 244 829 471<\/p>\n<p><strong>Comiss\u00e3o Organizadora<\/strong><br \/>\ncongressopcia@gmail.com<\/p>\n","protected":false},"excerpt":{"rendered":"<p>Participant (Auteur) et public en g\u00e9n\u00e9ral &#8211; 40 euros Les enseignants \/ personnel non enseignant et anciens \u00e9l\u00e8ves de IPLeiria &#8211; 30 euros Outres \u00e9tudiants &#8211; 10 euros \u00c9tudiants de IPLeiria &#8211; libres, mais soumis \u00e0 l&#8217;enregistrement Formulaire d&#8217;inscription ________________________________________&hellip;  <\/p>\n<p class=\"more-link\"><a href=\"https:\/\/sites.ipleiria.pt\/cipc2017\/fr\/sinscrire\/\">Continue reading <span class=\"meta-nav\">&rarr;<\/span><\/a><\/p>\n","protected":false},"author":102,"featured_media":0,"parent":0,"menu_order":0,"comment_status":"closed","ping_status":"closed","template":"","meta":{"footnotes":""},"class_list":["post-209","page","type-page","status-publish","hentry"],"_links":{"self":[{"href":"https:\/\/sites.ipleiria.pt\/cipc2017\/wp-json\/wp\/v2\/pages\/209","targetHints":{"allow":["GET"]}}],"collection":[{"href":"https:\/\/sites.ipleiria.pt\/cipc2017\/wp-json\/wp\/v2\/pages"}],"about":[{"href":"https:\/\/sites.ipleiria.pt\/cipc2017\/wp-json\/wp\/v2\/types\/page"}],"author":[{"embeddable":true,"href":"https:\/\/sites.ipleiria.pt\/cipc2017\/wp-json\/wp\/v2\/users\/102"}],"replies":[{"embeddable":true,"href":"https:\/\/sites.ipleiria.pt\/cipc2017\/wp-json\/wp\/v2\/comments?post=209"}],"version-history":[{"count":5,"href":"https:\/\/sites.ipleiria.pt\/cipc2017\/wp-json\/wp\/v2\/pages\/209\/revisions"}],"predecessor-version":[{"id":348,"href":"https:\/\/sites.ipleiria.pt\/cipc2017\/wp-json\/wp\/v2\/pages\/209\/revisions\/348"}],"wp:attachment":[{"href":"https:\/\/sites.ipleiria.pt\/cipc2017\/wp-json\/wp\/v2\/media?parent=209"}],"curies":[{"name":"wp","href":"https:\/\/api.w.org\/{rel}","templated":true}]}}